{"id":22528,"date":"2022-05-13T14:55:57","date_gmt":"2022-05-13T12:55:57","guid":{"rendered":"https:\/\/my-french-grocery.com\/suchen-sie-ein-produkt\/"},"modified":"2022-05-13T14:55:57","modified_gmt":"2022-05-13T12:55:57","slug":"suchen-sie-ein-produkt","status":"publish","type":"page","link":"https:\/\/my-french-grocery.com\/de\/suchen-sie-ein-produkt\/","title":{"rendered":"Suchen Sie ein Produkt ?"},"content":{"rendered":"<p id=\"tw-target-text\" dir=\"ltr\" data-placeholder=\"Traduction\">Suchen Sie ein franz\u00f6sisches Produkt? <\/p>\n<p dir=\"ltr\" data-placeholder=\"Traduction\">Bitte f\u00fcllen Sie das untenstehende Formular aus, wir finden es bestimmt f\u00fcr Sie!<\/p>\n<p style=\"text-align: center;\"><div style=\"display:none\" class=\"fm-form-container fm-theme1\"><div id=\"fm-pages13\" class=\"fm-pages wdform_page_navigation \" show_title=\"\" show_numbers=\"1\" type=\"none\"><\/div><form name=\"form13\" action=\"\/de\/wp-json\/wp\/v2\/pages\/22528\" method=\"post\" id=\"form13\" class=\"fm-form form13  \" enctype=\"multipart\/form-data\"><input type=\"hidden\" id=\"fm_page_id13\" value=\"22528\" name=\"fm_page_id13\" \/><input type=\"hidden\" id=\"fm_current_post_type13\" value=\"page\" name=\"fm_current_post_type13\" \/><input type=\"hidden\" id=\"counter13\" value=\"7\" name=\"counter13\" \/><input type=\"hidden\" id=\"Itemid13\" value=\"\" name=\"Itemid13\" \/><input type=\"hidden\" id=\"fm_shake13\" value=\"1\" name=\"fm_shake13\" \/><input type=\"text\" class=\"fm-hide\" id=\"fm_empty_field_validation13\" value=\"\" name=\"fm_empty_field_validation13\" data-value=\"bd736efb144d599cf463541431fbf5c4\" \/><div class=\"wdform-page-and-images fm-form-builder\"><div id=\"13form_view1\" class=\"wdform_page\" page_title=\"Untitled page\" next_title=\"Next\" next_type=\"text\" next_class=\"wdform-page-button\" next_checkable=\"true\" previous_title=\"Previous\" previous_type=\"text\" previous_class=\"wdform-page-button\" previous_checkable=\"false\"><div class=\"wdform_section fm-col-1\"><div class=\"wdform_column\"><div wdid=\"2\" class=\"wdform_row\"><div type=\"type_name\" class=\"wdform-field wd-width-100 wd-flex wd-flex-column fm-type_name\" ><div class=\"wdform-label-section wd-width-100  wd-flex-row\">    <label  for=\"wdform_2_element_first13\" class=\"wdform-label\">Name : <\/label><span class=\"wdform-required\">*<\/span><\/div><div class=\"wdform-element-section wd-flex  wd-flex-row wd-width-100\" ><div class=\"wd-flex wd-flex-column wd-width-50\"><input type=\"text\" class=\"wd-width-100\" id=\"wdform_2_element_first13\" name=\"wdform_2_element_first13\" data-value=\"Vorname : \" value=\"Vorname : \" title=\"\" placeholder=\"\"  attribute=value \/><label class=\"mini_label\" for=\"wdform_2_element_first13\">Vorname : <\/label><\/div><div class=\"wd-flex wd-flex-column wd-name-separator\"><\/div><div class=\"wd-flex wd-flex-column wd-width-50\"><input type=\"text\" class=\"wd-width-100\" id=\"wdform_2_element_last13\" name=\"wdform_2_element_last13\" data-value=\"Name : \" value=\"Name : \" title=\"\" placeholder=\"\"  attribute=value \/><label class=\"mini_label\" for=\"wdform_2_element_last13\">Name : <\/label><\/div><\/div><\/div><\/div><\/div><div class=\"wdform_column\"><div wdid=\"3\" class=\"wdform_row\"><div type=\"type_submitter_mail\" class=\"wdform-field wd-width-100 wd-flex wd-flex-column fm-type_submitter_mail\" ><div class=\"wdform-label-section wd-width-100  wd-flex-row\">    <label  for=\"wdform_3_element13\" class=\"wdform-label\">Email : <\/label><span class=\"wdform-required\">*<\/span><\/div><div class=\"wdform-element-section wd-flex  wd-flex-row wd-width-100\" ><input type=\"text\" class=\"wd-width-100\" id=\"wdform_3_element13\" name=\"wdform_3_element13\" data-value=\"\" value=\"\" title=\"\" placeholder=\"\"   onchange=\"wd_check_email('3', '13', 'Dies ist keine g\u00fcltige E-Mail-Adresse.')\" \/><\/div><\/div><\/div><\/div><div class=\"wdform_column\"><div wdid=\"4\" class=\"wdform_row\"><div type=\"type_textarea\" class=\"wdform-field wd-width-100 wd-flex wd-flex-column fm-type_textarea\" ><div class=\"wdform-label-section wd-width-100 \">    <label  for=\"wdform_4_element13\" class=\"wdform-label\">K\u00f6nnen Sie das gesuchte Produkt beschreiben:<\/label><span class=\"wdform-required\">*<\/span><\/div><div class=\"wdform-element-section wd-flex  wd-width-100\" ><textarea class=\"wd-width-100\"                      id=\"wdform_4_element13\"                      name=\"wdform_4_element13\"                      placeholder=\"\"                      data-value=\"\"                      maxlength=\"\"                      style=\"height: 100px;\"                      ><\/textarea><\/div><\/div><\/div><\/div><div class=\"wdform_column\"><div wdid=\"6\" class=\"wdform_row\"><div type=\"type_recaptcha\" class=\"wdform-field wd-width-100 wd-flex wd-flex-row fm-type_recaptcha\" ><div class=\"wdform-label-section wd-width-30 wd-hidden wd-flex-row\">    <label  class=\"wdform-label\">reCAPTCHA<\/label><\/div><div class=\"wdform-element-section wd-flex wd-flex-row wd-width-100\" ><div id=\"recaptcha136\" class=\"g-recaptcha\" data-sitekey=\"6LdB8KUUAAAAAAgt2fv88wux9MoIl-cIwH8NklWQ\" data-form_id=\"13\" data-badge=\"bottomright\"><\/div><\/div><\/div><\/div><\/div><div class=\"wdform_column\"><div wdid=\"1\" class=\"wdform_row\"><div type=\"type_submit_reset\" class=\"wdform-field wd-width-100 wd-flex wd-flex-column fm-type_submit_reset\" ><div class=\"wdform-element-section wd-flex  wd-flex-row wd-justify-content-left wd-width-100\" ><button  type=\"button\" class=\"button-submit\" onclick=\"fm_submit_form('13');\"  data-ajax=\"0\"><span class=\"fm-submit-loading spinner fm-ico-spinner\"><\/span>Envoyer<\/button><button  type=\"button\" class=\"button-reset wd-hidden\" onclick=\"fm_reset_form(13);\" >Annuler<\/button><\/div><\/div><\/div><\/div><\/div><div valign=\"top\" class=\"wdform_footer wd-width-100\"><div class=\"wd-width-100\"><div class=\"wd-width-100 wd-table\" style=\"padding-top:10px;\"><div class=\"wd-table-group\"><div id=\"13page_nav1\" class=\"wd-table-row\"><\/div><\/div><\/div><\/div><\/div><\/div><\/div><div class=\"wdform_preload\"><\/div><input type=\"hidden\" name=\"fm-current-page\" value=\"https:\/\/my-french-grocery.com\/de\/wp-json\/wp\/v2\/pages\/22528\" \/><\/form><\/div><\/p>\n","protected":false},"excerpt":{"rendered":"<p>Suchen Sie ein franz\u00f6sisches Produkt? Bitte f\u00fcllen Sie das untenstehende Formular aus, wir finden es bestimmt f\u00fcr Sie!<\/p>\n","protected":false},"author":1,"featured_media":0,"parent":0,"menu_order":0,"comment_status":"closed","ping_status":"closed","template":"","meta":{"footnotes":""},"class_list":["post-22528","page","type-page","status-publish","hentry"],"_links":{"self":[{"href":"https:\/\/my-french-grocery.com\/de\/wp-json\/wp\/v2\/pages\/22528","targetHints":{"allow":["GET"]}}],"collection":[{"href":"https:\/\/my-french-grocery.com\/de\/wp-json\/wp\/v2\/pages"}],"about":[{"href":"https:\/\/my-french-grocery.com\/de\/wp-json\/wp\/v2\/types\/page"}],"author":[{"embeddable":true,"href":"https:\/\/my-french-grocery.com\/de\/wp-json\/wp\/v2\/users\/1"}],"replies":[{"embeddable":true,"href":"https:\/\/my-french-grocery.com\/de\/wp-json\/wp\/v2\/comments?post=22528"}],"version-history":[{"count":0,"href":"https:\/\/my-french-grocery.com\/de\/wp-json\/wp\/v2\/pages\/22528\/revisions"}],"wp:attachment":[{"href":"https:\/\/my-french-grocery.com\/de\/wp-json\/wp\/v2\/media?parent=22528"}],"curies":[{"name":"wp","href":"https:\/\/api.w.org\/{rel}","templated":true}]}}