{"id":22532,"date":"2022-05-13T15:36:54","date_gmt":"2022-05-13T13:36:54","guid":{"rendered":"https:\/\/my-french-grocery.com\/datenschutz-bestimmungen\/"},"modified":"2022-06-03T14:08:03","modified_gmt":"2022-06-03T12:08:03","slug":"datenschutz-bestimmungen","status":"publish","type":"page","link":"https:\/\/my-french-grocery.com\/de\/datenschutz-bestimmungen\/","title":{"rendered":"Datenschutz-Bestimmungen"},"content":{"rendered":"\t\t<div data-elementor-type=\"wp-page\" data-elementor-id=\"22532\" class=\"elementor elementor-22532 elementor-1047\">\n\t\t\t\t\t\t<section class=\"elementor-section elementor-top-section elementor-element elementor-element-2b3f2f34 elementor-section-boxed elementor-section-height-default elementor-section-height-default\" data-id=\"2b3f2f34\" data-element_type=\"section\" data-e-type=\"section\">\n\t\t\t\t\t\t<div class=\"elementor-container elementor-column-gap-default\">\n\t\t\t\t\t<div class=\"elementor-column elementor-col-100 elementor-top-column elementor-element elementor-element-66566da0\" data-id=\"66566da0\" data-element_type=\"column\" data-e-type=\"column\">\n\t\t\t<div class=\"elementor-widget-wrap elementor-element-populated\">\n\t\t\t\t\t\t<div class=\"elementor-element elementor-element-69c16794 elementor-widget elementor-widget-text-editor\" data-id=\"69c16794\" data-element_type=\"widget\" data-e-type=\"widget\" data-widget_type=\"text-editor.default\">\n\t\t\t\t<div class=\"elementor-widget-container\">\n\t\t\t\t\t\t\t\t\t<div class=\"page-title\"><p><strong>UNSERE AUFGABE IST ES, IHRE PRIVATSPH\u00c4RE ZU SCH\u00dcTZEN.<\/strong><\/p><ol><li>Einf\u00fchrung<br \/>Wir verpflichten uns, die Privatsph\u00e4re unserer Kunden zu sch\u00fctzen.<br \/>Diese Richtlinie gilt, wenn wir als datenverantwortlicher in Bezug auf die personenbezogenen Daten unserer Kunden handeln, mit anderen Worten, wenn wir die Zwecke und Mittel der Verarbeitung dieser personenbezogenen Daten bestimmen.<\/li><li><br \/>Durch die Nutzung von My-French-Grocery und die Annahme dieser Richtlinie Stimmen Sie unserer Verwendung von cookies gem\u00e4\u00df den Bestimmungen dieser Richtlinie zu.<br \/>Der Abschnitt Konto der Website enth\u00e4lt Kontrollen, die beeinflussen, wie wir Ihre personenbezogenen Daten verarbeiten. Mit diesen Steuerelementen k\u00f6nnen Sie festlegen, ob Sie Direktmarketing-Mitteilungen erhalten m\u00f6chten, und die Ver\u00f6ffentlichung Ihrer Informationen einschr\u00e4nken. Sie k\u00f6nnen auf all dies \u00fcber den Abschnitt Ihres Kontos zugreifen.<br \/>In dieser Politik beziehen sich &#8220;wir&#8221;,\u00bb unser &#8221; und &#8220;unser&#8221; auf My-French-Grocery.com.<\/li><li><br \/>Wie wir Ihre personenbezogenen Daten verwenden<\/li><li><br \/>In diesem Abschnitt 2 definieren wir: (a) die Allgemeinen Kategorien personenbezogener Daten, die wir verarbeiten k\u00f6nnen; (b) die Zwecke, f\u00fcr die wir personenbezogene Daten verarbeiten k\u00f6nnen; und (c) die Rechtsgrundlagen der Verarbeitung.<br \/>Wir verarbeiten Daten \u00fcber Ihre Nutzung unserer Website und unserer Dienste (\u00bbNutzungsdaten&#8221;). Die nutzungsdaten k\u00f6nnen ihre IP-adresse, ihren geografischen standort, den typ und die version des internetbrowsers, das betriebssystem, die verweisquelle, l\u00e4nge des besuchs, seitenaufrufe und navigationspfade auf der website, sowie informationen \u00fcber den zeitpunkt, h\u00e4ufigkeit und muster f\u00fcr die nutzung ihres dienstes. Diese Nutzungsdaten k\u00f6nnen zur Analyse der Nutzung der Website und der Dienste verarbeitet werden. Die rechtsgrundlage f\u00fcr diese verarbeitung ist die zustimmung ODER unsere berechtigten interessen, n\u00e4mlich die \u00fcberwachung und verbesserung unserer website und unserer dienstleistungen.<br \/>Wir k\u00f6nnen Ihre Kontodaten verarbeiten (\u00bbKontodaten&#8221;). Die Kontodaten k\u00f6nnen Ihren Namen und Ihre E-Mail-adresse enthalten. Die quelle der kontodaten sind sie. Die Kontodaten k\u00f6nnen verarbeitet werden, um unsere Website zu betreiben, unsere Dienstleistungen zu erbringen, die Sicherheit unserer Website und unserer Dienste zu gew\u00e4hrleisten, Backups unserer Datenbanken aufrechtzuerhalten und mit Ihnen zu kommunizieren. Die Rechtsgrundlage f\u00fcr diese Verarbeitung ist die Einwilligung oder unsere berechtigten Interessen, D. H. die ordnungsgem\u00e4\u00dfe Verwaltung unserer Website und unseres Unternehmens oder die Erf\u00fcllung eines Vertrages zwischen Ihnen und uns und \/ oder die Ergreifung von Ma\u00dfnahmen, auf Ihre Anfrage hin, um einen solchen Vertrag abzuschlie\u00dfen.<\/li><li><br \/>Wir k\u00f6nnen Ihre in Ihrem pers\u00f6nlichen profil auf unserer Website enthaltenen Informationen verarbeiten (\u00abProfildaten\u00bb). Profildaten k\u00f6nnen Ihren Namen, adresse, Telefonnummer und e-Mail-adresse enthalten. Profildaten k\u00f6nnen verarbeitet werden, um Ihre Nutzung unserer Website und unserer Dienste zu erm\u00f6glichen und zu \u00fcberwachen. Die rechtsgrundlage f\u00fcr diese verarbeitung ist die zustimmung ODER unsere berechtigten interessen, n\u00e4mlich die ordnungsgem\u00e4\u00dfe verwaltung unserer website und unseres unternehmens.<\/li><li><br \/>Wir k\u00f6nnen Ihre personenbezogenen Daten verarbeiten, die im Rahmen der Nutzung unserer Dienste bereitgestellt werden (\u00abServicedaten\u00bb). Die Servicedaten k\u00f6nnen Namen, Adressen und e-Mail-Adressen anderer Parteien enthalten, an die Sie Pakete senden m\u00f6chten. Die Quelle der Servicedaten sind Sie oder Ihr Arbeitgeber. Die Servicedaten k\u00f6nnen verarbeitet werden, um unsere Website zu betreiben, unsere Dienstleistungen zu erbringen, die Sicherheit unserer Website und unserer Dienstleistungen zu gew\u00e4hrleisten, Backups unserer Datenbanken aufrechtzuerhalten und mit Ihnen zu kommunizieren. Die Rechtsgrundlage f\u00fcr diese Verarbeitung ist die Einwilligung oder unsere berechtigten Interessen, D. H. die ordnungsgem\u00e4\u00dfe Verwaltung unserer Website und unseres Unternehmens oder die Erf\u00fcllung eines Vertrages zwischen Ihnen und uns und \/ oder die Ergreifung von Ma\u00dfnahmen, auf Ihre Anfrage hin, um einen solchen Vertrag abzuschlie\u00dfen.<br \/>Wir k\u00f6nnen die in jeder Anfrage enthaltenen Informationen verarbeiten, die Sie uns in Bezug auf waren und \/ oder Dienstleistungen \u00fcbermitteln (\u00abanfragedaten\u00bb). Die anfragedaten k\u00f6nnen verarbeitet werden, um Ihnen Dienstleistungen anzubieten. Die Rechtsgrundlage f\u00fcr diese Verarbeitung ist die Einwilligung.<\/li><li><br \/>Wir k\u00f6nnen Transaktionsinformationen, einschlie\u00dflich dienstleistungsk\u00e4ufe, die Sie mit uns und \/ oder \u00fcber unsere Website abschlie\u00dfen (\u00abTransaktionsdaten\u00bb), verarbeiten. Transaktionsdaten k\u00f6nnen Ihre Kontaktdaten und Transaktionsdetails enthalten. Transaktionsdaten k\u00f6nnen verarbeitet werden, um die erworbenen waren und Dienstleistungen bereitzustellen und entsprechende Aufzeichnungen \u00fcber diese Transaktionen zu f\u00fchren. Die Rechtsgrundlage f\u00fcr diese Verarbeitung ist die Erf\u00fcllung eines Vertrages zwischen Ihnen und uns und \/ oder die Ergreifung von Ma\u00dfnahmen auf Ihre Anfrage zum Abschluss eines solchen Vertrages und unserer berechtigten Interessen, n\u00e4mlich unseres Interesses an der ordnungsgem\u00e4\u00dfen Verwaltung unserer Website und unseres Unternehmens.<br \/>Wir k\u00f6nnen die Informationen, die Sie uns zur Verf\u00fcgung stellen, verarbeiten, um unsere E-Mail-Benachrichtigungen und \/ oder Newsletter zu abonnieren (\u00abbenachrichtigungsdaten\u00bb). Die benachrichtigungsdaten k\u00f6nnen verarbeitet werden, um Ihnen relevante Benachrichtigungen und \/ oder Newsletter zu senden. Die Rechtsgrundlage f\u00fcr diese Verarbeitung ist die Zustimmung ODER Erf\u00fcllung eines Vertrages zwischen Ihnen und uns und \/ oder die Ergreifung von Ma\u00dfnahmen, auf Ihre Anfrage, um einen solchen Vertrag abzuschlie\u00dfen.<\/li><li><br \/>Wir k\u00f6nnen die Informationen in oder in Bezug auf jede Kommunikation, die Sie uns senden, verarbeiten (\u00abkorrespondenzdaten\u00bb). \u00dcbereinstimmungsdaten k\u00f6nnen Kommunikationsinhalte und Metadaten enthalten, die mit der Kommunikation verkn\u00fcpft sind. Unsere Website generiert Metadaten, die mit der Kommunikation verbunden sind, die mit den Kontaktformularen der Website durchgef\u00fchrt wird. Korrespondenzdaten k\u00f6nnen verarbeitet werden, um mit Ihnen zu kommunizieren und Aufzeichnungen zu f\u00fchren. Die Rechtsgrundlage f\u00fcr diese Verarbeitung sind unsere berechtigten Interessen, n\u00e4mlich die ordnungsgem\u00e4\u00dfe Verwaltung unserer Website und unserer Aktivit\u00e4ten und die Kommunikation mit den Nutzern.<\/li><li><br \/>Wir k\u00f6nnen Ihre in dieser Richtlinie identifizierten personenbezogenen Daten verarbeiten, wenn dies f\u00fcr die Erstellung, Aus\u00fcbung oder Verteidigung rechtlicher Anspr\u00fcche erforderlich ist, sei es im Rahmen eines gerichtlichen oder administrativen oder au\u00dfergerichtlichen Verfahrens. Die Rechtsgrundlage f\u00fcr diese Verarbeitung sind unsere berechtigten Interessen, d.h. der Schutz und die Durchsetzung unserer gesetzlichen Rechte, Ihrer gesetzlichen Rechte und der gesetzlichen Rechte anderer.<\/li><li><br \/>Wir k\u00f6nnen Ihre in dieser Richtlinie identifizierten personenbezogenen Daten verarbeiten, wenn dies erforderlich ist, um Versicherungsschutz, Risikomanagement oder professionelle Beratung zu erhalten oder aufrechtzuerhalten. Die Rechtsgrundlage f\u00fcr diese Verarbeitung sind unsere berechtigten Interessen, d.h. der angemessene Schutz unseres Unternehmens vor Risiken.<\/li><li><br \/>Zus\u00e4tzlich zu den spezifischen Zwecken, f\u00fcr die wir Ihre personenbezogenen Daten gem\u00e4\u00df diesem Abschnitt 3 verarbeiten k\u00f6nnen, k\u00f6nnen wir auch eine Ihrer personenbezogenen Daten verarbeiten, wenn eine solche Verarbeitung erforderlich ist, um einer gesetzlichen Verpflichtung nachzukommen, der wir unterliegen, oder um Ihre lebenswichtigen Interessen oder die lebenswichtigen Interessen einer anderen nat\u00fcrlichen Person zu sch\u00fctzen.<br \/>Bereitstellung Ihrer personenbezogenen Daten an Dritte<\/li><li><br \/>Wir k\u00f6nnen Ihre personenbezogenen Daten an jedes Mitglied unserer Unternehmensgruppe (dies bedeutet unsere Tochtergesellschaften, unsere ultimative Holdinggesellschaft und alle Ihre Tochtergesellschaften) weitergeben, soweit dies f\u00fcr die Zwecke und auf den in dieser Richtlinie festgelegten Rechtsgrundlagen vern\u00fcnftigerweise erforderlich ist.<br \/>Wir k\u00f6nnen Transaktionsdaten an unsere Lieferanten weitergeben, soweit dies zur Erf\u00fcllung eines abgeschlossenen Vertrags (en) vern\u00fcnftigerweise erforderlich ist.<\/li><li><br \/>Finanztransaktionen im Zusammenhang mit unserer Website und Dienstleistungen, die von unseren zahlungsdienstleistern Stripe und PayPal verwaltet werden. Wir werden die Transaktionsdaten nur in dem Umfang an unsere Zahlungsdienstleister weitergeben, der f\u00fcr die Bearbeitung Ihrer Zahlungen, die Erstattung dieser Zahlungen und die Bearbeitung von Beschwerden und Fragen im Zusammenhang mit diesen Zahlungen und R\u00fcckerstattungen erforderlich ist.<br \/>Zus\u00e4tzlich zu den in diesem Abschnitt 4 genannten spezifischen Offenlegungen personenbezogener Daten k\u00f6nnen wir Ihre personenbezogenen Daten offenlegen, wenn eine solche Offenlegung zur Erf\u00fcllung einer gesetzlichen Verpflichtung, der wir unterliegen, oder zum Schutz Ihrer lebenswichtigen oder lebenswichtigen Interessen erforderlich ist. Interessen einer anderen nat\u00fcrlichen Person. Wir k\u00f6nnen Ihre personenbezogenen Daten auch offenlegen, wenn eine solche Offenlegung f\u00fcr die Erstellung, Aus\u00fcbung oder Verteidigung gerichtlicher Anspr\u00fcche erforderlich ist, sei es im Rahmen eines gerichtlichen oder administrativen oder au\u00dfergerichtlichen Verfahrens.<\/li><li><br \/>Speicherung und L\u00f6schung personenbezogener Daten<br \/>In diesem Abschnitt werden unsere Richtlinien und Verfahren zur Vorratsdatenspeicherung vorgestellt, die uns dabei helfen sollen, unsere gesetzlichen Verpflichtungen zur Aufbewahrung und L\u00f6schung personenbezogener Daten zu erf\u00fcllen.<br \/>Personenbezogene Daten, die wir zu irgendeinem Zweck verarbeiten, werden nicht l\u00e4nger gespeichert, als dies f\u00fcr diesen Zweck oder f\u00fcr diesen Zweck erforderlich ist.<\/li><\/ol><\/div>\t\t\t\t\t\t\t\t<\/div>\n\t\t\t\t<\/div>\n\t\t\t\t\t<\/div>\n\t\t<\/div>\n\t\t\t\t\t<\/div>\n\t\t<\/section>\n\t\t\t\t<\/div>\n\t\t","protected":false},"excerpt":{"rendered":"<p>UNSERE AUFGABE IST ES, IHRE PRIVATSPH\u00c4RE ZU SCH\u00dcTZEN. Einf\u00fchrungWir verpflichten uns, die Privatsph\u00e4re unserer Kunden zu sch\u00fctzen.Diese Richtlinie gilt, wenn wir als datenverantwortlicher in Bezug auf die personenbezogenen Daten unserer Kunden handeln, mit anderen Worten, wenn wir die Zwecke und Mittel der Verarbeitung dieser personenbezogenen Daten bestimmen. Durch die Nutzung von My-French-Grocery und die Annahme [&hellip;]<\/p>\n","protected":false},"author":1,"featured_media":0,"parent":0,"menu_order":0,"comment_status":"closed","ping_status":"closed","template":"","meta":{"footnotes":""},"class_list":["post-22532","page","type-page","status-publish","hentry"],"yoast_head":"<!-- This site is optimized with the Yoast SEO plugin v27.4 - https:\/\/yoast.com\/product\/yoast-seo-wordpress\/ -->\n<title>Datenschutz-Bestimmungen | My French Grocery<\/title>\n<meta name=\"robots\" content=\"index, follow, max-snippet:-1, max-image-preview:large, max-video-preview:-1\" \/>\n<link rel=\"canonical\" href=\"https:\/\/my-french-grocery.com\/de\/datenschutz-bestimmungen\/\" \/>\n<meta property=\"og:locale\" content=\"de_DE\" \/>\n<meta property=\"og:type\" content=\"article\" \/>\n<meta property=\"og:title\" content=\"Datenschutz-Bestimmungen | My French Grocery\" \/>\n<meta property=\"og:description\" content=\"UNSERE AUFGABE IST ES, IHRE PRIVATSPH\u00c4RE ZU SCH\u00dcTZEN. Einf\u00fchrungWir verpflichten uns, die Privatsph\u00e4re unserer Kunden zu sch\u00fctzen.Diese Richtlinie gilt, wenn wir als datenverantwortlicher in Bezug auf die personenbezogenen Daten unserer Kunden handeln, mit anderen Worten, wenn wir die Zwecke und Mittel der Verarbeitung dieser personenbezogenen Daten bestimmen. Durch die Nutzung von My-French-Grocery und die Annahme [&hellip;]\" \/>\n<meta property=\"og:url\" content=\"https:\/\/my-french-grocery.com\/de\/datenschutz-bestimmungen\/\" \/>\n<meta property=\"og:site_name\" content=\"My French Grocery\" \/>\n<meta property=\"article:publisher\" content=\"https:\/\/www.facebook.com\/myfrenchgrocery\/\" \/>\n<meta property=\"article:modified_time\" content=\"2022-06-03T12:08:03+00:00\" \/>\n<meta property=\"og:image\" content=\"https:\/\/my-french-grocery.com\/wp-content\/uploads\/2022\/08\/Multiple-Selection.png\" \/>\n\t<meta property=\"og:image:width\" content=\"302\" \/>\n\t<meta property=\"og:image:height\" content=\"171\" \/>\n\t<meta property=\"og:image:type\" content=\"image\/png\" \/>\n<meta name=\"twitter:card\" content=\"summary_large_image\" \/>\n<meta name=\"twitter:label1\" content=\"Gesch\u00e4tzte Lesezeit\" \/>\n\t<meta name=\"twitter:data1\" content=\"7 minutes\" \/>\n<script type=\"application\/ld+json\" class=\"yoast-schema-graph\">{\"@context\":\"https:\\\/\\\/schema.org\",\"@graph\":[{\"@type\":\"WebPage\",\"@id\":\"https:\\\/\\\/my-french-grocery.com\\\/de\\\/datenschutz-bestimmungen\\\/\",\"url\":\"https:\\\/\\\/my-french-grocery.com\\\/de\\\/datenschutz-bestimmungen\\\/\",\"name\":\"Datenschutz-Bestimmungen | My French Grocery\",\"isPartOf\":{\"@id\":\"https:\\\/\\\/my-french-grocery.com\\\/de\\\/#website\"},\"datePublished\":\"2022-05-13T13:36:54+00:00\",\"dateModified\":\"2022-06-03T12:08:03+00:00\",\"breadcrumb\":{\"@id\":\"https:\\\/\\\/my-french-grocery.com\\\/de\\\/datenschutz-bestimmungen\\\/#breadcrumb\"},\"inLanguage\":\"de-DE\",\"potentialAction\":[{\"@type\":\"ReadAction\",\"target\":[\"https:\\\/\\\/my-french-grocery.com\\\/de\\\/datenschutz-bestimmungen\\\/\"]}]},{\"@type\":\"BreadcrumbList\",\"@id\":\"https:\\\/\\\/my-french-grocery.com\\\/de\\\/datenschutz-bestimmungen\\\/#breadcrumb\",\"itemListElement\":[{\"@type\":\"ListItem\",\"position\":1,\"name\":\"Home\",\"item\":\"https:\\\/\\\/my-french-grocery.com\\\/de\\\/shopping-seite\\\/\"},{\"@type\":\"ListItem\",\"position\":2,\"name\":\"Datenschutz-Bestimmungen\"}]},{\"@type\":\"WebSite\",\"@id\":\"https:\\\/\\\/my-french-grocery.com\\\/de\\\/#website\",\"url\":\"https:\\\/\\\/my-french-grocery.com\\\/de\\\/\",\"name\":\"My French Grocery\",\"description\":\"Your Online French Grocery  !\",\"publisher\":{\"@id\":\"https:\\\/\\\/my-french-grocery.com\\\/de\\\/#organization\"},\"potentialAction\":[{\"@type\":\"SearchAction\",\"target\":{\"@type\":\"EntryPoint\",\"urlTemplate\":\"https:\\\/\\\/my-french-grocery.com\\\/de\\\/?s={search_term_string}\"},\"query-input\":{\"@type\":\"PropertyValueSpecification\",\"valueRequired\":true,\"valueName\":\"search_term_string\"}}],\"inLanguage\":\"de-DE\"},{\"@type\":\"Organization\",\"@id\":\"https:\\\/\\\/my-french-grocery.com\\\/de\\\/#organization\",\"name\":\"MY FRENCH GROCERY\",\"url\":\"https:\\\/\\\/my-french-grocery.com\\\/de\\\/\",\"logo\":{\"@type\":\"ImageObject\",\"inLanguage\":\"de-DE\",\"@id\":\"https:\\\/\\\/my-french-grocery.com\\\/de\\\/#\\\/schema\\\/logo\\\/image\\\/\",\"url\":\"https:\\\/\\\/my-french-grocery.com\\\/wp-content\\\/uploads\\\/2021\\\/11\\\/My-French-Grocery-Online-French-Grocery.png\",\"contentUrl\":\"https:\\\/\\\/my-french-grocery.com\\\/wp-content\\\/uploads\\\/2021\\\/11\\\/My-French-Grocery-Online-French-Grocery.png\",\"width\":100,\"height\":100,\"caption\":\"MY FRENCH GROCERY\"},\"image\":{\"@id\":\"https:\\\/\\\/my-french-grocery.com\\\/de\\\/#\\\/schema\\\/logo\\\/image\\\/\"},\"sameAs\":[\"https:\\\/\\\/www.facebook.com\\\/myfrenchgrocery\\\/\"]}]}<\/script>\n<!-- \/ Yoast SEO plugin. -->","yoast_head_json":{"title":"Datenschutz-Bestimmungen | My French Grocery","robots":{"index":"index","follow":"follow","max-snippet":"max-snippet:-1","max-image-preview":"max-image-preview:large","max-video-preview":"max-video-preview:-1"},"canonical":"https:\/\/my-french-grocery.com\/de\/datenschutz-bestimmungen\/","og_locale":"de_DE","og_type":"article","og_title":"Datenschutz-Bestimmungen | My French Grocery","og_description":"UNSERE AUFGABE IST ES, IHRE PRIVATSPH\u00c4RE ZU SCH\u00dcTZEN. Einf\u00fchrungWir verpflichten uns, die Privatsph\u00e4re unserer Kunden zu sch\u00fctzen.Diese Richtlinie gilt, wenn wir als datenverantwortlicher in Bezug auf die personenbezogenen Daten unserer Kunden handeln, mit anderen Worten, wenn wir die Zwecke und Mittel der Verarbeitung dieser personenbezogenen Daten bestimmen. Durch die Nutzung von My-French-Grocery und die Annahme [&hellip;]","og_url":"https:\/\/my-french-grocery.com\/de\/datenschutz-bestimmungen\/","og_site_name":"My French Grocery","article_publisher":"https:\/\/www.facebook.com\/myfrenchgrocery\/","article_modified_time":"2022-06-03T12:08:03+00:00","og_image":[{"width":302,"height":171,"url":"https:\/\/my-french-grocery.com\/wp-content\/uploads\/2022\/08\/Multiple-Selection.png","type":"image\/png"}],"twitter_card":"summary_large_image","twitter_misc":{"Gesch\u00e4tzte Lesezeit":"7 minutes"},"schema":{"@context":"https:\/\/schema.org","@graph":[{"@type":"WebPage","@id":"https:\/\/my-french-grocery.com\/de\/datenschutz-bestimmungen\/","url":"https:\/\/my-french-grocery.com\/de\/datenschutz-bestimmungen\/","name":"Datenschutz-Bestimmungen | My French Grocery","isPartOf":{"@id":"https:\/\/my-french-grocery.com\/de\/#website"},"datePublished":"2022-05-13T13:36:54+00:00","dateModified":"2022-06-03T12:08:03+00:00","breadcrumb":{"@id":"https:\/\/my-french-grocery.com\/de\/datenschutz-bestimmungen\/#breadcrumb"},"inLanguage":"de-DE","potentialAction":[{"@type":"ReadAction","target":["https:\/\/my-french-grocery.com\/de\/datenschutz-bestimmungen\/"]}]},{"@type":"BreadcrumbList","@id":"https:\/\/my-french-grocery.com\/de\/datenschutz-bestimmungen\/#breadcrumb","itemListElement":[{"@type":"ListItem","position":1,"name":"Home","item":"https:\/\/my-french-grocery.com\/de\/shopping-seite\/"},{"@type":"ListItem","position":2,"name":"Datenschutz-Bestimmungen"}]},{"@type":"WebSite","@id":"https:\/\/my-french-grocery.com\/de\/#website","url":"https:\/\/my-french-grocery.com\/de\/","name":"My French Grocery","description":"Your Online French Grocery  !","publisher":{"@id":"https:\/\/my-french-grocery.com\/de\/#organization"},"potentialAction":[{"@type":"SearchAction","target":{"@type":"EntryPoint","urlTemplate":"https:\/\/my-french-grocery.com\/de\/?s={search_term_string}"},"query-input":{"@type":"PropertyValueSpecification","valueRequired":true,"valueName":"search_term_string"}}],"inLanguage":"de-DE"},{"@type":"Organization","@id":"https:\/\/my-french-grocery.com\/de\/#organization","name":"MY FRENCH GROCERY","url":"https:\/\/my-french-grocery.com\/de\/","logo":{"@type":"ImageObject","inLanguage":"de-DE","@id":"https:\/\/my-french-grocery.com\/de\/#\/schema\/logo\/image\/","url":"https:\/\/my-french-grocery.com\/wp-content\/uploads\/2021\/11\/My-French-Grocery-Online-French-Grocery.png","contentUrl":"https:\/\/my-french-grocery.com\/wp-content\/uploads\/2021\/11\/My-French-Grocery-Online-French-Grocery.png","width":100,"height":100,"caption":"MY FRENCH GROCERY"},"image":{"@id":"https:\/\/my-french-grocery.com\/de\/#\/schema\/logo\/image\/"},"sameAs":["https:\/\/www.facebook.com\/myfrenchgrocery\/"]}]}},"_links":{"self":[{"href":"https:\/\/my-french-grocery.com\/de\/wp-json\/wp\/v2\/pages\/22532","targetHints":{"allow":["GET"]}}],"collection":[{"href":"https:\/\/my-french-grocery.com\/de\/wp-json\/wp\/v2\/pages"}],"about":[{"href":"https:\/\/my-french-grocery.com\/de\/wp-json\/wp\/v2\/types\/page"}],"author":[{"embeddable":true,"href":"https:\/\/my-french-grocery.com\/de\/wp-json\/wp\/v2\/users\/1"}],"replies":[{"embeddable":true,"href":"https:\/\/my-french-grocery.com\/de\/wp-json\/wp\/v2\/comments?post=22532"}],"version-history":[{"count":0,"href":"https:\/\/my-french-grocery.com\/de\/wp-json\/wp\/v2\/pages\/22532\/revisions"}],"wp:attachment":[{"href":"https:\/\/my-french-grocery.com\/de\/wp-json\/wp\/v2\/media?parent=22532"}],"curies":[{"name":"wp","href":"https:\/\/api.w.org\/{rel}","templated":true}]}}