{"id":17802,"date":"2018-04-13T14:25:43","date_gmt":"2018-04-13T12:25:43","guid":{"rendered":"https:\/\/my-french-grocery.com\/product\/belvita-fruhstuckskekse-haselnuss-schokolade\/"},"modified":"2018-04-13T14:25:43","modified_gmt":"2018-04-13T12:25:43","slug":"belvita-fruhstuckskekse-haselnuss-schokolade","status":"publish","type":"product","link":"https:\/\/my-french-grocery.com\/de\/produkt\/belvita-fruhstuckskekse-haselnuss-schokolade\/","title":{"rendered":"Belvita Fr\u00fchst\u00fcckskekse Haselnuss &#038; Schokolade"},"content":{"rendered":"<p>Belvita Fr\u00fchst\u00fcckskekse Haselnuss & Schokolade<\/p>\n<p>Schachtel mit 400 g<\/p>\n<p>Getreidekekse mit Haselnuss-, Schokoladen- und Honiggeschmack, angereichert mit Eisen, Kalzium und Magnesium.<\/p>\n<p><span>Unsere leckeren Kekse bestehen aus 5 Vollkornprodukten und werden im Ofen zart gebr\u00e4unt, um ihre N\u00e4hrwerte zu erhalten.\u00a0<\/span><span>Belvita original-Kekse liefern Ihnen den ganzen Morgen lang langsam freigesetzte Kohlenhydrate, Stunde f\u00fcr Stunde.\u00a0<\/span><\/p>\n","protected":false},"excerpt":{"rendered":"<p>Belvita Fr\u00fchst\u00fcckskekse Haselnuss &amp; Schokolade<\/p>\n<p>Schachtel mit 400 g<\/p>\n","protected":false},"featured_media":10757,"comment_status":"open","ping_status":"closed","template":"","meta":[],"pwb-brand":[2182],"product_brand":[],"product_cat":[2181],"product_tag":[],"class_list":{"0":"post-17802","1":"product","2":"type-product","3":"status-publish","4":"has-post-thumbnail","6":"pwb-brand-lu-de","7":"product_cat-kuchen-kekse","8":"product_shipping_class-internationaler-versand","10":"first","11":"instock","12":"taxable","13":"shipping-taxable","14":"purchasable","15":"product-type-simple"},"brands":[{"id":2182,"name":"Lu","slug":"lu-de"}],"_links":{"self":[{"href":"https:\/\/my-french-grocery.com\/de\/wp-json\/wp\/v2\/product\/17802","targetHints":{"allow":["GET"]}}],"collection":[{"href":"https:\/\/my-french-grocery.com\/de\/wp-json\/wp\/v2\/product"}],"about":[{"href":"https:\/\/my-french-grocery.com\/de\/wp-json\/wp\/v2\/types\/product"}],"replies":[{"embeddable":true,"href":"https:\/\/my-french-grocery.com\/de\/wp-json\/wp\/v2\/comments?post=17802"}],"wp:featuredmedia":[{"embeddable":true,"href":"https:\/\/my-french-grocery.com\/de\/wp-json\/wp\/v2\/media\/10757"}],"wp:attachment":[{"href":"https:\/\/my-french-grocery.com\/de\/wp-json\/wp\/v2\/media?parent=17802"}],"wp:term":[{"taxonomy":"pwb-brand","embeddable":true,"href":"https:\/\/my-french-grocery.com\/de\/wp-json\/wp\/v2\/pwb-brand?post=17802"},{"taxonomy":"product_brand","embeddable":true,"href":"https:\/\/my-french-grocery.com\/de\/wp-json\/wp\/v2\/product_brand?post=17802"},{"taxonomy":"product_cat","embeddable":true,"href":"https:\/\/my-french-grocery.com\/de\/wp-json\/wp\/v2\/product_cat?post=17802"},{"taxonomy":"product_tag","embeddable":true,"href":"https:\/\/my-french-grocery.com\/de\/wp-json\/wp\/v2\/product_tag?post=17802"}],"curies":[{"name":"wp","href":"https:\/\/api.w.org\/{rel}","templated":true}]}}