{"id":17834,"date":"2018-04-14T12:35:38","date_gmt":"2018-04-14T10:35:38","guid":{"rendered":"https:\/\/my-french-grocery.com\/product\/lu-butterkekse\/"},"modified":"2024-11-15T19:01:24","modified_gmt":"2024-11-15T17:01:24","slug":"lu-butterkekse","status":"publish","type":"product","link":"https:\/\/my-french-grocery.com\/de\/produkt\/lu-butterkekse\/","title":{"rendered":"Lu Butterkekse"},"content":{"rendered":"<p>Lu Butterkekse<\/p>\n<div class=\"pdp-card__header--text\"><span class=\"ds-body-text ds-body-text--weight-bold ds-body-text--size-m ds-body-text--color-standard-2\"><span>48 &#8211; 400 g Packung<\/span><\/span><\/div>\n<div><\/div>\n<div>Le V\u00e9ritable Petit Beurre von LU, ein leckeres reines Butterrezept mit 73% Qualit\u00e4tsweizen, angebaut nach der LU&#8217;Harmony-Charta Eine Packung enth\u00e4lt 48 Kekse.<\/div>\n","protected":false},"excerpt":{"rendered":"<p>Lu Butterkekse<\/p>\n<div class=\"pdp-card__header--text\"><span class=\"ds-body-text ds-body-text--weight-bold ds-body-text--size-m ds-body-text--color-standard-2\">48 &#8211; 400 g Packung<\/span><\/div>\n","protected":false},"featured_media":17835,"comment_status":"open","ping_status":"closed","template":"","meta":[],"pwb-brand":[2182],"product_brand":[],"product_cat":[2181],"product_tag":[],"class_list":{"0":"post-17834","1":"product","2":"type-product","3":"status-publish","4":"has-post-thumbnail","6":"pwb-brand-lu-de","7":"product_cat-kuchen-kekse","8":"product_shipping_class-internationaler-versand","10":"first","11":"instock","12":"taxable","13":"shipping-taxable","14":"purchasable","15":"product-type-simple"},"yoast_head":"<!-- This site is optimized with the Yoast SEO plugin v27.3 - https:\/\/yoast.com\/product\/yoast-seo-wordpress\/ -->\n<title>Lu Butterkekse | Online Kaufen | My French Grocery<\/title>\n<meta name=\"description\" content=\"Lu Butterkekse - 48 - 400 g Packung - Le V\u00e9ritable Petit Beurre von LU, ein leckeres reines Butterrezept mit 73% Qualit\u00e4tsweizen, angebaut nach der LU&#039;Harmony-Charta Eine Packung enth\u00e4lt 48 Kekse.\" \/>\n<meta name=\"robots\" content=\"index, follow, max-snippet:-1, max-image-preview:large, max-video-preview:-1\" \/>\n<link rel=\"canonical\" href=\"https:\/\/my-french-grocery.com\/de\/produkt\/lu-butterkekse\/\" \/>\n<meta property=\"og:locale\" content=\"de_DE\" \/>\n<meta property=\"og:type\" content=\"article\" \/>\n<meta property=\"og:title\" content=\"Lu Butterkekse | Online Kaufen | My French Grocery\" \/>\n<meta property=\"og:description\" content=\"Lu Butterkekse - 48 - 400 g Packung - Le V\u00e9ritable Petit Beurre von LU, ein leckeres reines Butterrezept mit 73% Qualit\u00e4tsweizen, angebaut nach der LU&#039;Harmony-Charta Eine Packung enth\u00e4lt 48 Kekse.\" \/>\n<meta property=\"og:url\" content=\"https:\/\/my-french-grocery.com\/de\/produkt\/lu-butterkekse\/\" \/>\n<meta property=\"og:site_name\" content=\"My French Grocery\" \/>\n<meta property=\"article:publisher\" content=\"https:\/\/www.facebook.com\/myfrenchgrocery\/\" \/>\n<meta property=\"article:modified_time\" content=\"2024-11-15T17:01:24+00:00\" \/>\n<meta property=\"og:image\" content=\"https:\/\/my-french-grocery.com\/wp-content\/uploads\/2018\/04\/PETIT-BEUREE.jpg\" \/>\n\t<meta property=\"og:image:width\" content=\"1500\" \/>\n\t<meta property=\"og:image:height\" content=\"1500\" \/>\n\t<meta property=\"og:image:type\" content=\"image\/jpeg\" \/>\n<meta name=\"twitter:card\" content=\"summary_large_image\" \/>\n<script type=\"application\/ld+json\" class=\"yoast-schema-graph\">{\"@context\":\"https:\\\/\\\/schema.org\",\"@graph\":[{\"@type\":\"WebPage\",\"@id\":\"https:\\\/\\\/my-french-grocery.com\\\/de\\\/produkt\\\/lu-butterkekse\\\/\",\"url\":\"https:\\\/\\\/my-french-grocery.com\\\/de\\\/produkt\\\/lu-butterkekse\\\/\",\"name\":\"Lu Butterkekse | Online Kaufen | My French Grocery\",\"isPartOf\":{\"@id\":\"https:\\\/\\\/my-french-grocery.com\\\/de\\\/#website\"},\"primaryImageOfPage\":{\"@id\":\"https:\\\/\\\/my-french-grocery.com\\\/de\\\/produkt\\\/lu-butterkekse\\\/#primaryimage\"},\"image\":{\"@id\":\"https:\\\/\\\/my-french-grocery.com\\\/de\\\/produkt\\\/lu-butterkekse\\\/#primaryimage\"},\"thumbnailUrl\":\"https:\\\/\\\/my-french-grocery.com\\\/wp-content\\\/uploads\\\/2018\\\/04\\\/PETIT-BEUREE.jpg\",\"datePublished\":\"2018-04-14T10:35:38+00:00\",\"dateModified\":\"2024-11-15T17:01:24+00:00\",\"description\":\"Lu Butterkekse - 48 - 400 g Packung - Le V\u00e9ritable Petit Beurre von LU, ein leckeres reines Butterrezept mit 73% Qualit\u00e4tsweizen, angebaut nach der LU'Harmony-Charta Eine Packung enth\u00e4lt 48 Kekse.\",\"breadcrumb\":{\"@id\":\"https:\\\/\\\/my-french-grocery.com\\\/de\\\/produkt\\\/lu-butterkekse\\\/#breadcrumb\"},\"inLanguage\":\"de-DE\",\"potentialAction\":[{\"@type\":\"ReadAction\",\"target\":[\"https:\\\/\\\/my-french-grocery.com\\\/de\\\/produkt\\\/lu-butterkekse\\\/\"]}]},{\"@type\":\"ImageObject\",\"inLanguage\":\"de-DE\",\"@id\":\"https:\\\/\\\/my-french-grocery.com\\\/de\\\/produkt\\\/lu-butterkekse\\\/#primaryimage\",\"url\":\"https:\\\/\\\/my-french-grocery.com\\\/wp-content\\\/uploads\\\/2018\\\/04\\\/PETIT-BEUREE.jpg\",\"contentUrl\":\"https:\\\/\\\/my-french-grocery.com\\\/wp-content\\\/uploads\\\/2018\\\/04\\\/PETIT-BEUREE.jpg\",\"width\":1500,\"height\":1500,\"caption\":\"Lu Butterkekse\"},{\"@type\":\"BreadcrumbList\",\"@id\":\"https:\\\/\\\/my-french-grocery.com\\\/de\\\/produkt\\\/lu-butterkekse\\\/#breadcrumb\",\"itemListElement\":[{\"@type\":\"ListItem\",\"position\":1,\"name\":\"Home\",\"item\":\"https:\\\/\\\/my-french-grocery.com\\\/de\\\/shopping-seite\\\/\"},{\"@type\":\"ListItem\",\"position\":2,\"name\":\"Shop\",\"item\":\"https:\\\/\\\/my-french-grocery.com\\\/shop\\\/\"},{\"@type\":\"ListItem\",\"position\":3,\"name\":\"Kuchen &amp; Kekse\",\"item\":\"https:\\\/\\\/my-french-grocery.com\\\/de\\\/produkt-kategorie\\\/kuchen-kekse\\\/\"},{\"@type\":\"ListItem\",\"position\":4,\"name\":\"Lu Butterkekse\"}]},{\"@type\":\"WebSite\",\"@id\":\"https:\\\/\\\/my-french-grocery.com\\\/de\\\/#website\",\"url\":\"https:\\\/\\\/my-french-grocery.com\\\/de\\\/\",\"name\":\"My French Grocery\",\"description\":\"Your Online French Grocery  !\",\"publisher\":{\"@id\":\"https:\\\/\\\/my-french-grocery.com\\\/de\\\/#organization\"},\"potentialAction\":[{\"@type\":\"SearchAction\",\"target\":{\"@type\":\"EntryPoint\",\"urlTemplate\":\"https:\\\/\\\/my-french-grocery.com\\\/de\\\/?s={search_term_string}\"},\"query-input\":{\"@type\":\"PropertyValueSpecification\",\"valueRequired\":true,\"valueName\":\"search_term_string\"}}],\"inLanguage\":\"de-DE\"},{\"@type\":\"Organization\",\"@id\":\"https:\\\/\\\/my-french-grocery.com\\\/de\\\/#organization\",\"name\":\"MY FRENCH GROCERY\",\"url\":\"https:\\\/\\\/my-french-grocery.com\\\/de\\\/\",\"logo\":{\"@type\":\"ImageObject\",\"inLanguage\":\"de-DE\",\"@id\":\"https:\\\/\\\/my-french-grocery.com\\\/de\\\/#\\\/schema\\\/logo\\\/image\\\/\",\"url\":\"https:\\\/\\\/my-french-grocery.com\\\/wp-content\\\/uploads\\\/2021\\\/11\\\/My-French-Grocery-Online-French-Grocery.png\",\"contentUrl\":\"https:\\\/\\\/my-french-grocery.com\\\/wp-content\\\/uploads\\\/2021\\\/11\\\/My-French-Grocery-Online-French-Grocery.png\",\"width\":100,\"height\":100,\"caption\":\"MY FRENCH GROCERY\"},\"image\":{\"@id\":\"https:\\\/\\\/my-french-grocery.com\\\/de\\\/#\\\/schema\\\/logo\\\/image\\\/\"},\"sameAs\":[\"https:\\\/\\\/www.facebook.com\\\/myfrenchgrocery\\\/\"]}]}<\/script>\n<!-- \/ Yoast SEO plugin. -->","yoast_head_json":{"title":"Lu Butterkekse | Online Kaufen | My French Grocery","description":"Lu Butterkekse - 48 - 400 g Packung - Le V\u00e9ritable Petit Beurre von LU, ein leckeres reines Butterrezept mit 73% Qualit\u00e4tsweizen, angebaut nach der LU'Harmony-Charta Eine Packung enth\u00e4lt 48 Kekse.","robots":{"index":"index","follow":"follow","max-snippet":"max-snippet:-1","max-image-preview":"max-image-preview:large","max-video-preview":"max-video-preview:-1"},"canonical":"https:\/\/my-french-grocery.com\/de\/produkt\/lu-butterkekse\/","og_locale":"de_DE","og_type":"article","og_title":"Lu Butterkekse | Online Kaufen | My French Grocery","og_description":"Lu Butterkekse - 48 - 400 g Packung - Le V\u00e9ritable Petit Beurre von LU, ein leckeres reines Butterrezept mit 73% Qualit\u00e4tsweizen, angebaut nach der LU'Harmony-Charta Eine Packung enth\u00e4lt 48 Kekse.","og_url":"https:\/\/my-french-grocery.com\/de\/produkt\/lu-butterkekse\/","og_site_name":"My French Grocery","article_publisher":"https:\/\/www.facebook.com\/myfrenchgrocery\/","article_modified_time":"2024-11-15T17:01:24+00:00","og_image":[{"width":1500,"height":1500,"url":"https:\/\/my-french-grocery.com\/wp-content\/uploads\/2018\/04\/PETIT-BEUREE.jpg","type":"image\/jpeg"}],"twitter_card":"summary_large_image","schema":{"@context":"https:\/\/schema.org","@graph":[{"@type":"WebPage","@id":"https:\/\/my-french-grocery.com\/de\/produkt\/lu-butterkekse\/","url":"https:\/\/my-french-grocery.com\/de\/produkt\/lu-butterkekse\/","name":"Lu Butterkekse | Online Kaufen | My French Grocery","isPartOf":{"@id":"https:\/\/my-french-grocery.com\/de\/#website"},"primaryImageOfPage":{"@id":"https:\/\/my-french-grocery.com\/de\/produkt\/lu-butterkekse\/#primaryimage"},"image":{"@id":"https:\/\/my-french-grocery.com\/de\/produkt\/lu-butterkekse\/#primaryimage"},"thumbnailUrl":"https:\/\/my-french-grocery.com\/wp-content\/uploads\/2018\/04\/PETIT-BEUREE.jpg","datePublished":"2018-04-14T10:35:38+00:00","dateModified":"2024-11-15T17:01:24+00:00","description":"Lu Butterkekse - 48 - 400 g Packung - Le V\u00e9ritable Petit Beurre von LU, ein leckeres reines Butterrezept mit 73% Qualit\u00e4tsweizen, angebaut nach der LU'Harmony-Charta Eine Packung enth\u00e4lt 48 Kekse.","breadcrumb":{"@id":"https:\/\/my-french-grocery.com\/de\/produkt\/lu-butterkekse\/#breadcrumb"},"inLanguage":"de-DE","potentialAction":[{"@type":"ReadAction","target":["https:\/\/my-french-grocery.com\/de\/produkt\/lu-butterkekse\/"]}]},{"@type":"ImageObject","inLanguage":"de-DE","@id":"https:\/\/my-french-grocery.com\/de\/produkt\/lu-butterkekse\/#primaryimage","url":"https:\/\/my-french-grocery.com\/wp-content\/uploads\/2018\/04\/PETIT-BEUREE.jpg","contentUrl":"https:\/\/my-french-grocery.com\/wp-content\/uploads\/2018\/04\/PETIT-BEUREE.jpg","width":1500,"height":1500,"caption":"Lu Butterkekse"},{"@type":"BreadcrumbList","@id":"https:\/\/my-french-grocery.com\/de\/produkt\/lu-butterkekse\/#breadcrumb","itemListElement":[{"@type":"ListItem","position":1,"name":"Home","item":"https:\/\/my-french-grocery.com\/de\/shopping-seite\/"},{"@type":"ListItem","position":2,"name":"Shop","item":"https:\/\/my-french-grocery.com\/shop\/"},{"@type":"ListItem","position":3,"name":"Kuchen &amp; Kekse","item":"https:\/\/my-french-grocery.com\/de\/produkt-kategorie\/kuchen-kekse\/"},{"@type":"ListItem","position":4,"name":"Lu Butterkekse"}]},{"@type":"WebSite","@id":"https:\/\/my-french-grocery.com\/de\/#website","url":"https:\/\/my-french-grocery.com\/de\/","name":"My French Grocery","description":"Your Online French Grocery  !","publisher":{"@id":"https:\/\/my-french-grocery.com\/de\/#organization"},"potentialAction":[{"@type":"SearchAction","target":{"@type":"EntryPoint","urlTemplate":"https:\/\/my-french-grocery.com\/de\/?s={search_term_string}"},"query-input":{"@type":"PropertyValueSpecification","valueRequired":true,"valueName":"search_term_string"}}],"inLanguage":"de-DE"},{"@type":"Organization","@id":"https:\/\/my-french-grocery.com\/de\/#organization","name":"MY FRENCH GROCERY","url":"https:\/\/my-french-grocery.com\/de\/","logo":{"@type":"ImageObject","inLanguage":"de-DE","@id":"https:\/\/my-french-grocery.com\/de\/#\/schema\/logo\/image\/","url":"https:\/\/my-french-grocery.com\/wp-content\/uploads\/2021\/11\/My-French-Grocery-Online-French-Grocery.png","contentUrl":"https:\/\/my-french-grocery.com\/wp-content\/uploads\/2021\/11\/My-French-Grocery-Online-French-Grocery.png","width":100,"height":100,"caption":"MY FRENCH GROCERY"},"image":{"@id":"https:\/\/my-french-grocery.com\/de\/#\/schema\/logo\/image\/"},"sameAs":["https:\/\/www.facebook.com\/myfrenchgrocery\/"]}]}},"brands":[{"id":2182,"name":"Lu","slug":"lu-de"}],"_links":{"self":[{"href":"https:\/\/my-french-grocery.com\/de\/wp-json\/wp\/v2\/product\/17834","targetHints":{"allow":["GET"]}}],"collection":[{"href":"https:\/\/my-french-grocery.com\/de\/wp-json\/wp\/v2\/product"}],"about":[{"href":"https:\/\/my-french-grocery.com\/de\/wp-json\/wp\/v2\/types\/product"}],"replies":[{"embeddable":true,"href":"https:\/\/my-french-grocery.com\/de\/wp-json\/wp\/v2\/comments?post=17834"}],"wp:featuredmedia":[{"embeddable":true,"href":"https:\/\/my-french-grocery.com\/de\/wp-json\/wp\/v2\/media\/17835"}],"wp:attachment":[{"href":"https:\/\/my-french-grocery.com\/de\/wp-json\/wp\/v2\/media?parent=17834"}],"wp:term":[{"taxonomy":"pwb-brand","embeddable":true,"href":"https:\/\/my-french-grocery.com\/de\/wp-json\/wp\/v2\/pwb-brand?post=17834"},{"taxonomy":"product_brand","embeddable":true,"href":"https:\/\/my-french-grocery.com\/de\/wp-json\/wp\/v2\/product_brand?post=17834"},{"taxonomy":"product_cat","embeddable":true,"href":"https:\/\/my-french-grocery.com\/de\/wp-json\/wp\/v2\/product_cat?post=17834"},{"taxonomy":"product_tag","embeddable":true,"href":"https:\/\/my-french-grocery.com\/de\/wp-json\/wp\/v2\/product_tag?post=17834"}],"curies":[{"name":"wp","href":"https:\/\/api.w.org\/{rel}","templated":true}]}}