{"id":17958,"date":"2018-04-30T14:16:19","date_gmt":"2018-04-30T12:16:19","guid":{"rendered":"https:\/\/my-french-grocery.com\/product\/lutti-frische-minzbonbons\/"},"modified":"2024-10-23T20:44:30","modified_gmt":"2024-10-23T18:44:30","slug":"lutti-frische-minzbonbons","status":"publish","type":"product","link":"https:\/\/my-french-grocery.com\/de\/produkt\/lutti-frische-minzbonbons\/","title":{"rendered":"Lutti Frische Minzbonbons"},"content":{"rendered":"<p>Lutti Frische Minzbonbons<\/p>\n<div class=\"pdp-card__header--text\"><span class=\"ds-body-text ds-body-text--weight-bold ds-body-text--size-m ds-body-text--color-standard-2\"><span>250 g Beutel<\/span><\/span><\/div>\n<div><\/div>\n<div>\n<p id=\"tw-target-text\" class=\"tw-data-text tw-text-large XcVN5d tw-ta\" dir=\"ltr\" data-placeholder=\"Traduction\"><span class=\"Y2IQFc\" lang=\"de\">Lutti ist ein franz\u00f6sisches S\u00fc\u00dfwarenunternehmen mit Hauptsitz in Bondues im Departement Nord, Frankreich. Sein erstes mit gro\u00dfem Erfolg vermarktetes Produkt war der Fudge Toffee Lutti. Heute ist Lutti die 2. S\u00fc\u00dfwarenmarke in Frankreich.<\/span><\/p>\n<\/div>\n<div class=\"main-details--food__shoppinglist\"><\/div>\n","protected":false},"excerpt":{"rendered":"<p>Lutti Frische Minzbonbons<\/p>\n<div class=\"pdp-card__header--text\"><span class=\"ds-body-text ds-body-text--weight-bold ds-body-text--size-m ds-body-text--color-standard-2\">250 g Beutel<\/span><\/div>\n","protected":false},"featured_media":17959,"comment_status":"open","ping_status":"closed","template":"","meta":[],"pwb-brand":[2140],"product_brand":[],"product_cat":[2113],"product_tag":[],"class_list":{"0":"post-17958","1":"product","2":"type-product","3":"status-publish","4":"has-post-thumbnail","6":"pwb-brand-lutti-de","7":"product_cat-bonbons-de","8":"product_shipping_class-internationaler-versand","10":"first","11":"instock","12":"taxable","13":"shipping-taxable","14":"purchasable","15":"product-type-simple"},"yoast_head":"<!-- This site is optimized with the Yoast SEO plugin v27.3 - https:\/\/yoast.com\/product\/yoast-seo-wordpress\/ -->\n<title>Lutti Frische Minzbonbons | Online Kaufen | My French Grocery<\/title>\n<meta name=\"description\" content=\"Lutti Frische Minzbonbons - 250 g Beutel - Lutti ist ein franz\u00f6sisches S\u00fc\u00dfwarenunternehmen mit Hauptsitz in Bondues im Departement Nord, Frankreich\" \/>\n<meta name=\"robots\" content=\"index, follow, max-snippet:-1, max-image-preview:large, max-video-preview:-1\" \/>\n<link rel=\"canonical\" href=\"https:\/\/my-french-grocery.com\/de\/produkt\/lutti-frische-minzbonbons\/\" \/>\n<meta property=\"og:locale\" content=\"de_DE\" \/>\n<meta property=\"og:type\" content=\"article\" \/>\n<meta property=\"og:title\" content=\"Lutti Frische Minzbonbons | Online Kaufen | My French Grocery\" \/>\n<meta property=\"og:description\" content=\"Lutti Frische Minzbonbons - 250 g Beutel - Lutti ist ein franz\u00f6sisches S\u00fc\u00dfwarenunternehmen mit Hauptsitz in Bondues im Departement Nord, Frankreich\" \/>\n<meta property=\"og:url\" content=\"https:\/\/my-french-grocery.com\/de\/produkt\/lutti-frische-minzbonbons\/\" \/>\n<meta property=\"og:site_name\" content=\"My French Grocery\" \/>\n<meta property=\"article:publisher\" content=\"https:\/\/www.facebook.com\/myfrenchgrocery\/\" \/>\n<meta property=\"article:modified_time\" content=\"2024-10-23T18:44:30+00:00\" \/>\n<meta property=\"og:image\" content=\"https:\/\/my-french-grocery.com\/wp-content\/uploads\/2018\/04\/LUTTI-MINT.jpg\" \/>\n\t<meta property=\"og:image:width\" content=\"1500\" \/>\n\t<meta property=\"og:image:height\" content=\"1500\" \/>\n\t<meta property=\"og:image:type\" content=\"image\/jpeg\" \/>\n<meta name=\"twitter:card\" content=\"summary_large_image\" \/>\n<script type=\"application\/ld+json\" class=\"yoast-schema-graph\">{\"@context\":\"https:\\\/\\\/schema.org\",\"@graph\":[{\"@type\":\"WebPage\",\"@id\":\"https:\\\/\\\/my-french-grocery.com\\\/de\\\/produkt\\\/lutti-frische-minzbonbons\\\/\",\"url\":\"https:\\\/\\\/my-french-grocery.com\\\/de\\\/produkt\\\/lutti-frische-minzbonbons\\\/\",\"name\":\"Lutti Frische Minzbonbons | Online Kaufen | My French Grocery\",\"isPartOf\":{\"@id\":\"https:\\\/\\\/my-french-grocery.com\\\/de\\\/#website\"},\"primaryImageOfPage\":{\"@id\":\"https:\\\/\\\/my-french-grocery.com\\\/de\\\/produkt\\\/lutti-frische-minzbonbons\\\/#primaryimage\"},\"image\":{\"@id\":\"https:\\\/\\\/my-french-grocery.com\\\/de\\\/produkt\\\/lutti-frische-minzbonbons\\\/#primaryimage\"},\"thumbnailUrl\":\"https:\\\/\\\/my-french-grocery.com\\\/wp-content\\\/uploads\\\/2018\\\/04\\\/LUTTI-MINT.jpg\",\"datePublished\":\"2018-04-30T12:16:19+00:00\",\"dateModified\":\"2024-10-23T18:44:30+00:00\",\"description\":\"Lutti Frische Minzbonbons - 250 g Beutel - Lutti ist ein franz\u00f6sisches S\u00fc\u00dfwarenunternehmen mit Hauptsitz in Bondues im Departement Nord, Frankreich\",\"breadcrumb\":{\"@id\":\"https:\\\/\\\/my-french-grocery.com\\\/de\\\/produkt\\\/lutti-frische-minzbonbons\\\/#breadcrumb\"},\"inLanguage\":\"de-DE\",\"potentialAction\":[{\"@type\":\"ReadAction\",\"target\":[\"https:\\\/\\\/my-french-grocery.com\\\/de\\\/produkt\\\/lutti-frische-minzbonbons\\\/\"]}]},{\"@type\":\"ImageObject\",\"inLanguage\":\"de-DE\",\"@id\":\"https:\\\/\\\/my-french-grocery.com\\\/de\\\/produkt\\\/lutti-frische-minzbonbons\\\/#primaryimage\",\"url\":\"https:\\\/\\\/my-french-grocery.com\\\/wp-content\\\/uploads\\\/2018\\\/04\\\/LUTTI-MINT.jpg\",\"contentUrl\":\"https:\\\/\\\/my-french-grocery.com\\\/wp-content\\\/uploads\\\/2018\\\/04\\\/LUTTI-MINT.jpg\",\"width\":1500,\"height\":1500,\"caption\":\"Lutti Frische Minzbonbons\"},{\"@type\":\"BreadcrumbList\",\"@id\":\"https:\\\/\\\/my-french-grocery.com\\\/de\\\/produkt\\\/lutti-frische-minzbonbons\\\/#breadcrumb\",\"itemListElement\":[{\"@type\":\"ListItem\",\"position\":1,\"name\":\"Home\",\"item\":\"https:\\\/\\\/my-french-grocery.com\\\/de\\\/shopping-seite\\\/\"},{\"@type\":\"ListItem\",\"position\":2,\"name\":\"Shop\",\"item\":\"https:\\\/\\\/my-french-grocery.com\\\/shop\\\/\"},{\"@type\":\"ListItem\",\"position\":3,\"name\":\"S\u00fc\u00dfigkeiten\",\"item\":\"https:\\\/\\\/my-french-grocery.com\\\/de\\\/produkt-kategorie\\\/bonbons-de\\\/\"},{\"@type\":\"ListItem\",\"position\":4,\"name\":\"Lutti Frische Minzbonbons\"}]},{\"@type\":\"WebSite\",\"@id\":\"https:\\\/\\\/my-french-grocery.com\\\/de\\\/#website\",\"url\":\"https:\\\/\\\/my-french-grocery.com\\\/de\\\/\",\"name\":\"My French Grocery\",\"description\":\"Your Online French Grocery  !\",\"publisher\":{\"@id\":\"https:\\\/\\\/my-french-grocery.com\\\/de\\\/#organization\"},\"potentialAction\":[{\"@type\":\"SearchAction\",\"target\":{\"@type\":\"EntryPoint\",\"urlTemplate\":\"https:\\\/\\\/my-french-grocery.com\\\/de\\\/?s={search_term_string}\"},\"query-input\":{\"@type\":\"PropertyValueSpecification\",\"valueRequired\":true,\"valueName\":\"search_term_string\"}}],\"inLanguage\":\"de-DE\"},{\"@type\":\"Organization\",\"@id\":\"https:\\\/\\\/my-french-grocery.com\\\/de\\\/#organization\",\"name\":\"MY FRENCH GROCERY\",\"url\":\"https:\\\/\\\/my-french-grocery.com\\\/de\\\/\",\"logo\":{\"@type\":\"ImageObject\",\"inLanguage\":\"de-DE\",\"@id\":\"https:\\\/\\\/my-french-grocery.com\\\/de\\\/#\\\/schema\\\/logo\\\/image\\\/\",\"url\":\"https:\\\/\\\/my-french-grocery.com\\\/wp-content\\\/uploads\\\/2021\\\/11\\\/My-French-Grocery-Online-French-Grocery.png\",\"contentUrl\":\"https:\\\/\\\/my-french-grocery.com\\\/wp-content\\\/uploads\\\/2021\\\/11\\\/My-French-Grocery-Online-French-Grocery.png\",\"width\":100,\"height\":100,\"caption\":\"MY FRENCH GROCERY\"},\"image\":{\"@id\":\"https:\\\/\\\/my-french-grocery.com\\\/de\\\/#\\\/schema\\\/logo\\\/image\\\/\"},\"sameAs\":[\"https:\\\/\\\/www.facebook.com\\\/myfrenchgrocery\\\/\"]}]}<\/script>\n<!-- \/ Yoast SEO plugin. -->","yoast_head_json":{"title":"Lutti Frische Minzbonbons | Online Kaufen | My French Grocery","description":"Lutti Frische Minzbonbons - 250 g Beutel - Lutti ist ein franz\u00f6sisches S\u00fc\u00dfwarenunternehmen mit Hauptsitz in Bondues im Departement Nord, Frankreich","robots":{"index":"index","follow":"follow","max-snippet":"max-snippet:-1","max-image-preview":"max-image-preview:large","max-video-preview":"max-video-preview:-1"},"canonical":"https:\/\/my-french-grocery.com\/de\/produkt\/lutti-frische-minzbonbons\/","og_locale":"de_DE","og_type":"article","og_title":"Lutti Frische Minzbonbons | Online Kaufen | My French Grocery","og_description":"Lutti Frische Minzbonbons - 250 g Beutel - Lutti ist ein franz\u00f6sisches S\u00fc\u00dfwarenunternehmen mit Hauptsitz in Bondues im Departement Nord, Frankreich","og_url":"https:\/\/my-french-grocery.com\/de\/produkt\/lutti-frische-minzbonbons\/","og_site_name":"My French Grocery","article_publisher":"https:\/\/www.facebook.com\/myfrenchgrocery\/","article_modified_time":"2024-10-23T18:44:30+00:00","og_image":[{"width":1500,"height":1500,"url":"https:\/\/my-french-grocery.com\/wp-content\/uploads\/2018\/04\/LUTTI-MINT.jpg","type":"image\/jpeg"}],"twitter_card":"summary_large_image","schema":{"@context":"https:\/\/schema.org","@graph":[{"@type":"WebPage","@id":"https:\/\/my-french-grocery.com\/de\/produkt\/lutti-frische-minzbonbons\/","url":"https:\/\/my-french-grocery.com\/de\/produkt\/lutti-frische-minzbonbons\/","name":"Lutti Frische Minzbonbons | Online Kaufen | My French Grocery","isPartOf":{"@id":"https:\/\/my-french-grocery.com\/de\/#website"},"primaryImageOfPage":{"@id":"https:\/\/my-french-grocery.com\/de\/produkt\/lutti-frische-minzbonbons\/#primaryimage"},"image":{"@id":"https:\/\/my-french-grocery.com\/de\/produkt\/lutti-frische-minzbonbons\/#primaryimage"},"thumbnailUrl":"https:\/\/my-french-grocery.com\/wp-content\/uploads\/2018\/04\/LUTTI-MINT.jpg","datePublished":"2018-04-30T12:16:19+00:00","dateModified":"2024-10-23T18:44:30+00:00","description":"Lutti Frische Minzbonbons - 250 g Beutel - Lutti ist ein franz\u00f6sisches S\u00fc\u00dfwarenunternehmen mit Hauptsitz in Bondues im Departement Nord, Frankreich","breadcrumb":{"@id":"https:\/\/my-french-grocery.com\/de\/produkt\/lutti-frische-minzbonbons\/#breadcrumb"},"inLanguage":"de-DE","potentialAction":[{"@type":"ReadAction","target":["https:\/\/my-french-grocery.com\/de\/produkt\/lutti-frische-minzbonbons\/"]}]},{"@type":"ImageObject","inLanguage":"de-DE","@id":"https:\/\/my-french-grocery.com\/de\/produkt\/lutti-frische-minzbonbons\/#primaryimage","url":"https:\/\/my-french-grocery.com\/wp-content\/uploads\/2018\/04\/LUTTI-MINT.jpg","contentUrl":"https:\/\/my-french-grocery.com\/wp-content\/uploads\/2018\/04\/LUTTI-MINT.jpg","width":1500,"height":1500,"caption":"Lutti Frische Minzbonbons"},{"@type":"BreadcrumbList","@id":"https:\/\/my-french-grocery.com\/de\/produkt\/lutti-frische-minzbonbons\/#breadcrumb","itemListElement":[{"@type":"ListItem","position":1,"name":"Home","item":"https:\/\/my-french-grocery.com\/de\/shopping-seite\/"},{"@type":"ListItem","position":2,"name":"Shop","item":"https:\/\/my-french-grocery.com\/shop\/"},{"@type":"ListItem","position":3,"name":"S\u00fc\u00dfigkeiten","item":"https:\/\/my-french-grocery.com\/de\/produkt-kategorie\/bonbons-de\/"},{"@type":"ListItem","position":4,"name":"Lutti Frische Minzbonbons"}]},{"@type":"WebSite","@id":"https:\/\/my-french-grocery.com\/de\/#website","url":"https:\/\/my-french-grocery.com\/de\/","name":"My French Grocery","description":"Your Online French Grocery  !","publisher":{"@id":"https:\/\/my-french-grocery.com\/de\/#organization"},"potentialAction":[{"@type":"SearchAction","target":{"@type":"EntryPoint","urlTemplate":"https:\/\/my-french-grocery.com\/de\/?s={search_term_string}"},"query-input":{"@type":"PropertyValueSpecification","valueRequired":true,"valueName":"search_term_string"}}],"inLanguage":"de-DE"},{"@type":"Organization","@id":"https:\/\/my-french-grocery.com\/de\/#organization","name":"MY FRENCH GROCERY","url":"https:\/\/my-french-grocery.com\/de\/","logo":{"@type":"ImageObject","inLanguage":"de-DE","@id":"https:\/\/my-french-grocery.com\/de\/#\/schema\/logo\/image\/","url":"https:\/\/my-french-grocery.com\/wp-content\/uploads\/2021\/11\/My-French-Grocery-Online-French-Grocery.png","contentUrl":"https:\/\/my-french-grocery.com\/wp-content\/uploads\/2021\/11\/My-French-Grocery-Online-French-Grocery.png","width":100,"height":100,"caption":"MY FRENCH GROCERY"},"image":{"@id":"https:\/\/my-french-grocery.com\/de\/#\/schema\/logo\/image\/"},"sameAs":["https:\/\/www.facebook.com\/myfrenchgrocery\/"]}]}},"brands":[{"id":2140,"name":"Lutti","slug":"lutti-de"}],"_links":{"self":[{"href":"https:\/\/my-french-grocery.com\/de\/wp-json\/wp\/v2\/product\/17958","targetHints":{"allow":["GET"]}}],"collection":[{"href":"https:\/\/my-french-grocery.com\/de\/wp-json\/wp\/v2\/product"}],"about":[{"href":"https:\/\/my-french-grocery.com\/de\/wp-json\/wp\/v2\/types\/product"}],"replies":[{"embeddable":true,"href":"https:\/\/my-french-grocery.com\/de\/wp-json\/wp\/v2\/comments?post=17958"}],"wp:featuredmedia":[{"embeddable":true,"href":"https:\/\/my-french-grocery.com\/de\/wp-json\/wp\/v2\/media\/17959"}],"wp:attachment":[{"href":"https:\/\/my-french-grocery.com\/de\/wp-json\/wp\/v2\/media?parent=17958"}],"wp:term":[{"taxonomy":"pwb-brand","embeddable":true,"href":"https:\/\/my-french-grocery.com\/de\/wp-json\/wp\/v2\/pwb-brand?post=17958"},{"taxonomy":"product_brand","embeddable":true,"href":"https:\/\/my-french-grocery.com\/de\/wp-json\/wp\/v2\/product_brand?post=17958"},{"taxonomy":"product_cat","embeddable":true,"href":"https:\/\/my-french-grocery.com\/de\/wp-json\/wp\/v2\/product_cat?post=17958"},{"taxonomy":"product_tag","embeddable":true,"href":"https:\/\/my-french-grocery.com\/de\/wp-json\/wp\/v2\/product_tag?post=17958"}],"curies":[{"name":"wp","href":"https:\/\/api.w.org\/{rel}","templated":true}]}}