{"id":18000,"date":"2018-05-04T14:23:00","date_gmt":"2018-05-04T12:23:00","guid":{"rendered":"https:\/\/my-french-grocery.com\/product\/maxi-rohwurst-vom-schwein-justin-bridou\/"},"modified":"2024-08-26T18:15:57","modified_gmt":"2024-08-26T16:15:57","slug":"maxi-rohwurst-vom-schwein-justin-bridou","status":"publish","type":"product","link":"https:\/\/my-french-grocery.com\/de\/produkt\/maxi-rohwurst-vom-schwein-justin-bridou\/","title":{"rendered":"Maxi Rohwurst Vom Schwein Justin Bridou"},"content":{"rendered":"<p>Maxi Rohwurst Vom Schwein Justin Bridou<\/p>\n<div class=\"pdp-card__header--text\"><span class=\"ds-body-text ds-body-text--weight-bold ds-body-text--size-m ds-body-text--color-standard-2\">350 g Beutel<\/span><\/div>\n<div><\/div>\n<div class=\"main-details--food__shoppinglist\">Ein einzigartiges Produkt?\u00a0Im Maxi-Format!<br \/>\nJustin Bridou bietet Ihnen seinen ber\u00fchmten Berger Stick in einer gr\u00f6\u00dferen Gr\u00f6\u00dfe und einem gro\u00dfz\u00fcgigeren Format an, um ihn mit Familie oder Freunden f\u00fcr Momente des Vergn\u00fcgens und der Geselligkeit zu teilen.<\/div>\n","protected":false},"excerpt":{"rendered":"<p>Maxi Rohwurst Vom Schwein Justin Bridou<\/p>\n<div class=\"pdp-card__header--text\"><span class=\"ds-body-text ds-body-text--weight-bold ds-body-text--size-m ds-body-text--color-standard-2\">350 g Beutel<\/span><\/div>\n<div><\/div>\n","protected":false},"featured_media":41878,"comment_status":"open","ping_status":"closed","template":"","meta":[],"pwb-brand":[2197],"product_brand":[],"product_cat":[2194,2195],"product_tag":[],"class_list":{"0":"post-18000","1":"product","2":"type-product","3":"status-publish","4":"has-post-thumbnail","6":"pwb-brand-justin-bridou-de","7":"product_cat-foie-gras-pastete-wurstchen","8":"product_cat-wurstchen","9":"product_shipping_class-internationaler-versand","11":"first","12":"outofstock","13":"taxable","14":"shipping-taxable","15":"purchasable","16":"product-type-simple"},"yoast_head":"<!-- This site is optimized with the Yoast SEO plugin v27.4 - https:\/\/yoast.com\/product\/yoast-seo-wordpress\/ -->\n<title>Maxi Rohwurst Vom Schwein Justin Bridou | Online Kaufen | My French Grocery<\/title>\n<meta name=\"description\" content=\"Maxi Rohwurst Vom Schwein Justin Bridou - 350 g Beutel - Ein einzigartiges Produkt?\u00a0Im Maxi-Format!\" \/>\n<meta name=\"robots\" content=\"index, follow, max-snippet:-1, max-image-preview:large, max-video-preview:-1\" \/>\n<link rel=\"canonical\" href=\"https:\/\/my-french-grocery.com\/de\/produkt\/maxi-rohwurst-vom-schwein-justin-bridou\/\" \/>\n<meta property=\"og:locale\" content=\"de_DE\" \/>\n<meta property=\"og:type\" content=\"article\" \/>\n<meta property=\"og:title\" content=\"Maxi Rohwurst Vom Schwein Justin Bridou | Online Kaufen | My French Grocery\" \/>\n<meta property=\"og:description\" content=\"Maxi Rohwurst Vom Schwein Justin Bridou - 350 g Beutel - Ein einzigartiges Produkt?\u00a0Im Maxi-Format!\" \/>\n<meta property=\"og:url\" content=\"https:\/\/my-french-grocery.com\/de\/produkt\/maxi-rohwurst-vom-schwein-justin-bridou\/\" \/>\n<meta property=\"og:site_name\" content=\"My French Grocery\" \/>\n<meta property=\"article:publisher\" content=\"https:\/\/www.facebook.com\/myfrenchgrocery\/\" \/>\n<meta property=\"article:modified_time\" content=\"2024-08-26T16:15:57+00:00\" \/>\n<meta property=\"og:image\" content=\"https:\/\/my-french-grocery.com\/wp-content\/uploads\/2018\/05\/MAXI-SAUSAGE-BRIDOU.webp\" \/>\n\t<meta property=\"og:image:width\" content=\"1500\" \/>\n\t<meta property=\"og:image:height\" content=\"1500\" \/>\n\t<meta property=\"og:image:type\" content=\"image\/webp\" \/>\n<meta name=\"twitter:card\" content=\"summary_large_image\" \/>\n<script type=\"application\/ld+json\" class=\"yoast-schema-graph\">{\"@context\":\"https:\\\/\\\/schema.org\",\"@graph\":[{\"@type\":\"WebPage\",\"@id\":\"https:\\\/\\\/my-french-grocery.com\\\/de\\\/produkt\\\/maxi-rohwurst-vom-schwein-justin-bridou\\\/\",\"url\":\"https:\\\/\\\/my-french-grocery.com\\\/de\\\/produkt\\\/maxi-rohwurst-vom-schwein-justin-bridou\\\/\",\"name\":\"Maxi Rohwurst Vom Schwein Justin Bridou | Online Kaufen | My French Grocery\",\"isPartOf\":{\"@id\":\"https:\\\/\\\/my-french-grocery.com\\\/de\\\/#website\"},\"primaryImageOfPage\":{\"@id\":\"https:\\\/\\\/my-french-grocery.com\\\/de\\\/produkt\\\/maxi-rohwurst-vom-schwein-justin-bridou\\\/#primaryimage\"},\"image\":{\"@id\":\"https:\\\/\\\/my-french-grocery.com\\\/de\\\/produkt\\\/maxi-rohwurst-vom-schwein-justin-bridou\\\/#primaryimage\"},\"thumbnailUrl\":\"https:\\\/\\\/my-french-grocery.com\\\/wp-content\\\/uploads\\\/2018\\\/05\\\/MAXI-SAUSAGE-BRIDOU.webp\",\"datePublished\":\"2018-05-04T12:23:00+00:00\",\"dateModified\":\"2024-08-26T16:15:57+00:00\",\"description\":\"Maxi Rohwurst Vom Schwein Justin Bridou - 350 g Beutel - Ein einzigartiges Produkt?\u00a0Im Maxi-Format!\",\"breadcrumb\":{\"@id\":\"https:\\\/\\\/my-french-grocery.com\\\/de\\\/produkt\\\/maxi-rohwurst-vom-schwein-justin-bridou\\\/#breadcrumb\"},\"inLanguage\":\"de-DE\",\"potentialAction\":[{\"@type\":\"ReadAction\",\"target\":[\"https:\\\/\\\/my-french-grocery.com\\\/de\\\/produkt\\\/maxi-rohwurst-vom-schwein-justin-bridou\\\/\"]}]},{\"@type\":\"ImageObject\",\"inLanguage\":\"de-DE\",\"@id\":\"https:\\\/\\\/my-french-grocery.com\\\/de\\\/produkt\\\/maxi-rohwurst-vom-schwein-justin-bridou\\\/#primaryimage\",\"url\":\"https:\\\/\\\/my-french-grocery.com\\\/wp-content\\\/uploads\\\/2018\\\/05\\\/MAXI-SAUSAGE-BRIDOU.webp\",\"contentUrl\":\"https:\\\/\\\/my-french-grocery.com\\\/wp-content\\\/uploads\\\/2018\\\/05\\\/MAXI-SAUSAGE-BRIDOU.webp\",\"width\":1500,\"height\":1500},{\"@type\":\"BreadcrumbList\",\"@id\":\"https:\\\/\\\/my-french-grocery.com\\\/de\\\/produkt\\\/maxi-rohwurst-vom-schwein-justin-bridou\\\/#breadcrumb\",\"itemListElement\":[{\"@type\":\"ListItem\",\"position\":1,\"name\":\"Home\",\"item\":\"https:\\\/\\\/my-french-grocery.com\\\/de\\\/shopping-seite\\\/\"},{\"@type\":\"ListItem\",\"position\":2,\"name\":\"Shop\",\"item\":\"https:\\\/\\\/my-french-grocery.com\\\/shop\\\/\"},{\"@type\":\"ListItem\",\"position\":3,\"name\":\"Foie Gras - Pastete - W\u00fcrstchen\",\"item\":\"https:\\\/\\\/my-french-grocery.com\\\/de\\\/produkt-kategorie\\\/foie-gras-pastete-wurstchen\\\/\"},{\"@type\":\"ListItem\",\"position\":4,\"name\":\"Maxi Rohwurst Vom Schwein Justin Bridou\"}]},{\"@type\":\"WebSite\",\"@id\":\"https:\\\/\\\/my-french-grocery.com\\\/de\\\/#website\",\"url\":\"https:\\\/\\\/my-french-grocery.com\\\/de\\\/\",\"name\":\"My French Grocery\",\"description\":\"Your Online French Grocery  !\",\"publisher\":{\"@id\":\"https:\\\/\\\/my-french-grocery.com\\\/de\\\/#organization\"},\"potentialAction\":[{\"@type\":\"SearchAction\",\"target\":{\"@type\":\"EntryPoint\",\"urlTemplate\":\"https:\\\/\\\/my-french-grocery.com\\\/de\\\/?s={search_term_string}\"},\"query-input\":{\"@type\":\"PropertyValueSpecification\",\"valueRequired\":true,\"valueName\":\"search_term_string\"}}],\"inLanguage\":\"de-DE\"},{\"@type\":\"Organization\",\"@id\":\"https:\\\/\\\/my-french-grocery.com\\\/de\\\/#organization\",\"name\":\"MY FRENCH GROCERY\",\"url\":\"https:\\\/\\\/my-french-grocery.com\\\/de\\\/\",\"logo\":{\"@type\":\"ImageObject\",\"inLanguage\":\"de-DE\",\"@id\":\"https:\\\/\\\/my-french-grocery.com\\\/de\\\/#\\\/schema\\\/logo\\\/image\\\/\",\"url\":\"https:\\\/\\\/my-french-grocery.com\\\/wp-content\\\/uploads\\\/2021\\\/11\\\/My-French-Grocery-Online-French-Grocery.png\",\"contentUrl\":\"https:\\\/\\\/my-french-grocery.com\\\/wp-content\\\/uploads\\\/2021\\\/11\\\/My-French-Grocery-Online-French-Grocery.png\",\"width\":100,\"height\":100,\"caption\":\"MY FRENCH GROCERY\"},\"image\":{\"@id\":\"https:\\\/\\\/my-french-grocery.com\\\/de\\\/#\\\/schema\\\/logo\\\/image\\\/\"},\"sameAs\":[\"https:\\\/\\\/www.facebook.com\\\/myfrenchgrocery\\\/\"]}]}<\/script>\n<!-- \/ Yoast SEO plugin. -->","yoast_head_json":{"title":"Maxi Rohwurst Vom Schwein Justin Bridou | Online Kaufen | My French Grocery","description":"Maxi Rohwurst Vom Schwein Justin Bridou - 350 g Beutel - Ein einzigartiges Produkt?\u00a0Im Maxi-Format!","robots":{"index":"index","follow":"follow","max-snippet":"max-snippet:-1","max-image-preview":"max-image-preview:large","max-video-preview":"max-video-preview:-1"},"canonical":"https:\/\/my-french-grocery.com\/de\/produkt\/maxi-rohwurst-vom-schwein-justin-bridou\/","og_locale":"de_DE","og_type":"article","og_title":"Maxi Rohwurst Vom Schwein Justin Bridou | Online Kaufen | My French Grocery","og_description":"Maxi Rohwurst Vom Schwein Justin Bridou - 350 g Beutel - Ein einzigartiges Produkt?\u00a0Im Maxi-Format!","og_url":"https:\/\/my-french-grocery.com\/de\/produkt\/maxi-rohwurst-vom-schwein-justin-bridou\/","og_site_name":"My French Grocery","article_publisher":"https:\/\/www.facebook.com\/myfrenchgrocery\/","article_modified_time":"2024-08-26T16:15:57+00:00","og_image":[{"width":1500,"height":1500,"url":"https:\/\/my-french-grocery.com\/wp-content\/uploads\/2018\/05\/MAXI-SAUSAGE-BRIDOU.webp","type":"image\/webp"}],"twitter_card":"summary_large_image","schema":{"@context":"https:\/\/schema.org","@graph":[{"@type":"WebPage","@id":"https:\/\/my-french-grocery.com\/de\/produkt\/maxi-rohwurst-vom-schwein-justin-bridou\/","url":"https:\/\/my-french-grocery.com\/de\/produkt\/maxi-rohwurst-vom-schwein-justin-bridou\/","name":"Maxi Rohwurst Vom Schwein Justin Bridou | Online Kaufen | My French Grocery","isPartOf":{"@id":"https:\/\/my-french-grocery.com\/de\/#website"},"primaryImageOfPage":{"@id":"https:\/\/my-french-grocery.com\/de\/produkt\/maxi-rohwurst-vom-schwein-justin-bridou\/#primaryimage"},"image":{"@id":"https:\/\/my-french-grocery.com\/de\/produkt\/maxi-rohwurst-vom-schwein-justin-bridou\/#primaryimage"},"thumbnailUrl":"https:\/\/my-french-grocery.com\/wp-content\/uploads\/2018\/05\/MAXI-SAUSAGE-BRIDOU.webp","datePublished":"2018-05-04T12:23:00+00:00","dateModified":"2024-08-26T16:15:57+00:00","description":"Maxi Rohwurst Vom Schwein Justin Bridou - 350 g Beutel - Ein einzigartiges Produkt?\u00a0Im Maxi-Format!","breadcrumb":{"@id":"https:\/\/my-french-grocery.com\/de\/produkt\/maxi-rohwurst-vom-schwein-justin-bridou\/#breadcrumb"},"inLanguage":"de-DE","potentialAction":[{"@type":"ReadAction","target":["https:\/\/my-french-grocery.com\/de\/produkt\/maxi-rohwurst-vom-schwein-justin-bridou\/"]}]},{"@type":"ImageObject","inLanguage":"de-DE","@id":"https:\/\/my-french-grocery.com\/de\/produkt\/maxi-rohwurst-vom-schwein-justin-bridou\/#primaryimage","url":"https:\/\/my-french-grocery.com\/wp-content\/uploads\/2018\/05\/MAXI-SAUSAGE-BRIDOU.webp","contentUrl":"https:\/\/my-french-grocery.com\/wp-content\/uploads\/2018\/05\/MAXI-SAUSAGE-BRIDOU.webp","width":1500,"height":1500},{"@type":"BreadcrumbList","@id":"https:\/\/my-french-grocery.com\/de\/produkt\/maxi-rohwurst-vom-schwein-justin-bridou\/#breadcrumb","itemListElement":[{"@type":"ListItem","position":1,"name":"Home","item":"https:\/\/my-french-grocery.com\/de\/shopping-seite\/"},{"@type":"ListItem","position":2,"name":"Shop","item":"https:\/\/my-french-grocery.com\/shop\/"},{"@type":"ListItem","position":3,"name":"Foie Gras - Pastete - W\u00fcrstchen","item":"https:\/\/my-french-grocery.com\/de\/produkt-kategorie\/foie-gras-pastete-wurstchen\/"},{"@type":"ListItem","position":4,"name":"Maxi Rohwurst Vom Schwein Justin Bridou"}]},{"@type":"WebSite","@id":"https:\/\/my-french-grocery.com\/de\/#website","url":"https:\/\/my-french-grocery.com\/de\/","name":"My French Grocery","description":"Your Online French Grocery  !","publisher":{"@id":"https:\/\/my-french-grocery.com\/de\/#organization"},"potentialAction":[{"@type":"SearchAction","target":{"@type":"EntryPoint","urlTemplate":"https:\/\/my-french-grocery.com\/de\/?s={search_term_string}"},"query-input":{"@type":"PropertyValueSpecification","valueRequired":true,"valueName":"search_term_string"}}],"inLanguage":"de-DE"},{"@type":"Organization","@id":"https:\/\/my-french-grocery.com\/de\/#organization","name":"MY FRENCH GROCERY","url":"https:\/\/my-french-grocery.com\/de\/","logo":{"@type":"ImageObject","inLanguage":"de-DE","@id":"https:\/\/my-french-grocery.com\/de\/#\/schema\/logo\/image\/","url":"https:\/\/my-french-grocery.com\/wp-content\/uploads\/2021\/11\/My-French-Grocery-Online-French-Grocery.png","contentUrl":"https:\/\/my-french-grocery.com\/wp-content\/uploads\/2021\/11\/My-French-Grocery-Online-French-Grocery.png","width":100,"height":100,"caption":"MY FRENCH GROCERY"},"image":{"@id":"https:\/\/my-french-grocery.com\/de\/#\/schema\/logo\/image\/"},"sameAs":["https:\/\/www.facebook.com\/myfrenchgrocery\/"]}]}},"brands":[{"id":2197,"name":"Justin Bridou","slug":"justin-bridou-de"}],"_links":{"self":[{"href":"https:\/\/my-french-grocery.com\/de\/wp-json\/wp\/v2\/product\/18000","targetHints":{"allow":["GET"]}}],"collection":[{"href":"https:\/\/my-french-grocery.com\/de\/wp-json\/wp\/v2\/product"}],"about":[{"href":"https:\/\/my-french-grocery.com\/de\/wp-json\/wp\/v2\/types\/product"}],"replies":[{"embeddable":true,"href":"https:\/\/my-french-grocery.com\/de\/wp-json\/wp\/v2\/comments?post=18000"}],"wp:featuredmedia":[{"embeddable":true,"href":"https:\/\/my-french-grocery.com\/de\/wp-json\/wp\/v2\/media\/41878"}],"wp:attachment":[{"href":"https:\/\/my-french-grocery.com\/de\/wp-json\/wp\/v2\/media?parent=18000"}],"wp:term":[{"taxonomy":"pwb-brand","embeddable":true,"href":"https:\/\/my-french-grocery.com\/de\/wp-json\/wp\/v2\/pwb-brand?post=18000"},{"taxonomy":"product_brand","embeddable":true,"href":"https:\/\/my-french-grocery.com\/de\/wp-json\/wp\/v2\/product_brand?post=18000"},{"taxonomy":"product_cat","embeddable":true,"href":"https:\/\/my-french-grocery.com\/de\/wp-json\/wp\/v2\/product_cat?post=18000"},{"taxonomy":"product_tag","embeddable":true,"href":"https:\/\/my-french-grocery.com\/de\/wp-json\/wp\/v2\/product_tag?post=18000"}],"curies":[{"name":"wp","href":"https:\/\/api.w.org\/{rel}","templated":true}]}}