{"id":18055,"date":"2018-05-08T14:06:14","date_gmt":"2018-05-08T12:06:14","guid":{"rendered":"https:\/\/my-french-grocery.com\/product\/schweinefleisch-rillettes-henaff-x3\/"},"modified":"2025-01-26T19:43:21","modified_gmt":"2025-01-26T17:43:21","slug":"schweinefleisch-rillettes-henaff-x3","status":"publish","type":"product","link":"https:\/\/my-french-grocery.com\/de\/produkt\/schweinefleisch-rillettes-henaff-x3\/","title":{"rendered":"Schweinefleisch Rillettes Henaff &#8211; X3"},"content":{"rendered":"<p id=\"tw-target-text\" class=\"tw-data-text tw-text-large XcVN5d tw-ta\" dir=\"ltr\" data-placeholder=\"Traduction\"><span class=\"Y2IQFc\" lang=\"de\">Schweinefleisch Rillettes Henaff \u2013 X3<\/span><\/p>\n<p dir=\"ltr\" data-placeholder=\"Traduction\">3 Schachteln \u2013 78 g<\/p>\n<p dir=\"ltr\" data-placeholder=\"Traduction\">H\u00e9naff ist ein franz\u00f6sisches Familienunternehmen, das 1907 von Jean H\u00e9naff gegr\u00fcndet wurde. Seit 1915 in der Bretagne ans\u00e4ssig, ist sein Flaggschiffprodukt P\u00e2t\u00e9 H\u00e9naff, wenn Jean eine Pastete entwickelt, die die edelsten Schweinefleischst\u00fccke (Schinken, Filets und Braten) verwendet.<\/p>\n","protected":false},"excerpt":{"rendered":"<p id=\"tw-target-text\" class=\"tw-data-text tw-text-large XcVN5d tw-ta\" dir=\"ltr\" data-placeholder=\"Traduction\"><span class=\"Y2IQFc\" lang=\"de\">Schweinefleisch Rillettes Henaff &#8211; X3<\/span><\/p>\n<p dir=\"ltr\" data-placeholder=\"Traduction\">3 Schachteln &#8211; 78 g<\/p>\n","protected":false},"featured_media":18056,"comment_status":"open","ping_status":"closed","template":"","meta":[],"pwb-brand":[2204],"product_brand":[],"product_cat":[2194,2203],"product_tag":[],"class_list":{"0":"post-18055","1":"product","2":"type-product","3":"status-publish","4":"has-post-thumbnail","6":"pwb-brand-henaff-de","7":"product_cat-foie-gras-pastete-wurstchen","8":"product_cat-pasteten-und-terrinen","9":"product_shipping_class-internationaler-versand","11":"first","12":"instock","13":"taxable","14":"shipping-taxable","15":"purchasable","16":"product-type-simple"},"brands":[{"id":2204,"name":"Henaff","slug":"henaff-de"}],"_links":{"self":[{"href":"https:\/\/my-french-grocery.com\/de\/wp-json\/wp\/v2\/product\/18055","targetHints":{"allow":["GET"]}}],"collection":[{"href":"https:\/\/my-french-grocery.com\/de\/wp-json\/wp\/v2\/product"}],"about":[{"href":"https:\/\/my-french-grocery.com\/de\/wp-json\/wp\/v2\/types\/product"}],"replies":[{"embeddable":true,"href":"https:\/\/my-french-grocery.com\/de\/wp-json\/wp\/v2\/comments?post=18055"}],"wp:featuredmedia":[{"embeddable":true,"href":"https:\/\/my-french-grocery.com\/de\/wp-json\/wp\/v2\/media\/18056"}],"wp:attachment":[{"href":"https:\/\/my-french-grocery.com\/de\/wp-json\/wp\/v2\/media?parent=18055"}],"wp:term":[{"taxonomy":"pwb-brand","embeddable":true,"href":"https:\/\/my-french-grocery.com\/de\/wp-json\/wp\/v2\/pwb-brand?post=18055"},{"taxonomy":"product_brand","embeddable":true,"href":"https:\/\/my-french-grocery.com\/de\/wp-json\/wp\/v2\/product_brand?post=18055"},{"taxonomy":"product_cat","embeddable":true,"href":"https:\/\/my-french-grocery.com\/de\/wp-json\/wp\/v2\/product_cat?post=18055"},{"taxonomy":"product_tag","embeddable":true,"href":"https:\/\/my-french-grocery.com\/de\/wp-json\/wp\/v2\/product_tag?post=18055"}],"curies":[{"name":"wp","href":"https:\/\/api.w.org\/{rel}","templated":true}]}}