{"id":18058,"date":"2018-05-08T14:27:24","date_gmt":"2018-05-08T12:27:24","guid":{"rendered":"https:\/\/my-french-grocery.com\/product\/landpastete-henaff-x3\/"},"modified":"2018-05-08T14:27:24","modified_gmt":"2018-05-08T12:27:24","slug":"landpastete-henaff-x3","status":"publish","type":"product","link":"https:\/\/my-french-grocery.com\/de\/produkt\/landpastete-henaff-x3\/","title":{"rendered":"Landpastete H\u00e9naff &#8211; X3"},"content":{"rendered":"<p>Landpastete H\u00e9naff &#8211; X3<\/p>\n<p>3 Schachteln &#8211; 78 g<\/p>\n<p>H\u00e9naff ist ein franz\u00f6sisches Familienunternehmen, das 1907 von Jean H\u00e9naff gegr\u00fcndet wurde. Seit 1915 in der Bretagne ans\u00e4ssig, ist sein Flaggschiffprodukt P\u00e2t\u00e9 H\u00e9naff, wenn Jean eine Pastete entwickelt, die die edelsten Schweinefleischst\u00fccke (Schinken, Filets und Braten) verwendet.<\/p>\n","protected":false},"excerpt":{"rendered":"<p>Landpastete H\u00e9naff &#8211; X3<\/p>\n<p>3 Schachteln &#8211; 78 g<\/p>\n","protected":false},"featured_media":18059,"comment_status":"open","ping_status":"closed","template":"","meta":[],"pwb-brand":[2204],"product_brand":[],"product_cat":[2194,2203],"product_tag":[],"class_list":{"0":"post-18058","1":"product","2":"type-product","3":"status-publish","4":"has-post-thumbnail","6":"pwb-brand-henaff-de","7":"product_cat-foie-gras-pastete-wurstchen","8":"product_cat-pasteten-und-terrinen","9":"product_shipping_class-internationaler-versand","11":"first","12":"instock","13":"taxable","14":"shipping-taxable","15":"purchasable","16":"product-type-simple"},"yoast_head":"<!-- This site is optimized with the Yoast SEO plugin v27.4 - https:\/\/yoast.com\/product\/yoast-seo-wordpress\/ -->\n<title>Landpastete H\u00e9naff - X3 | Online Kaufen | My French Grocery<\/title>\n<meta name=\"description\" content=\"Landpastete H\u00e9naff - X3 - 3 Schachteln - 78 g - H\u00e9naff ist ein franz\u00f6sisches Familienunternehmen, das 1907 von Jean H\u00e9naff gegr\u00fcndet wurde.\" \/>\n<meta name=\"robots\" content=\"index, follow, max-snippet:-1, max-image-preview:large, max-video-preview:-1\" \/>\n<link rel=\"canonical\" href=\"https:\/\/my-french-grocery.com\/de\/produkt\/landpastete-henaff-x3\/\" \/>\n<meta property=\"og:locale\" content=\"de_DE\" \/>\n<meta property=\"og:type\" content=\"article\" \/>\n<meta property=\"og:title\" content=\"Landpastete H\u00e9naff - X3 | Online Kaufen | My French Grocery\" \/>\n<meta property=\"og:description\" content=\"Landpastete H\u00e9naff - X3 - 3 Schachteln - 78 g - H\u00e9naff ist ein franz\u00f6sisches Familienunternehmen, das 1907 von Jean H\u00e9naff gegr\u00fcndet wurde.\" \/>\n<meta property=\"og:url\" content=\"https:\/\/my-french-grocery.com\/de\/produkt\/landpastete-henaff-x3\/\" \/>\n<meta property=\"og:site_name\" content=\"My French Grocery\" \/>\n<meta property=\"article:publisher\" content=\"https:\/\/www.facebook.com\/myfrenchgrocery\/\" \/>\n<meta property=\"og:image\" content=\"https:\/\/my-french-grocery.com\/wp-content\/uploads\/2018\/05\/pat\u00e9-campagne.jpg\" \/>\n\t<meta property=\"og:image:width\" content=\"1500\" \/>\n\t<meta property=\"og:image:height\" content=\"1500\" \/>\n\t<meta property=\"og:image:type\" content=\"image\/jpeg\" \/>\n<meta name=\"twitter:card\" content=\"summary_large_image\" \/>\n<script type=\"application\/ld+json\" class=\"yoast-schema-graph\">{\"@context\":\"https:\\\/\\\/schema.org\",\"@graph\":[{\"@type\":\"WebPage\",\"@id\":\"https:\\\/\\\/my-french-grocery.com\\\/de\\\/produkt\\\/landpastete-henaff-x3\\\/\",\"url\":\"https:\\\/\\\/my-french-grocery.com\\\/de\\\/produkt\\\/landpastete-henaff-x3\\\/\",\"name\":\"Landpastete H\u00e9naff - X3 | Online Kaufen | My French Grocery\",\"isPartOf\":{\"@id\":\"https:\\\/\\\/my-french-grocery.com\\\/de\\\/#website\"},\"primaryImageOfPage\":{\"@id\":\"https:\\\/\\\/my-french-grocery.com\\\/de\\\/produkt\\\/landpastete-henaff-x3\\\/#primaryimage\"},\"image\":{\"@id\":\"https:\\\/\\\/my-french-grocery.com\\\/de\\\/produkt\\\/landpastete-henaff-x3\\\/#primaryimage\"},\"thumbnailUrl\":\"https:\\\/\\\/my-french-grocery.com\\\/wp-content\\\/uploads\\\/2018\\\/05\\\/pat\u00e9-campagne.jpg\",\"datePublished\":\"2018-05-08T12:27:24+00:00\",\"description\":\"Landpastete H\u00e9naff - X3 - 3 Schachteln - 78 g - H\u00e9naff ist ein franz\u00f6sisches Familienunternehmen, das 1907 von Jean H\u00e9naff gegr\u00fcndet wurde.\",\"breadcrumb\":{\"@id\":\"https:\\\/\\\/my-french-grocery.com\\\/de\\\/produkt\\\/landpastete-henaff-x3\\\/#breadcrumb\"},\"inLanguage\":\"de-DE\",\"potentialAction\":[{\"@type\":\"ReadAction\",\"target\":[\"https:\\\/\\\/my-french-grocery.com\\\/de\\\/produkt\\\/landpastete-henaff-x3\\\/\"]}]},{\"@type\":\"ImageObject\",\"inLanguage\":\"de-DE\",\"@id\":\"https:\\\/\\\/my-french-grocery.com\\\/de\\\/produkt\\\/landpastete-henaff-x3\\\/#primaryimage\",\"url\":\"https:\\\/\\\/my-french-grocery.com\\\/wp-content\\\/uploads\\\/2018\\\/05\\\/pat\u00e9-campagne.jpg\",\"contentUrl\":\"https:\\\/\\\/my-french-grocery.com\\\/wp-content\\\/uploads\\\/2018\\\/05\\\/pat\u00e9-campagne.jpg\",\"width\":1500,\"height\":1500,\"caption\":\"Landpastete H\u00e9naff - X3\"},{\"@type\":\"BreadcrumbList\",\"@id\":\"https:\\\/\\\/my-french-grocery.com\\\/de\\\/produkt\\\/landpastete-henaff-x3\\\/#breadcrumb\",\"itemListElement\":[{\"@type\":\"ListItem\",\"position\":1,\"name\":\"Home\",\"item\":\"https:\\\/\\\/my-french-grocery.com\\\/de\\\/shopping-seite\\\/\"},{\"@type\":\"ListItem\",\"position\":2,\"name\":\"Shop\",\"item\":\"https:\\\/\\\/my-french-grocery.com\\\/shop\\\/\"},{\"@type\":\"ListItem\",\"position\":3,\"name\":\"Foie Gras - Pastete - W\u00fcrstchen\",\"item\":\"https:\\\/\\\/my-french-grocery.com\\\/de\\\/produkt-kategorie\\\/foie-gras-pastete-wurstchen\\\/\"},{\"@type\":\"ListItem\",\"position\":4,\"name\":\"Landpastete H\u00e9naff &#8211; X3\"}]},{\"@type\":\"WebSite\",\"@id\":\"https:\\\/\\\/my-french-grocery.com\\\/de\\\/#website\",\"url\":\"https:\\\/\\\/my-french-grocery.com\\\/de\\\/\",\"name\":\"My French Grocery\",\"description\":\"Your Online French Grocery  !\",\"publisher\":{\"@id\":\"https:\\\/\\\/my-french-grocery.com\\\/de\\\/#organization\"},\"potentialAction\":[{\"@type\":\"SearchAction\",\"target\":{\"@type\":\"EntryPoint\",\"urlTemplate\":\"https:\\\/\\\/my-french-grocery.com\\\/de\\\/?s={search_term_string}\"},\"query-input\":{\"@type\":\"PropertyValueSpecification\",\"valueRequired\":true,\"valueName\":\"search_term_string\"}}],\"inLanguage\":\"de-DE\"},{\"@type\":\"Organization\",\"@id\":\"https:\\\/\\\/my-french-grocery.com\\\/de\\\/#organization\",\"name\":\"MY FRENCH GROCERY\",\"url\":\"https:\\\/\\\/my-french-grocery.com\\\/de\\\/\",\"logo\":{\"@type\":\"ImageObject\",\"inLanguage\":\"de-DE\",\"@id\":\"https:\\\/\\\/my-french-grocery.com\\\/de\\\/#\\\/schema\\\/logo\\\/image\\\/\",\"url\":\"https:\\\/\\\/my-french-grocery.com\\\/wp-content\\\/uploads\\\/2021\\\/11\\\/My-French-Grocery-Online-French-Grocery.png\",\"contentUrl\":\"https:\\\/\\\/my-french-grocery.com\\\/wp-content\\\/uploads\\\/2021\\\/11\\\/My-French-Grocery-Online-French-Grocery.png\",\"width\":100,\"height\":100,\"caption\":\"MY FRENCH GROCERY\"},\"image\":{\"@id\":\"https:\\\/\\\/my-french-grocery.com\\\/de\\\/#\\\/schema\\\/logo\\\/image\\\/\"},\"sameAs\":[\"https:\\\/\\\/www.facebook.com\\\/myfrenchgrocery\\\/\"]}]}<\/script>\n<!-- \/ Yoast SEO plugin. -->","yoast_head_json":{"title":"Landpastete H\u00e9naff - X3 | Online Kaufen | My French Grocery","description":"Landpastete H\u00e9naff - X3 - 3 Schachteln - 78 g - H\u00e9naff ist ein franz\u00f6sisches Familienunternehmen, das 1907 von Jean H\u00e9naff gegr\u00fcndet wurde.","robots":{"index":"index","follow":"follow","max-snippet":"max-snippet:-1","max-image-preview":"max-image-preview:large","max-video-preview":"max-video-preview:-1"},"canonical":"https:\/\/my-french-grocery.com\/de\/produkt\/landpastete-henaff-x3\/","og_locale":"de_DE","og_type":"article","og_title":"Landpastete H\u00e9naff - X3 | Online Kaufen | My French Grocery","og_description":"Landpastete H\u00e9naff - X3 - 3 Schachteln - 78 g - H\u00e9naff ist ein franz\u00f6sisches Familienunternehmen, das 1907 von Jean H\u00e9naff gegr\u00fcndet wurde.","og_url":"https:\/\/my-french-grocery.com\/de\/produkt\/landpastete-henaff-x3\/","og_site_name":"My French Grocery","article_publisher":"https:\/\/www.facebook.com\/myfrenchgrocery\/","og_image":[{"width":1500,"height":1500,"url":"https:\/\/my-french-grocery.com\/wp-content\/uploads\/2018\/05\/pat\u00e9-campagne.jpg","type":"image\/jpeg"}],"twitter_card":"summary_large_image","schema":{"@context":"https:\/\/schema.org","@graph":[{"@type":"WebPage","@id":"https:\/\/my-french-grocery.com\/de\/produkt\/landpastete-henaff-x3\/","url":"https:\/\/my-french-grocery.com\/de\/produkt\/landpastete-henaff-x3\/","name":"Landpastete H\u00e9naff - X3 | Online Kaufen | My French Grocery","isPartOf":{"@id":"https:\/\/my-french-grocery.com\/de\/#website"},"primaryImageOfPage":{"@id":"https:\/\/my-french-grocery.com\/de\/produkt\/landpastete-henaff-x3\/#primaryimage"},"image":{"@id":"https:\/\/my-french-grocery.com\/de\/produkt\/landpastete-henaff-x3\/#primaryimage"},"thumbnailUrl":"https:\/\/my-french-grocery.com\/wp-content\/uploads\/2018\/05\/pat\u00e9-campagne.jpg","datePublished":"2018-05-08T12:27:24+00:00","description":"Landpastete H\u00e9naff - X3 - 3 Schachteln - 78 g - H\u00e9naff ist ein franz\u00f6sisches Familienunternehmen, das 1907 von Jean H\u00e9naff gegr\u00fcndet wurde.","breadcrumb":{"@id":"https:\/\/my-french-grocery.com\/de\/produkt\/landpastete-henaff-x3\/#breadcrumb"},"inLanguage":"de-DE","potentialAction":[{"@type":"ReadAction","target":["https:\/\/my-french-grocery.com\/de\/produkt\/landpastete-henaff-x3\/"]}]},{"@type":"ImageObject","inLanguage":"de-DE","@id":"https:\/\/my-french-grocery.com\/de\/produkt\/landpastete-henaff-x3\/#primaryimage","url":"https:\/\/my-french-grocery.com\/wp-content\/uploads\/2018\/05\/pat\u00e9-campagne.jpg","contentUrl":"https:\/\/my-french-grocery.com\/wp-content\/uploads\/2018\/05\/pat\u00e9-campagne.jpg","width":1500,"height":1500,"caption":"Landpastete H\u00e9naff - X3"},{"@type":"BreadcrumbList","@id":"https:\/\/my-french-grocery.com\/de\/produkt\/landpastete-henaff-x3\/#breadcrumb","itemListElement":[{"@type":"ListItem","position":1,"name":"Home","item":"https:\/\/my-french-grocery.com\/de\/shopping-seite\/"},{"@type":"ListItem","position":2,"name":"Shop","item":"https:\/\/my-french-grocery.com\/shop\/"},{"@type":"ListItem","position":3,"name":"Foie Gras - Pastete - W\u00fcrstchen","item":"https:\/\/my-french-grocery.com\/de\/produkt-kategorie\/foie-gras-pastete-wurstchen\/"},{"@type":"ListItem","position":4,"name":"Landpastete H\u00e9naff &#8211; X3"}]},{"@type":"WebSite","@id":"https:\/\/my-french-grocery.com\/de\/#website","url":"https:\/\/my-french-grocery.com\/de\/","name":"My French Grocery","description":"Your Online French Grocery  !","publisher":{"@id":"https:\/\/my-french-grocery.com\/de\/#organization"},"potentialAction":[{"@type":"SearchAction","target":{"@type":"EntryPoint","urlTemplate":"https:\/\/my-french-grocery.com\/de\/?s={search_term_string}"},"query-input":{"@type":"PropertyValueSpecification","valueRequired":true,"valueName":"search_term_string"}}],"inLanguage":"de-DE"},{"@type":"Organization","@id":"https:\/\/my-french-grocery.com\/de\/#organization","name":"MY FRENCH GROCERY","url":"https:\/\/my-french-grocery.com\/de\/","logo":{"@type":"ImageObject","inLanguage":"de-DE","@id":"https:\/\/my-french-grocery.com\/de\/#\/schema\/logo\/image\/","url":"https:\/\/my-french-grocery.com\/wp-content\/uploads\/2021\/11\/My-French-Grocery-Online-French-Grocery.png","contentUrl":"https:\/\/my-french-grocery.com\/wp-content\/uploads\/2021\/11\/My-French-Grocery-Online-French-Grocery.png","width":100,"height":100,"caption":"MY FRENCH GROCERY"},"image":{"@id":"https:\/\/my-french-grocery.com\/de\/#\/schema\/logo\/image\/"},"sameAs":["https:\/\/www.facebook.com\/myfrenchgrocery\/"]}]}},"brands":[{"id":2204,"name":"Henaff","slug":"henaff-de"}],"_links":{"self":[{"href":"https:\/\/my-french-grocery.com\/de\/wp-json\/wp\/v2\/product\/18058","targetHints":{"allow":["GET"]}}],"collection":[{"href":"https:\/\/my-french-grocery.com\/de\/wp-json\/wp\/v2\/product"}],"about":[{"href":"https:\/\/my-french-grocery.com\/de\/wp-json\/wp\/v2\/types\/product"}],"replies":[{"embeddable":true,"href":"https:\/\/my-french-grocery.com\/de\/wp-json\/wp\/v2\/comments?post=18058"}],"wp:featuredmedia":[{"embeddable":true,"href":"https:\/\/my-french-grocery.com\/de\/wp-json\/wp\/v2\/media\/18059"}],"wp:attachment":[{"href":"https:\/\/my-french-grocery.com\/de\/wp-json\/wp\/v2\/media?parent=18058"}],"wp:term":[{"taxonomy":"pwb-brand","embeddable":true,"href":"https:\/\/my-french-grocery.com\/de\/wp-json\/wp\/v2\/pwb-brand?post=18058"},{"taxonomy":"product_brand","embeddable":true,"href":"https:\/\/my-french-grocery.com\/de\/wp-json\/wp\/v2\/product_brand?post=18058"},{"taxonomy":"product_cat","embeddable":true,"href":"https:\/\/my-french-grocery.com\/de\/wp-json\/wp\/v2\/product_cat?post=18058"},{"taxonomy":"product_tag","embeddable":true,"href":"https:\/\/my-french-grocery.com\/de\/wp-json\/wp\/v2\/product_tag?post=18058"}],"curies":[{"name":"wp","href":"https:\/\/api.w.org\/{rel}","templated":true}]}}