{"id":18062,"date":"2018-05-08T15:34:05","date_gmt":"2018-05-08T13:34:05","guid":{"rendered":"https:\/\/my-french-grocery.com\/product\/terrinen-x-3-landterrine-geflugelleberterrine-schweineterrine\/"},"modified":"2025-12-03T02:03:30","modified_gmt":"2025-12-03T00:03:30","slug":"terrinen-x-3-landterrine-geflugelleberterrine-schweineterrine","status":"publish","type":"product","link":"https:\/\/my-french-grocery.com\/de\/produkt\/terrinen-x-3-landterrine-geflugelleberterrine-schweineterrine\/","title":{"rendered":"Terrinen Arnaud X 3 &#8211; Landterrine \/ Gefl\u00fcgelleberterrine \/ Schweineterrine"},"content":{"rendered":"<p>Terrinen Arnaud X 3 &#8211; Landterrine \/ Gefl\u00fcgelleberterrine \/ Schweineterrine<\/p>\n<p>3 Gl\u00e4ser mit 180 g<\/p>\n<p>Terrinen Arnaud X 3 &#8211; Landterrine \/ Gefl\u00fcgelleberterrine mit Cognac\u00a0 \/ Schweineterrine mit Cognac<\/p>\n<p>Das Unternehmen Arnaud mit Sitz in Aixe-sur Vienne, im Herzen der Region Limousin, im S\u00fcdwesten Frankreichs, f\u00fchrt seit seiner Gr\u00fcndung im Jahr 1950 durch die Familie Arnaud die franz\u00f6sische Charcuti\u00e8re-Tradition der Pasteten und Rillettes fort.<\/p>\n","protected":false},"excerpt":{"rendered":"<p>Terrinen Arnaud X 3 &#8211; Landterrine \/ Gefl\u00fcgelleberterrine \/ Schweineterrine<\/p>\n<p>3 Gl\u00e4ser mit 180 g<\/p>\n","protected":false},"featured_media":18063,"comment_status":"open","ping_status":"closed","template":"","meta":[],"pwb-brand":[],"product_brand":[],"product_cat":[2194,2203],"product_tag":[],"class_list":{"0":"post-18062","1":"product","2":"type-product","3":"status-publish","4":"has-post-thumbnail","6":"product_cat-foie-gras-pastete-wurstchen","7":"product_cat-pasteten-und-terrinen","8":"product_shipping_class-internationaler-versand","10":"first","11":"outofstock","12":"taxable","13":"shipping-taxable","14":"purchasable","15":"product-type-simple"},"yoast_head":"<!-- This site is optimized with the Yoast SEO plugin v27.4 - https:\/\/yoast.com\/product\/yoast-seo-wordpress\/ -->\n<title>Terrinen Arnaud X 3 - Landterrine \/ Gefl\u00fcgelleberterrine \/ Schweineterrine | Online Kaufen | My French Grocery<\/title>\n<meta name=\"description\" content=\"Terrinen Arnaud X 3 - Landterrine \/ Gefl\u00fcgelleberterrine \/ Schweineterrine 3 Gl\u00e4ser mit 180 g Terrinen Arnaud X 3 - Landterrine \/ Gefl\u00fcgelleberterrine mit Cognac\u00a0 \/ Schweineterrine mit Cognac\" \/>\n<meta name=\"robots\" content=\"index, follow, max-snippet:-1, max-image-preview:large, max-video-preview:-1\" \/>\n<link rel=\"canonical\" href=\"https:\/\/my-french-grocery.com\/de\/produkt\/terrinen-x-3-landterrine-geflugelleberterrine-schweineterrine\/\" \/>\n<meta property=\"og:locale\" content=\"de_DE\" \/>\n<meta property=\"og:type\" content=\"article\" \/>\n<meta property=\"og:title\" content=\"Terrinen Arnaud X 3 - Landterrine \/ Gefl\u00fcgelleberterrine \/ Schweineterrine | Online Kaufen | My French Grocery\" \/>\n<meta property=\"og:description\" content=\"Terrinen Arnaud X 3 - Landterrine \/ Gefl\u00fcgelleberterrine \/ Schweineterrine 3 Gl\u00e4ser mit 180 g Terrinen Arnaud X 3 - Landterrine \/ Gefl\u00fcgelleberterrine mit Cognac\u00a0 \/ Schweineterrine mit Cognac\" \/>\n<meta property=\"og:url\" content=\"https:\/\/my-french-grocery.com\/de\/produkt\/terrinen-x-3-landterrine-geflugelleberterrine-schweineterrine\/\" \/>\n<meta property=\"og:site_name\" content=\"My French Grocery\" \/>\n<meta property=\"article:publisher\" content=\"https:\/\/www.facebook.com\/myfrenchgrocery\/\" \/>\n<meta property=\"article:modified_time\" content=\"2025-12-03T00:03:30+00:00\" \/>\n<meta property=\"og:image\" content=\"https:\/\/my-french-grocery.com\/wp-content\/uploads\/2018\/05\/ARNAUD-3-TERRINES.jpg\" \/>\n\t<meta property=\"og:image:width\" content=\"1500\" \/>\n\t<meta property=\"og:image:height\" content=\"1500\" \/>\n\t<meta property=\"og:image:type\" content=\"image\/jpeg\" \/>\n<meta name=\"twitter:card\" content=\"summary_large_image\" \/>\n<script type=\"application\/ld+json\" class=\"yoast-schema-graph\">{\"@context\":\"https:\\\/\\\/schema.org\",\"@graph\":[{\"@type\":\"WebPage\",\"@id\":\"https:\\\/\\\/my-french-grocery.com\\\/de\\\/produkt\\\/terrinen-x-3-landterrine-geflugelleberterrine-schweineterrine\\\/\",\"url\":\"https:\\\/\\\/my-french-grocery.com\\\/de\\\/produkt\\\/terrinen-x-3-landterrine-geflugelleberterrine-schweineterrine\\\/\",\"name\":\"Terrinen Arnaud X 3 - Landterrine \\\/ Gefl\u00fcgelleberterrine \\\/ Schweineterrine | Online Kaufen | My French Grocery\",\"isPartOf\":{\"@id\":\"https:\\\/\\\/my-french-grocery.com\\\/de\\\/#website\"},\"primaryImageOfPage\":{\"@id\":\"https:\\\/\\\/my-french-grocery.com\\\/de\\\/produkt\\\/terrinen-x-3-landterrine-geflugelleberterrine-schweineterrine\\\/#primaryimage\"},\"image\":{\"@id\":\"https:\\\/\\\/my-french-grocery.com\\\/de\\\/produkt\\\/terrinen-x-3-landterrine-geflugelleberterrine-schweineterrine\\\/#primaryimage\"},\"thumbnailUrl\":\"https:\\\/\\\/my-french-grocery.com\\\/wp-content\\\/uploads\\\/2018\\\/05\\\/ARNAUD-3-TERRINES.jpg\",\"datePublished\":\"2018-05-08T13:34:05+00:00\",\"dateModified\":\"2025-12-03T00:03:30+00:00\",\"description\":\"Terrinen Arnaud X 3 - Landterrine \\\/ Gefl\u00fcgelleberterrine \\\/ Schweineterrine 3 Gl\u00e4ser mit 180 g Terrinen Arnaud X 3 - Landterrine \\\/ Gefl\u00fcgelleberterrine mit Cognac\u00a0 \\\/ Schweineterrine mit Cognac\",\"breadcrumb\":{\"@id\":\"https:\\\/\\\/my-french-grocery.com\\\/de\\\/produkt\\\/terrinen-x-3-landterrine-geflugelleberterrine-schweineterrine\\\/#breadcrumb\"},\"inLanguage\":\"de-DE\",\"potentialAction\":[{\"@type\":\"ReadAction\",\"target\":[\"https:\\\/\\\/my-french-grocery.com\\\/de\\\/produkt\\\/terrinen-x-3-landterrine-geflugelleberterrine-schweineterrine\\\/\"]}]},{\"@type\":\"ImageObject\",\"inLanguage\":\"de-DE\",\"@id\":\"https:\\\/\\\/my-french-grocery.com\\\/de\\\/produkt\\\/terrinen-x-3-landterrine-geflugelleberterrine-schweineterrine\\\/#primaryimage\",\"url\":\"https:\\\/\\\/my-french-grocery.com\\\/wp-content\\\/uploads\\\/2018\\\/05\\\/ARNAUD-3-TERRINES.jpg\",\"contentUrl\":\"https:\\\/\\\/my-french-grocery.com\\\/wp-content\\\/uploads\\\/2018\\\/05\\\/ARNAUD-3-TERRINES.jpg\",\"width\":1500,\"height\":1500,\"caption\":\"Terrinen Arnaud X 3 - Landterrine \\\/ Gefl\u00fcgelleberterrine \\\/ Schweineterrine\"},{\"@type\":\"BreadcrumbList\",\"@id\":\"https:\\\/\\\/my-french-grocery.com\\\/de\\\/produkt\\\/terrinen-x-3-landterrine-geflugelleberterrine-schweineterrine\\\/#breadcrumb\",\"itemListElement\":[{\"@type\":\"ListItem\",\"position\":1,\"name\":\"Home\",\"item\":\"https:\\\/\\\/my-french-grocery.com\\\/de\\\/shopping-seite\\\/\"},{\"@type\":\"ListItem\",\"position\":2,\"name\":\"Shop\",\"item\":\"https:\\\/\\\/my-french-grocery.com\\\/shop\\\/\"},{\"@type\":\"ListItem\",\"position\":3,\"name\":\"Foie Gras - Pastete - W\u00fcrstchen\",\"item\":\"https:\\\/\\\/my-french-grocery.com\\\/de\\\/produkt-kategorie\\\/foie-gras-pastete-wurstchen\\\/\"},{\"@type\":\"ListItem\",\"position\":4,\"name\":\"Terrinen Arnaud X 3 &#8211; Landterrine \\\/ Gefl\u00fcgelleberterrine \\\/ Schweineterrine\"}]},{\"@type\":\"WebSite\",\"@id\":\"https:\\\/\\\/my-french-grocery.com\\\/de\\\/#website\",\"url\":\"https:\\\/\\\/my-french-grocery.com\\\/de\\\/\",\"name\":\"My French Grocery\",\"description\":\"Your Online French Grocery  !\",\"publisher\":{\"@id\":\"https:\\\/\\\/my-french-grocery.com\\\/de\\\/#organization\"},\"potentialAction\":[{\"@type\":\"SearchAction\",\"target\":{\"@type\":\"EntryPoint\",\"urlTemplate\":\"https:\\\/\\\/my-french-grocery.com\\\/de\\\/?s={search_term_string}\"},\"query-input\":{\"@type\":\"PropertyValueSpecification\",\"valueRequired\":true,\"valueName\":\"search_term_string\"}}],\"inLanguage\":\"de-DE\"},{\"@type\":\"Organization\",\"@id\":\"https:\\\/\\\/my-french-grocery.com\\\/de\\\/#organization\",\"name\":\"MY FRENCH GROCERY\",\"url\":\"https:\\\/\\\/my-french-grocery.com\\\/de\\\/\",\"logo\":{\"@type\":\"ImageObject\",\"inLanguage\":\"de-DE\",\"@id\":\"https:\\\/\\\/my-french-grocery.com\\\/de\\\/#\\\/schema\\\/logo\\\/image\\\/\",\"url\":\"https:\\\/\\\/my-french-grocery.com\\\/wp-content\\\/uploads\\\/2021\\\/11\\\/My-French-Grocery-Online-French-Grocery.png\",\"contentUrl\":\"https:\\\/\\\/my-french-grocery.com\\\/wp-content\\\/uploads\\\/2021\\\/11\\\/My-French-Grocery-Online-French-Grocery.png\",\"width\":100,\"height\":100,\"caption\":\"MY FRENCH GROCERY\"},\"image\":{\"@id\":\"https:\\\/\\\/my-french-grocery.com\\\/de\\\/#\\\/schema\\\/logo\\\/image\\\/\"},\"sameAs\":[\"https:\\\/\\\/www.facebook.com\\\/myfrenchgrocery\\\/\"]}]}<\/script>\n<!-- \/ Yoast SEO plugin. -->","yoast_head_json":{"title":"Terrinen Arnaud X 3 - Landterrine \/ Gefl\u00fcgelleberterrine \/ Schweineterrine | Online Kaufen | My French Grocery","description":"Terrinen Arnaud X 3 - Landterrine \/ Gefl\u00fcgelleberterrine \/ Schweineterrine 3 Gl\u00e4ser mit 180 g Terrinen Arnaud X 3 - Landterrine \/ Gefl\u00fcgelleberterrine mit Cognac\u00a0 \/ Schweineterrine mit Cognac","robots":{"index":"index","follow":"follow","max-snippet":"max-snippet:-1","max-image-preview":"max-image-preview:large","max-video-preview":"max-video-preview:-1"},"canonical":"https:\/\/my-french-grocery.com\/de\/produkt\/terrinen-x-3-landterrine-geflugelleberterrine-schweineterrine\/","og_locale":"de_DE","og_type":"article","og_title":"Terrinen Arnaud X 3 - Landterrine \/ Gefl\u00fcgelleberterrine \/ Schweineterrine | Online Kaufen | My French Grocery","og_description":"Terrinen Arnaud X 3 - Landterrine \/ Gefl\u00fcgelleberterrine \/ Schweineterrine 3 Gl\u00e4ser mit 180 g Terrinen Arnaud X 3 - Landterrine \/ Gefl\u00fcgelleberterrine mit Cognac\u00a0 \/ Schweineterrine mit Cognac","og_url":"https:\/\/my-french-grocery.com\/de\/produkt\/terrinen-x-3-landterrine-geflugelleberterrine-schweineterrine\/","og_site_name":"My French Grocery","article_publisher":"https:\/\/www.facebook.com\/myfrenchgrocery\/","article_modified_time":"2025-12-03T00:03:30+00:00","og_image":[{"width":1500,"height":1500,"url":"https:\/\/my-french-grocery.com\/wp-content\/uploads\/2018\/05\/ARNAUD-3-TERRINES.jpg","type":"image\/jpeg"}],"twitter_card":"summary_large_image","schema":{"@context":"https:\/\/schema.org","@graph":[{"@type":"WebPage","@id":"https:\/\/my-french-grocery.com\/de\/produkt\/terrinen-x-3-landterrine-geflugelleberterrine-schweineterrine\/","url":"https:\/\/my-french-grocery.com\/de\/produkt\/terrinen-x-3-landterrine-geflugelleberterrine-schweineterrine\/","name":"Terrinen Arnaud X 3 - Landterrine \/ Gefl\u00fcgelleberterrine \/ Schweineterrine | Online Kaufen | My French Grocery","isPartOf":{"@id":"https:\/\/my-french-grocery.com\/de\/#website"},"primaryImageOfPage":{"@id":"https:\/\/my-french-grocery.com\/de\/produkt\/terrinen-x-3-landterrine-geflugelleberterrine-schweineterrine\/#primaryimage"},"image":{"@id":"https:\/\/my-french-grocery.com\/de\/produkt\/terrinen-x-3-landterrine-geflugelleberterrine-schweineterrine\/#primaryimage"},"thumbnailUrl":"https:\/\/my-french-grocery.com\/wp-content\/uploads\/2018\/05\/ARNAUD-3-TERRINES.jpg","datePublished":"2018-05-08T13:34:05+00:00","dateModified":"2025-12-03T00:03:30+00:00","description":"Terrinen Arnaud X 3 - Landterrine \/ Gefl\u00fcgelleberterrine \/ Schweineterrine 3 Gl\u00e4ser mit 180 g Terrinen Arnaud X 3 - Landterrine \/ Gefl\u00fcgelleberterrine mit Cognac\u00a0 \/ Schweineterrine mit Cognac","breadcrumb":{"@id":"https:\/\/my-french-grocery.com\/de\/produkt\/terrinen-x-3-landterrine-geflugelleberterrine-schweineterrine\/#breadcrumb"},"inLanguage":"de-DE","potentialAction":[{"@type":"ReadAction","target":["https:\/\/my-french-grocery.com\/de\/produkt\/terrinen-x-3-landterrine-geflugelleberterrine-schweineterrine\/"]}]},{"@type":"ImageObject","inLanguage":"de-DE","@id":"https:\/\/my-french-grocery.com\/de\/produkt\/terrinen-x-3-landterrine-geflugelleberterrine-schweineterrine\/#primaryimage","url":"https:\/\/my-french-grocery.com\/wp-content\/uploads\/2018\/05\/ARNAUD-3-TERRINES.jpg","contentUrl":"https:\/\/my-french-grocery.com\/wp-content\/uploads\/2018\/05\/ARNAUD-3-TERRINES.jpg","width":1500,"height":1500,"caption":"Terrinen Arnaud X 3 - Landterrine \/ Gefl\u00fcgelleberterrine \/ Schweineterrine"},{"@type":"BreadcrumbList","@id":"https:\/\/my-french-grocery.com\/de\/produkt\/terrinen-x-3-landterrine-geflugelleberterrine-schweineterrine\/#breadcrumb","itemListElement":[{"@type":"ListItem","position":1,"name":"Home","item":"https:\/\/my-french-grocery.com\/de\/shopping-seite\/"},{"@type":"ListItem","position":2,"name":"Shop","item":"https:\/\/my-french-grocery.com\/shop\/"},{"@type":"ListItem","position":3,"name":"Foie Gras - Pastete - W\u00fcrstchen","item":"https:\/\/my-french-grocery.com\/de\/produkt-kategorie\/foie-gras-pastete-wurstchen\/"},{"@type":"ListItem","position":4,"name":"Terrinen Arnaud X 3 &#8211; Landterrine \/ Gefl\u00fcgelleberterrine \/ Schweineterrine"}]},{"@type":"WebSite","@id":"https:\/\/my-french-grocery.com\/de\/#website","url":"https:\/\/my-french-grocery.com\/de\/","name":"My French Grocery","description":"Your Online French Grocery  !","publisher":{"@id":"https:\/\/my-french-grocery.com\/de\/#organization"},"potentialAction":[{"@type":"SearchAction","target":{"@type":"EntryPoint","urlTemplate":"https:\/\/my-french-grocery.com\/de\/?s={search_term_string}"},"query-input":{"@type":"PropertyValueSpecification","valueRequired":true,"valueName":"search_term_string"}}],"inLanguage":"de-DE"},{"@type":"Organization","@id":"https:\/\/my-french-grocery.com\/de\/#organization","name":"MY FRENCH GROCERY","url":"https:\/\/my-french-grocery.com\/de\/","logo":{"@type":"ImageObject","inLanguage":"de-DE","@id":"https:\/\/my-french-grocery.com\/de\/#\/schema\/logo\/image\/","url":"https:\/\/my-french-grocery.com\/wp-content\/uploads\/2021\/11\/My-French-Grocery-Online-French-Grocery.png","contentUrl":"https:\/\/my-french-grocery.com\/wp-content\/uploads\/2021\/11\/My-French-Grocery-Online-French-Grocery.png","width":100,"height":100,"caption":"MY FRENCH GROCERY"},"image":{"@id":"https:\/\/my-french-grocery.com\/de\/#\/schema\/logo\/image\/"},"sameAs":["https:\/\/www.facebook.com\/myfrenchgrocery\/"]}]}},"brands":[],"_links":{"self":[{"href":"https:\/\/my-french-grocery.com\/de\/wp-json\/wp\/v2\/product\/18062","targetHints":{"allow":["GET"]}}],"collection":[{"href":"https:\/\/my-french-grocery.com\/de\/wp-json\/wp\/v2\/product"}],"about":[{"href":"https:\/\/my-french-grocery.com\/de\/wp-json\/wp\/v2\/types\/product"}],"replies":[{"embeddable":true,"href":"https:\/\/my-french-grocery.com\/de\/wp-json\/wp\/v2\/comments?post=18062"}],"wp:featuredmedia":[{"embeddable":true,"href":"https:\/\/my-french-grocery.com\/de\/wp-json\/wp\/v2\/media\/18063"}],"wp:attachment":[{"href":"https:\/\/my-french-grocery.com\/de\/wp-json\/wp\/v2\/media?parent=18062"}],"wp:term":[{"taxonomy":"pwb-brand","embeddable":true,"href":"https:\/\/my-french-grocery.com\/de\/wp-json\/wp\/v2\/pwb-brand?post=18062"},{"taxonomy":"product_brand","embeddable":true,"href":"https:\/\/my-french-grocery.com\/de\/wp-json\/wp\/v2\/product_brand?post=18062"},{"taxonomy":"product_cat","embeddable":true,"href":"https:\/\/my-french-grocery.com\/de\/wp-json\/wp\/v2\/product_cat?post=18062"},{"taxonomy":"product_tag","embeddable":true,"href":"https:\/\/my-french-grocery.com\/de\/wp-json\/wp\/v2\/product_tag?post=18062"}],"curies":[{"name":"wp","href":"https:\/\/api.w.org\/{rel}","templated":true}]}}