{"id":18084,"date":"2018-05-10T15:59:46","date_gmt":"2018-05-10T13:59:46","guid":{"rendered":"https:\/\/my-french-grocery.com\/product\/rose-schaumwein-elsass-cremant-dalsace-wolfberger\/"},"modified":"2025-03-21T19:16:51","modified_gmt":"2025-03-21T17:16:51","slug":"rose-schaumwein-elsass-cremant-dalsace-wolfberger","status":"publish","type":"product","link":"https:\/\/my-french-grocery.com\/de\/produkt\/rose-schaumwein-elsass-cremant-dalsace-wolfberger\/","title":{"rendered":"Ros\u00e9-Schaumwein Elsass Cr\u00e9mant d&#8217;Alsace Wolfberger"},"content":{"rendered":"<p>Ros\u00e9-Schaumwein Elsass Cr\u00e9mant d&#8217;Alsace Wolfberger<\/p>\n<p>75cl Flasche &#8211; 12 \u00b0<\/p>\n<p>Der Cr\u00e9mant d\u2019Alsace Wolfberger Brut besteht aus einer Cuv\u00e9e aus Pinot Blanc und Pinot Noir und vereint Frische, K\u00f6rper und Geschmeidigkeit. Mit seiner blass-gl\u00e4nzenden gelben Farbe, seinen feinen Bl\u00e4schen, seinem anhaltenden Schaumstrang offenbart er eine Nase mit floralen Nuancen. Am Gaumen ist der Auftakt intensiv, lebendig und fruchtig, mit Noten von Pfirsich und Aprikose mit einer sch\u00f6nen Balance der Aromen<\/p>\n","protected":false},"excerpt":{"rendered":"<p>Ros\u00e9-Schaumwein Elsass Cr\u00e9mant d&#8217;Alsace Wolfberger<\/p>\n<p>75cl Flasche &#8211; 12 \u00b0<\/p>\n","protected":false},"featured_media":18085,"comment_status":"open","ping_status":"closed","template":"","meta":[],"pwb-brand":[],"product_brand":[],"product_cat":[2206],"product_tag":[],"class_list":{"0":"post-18084","1":"product","2":"type-product","3":"status-publish","4":"has-post-thumbnail","6":"product_cat-schaumweine","7":"product_shipping_class-internationaler-versand","9":"first","10":"instock","11":"taxable","12":"shipping-taxable","13":"purchasable","14":"product-type-simple"},"yoast_head":"<!-- This site is optimized with the Yoast SEO plugin v27.4 - https:\/\/yoast.com\/product\/yoast-seo-wordpress\/ -->\n<title>Ros\u00e9-Schaumwein Elsass Cr\u00e9mant d&#039;Alsace Wolfberger | Online Kaufen | My French Grocery<\/title>\n<meta name=\"description\" content=\"Ros\u00e9-Schaumwein Elsass Cr\u00e9mant d&#039;Alsace Wolfberger - 75cl Flasche - 12 \u00b0 - Der Cr\u00e9mant d\u2019Alsace Wolfberger Brut besteht aus einer Cuv\u00e9e aus Pinot Blanc und Pinot Noir und vereint Frische, K\u00f6rper und Geschmeidigkeit.\" \/>\n<meta name=\"robots\" content=\"index, follow, max-snippet:-1, max-image-preview:large, max-video-preview:-1\" \/>\n<link rel=\"canonical\" href=\"https:\/\/my-french-grocery.com\/de\/produkt\/rose-schaumwein-elsass-cremant-dalsace-wolfberger\/\" \/>\n<meta property=\"og:locale\" content=\"de_DE\" \/>\n<meta property=\"og:type\" content=\"article\" \/>\n<meta property=\"og:title\" content=\"Ros\u00e9-Schaumwein Elsass Cr\u00e9mant d&#039;Alsace Wolfberger | Online Kaufen | My French Grocery\" \/>\n<meta property=\"og:description\" content=\"Ros\u00e9-Schaumwein Elsass Cr\u00e9mant d&#039;Alsace Wolfberger - 75cl Flasche - 12 \u00b0 - Der Cr\u00e9mant d\u2019Alsace Wolfberger Brut besteht aus einer Cuv\u00e9e aus Pinot Blanc und Pinot Noir und vereint Frische, K\u00f6rper und Geschmeidigkeit.\" \/>\n<meta property=\"og:url\" content=\"https:\/\/my-french-grocery.com\/de\/produkt\/rose-schaumwein-elsass-cremant-dalsace-wolfberger\/\" \/>\n<meta property=\"og:site_name\" content=\"My French Grocery\" \/>\n<meta property=\"article:publisher\" content=\"https:\/\/www.facebook.com\/myfrenchgrocery\/\" \/>\n<meta property=\"article:modified_time\" content=\"2025-03-21T17:16:51+00:00\" \/>\n<meta property=\"og:image\" content=\"https:\/\/my-french-grocery.com\/wp-content\/uploads\/2018\/05\/cremant-alsace-ros\u00e9.jpg\" \/>\n\t<meta property=\"og:image:width\" content=\"1500\" \/>\n\t<meta property=\"og:image:height\" content=\"1500\" \/>\n\t<meta property=\"og:image:type\" content=\"image\/jpeg\" \/>\n<meta name=\"twitter:card\" content=\"summary_large_image\" \/>\n<script type=\"application\/ld+json\" class=\"yoast-schema-graph\">{\"@context\":\"https:\\\/\\\/schema.org\",\"@graph\":[{\"@type\":\"WebPage\",\"@id\":\"https:\\\/\\\/my-french-grocery.com\\\/de\\\/produkt\\\/rose-schaumwein-elsass-cremant-dalsace-wolfberger\\\/\",\"url\":\"https:\\\/\\\/my-french-grocery.com\\\/de\\\/produkt\\\/rose-schaumwein-elsass-cremant-dalsace-wolfberger\\\/\",\"name\":\"Ros\u00e9-Schaumwein Elsass Cr\u00e9mant d'Alsace Wolfberger | Online Kaufen | My French Grocery\",\"isPartOf\":{\"@id\":\"https:\\\/\\\/my-french-grocery.com\\\/de\\\/#website\"},\"primaryImageOfPage\":{\"@id\":\"https:\\\/\\\/my-french-grocery.com\\\/de\\\/produkt\\\/rose-schaumwein-elsass-cremant-dalsace-wolfberger\\\/#primaryimage\"},\"image\":{\"@id\":\"https:\\\/\\\/my-french-grocery.com\\\/de\\\/produkt\\\/rose-schaumwein-elsass-cremant-dalsace-wolfberger\\\/#primaryimage\"},\"thumbnailUrl\":\"https:\\\/\\\/my-french-grocery.com\\\/wp-content\\\/uploads\\\/2018\\\/05\\\/cremant-alsace-ros\u00e9.jpg\",\"datePublished\":\"2018-05-10T13:59:46+00:00\",\"dateModified\":\"2025-03-21T17:16:51+00:00\",\"description\":\"Ros\u00e9-Schaumwein Elsass Cr\u00e9mant d'Alsace Wolfberger - 75cl Flasche - 12 \u00b0 - Der Cr\u00e9mant d\u2019Alsace Wolfberger Brut besteht aus einer Cuv\u00e9e aus Pinot Blanc und Pinot Noir und vereint Frische, K\u00f6rper und Geschmeidigkeit.\",\"breadcrumb\":{\"@id\":\"https:\\\/\\\/my-french-grocery.com\\\/de\\\/produkt\\\/rose-schaumwein-elsass-cremant-dalsace-wolfberger\\\/#breadcrumb\"},\"inLanguage\":\"de-DE\",\"potentialAction\":[{\"@type\":\"ReadAction\",\"target\":[\"https:\\\/\\\/my-french-grocery.com\\\/de\\\/produkt\\\/rose-schaumwein-elsass-cremant-dalsace-wolfberger\\\/\"]}]},{\"@type\":\"ImageObject\",\"inLanguage\":\"de-DE\",\"@id\":\"https:\\\/\\\/my-french-grocery.com\\\/de\\\/produkt\\\/rose-schaumwein-elsass-cremant-dalsace-wolfberger\\\/#primaryimage\",\"url\":\"https:\\\/\\\/my-french-grocery.com\\\/wp-content\\\/uploads\\\/2018\\\/05\\\/cremant-alsace-ros\u00e9.jpg\",\"contentUrl\":\"https:\\\/\\\/my-french-grocery.com\\\/wp-content\\\/uploads\\\/2018\\\/05\\\/cremant-alsace-ros\u00e9.jpg\",\"width\":1500,\"height\":1500,\"caption\":\"Ros\u00e9-Schaumwein Elsass Cr\u00e9mant d'Alsace Wolfberger\"},{\"@type\":\"BreadcrumbList\",\"@id\":\"https:\\\/\\\/my-french-grocery.com\\\/de\\\/produkt\\\/rose-schaumwein-elsass-cremant-dalsace-wolfberger\\\/#breadcrumb\",\"itemListElement\":[{\"@type\":\"ListItem\",\"position\":1,\"name\":\"Home\",\"item\":\"https:\\\/\\\/my-french-grocery.com\\\/de\\\/shopping-seite\\\/\"},{\"@type\":\"ListItem\",\"position\":2,\"name\":\"Shop\",\"item\":\"https:\\\/\\\/my-french-grocery.com\\\/shop\\\/\"},{\"@type\":\"ListItem\",\"position\":3,\"name\":\"Schaumweine\",\"item\":\"https:\\\/\\\/my-french-grocery.com\\\/de\\\/produkt-kategorie\\\/schaumweine\\\/\"},{\"@type\":\"ListItem\",\"position\":4,\"name\":\"Ros\u00e9-Schaumwein Elsass Cr\u00e9mant d&#8217;Alsace Wolfberger\"}]},{\"@type\":\"WebSite\",\"@id\":\"https:\\\/\\\/my-french-grocery.com\\\/de\\\/#website\",\"url\":\"https:\\\/\\\/my-french-grocery.com\\\/de\\\/\",\"name\":\"My French Grocery\",\"description\":\"Your Online French Grocery  !\",\"publisher\":{\"@id\":\"https:\\\/\\\/my-french-grocery.com\\\/de\\\/#organization\"},\"potentialAction\":[{\"@type\":\"SearchAction\",\"target\":{\"@type\":\"EntryPoint\",\"urlTemplate\":\"https:\\\/\\\/my-french-grocery.com\\\/de\\\/?s={search_term_string}\"},\"query-input\":{\"@type\":\"PropertyValueSpecification\",\"valueRequired\":true,\"valueName\":\"search_term_string\"}}],\"inLanguage\":\"de-DE\"},{\"@type\":\"Organization\",\"@id\":\"https:\\\/\\\/my-french-grocery.com\\\/de\\\/#organization\",\"name\":\"MY FRENCH GROCERY\",\"url\":\"https:\\\/\\\/my-french-grocery.com\\\/de\\\/\",\"logo\":{\"@type\":\"ImageObject\",\"inLanguage\":\"de-DE\",\"@id\":\"https:\\\/\\\/my-french-grocery.com\\\/de\\\/#\\\/schema\\\/logo\\\/image\\\/\",\"url\":\"https:\\\/\\\/my-french-grocery.com\\\/wp-content\\\/uploads\\\/2021\\\/11\\\/My-French-Grocery-Online-French-Grocery.png\",\"contentUrl\":\"https:\\\/\\\/my-french-grocery.com\\\/wp-content\\\/uploads\\\/2021\\\/11\\\/My-French-Grocery-Online-French-Grocery.png\",\"width\":100,\"height\":100,\"caption\":\"MY FRENCH GROCERY\"},\"image\":{\"@id\":\"https:\\\/\\\/my-french-grocery.com\\\/de\\\/#\\\/schema\\\/logo\\\/image\\\/\"},\"sameAs\":[\"https:\\\/\\\/www.facebook.com\\\/myfrenchgrocery\\\/\"]}]}<\/script>\n<!-- \/ Yoast SEO plugin. -->","yoast_head_json":{"title":"Ros\u00e9-Schaumwein Elsass Cr\u00e9mant d'Alsace Wolfberger | Online Kaufen | My French Grocery","description":"Ros\u00e9-Schaumwein Elsass Cr\u00e9mant d'Alsace Wolfberger - 75cl Flasche - 12 \u00b0 - Der Cr\u00e9mant d\u2019Alsace Wolfberger Brut besteht aus einer Cuv\u00e9e aus Pinot Blanc und Pinot Noir und vereint Frische, K\u00f6rper und Geschmeidigkeit.","robots":{"index":"index","follow":"follow","max-snippet":"max-snippet:-1","max-image-preview":"max-image-preview:large","max-video-preview":"max-video-preview:-1"},"canonical":"https:\/\/my-french-grocery.com\/de\/produkt\/rose-schaumwein-elsass-cremant-dalsace-wolfberger\/","og_locale":"de_DE","og_type":"article","og_title":"Ros\u00e9-Schaumwein Elsass Cr\u00e9mant d'Alsace Wolfberger | Online Kaufen | My French Grocery","og_description":"Ros\u00e9-Schaumwein Elsass Cr\u00e9mant d'Alsace Wolfberger - 75cl Flasche - 12 \u00b0 - Der Cr\u00e9mant d\u2019Alsace Wolfberger Brut besteht aus einer Cuv\u00e9e aus Pinot Blanc und Pinot Noir und vereint Frische, K\u00f6rper und Geschmeidigkeit.","og_url":"https:\/\/my-french-grocery.com\/de\/produkt\/rose-schaumwein-elsass-cremant-dalsace-wolfberger\/","og_site_name":"My French Grocery","article_publisher":"https:\/\/www.facebook.com\/myfrenchgrocery\/","article_modified_time":"2025-03-21T17:16:51+00:00","og_image":[{"width":1500,"height":1500,"url":"https:\/\/my-french-grocery.com\/wp-content\/uploads\/2018\/05\/cremant-alsace-ros\u00e9.jpg","type":"image\/jpeg"}],"twitter_card":"summary_large_image","schema":{"@context":"https:\/\/schema.org","@graph":[{"@type":"WebPage","@id":"https:\/\/my-french-grocery.com\/de\/produkt\/rose-schaumwein-elsass-cremant-dalsace-wolfberger\/","url":"https:\/\/my-french-grocery.com\/de\/produkt\/rose-schaumwein-elsass-cremant-dalsace-wolfberger\/","name":"Ros\u00e9-Schaumwein Elsass Cr\u00e9mant d'Alsace Wolfberger | Online Kaufen | My French Grocery","isPartOf":{"@id":"https:\/\/my-french-grocery.com\/de\/#website"},"primaryImageOfPage":{"@id":"https:\/\/my-french-grocery.com\/de\/produkt\/rose-schaumwein-elsass-cremant-dalsace-wolfberger\/#primaryimage"},"image":{"@id":"https:\/\/my-french-grocery.com\/de\/produkt\/rose-schaumwein-elsass-cremant-dalsace-wolfberger\/#primaryimage"},"thumbnailUrl":"https:\/\/my-french-grocery.com\/wp-content\/uploads\/2018\/05\/cremant-alsace-ros\u00e9.jpg","datePublished":"2018-05-10T13:59:46+00:00","dateModified":"2025-03-21T17:16:51+00:00","description":"Ros\u00e9-Schaumwein Elsass Cr\u00e9mant d'Alsace Wolfberger - 75cl Flasche - 12 \u00b0 - Der Cr\u00e9mant d\u2019Alsace Wolfberger Brut besteht aus einer Cuv\u00e9e aus Pinot Blanc und Pinot Noir und vereint Frische, K\u00f6rper und Geschmeidigkeit.","breadcrumb":{"@id":"https:\/\/my-french-grocery.com\/de\/produkt\/rose-schaumwein-elsass-cremant-dalsace-wolfberger\/#breadcrumb"},"inLanguage":"de-DE","potentialAction":[{"@type":"ReadAction","target":["https:\/\/my-french-grocery.com\/de\/produkt\/rose-schaumwein-elsass-cremant-dalsace-wolfberger\/"]}]},{"@type":"ImageObject","inLanguage":"de-DE","@id":"https:\/\/my-french-grocery.com\/de\/produkt\/rose-schaumwein-elsass-cremant-dalsace-wolfberger\/#primaryimage","url":"https:\/\/my-french-grocery.com\/wp-content\/uploads\/2018\/05\/cremant-alsace-ros\u00e9.jpg","contentUrl":"https:\/\/my-french-grocery.com\/wp-content\/uploads\/2018\/05\/cremant-alsace-ros\u00e9.jpg","width":1500,"height":1500,"caption":"Ros\u00e9-Schaumwein Elsass Cr\u00e9mant d'Alsace Wolfberger"},{"@type":"BreadcrumbList","@id":"https:\/\/my-french-grocery.com\/de\/produkt\/rose-schaumwein-elsass-cremant-dalsace-wolfberger\/#breadcrumb","itemListElement":[{"@type":"ListItem","position":1,"name":"Home","item":"https:\/\/my-french-grocery.com\/de\/shopping-seite\/"},{"@type":"ListItem","position":2,"name":"Shop","item":"https:\/\/my-french-grocery.com\/shop\/"},{"@type":"ListItem","position":3,"name":"Schaumweine","item":"https:\/\/my-french-grocery.com\/de\/produkt-kategorie\/schaumweine\/"},{"@type":"ListItem","position":4,"name":"Ros\u00e9-Schaumwein Elsass Cr\u00e9mant d&#8217;Alsace Wolfberger"}]},{"@type":"WebSite","@id":"https:\/\/my-french-grocery.com\/de\/#website","url":"https:\/\/my-french-grocery.com\/de\/","name":"My French Grocery","description":"Your Online French Grocery  !","publisher":{"@id":"https:\/\/my-french-grocery.com\/de\/#organization"},"potentialAction":[{"@type":"SearchAction","target":{"@type":"EntryPoint","urlTemplate":"https:\/\/my-french-grocery.com\/de\/?s={search_term_string}"},"query-input":{"@type":"PropertyValueSpecification","valueRequired":true,"valueName":"search_term_string"}}],"inLanguage":"de-DE"},{"@type":"Organization","@id":"https:\/\/my-french-grocery.com\/de\/#organization","name":"MY FRENCH GROCERY","url":"https:\/\/my-french-grocery.com\/de\/","logo":{"@type":"ImageObject","inLanguage":"de-DE","@id":"https:\/\/my-french-grocery.com\/de\/#\/schema\/logo\/image\/","url":"https:\/\/my-french-grocery.com\/wp-content\/uploads\/2021\/11\/My-French-Grocery-Online-French-Grocery.png","contentUrl":"https:\/\/my-french-grocery.com\/wp-content\/uploads\/2021\/11\/My-French-Grocery-Online-French-Grocery.png","width":100,"height":100,"caption":"MY FRENCH GROCERY"},"image":{"@id":"https:\/\/my-french-grocery.com\/de\/#\/schema\/logo\/image\/"},"sameAs":["https:\/\/www.facebook.com\/myfrenchgrocery\/"]}]}},"brands":[],"_links":{"self":[{"href":"https:\/\/my-french-grocery.com\/de\/wp-json\/wp\/v2\/product\/18084","targetHints":{"allow":["GET"]}}],"collection":[{"href":"https:\/\/my-french-grocery.com\/de\/wp-json\/wp\/v2\/product"}],"about":[{"href":"https:\/\/my-french-grocery.com\/de\/wp-json\/wp\/v2\/types\/product"}],"replies":[{"embeddable":true,"href":"https:\/\/my-french-grocery.com\/de\/wp-json\/wp\/v2\/comments?post=18084"}],"wp:featuredmedia":[{"embeddable":true,"href":"https:\/\/my-french-grocery.com\/de\/wp-json\/wp\/v2\/media\/18085"}],"wp:attachment":[{"href":"https:\/\/my-french-grocery.com\/de\/wp-json\/wp\/v2\/media?parent=18084"}],"wp:term":[{"taxonomy":"pwb-brand","embeddable":true,"href":"https:\/\/my-french-grocery.com\/de\/wp-json\/wp\/v2\/pwb-brand?post=18084"},{"taxonomy":"product_brand","embeddable":true,"href":"https:\/\/my-french-grocery.com\/de\/wp-json\/wp\/v2\/product_brand?post=18084"},{"taxonomy":"product_cat","embeddable":true,"href":"https:\/\/my-french-grocery.com\/de\/wp-json\/wp\/v2\/product_cat?post=18084"},{"taxonomy":"product_tag","embeddable":true,"href":"https:\/\/my-french-grocery.com\/de\/wp-json\/wp\/v2\/product_tag?post=18084"}],"curies":[{"name":"wp","href":"https:\/\/api.w.org\/{rel}","templated":true}]}}