{"id":18141,"date":"2018-05-12T13:30:14","date_gmt":"2018-05-12T11:30:14","guid":{"rendered":"https:\/\/my-french-grocery.com\/product\/landwirtschaftlicher-rum-3-rivieres-martinique\/"},"modified":"2024-09-27T00:12:34","modified_gmt":"2024-09-26T22:12:34","slug":"landwirtschaftlicher-rum-3-rivieres-martinique","status":"publish","type":"product","link":"https:\/\/my-french-grocery.com\/de\/produkt\/landwirtschaftlicher-rum-3-rivieres-martinique\/","title":{"rendered":"Landwirtschaftlicher Rum 3 Rivi\u00e8res &#8211; Martinique"},"content":{"rendered":"<p>Landwirtschaftlicher Rum 3 Rivi\u00e8res &#8211; Martinique<\/p>\n<p>100cL-Flasche &#8211; Alkoholgehalt 50 % vol.<\/p>\n<p>Ausschlie\u00dflich aus Zuckerrohrsaft hergestellt, haben landwirtschaftliche Rums ein fruchtiges Aroma, sind trocken im Gaumen und besitzen pflanzliche Noten. Diese eleganten und untypischen Rums stammen aus Martinique, Guadeloupe, Reunion und Haiti. Sie werden haupts\u00e4chlich in Einzelkolonnen (au\u00dfer Haiti) destilliert.<\/p>\n","protected":false},"excerpt":{"rendered":"<p>Landwirtschaftlicher Rum 3 Rivi\u00e8res &#8211; Martinique<\/p>\n<p>100cL-Flasche &#8211; Alkoholgehalt 50 % vol.<\/p>\n","protected":false},"featured_media":18142,"comment_status":"open","ping_status":"closed","template":"","meta":[],"pwb-brand":[],"product_brand":[],"product_cat":[2210],"product_tag":[],"class_list":{"0":"post-18141","1":"product","2":"type-product","3":"status-publish","4":"has-post-thumbnail","6":"product_cat-aperitifs-digestifs-de","7":"product_shipping_class-internationaler-versand","9":"first","10":"instock","11":"taxable","12":"shipping-taxable","13":"purchasable","14":"product-type-simple"},"yoast_head":"<!-- This site is optimized with the Yoast SEO plugin v27.3 - https:\/\/yoast.com\/product\/yoast-seo-wordpress\/ -->\n<title>Landwirtschaftlicher Rum 3 Rivi\u00e8res - Martinique | Online Kaufen | My French Grocery<\/title>\n<meta name=\"description\" content=\"Landwirtschaftlicher Rum 3 Rivi\u00e8res - Martinique - 100cL-Flasche - Alkoholgehalt 50 % vol. - Ausschlie\u00dflich aus Zuckerrohrsaft hergestellt, haben landwirtschaftliche Rums ein fruchtiges Aroma, sind trocken im Gaumen und besitzen pflanzliche Noten.\" \/>\n<meta name=\"robots\" content=\"index, follow, max-snippet:-1, max-image-preview:large, max-video-preview:-1\" \/>\n<link rel=\"canonical\" href=\"https:\/\/my-french-grocery.com\/de\/produkt\/landwirtschaftlicher-rum-3-rivieres-martinique\/\" \/>\n<meta property=\"og:locale\" content=\"de_DE\" \/>\n<meta property=\"og:type\" content=\"article\" \/>\n<meta property=\"og:title\" content=\"Landwirtschaftlicher Rum 3 Rivi\u00e8res - Martinique | Online Kaufen | My French Grocery\" \/>\n<meta property=\"og:description\" content=\"Landwirtschaftlicher Rum 3 Rivi\u00e8res - Martinique - 100cL-Flasche - Alkoholgehalt 50 % vol. - Ausschlie\u00dflich aus Zuckerrohrsaft hergestellt, haben landwirtschaftliche Rums ein fruchtiges Aroma, sind trocken im Gaumen und besitzen pflanzliche Noten.\" \/>\n<meta property=\"og:url\" content=\"https:\/\/my-french-grocery.com\/de\/produkt\/landwirtschaftlicher-rum-3-rivieres-martinique\/\" \/>\n<meta property=\"og:site_name\" content=\"My French Grocery\" \/>\n<meta property=\"article:publisher\" content=\"https:\/\/www.facebook.com\/myfrenchgrocery\/\" \/>\n<meta property=\"article:modified_time\" content=\"2024-09-26T22:12:34+00:00\" \/>\n<meta property=\"og:image\" content=\"https:\/\/my-french-grocery.com\/wp-content\/uploads\/2018\/05\/rhum-troix-rivieres.jpg\" \/>\n\t<meta property=\"og:image:width\" content=\"1500\" \/>\n\t<meta property=\"og:image:height\" content=\"1500\" \/>\n\t<meta property=\"og:image:type\" content=\"image\/jpeg\" \/>\n<meta name=\"twitter:card\" content=\"summary_large_image\" \/>\n<script type=\"application\/ld+json\" class=\"yoast-schema-graph\">{\"@context\":\"https:\\\/\\\/schema.org\",\"@graph\":[{\"@type\":\"WebPage\",\"@id\":\"https:\\\/\\\/my-french-grocery.com\\\/de\\\/produkt\\\/landwirtschaftlicher-rum-3-rivieres-martinique\\\/\",\"url\":\"https:\\\/\\\/my-french-grocery.com\\\/de\\\/produkt\\\/landwirtschaftlicher-rum-3-rivieres-martinique\\\/\",\"name\":\"Landwirtschaftlicher Rum 3 Rivi\u00e8res - Martinique | Online Kaufen | My French Grocery\",\"isPartOf\":{\"@id\":\"https:\\\/\\\/my-french-grocery.com\\\/de\\\/#website\"},\"primaryImageOfPage\":{\"@id\":\"https:\\\/\\\/my-french-grocery.com\\\/de\\\/produkt\\\/landwirtschaftlicher-rum-3-rivieres-martinique\\\/#primaryimage\"},\"image\":{\"@id\":\"https:\\\/\\\/my-french-grocery.com\\\/de\\\/produkt\\\/landwirtschaftlicher-rum-3-rivieres-martinique\\\/#primaryimage\"},\"thumbnailUrl\":\"https:\\\/\\\/my-french-grocery.com\\\/wp-content\\\/uploads\\\/2018\\\/05\\\/rhum-troix-rivieres.jpg\",\"datePublished\":\"2018-05-12T11:30:14+00:00\",\"dateModified\":\"2024-09-26T22:12:34+00:00\",\"description\":\"Landwirtschaftlicher Rum 3 Rivi\u00e8res - Martinique - 100cL-Flasche - Alkoholgehalt 50 % vol. - Ausschlie\u00dflich aus Zuckerrohrsaft hergestellt, haben landwirtschaftliche Rums ein fruchtiges Aroma, sind trocken im Gaumen und besitzen pflanzliche Noten.\",\"breadcrumb\":{\"@id\":\"https:\\\/\\\/my-french-grocery.com\\\/de\\\/produkt\\\/landwirtschaftlicher-rum-3-rivieres-martinique\\\/#breadcrumb\"},\"inLanguage\":\"de-DE\",\"potentialAction\":[{\"@type\":\"ReadAction\",\"target\":[\"https:\\\/\\\/my-french-grocery.com\\\/de\\\/produkt\\\/landwirtschaftlicher-rum-3-rivieres-martinique\\\/\"]}]},{\"@type\":\"ImageObject\",\"inLanguage\":\"de-DE\",\"@id\":\"https:\\\/\\\/my-french-grocery.com\\\/de\\\/produkt\\\/landwirtschaftlicher-rum-3-rivieres-martinique\\\/#primaryimage\",\"url\":\"https:\\\/\\\/my-french-grocery.com\\\/wp-content\\\/uploads\\\/2018\\\/05\\\/rhum-troix-rivieres.jpg\",\"contentUrl\":\"https:\\\/\\\/my-french-grocery.com\\\/wp-content\\\/uploads\\\/2018\\\/05\\\/rhum-troix-rivieres.jpg\",\"width\":1500,\"height\":1500,\"caption\":\"Landwirtschaftlicher Rum 3 Rivi\u00e8res - Martinique\"},{\"@type\":\"BreadcrumbList\",\"@id\":\"https:\\\/\\\/my-french-grocery.com\\\/de\\\/produkt\\\/landwirtschaftlicher-rum-3-rivieres-martinique\\\/#breadcrumb\",\"itemListElement\":[{\"@type\":\"ListItem\",\"position\":1,\"name\":\"Home\",\"item\":\"https:\\\/\\\/my-french-grocery.com\\\/de\\\/shopping-seite\\\/\"},{\"@type\":\"ListItem\",\"position\":2,\"name\":\"Shop\",\"item\":\"https:\\\/\\\/my-french-grocery.com\\\/shop\\\/\"},{\"@type\":\"ListItem\",\"position\":3,\"name\":\"Aperitifs &amp; Digestifs\",\"item\":\"https:\\\/\\\/my-french-grocery.com\\\/de\\\/produkt-kategorie\\\/aperitifs-digestifs-de\\\/\"},{\"@type\":\"ListItem\",\"position\":4,\"name\":\"Landwirtschaftlicher Rum 3 Rivi\u00e8res &#8211; Martinique\"}]},{\"@type\":\"WebSite\",\"@id\":\"https:\\\/\\\/my-french-grocery.com\\\/de\\\/#website\",\"url\":\"https:\\\/\\\/my-french-grocery.com\\\/de\\\/\",\"name\":\"My French Grocery\",\"description\":\"Your Online French Grocery  !\",\"publisher\":{\"@id\":\"https:\\\/\\\/my-french-grocery.com\\\/de\\\/#organization\"},\"potentialAction\":[{\"@type\":\"SearchAction\",\"target\":{\"@type\":\"EntryPoint\",\"urlTemplate\":\"https:\\\/\\\/my-french-grocery.com\\\/de\\\/?s={search_term_string}\"},\"query-input\":{\"@type\":\"PropertyValueSpecification\",\"valueRequired\":true,\"valueName\":\"search_term_string\"}}],\"inLanguage\":\"de-DE\"},{\"@type\":\"Organization\",\"@id\":\"https:\\\/\\\/my-french-grocery.com\\\/de\\\/#organization\",\"name\":\"MY FRENCH GROCERY\",\"url\":\"https:\\\/\\\/my-french-grocery.com\\\/de\\\/\",\"logo\":{\"@type\":\"ImageObject\",\"inLanguage\":\"de-DE\",\"@id\":\"https:\\\/\\\/my-french-grocery.com\\\/de\\\/#\\\/schema\\\/logo\\\/image\\\/\",\"url\":\"https:\\\/\\\/my-french-grocery.com\\\/wp-content\\\/uploads\\\/2021\\\/11\\\/My-French-Grocery-Online-French-Grocery.png\",\"contentUrl\":\"https:\\\/\\\/my-french-grocery.com\\\/wp-content\\\/uploads\\\/2021\\\/11\\\/My-French-Grocery-Online-French-Grocery.png\",\"width\":100,\"height\":100,\"caption\":\"MY FRENCH GROCERY\"},\"image\":{\"@id\":\"https:\\\/\\\/my-french-grocery.com\\\/de\\\/#\\\/schema\\\/logo\\\/image\\\/\"},\"sameAs\":[\"https:\\\/\\\/www.facebook.com\\\/myfrenchgrocery\\\/\"]}]}<\/script>\n<!-- \/ Yoast SEO plugin. -->","yoast_head_json":{"title":"Landwirtschaftlicher Rum 3 Rivi\u00e8res - Martinique | Online Kaufen | My French Grocery","description":"Landwirtschaftlicher Rum 3 Rivi\u00e8res - Martinique - 100cL-Flasche - Alkoholgehalt 50 % vol. - Ausschlie\u00dflich aus Zuckerrohrsaft hergestellt, haben landwirtschaftliche Rums ein fruchtiges Aroma, sind trocken im Gaumen und besitzen pflanzliche Noten.","robots":{"index":"index","follow":"follow","max-snippet":"max-snippet:-1","max-image-preview":"max-image-preview:large","max-video-preview":"max-video-preview:-1"},"canonical":"https:\/\/my-french-grocery.com\/de\/produkt\/landwirtschaftlicher-rum-3-rivieres-martinique\/","og_locale":"de_DE","og_type":"article","og_title":"Landwirtschaftlicher Rum 3 Rivi\u00e8res - Martinique | Online Kaufen | My French Grocery","og_description":"Landwirtschaftlicher Rum 3 Rivi\u00e8res - Martinique - 100cL-Flasche - Alkoholgehalt 50 % vol. - Ausschlie\u00dflich aus Zuckerrohrsaft hergestellt, haben landwirtschaftliche Rums ein fruchtiges Aroma, sind trocken im Gaumen und besitzen pflanzliche Noten.","og_url":"https:\/\/my-french-grocery.com\/de\/produkt\/landwirtschaftlicher-rum-3-rivieres-martinique\/","og_site_name":"My French Grocery","article_publisher":"https:\/\/www.facebook.com\/myfrenchgrocery\/","article_modified_time":"2024-09-26T22:12:34+00:00","og_image":[{"width":1500,"height":1500,"url":"https:\/\/my-french-grocery.com\/wp-content\/uploads\/2018\/05\/rhum-troix-rivieres.jpg","type":"image\/jpeg"}],"twitter_card":"summary_large_image","schema":{"@context":"https:\/\/schema.org","@graph":[{"@type":"WebPage","@id":"https:\/\/my-french-grocery.com\/de\/produkt\/landwirtschaftlicher-rum-3-rivieres-martinique\/","url":"https:\/\/my-french-grocery.com\/de\/produkt\/landwirtschaftlicher-rum-3-rivieres-martinique\/","name":"Landwirtschaftlicher Rum 3 Rivi\u00e8res - Martinique | Online Kaufen | My French Grocery","isPartOf":{"@id":"https:\/\/my-french-grocery.com\/de\/#website"},"primaryImageOfPage":{"@id":"https:\/\/my-french-grocery.com\/de\/produkt\/landwirtschaftlicher-rum-3-rivieres-martinique\/#primaryimage"},"image":{"@id":"https:\/\/my-french-grocery.com\/de\/produkt\/landwirtschaftlicher-rum-3-rivieres-martinique\/#primaryimage"},"thumbnailUrl":"https:\/\/my-french-grocery.com\/wp-content\/uploads\/2018\/05\/rhum-troix-rivieres.jpg","datePublished":"2018-05-12T11:30:14+00:00","dateModified":"2024-09-26T22:12:34+00:00","description":"Landwirtschaftlicher Rum 3 Rivi\u00e8res - Martinique - 100cL-Flasche - Alkoholgehalt 50 % vol. - Ausschlie\u00dflich aus Zuckerrohrsaft hergestellt, haben landwirtschaftliche Rums ein fruchtiges Aroma, sind trocken im Gaumen und besitzen pflanzliche Noten.","breadcrumb":{"@id":"https:\/\/my-french-grocery.com\/de\/produkt\/landwirtschaftlicher-rum-3-rivieres-martinique\/#breadcrumb"},"inLanguage":"de-DE","potentialAction":[{"@type":"ReadAction","target":["https:\/\/my-french-grocery.com\/de\/produkt\/landwirtschaftlicher-rum-3-rivieres-martinique\/"]}]},{"@type":"ImageObject","inLanguage":"de-DE","@id":"https:\/\/my-french-grocery.com\/de\/produkt\/landwirtschaftlicher-rum-3-rivieres-martinique\/#primaryimage","url":"https:\/\/my-french-grocery.com\/wp-content\/uploads\/2018\/05\/rhum-troix-rivieres.jpg","contentUrl":"https:\/\/my-french-grocery.com\/wp-content\/uploads\/2018\/05\/rhum-troix-rivieres.jpg","width":1500,"height":1500,"caption":"Landwirtschaftlicher Rum 3 Rivi\u00e8res - Martinique"},{"@type":"BreadcrumbList","@id":"https:\/\/my-french-grocery.com\/de\/produkt\/landwirtschaftlicher-rum-3-rivieres-martinique\/#breadcrumb","itemListElement":[{"@type":"ListItem","position":1,"name":"Home","item":"https:\/\/my-french-grocery.com\/de\/shopping-seite\/"},{"@type":"ListItem","position":2,"name":"Shop","item":"https:\/\/my-french-grocery.com\/shop\/"},{"@type":"ListItem","position":3,"name":"Aperitifs &amp; Digestifs","item":"https:\/\/my-french-grocery.com\/de\/produkt-kategorie\/aperitifs-digestifs-de\/"},{"@type":"ListItem","position":4,"name":"Landwirtschaftlicher Rum 3 Rivi\u00e8res &#8211; Martinique"}]},{"@type":"WebSite","@id":"https:\/\/my-french-grocery.com\/de\/#website","url":"https:\/\/my-french-grocery.com\/de\/","name":"My French Grocery","description":"Your Online French Grocery  !","publisher":{"@id":"https:\/\/my-french-grocery.com\/de\/#organization"},"potentialAction":[{"@type":"SearchAction","target":{"@type":"EntryPoint","urlTemplate":"https:\/\/my-french-grocery.com\/de\/?s={search_term_string}"},"query-input":{"@type":"PropertyValueSpecification","valueRequired":true,"valueName":"search_term_string"}}],"inLanguage":"de-DE"},{"@type":"Organization","@id":"https:\/\/my-french-grocery.com\/de\/#organization","name":"MY FRENCH GROCERY","url":"https:\/\/my-french-grocery.com\/de\/","logo":{"@type":"ImageObject","inLanguage":"de-DE","@id":"https:\/\/my-french-grocery.com\/de\/#\/schema\/logo\/image\/","url":"https:\/\/my-french-grocery.com\/wp-content\/uploads\/2021\/11\/My-French-Grocery-Online-French-Grocery.png","contentUrl":"https:\/\/my-french-grocery.com\/wp-content\/uploads\/2021\/11\/My-French-Grocery-Online-French-Grocery.png","width":100,"height":100,"caption":"MY FRENCH GROCERY"},"image":{"@id":"https:\/\/my-french-grocery.com\/de\/#\/schema\/logo\/image\/"},"sameAs":["https:\/\/www.facebook.com\/myfrenchgrocery\/"]}]}},"brands":[],"_links":{"self":[{"href":"https:\/\/my-french-grocery.com\/de\/wp-json\/wp\/v2\/product\/18141","targetHints":{"allow":["GET"]}}],"collection":[{"href":"https:\/\/my-french-grocery.com\/de\/wp-json\/wp\/v2\/product"}],"about":[{"href":"https:\/\/my-french-grocery.com\/de\/wp-json\/wp\/v2\/types\/product"}],"replies":[{"embeddable":true,"href":"https:\/\/my-french-grocery.com\/de\/wp-json\/wp\/v2\/comments?post=18141"}],"wp:featuredmedia":[{"embeddable":true,"href":"https:\/\/my-french-grocery.com\/de\/wp-json\/wp\/v2\/media\/18142"}],"wp:attachment":[{"href":"https:\/\/my-french-grocery.com\/de\/wp-json\/wp\/v2\/media?parent=18141"}],"wp:term":[{"taxonomy":"pwb-brand","embeddable":true,"href":"https:\/\/my-french-grocery.com\/de\/wp-json\/wp\/v2\/pwb-brand?post=18141"},{"taxonomy":"product_brand","embeddable":true,"href":"https:\/\/my-french-grocery.com\/de\/wp-json\/wp\/v2\/product_brand?post=18141"},{"taxonomy":"product_cat","embeddable":true,"href":"https:\/\/my-french-grocery.com\/de\/wp-json\/wp\/v2\/product_cat?post=18141"},{"taxonomy":"product_tag","embeddable":true,"href":"https:\/\/my-french-grocery.com\/de\/wp-json\/wp\/v2\/product_tag?post=18141"}],"curies":[{"name":"wp","href":"https:\/\/api.w.org\/{rel}","templated":true}]}}