{"id":18153,"date":"2018-05-12T14:45:41","date_gmt":"2018-05-12T12:45:41","guid":{"rendered":"https:\/\/my-french-grocery.com\/product\/chatreuse-grun-krauterlikor\/"},"modified":"2025-05-27T22:54:16","modified_gmt":"2025-05-27T20:54:16","slug":"chatreuse-grun-krauterlikor","status":"publish","type":"product","link":"https:\/\/my-french-grocery.com\/de\/produkt\/chatreuse-grun-krauterlikor\/","title":{"rendered":"Chatreuse Gr\u00fcn Kr\u00e4uterlik\u00f6r"},"content":{"rendered":"<p>Chatreuse Gr\u00fcn Kr\u00e4uterlik\u00f6r<\/p>\n<p>70cL Flasche \u2013 Alkoholgehalt 55 % vol.<\/p>\n<p>1605 \u00fcbergibt der Mar\u00e9chal d\u2019Estr\u00e9es den Chartreuse-M\u00f6nchen in Paris ein Manuskript mit einer Liste von 130 Pflanzen. Niemand wei\u00df, woher dieses \u201cRezept\u201d kommt \u2026 es ist der Ausgangspunkt der Chartreuse-Geschichte.<\/p>\n","protected":false},"excerpt":{"rendered":"<p>Chatreuse Gr\u00fcn Kr\u00e4uterlik\u00f6r<\/p>\n<p>70cL Flasche &#8211; Alkoholgehalt 55 % vol.<\/p>\n","protected":false},"featured_media":18154,"comment_status":"open","ping_status":"closed","template":"","meta":[],"pwb-brand":[],"product_brand":[],"product_cat":[2210],"product_tag":[],"class_list":{"0":"post-18153","1":"product","2":"type-product","3":"status-publish","4":"has-post-thumbnail","6":"product_cat-aperitifs-digestifs-de","7":"product_shipping_class-internationaler-versand","9":"first","10":"outofstock","11":"taxable","12":"shipping-taxable","13":"purchasable","14":"product-type-simple"},"brands":[],"_links":{"self":[{"href":"https:\/\/my-french-grocery.com\/de\/wp-json\/wp\/v2\/product\/18153","targetHints":{"allow":["GET"]}}],"collection":[{"href":"https:\/\/my-french-grocery.com\/de\/wp-json\/wp\/v2\/product"}],"about":[{"href":"https:\/\/my-french-grocery.com\/de\/wp-json\/wp\/v2\/types\/product"}],"replies":[{"embeddable":true,"href":"https:\/\/my-french-grocery.com\/de\/wp-json\/wp\/v2\/comments?post=18153"}],"wp:featuredmedia":[{"embeddable":true,"href":"https:\/\/my-french-grocery.com\/de\/wp-json\/wp\/v2\/media\/18154"}],"wp:attachment":[{"href":"https:\/\/my-french-grocery.com\/de\/wp-json\/wp\/v2\/media?parent=18153"}],"wp:term":[{"taxonomy":"pwb-brand","embeddable":true,"href":"https:\/\/my-french-grocery.com\/de\/wp-json\/wp\/v2\/pwb-brand?post=18153"},{"taxonomy":"product_brand","embeddable":true,"href":"https:\/\/my-french-grocery.com\/de\/wp-json\/wp\/v2\/product_brand?post=18153"},{"taxonomy":"product_cat","embeddable":true,"href":"https:\/\/my-french-grocery.com\/de\/wp-json\/wp\/v2\/product_cat?post=18153"},{"taxonomy":"product_tag","embeddable":true,"href":"https:\/\/my-french-grocery.com\/de\/wp-json\/wp\/v2\/product_tag?post=18153"}],"curies":[{"name":"wp","href":"https:\/\/api.w.org\/{rel}","templated":true}]}}