{"id":18155,"date":"2018-05-12T15:01:49","date_gmt":"2018-05-12T13:01:49","guid":{"rendered":"https:\/\/my-french-grocery.com\/product\/dijon-johannisbeerlikor-lheritier-guyot\/"},"modified":"2018-05-12T15:01:49","modified_gmt":"2018-05-12T13:01:49","slug":"dijon-johannisbeerlikor-lheritier-guyot","status":"publish","type":"product","link":"https:\/\/my-french-grocery.com\/de\/produkt\/dijon-johannisbeerlikor-lheritier-guyot\/","title":{"rendered":"Dijon Johannisbeerlik\u00f6r L&#8217;h\u00e9ritier-Guyot"},"content":{"rendered":"<p>Dijon Johannisbeerlik\u00f6r L&#8217;h\u00e9ritier-Guyot<\/p>\n<p>70 Cl Flasche &#8211; Alkoholgehalt 15% vol.<\/p>\n<p><span>Die Flaggschiff-Referenz von L&#8217;HERITIER-GUYOT bietet eine echte Cassis-Creme aus Dijon sehr Gourmet mit einem s\u00fc\u00dfen und w\u00fcrzigen Geschmack.<\/span><br \/>\n<span>Ideal f\u00fcr die Herstellung des ber\u00fchmten Blanc-Cassis.\u00a0Als Aperitif oder am Abend verwandelt ein Schuss L&#8217;HERITIER-GUYOT Dijon Cr\u00e8me de Cassis ein schlichtes Glas Wei\u00dfwein.\u00a0Es bringt auch eine sch\u00f6ne purpurrote Farbe zu klassischen oder kreativen Cocktails, aber auch zu einem Lager oder Wodka f\u00fcr den sehr trendigen Konsum.<\/span><\/p>\n<p>&nbsp;<\/p>\n","protected":false},"excerpt":{"rendered":"<p>Dijon Johannisbeerlik\u00f6r L&#8217;h\u00e9ritier-Guyot<\/p>\n<p>70 Cl Flasche &#8211; Alkoholgehalt 15% vol.<\/p>\n","protected":false},"featured_media":18156,"comment_status":"open","ping_status":"closed","template":"","meta":[],"pwb-brand":[],"product_brand":[],"product_cat":[2210],"product_tag":[],"class_list":{"0":"post-18155","1":"product","2":"type-product","3":"status-publish","4":"has-post-thumbnail","6":"product_cat-aperitifs-digestifs-de","7":"product_shipping_class-internationaler-versand","9":"first","10":"instock","11":"taxable","12":"shipping-taxable","13":"purchasable","14":"product-type-simple"},"yoast_head":"<!-- This site is optimized with the Yoast SEO plugin v27.4 - https:\/\/yoast.com\/product\/yoast-seo-wordpress\/ -->\n<title>Dijon Johannisbeerlik\u00f6r L&#039;h\u00e9ritier-Guyot | Online Kaufen | My French Grocery<\/title>\n<meta name=\"description\" content=\"Dijon Johannisbeerlik\u00f6r L&#039;h\u00e9ritier-Guyot - 70 Cl Flasche - Alkoholgehalt 15% vol. - Die Flaggschiff-Referenz von L&#039;HERITIER-GUYOT bietet eine echte Cassis-Creme aus Dijon sehr Gourmet mit einem s\u00fc\u00dfen und w\u00fcrzigen Geschmack.\" \/>\n<meta name=\"robots\" content=\"index, follow, max-snippet:-1, max-image-preview:large, max-video-preview:-1\" \/>\n<link rel=\"canonical\" href=\"https:\/\/my-french-grocery.com\/de\/produkt\/dijon-johannisbeerlikor-lheritier-guyot\/\" \/>\n<meta property=\"og:locale\" content=\"de_DE\" \/>\n<meta property=\"og:type\" content=\"article\" \/>\n<meta property=\"og:title\" content=\"Dijon Johannisbeerlik\u00f6r L&#039;h\u00e9ritier-Guyot | Online Kaufen | My French Grocery\" \/>\n<meta property=\"og:description\" content=\"Dijon Johannisbeerlik\u00f6r L&#039;h\u00e9ritier-Guyot - 70 Cl Flasche - Alkoholgehalt 15% vol. - Die Flaggschiff-Referenz von L&#039;HERITIER-GUYOT bietet eine echte Cassis-Creme aus Dijon sehr Gourmet mit einem s\u00fc\u00dfen und w\u00fcrzigen Geschmack.\" \/>\n<meta property=\"og:url\" content=\"https:\/\/my-french-grocery.com\/de\/produkt\/dijon-johannisbeerlikor-lheritier-guyot\/\" \/>\n<meta property=\"og:site_name\" content=\"My French Grocery\" \/>\n<meta property=\"article:publisher\" content=\"https:\/\/www.facebook.com\/myfrenchgrocery\/\" \/>\n<meta property=\"og:image\" content=\"https:\/\/my-french-grocery.com\/wp-content\/uploads\/2018\/05\/creme-cassis.jpg\" \/>\n\t<meta property=\"og:image:width\" content=\"1500\" \/>\n\t<meta property=\"og:image:height\" content=\"1500\" \/>\n\t<meta property=\"og:image:type\" content=\"image\/jpeg\" \/>\n<meta name=\"twitter:card\" content=\"summary_large_image\" \/>\n<script type=\"application\/ld+json\" class=\"yoast-schema-graph\">{\"@context\":\"https:\\\/\\\/schema.org\",\"@graph\":[{\"@type\":\"WebPage\",\"@id\":\"https:\\\/\\\/my-french-grocery.com\\\/de\\\/produkt\\\/dijon-johannisbeerlikor-lheritier-guyot\\\/\",\"url\":\"https:\\\/\\\/my-french-grocery.com\\\/de\\\/produkt\\\/dijon-johannisbeerlikor-lheritier-guyot\\\/\",\"name\":\"Dijon Johannisbeerlik\u00f6r L'h\u00e9ritier-Guyot | Online Kaufen | My French Grocery\",\"isPartOf\":{\"@id\":\"https:\\\/\\\/my-french-grocery.com\\\/de\\\/#website\"},\"primaryImageOfPage\":{\"@id\":\"https:\\\/\\\/my-french-grocery.com\\\/de\\\/produkt\\\/dijon-johannisbeerlikor-lheritier-guyot\\\/#primaryimage\"},\"image\":{\"@id\":\"https:\\\/\\\/my-french-grocery.com\\\/de\\\/produkt\\\/dijon-johannisbeerlikor-lheritier-guyot\\\/#primaryimage\"},\"thumbnailUrl\":\"https:\\\/\\\/my-french-grocery.com\\\/wp-content\\\/uploads\\\/2018\\\/05\\\/creme-cassis.jpg\",\"datePublished\":\"2018-05-12T13:01:49+00:00\",\"description\":\"Dijon Johannisbeerlik\u00f6r L'h\u00e9ritier-Guyot - 70 Cl Flasche - Alkoholgehalt 15% vol. - Die Flaggschiff-Referenz von L'HERITIER-GUYOT bietet eine echte Cassis-Creme aus Dijon sehr Gourmet mit einem s\u00fc\u00dfen und w\u00fcrzigen Geschmack.\",\"breadcrumb\":{\"@id\":\"https:\\\/\\\/my-french-grocery.com\\\/de\\\/produkt\\\/dijon-johannisbeerlikor-lheritier-guyot\\\/#breadcrumb\"},\"inLanguage\":\"de-DE\",\"potentialAction\":[{\"@type\":\"ReadAction\",\"target\":[\"https:\\\/\\\/my-french-grocery.com\\\/de\\\/produkt\\\/dijon-johannisbeerlikor-lheritier-guyot\\\/\"]}]},{\"@type\":\"ImageObject\",\"inLanguage\":\"de-DE\",\"@id\":\"https:\\\/\\\/my-french-grocery.com\\\/de\\\/produkt\\\/dijon-johannisbeerlikor-lheritier-guyot\\\/#primaryimage\",\"url\":\"https:\\\/\\\/my-french-grocery.com\\\/wp-content\\\/uploads\\\/2018\\\/05\\\/creme-cassis.jpg\",\"contentUrl\":\"https:\\\/\\\/my-french-grocery.com\\\/wp-content\\\/uploads\\\/2018\\\/05\\\/creme-cassis.jpg\",\"width\":1500,\"height\":1500,\"caption\":\"Dijon Johannisbeerlik\u00f6r L'h\u00e9ritier-Guyot\"},{\"@type\":\"BreadcrumbList\",\"@id\":\"https:\\\/\\\/my-french-grocery.com\\\/de\\\/produkt\\\/dijon-johannisbeerlikor-lheritier-guyot\\\/#breadcrumb\",\"itemListElement\":[{\"@type\":\"ListItem\",\"position\":1,\"name\":\"Home\",\"item\":\"https:\\\/\\\/my-french-grocery.com\\\/de\\\/shopping-seite\\\/\"},{\"@type\":\"ListItem\",\"position\":2,\"name\":\"Shop\",\"item\":\"https:\\\/\\\/my-french-grocery.com\\\/shop\\\/\"},{\"@type\":\"ListItem\",\"position\":3,\"name\":\"Aperitifs &amp; Digestifs\",\"item\":\"https:\\\/\\\/my-french-grocery.com\\\/de\\\/produkt-kategorie\\\/aperitifs-digestifs-de\\\/\"},{\"@type\":\"ListItem\",\"position\":4,\"name\":\"Dijon Johannisbeerlik\u00f6r L&#8217;h\u00e9ritier-Guyot\"}]},{\"@type\":\"WebSite\",\"@id\":\"https:\\\/\\\/my-french-grocery.com\\\/de\\\/#website\",\"url\":\"https:\\\/\\\/my-french-grocery.com\\\/de\\\/\",\"name\":\"My French Grocery\",\"description\":\"Your Online French Grocery  !\",\"publisher\":{\"@id\":\"https:\\\/\\\/my-french-grocery.com\\\/de\\\/#organization\"},\"potentialAction\":[{\"@type\":\"SearchAction\",\"target\":{\"@type\":\"EntryPoint\",\"urlTemplate\":\"https:\\\/\\\/my-french-grocery.com\\\/de\\\/?s={search_term_string}\"},\"query-input\":{\"@type\":\"PropertyValueSpecification\",\"valueRequired\":true,\"valueName\":\"search_term_string\"}}],\"inLanguage\":\"de-DE\"},{\"@type\":\"Organization\",\"@id\":\"https:\\\/\\\/my-french-grocery.com\\\/de\\\/#organization\",\"name\":\"MY FRENCH GROCERY\",\"url\":\"https:\\\/\\\/my-french-grocery.com\\\/de\\\/\",\"logo\":{\"@type\":\"ImageObject\",\"inLanguage\":\"de-DE\",\"@id\":\"https:\\\/\\\/my-french-grocery.com\\\/de\\\/#\\\/schema\\\/logo\\\/image\\\/\",\"url\":\"https:\\\/\\\/my-french-grocery.com\\\/wp-content\\\/uploads\\\/2021\\\/11\\\/My-French-Grocery-Online-French-Grocery.png\",\"contentUrl\":\"https:\\\/\\\/my-french-grocery.com\\\/wp-content\\\/uploads\\\/2021\\\/11\\\/My-French-Grocery-Online-French-Grocery.png\",\"width\":100,\"height\":100,\"caption\":\"MY FRENCH GROCERY\"},\"image\":{\"@id\":\"https:\\\/\\\/my-french-grocery.com\\\/de\\\/#\\\/schema\\\/logo\\\/image\\\/\"},\"sameAs\":[\"https:\\\/\\\/www.facebook.com\\\/myfrenchgrocery\\\/\"]}]}<\/script>\n<!-- \/ Yoast SEO plugin. -->","yoast_head_json":{"title":"Dijon Johannisbeerlik\u00f6r L'h\u00e9ritier-Guyot | Online Kaufen | My French Grocery","description":"Dijon Johannisbeerlik\u00f6r L'h\u00e9ritier-Guyot - 70 Cl Flasche - Alkoholgehalt 15% vol. - Die Flaggschiff-Referenz von L'HERITIER-GUYOT bietet eine echte Cassis-Creme aus Dijon sehr Gourmet mit einem s\u00fc\u00dfen und w\u00fcrzigen Geschmack.","robots":{"index":"index","follow":"follow","max-snippet":"max-snippet:-1","max-image-preview":"max-image-preview:large","max-video-preview":"max-video-preview:-1"},"canonical":"https:\/\/my-french-grocery.com\/de\/produkt\/dijon-johannisbeerlikor-lheritier-guyot\/","og_locale":"de_DE","og_type":"article","og_title":"Dijon Johannisbeerlik\u00f6r L'h\u00e9ritier-Guyot | Online Kaufen | My French Grocery","og_description":"Dijon Johannisbeerlik\u00f6r L'h\u00e9ritier-Guyot - 70 Cl Flasche - Alkoholgehalt 15% vol. - Die Flaggschiff-Referenz von L'HERITIER-GUYOT bietet eine echte Cassis-Creme aus Dijon sehr Gourmet mit einem s\u00fc\u00dfen und w\u00fcrzigen Geschmack.","og_url":"https:\/\/my-french-grocery.com\/de\/produkt\/dijon-johannisbeerlikor-lheritier-guyot\/","og_site_name":"My French Grocery","article_publisher":"https:\/\/www.facebook.com\/myfrenchgrocery\/","og_image":[{"width":1500,"height":1500,"url":"https:\/\/my-french-grocery.com\/wp-content\/uploads\/2018\/05\/creme-cassis.jpg","type":"image\/jpeg"}],"twitter_card":"summary_large_image","schema":{"@context":"https:\/\/schema.org","@graph":[{"@type":"WebPage","@id":"https:\/\/my-french-grocery.com\/de\/produkt\/dijon-johannisbeerlikor-lheritier-guyot\/","url":"https:\/\/my-french-grocery.com\/de\/produkt\/dijon-johannisbeerlikor-lheritier-guyot\/","name":"Dijon Johannisbeerlik\u00f6r L'h\u00e9ritier-Guyot | Online Kaufen | My French Grocery","isPartOf":{"@id":"https:\/\/my-french-grocery.com\/de\/#website"},"primaryImageOfPage":{"@id":"https:\/\/my-french-grocery.com\/de\/produkt\/dijon-johannisbeerlikor-lheritier-guyot\/#primaryimage"},"image":{"@id":"https:\/\/my-french-grocery.com\/de\/produkt\/dijon-johannisbeerlikor-lheritier-guyot\/#primaryimage"},"thumbnailUrl":"https:\/\/my-french-grocery.com\/wp-content\/uploads\/2018\/05\/creme-cassis.jpg","datePublished":"2018-05-12T13:01:49+00:00","description":"Dijon Johannisbeerlik\u00f6r L'h\u00e9ritier-Guyot - 70 Cl Flasche - Alkoholgehalt 15% vol. - Die Flaggschiff-Referenz von L'HERITIER-GUYOT bietet eine echte Cassis-Creme aus Dijon sehr Gourmet mit einem s\u00fc\u00dfen und w\u00fcrzigen Geschmack.","breadcrumb":{"@id":"https:\/\/my-french-grocery.com\/de\/produkt\/dijon-johannisbeerlikor-lheritier-guyot\/#breadcrumb"},"inLanguage":"de-DE","potentialAction":[{"@type":"ReadAction","target":["https:\/\/my-french-grocery.com\/de\/produkt\/dijon-johannisbeerlikor-lheritier-guyot\/"]}]},{"@type":"ImageObject","inLanguage":"de-DE","@id":"https:\/\/my-french-grocery.com\/de\/produkt\/dijon-johannisbeerlikor-lheritier-guyot\/#primaryimage","url":"https:\/\/my-french-grocery.com\/wp-content\/uploads\/2018\/05\/creme-cassis.jpg","contentUrl":"https:\/\/my-french-grocery.com\/wp-content\/uploads\/2018\/05\/creme-cassis.jpg","width":1500,"height":1500,"caption":"Dijon Johannisbeerlik\u00f6r L'h\u00e9ritier-Guyot"},{"@type":"BreadcrumbList","@id":"https:\/\/my-french-grocery.com\/de\/produkt\/dijon-johannisbeerlikor-lheritier-guyot\/#breadcrumb","itemListElement":[{"@type":"ListItem","position":1,"name":"Home","item":"https:\/\/my-french-grocery.com\/de\/shopping-seite\/"},{"@type":"ListItem","position":2,"name":"Shop","item":"https:\/\/my-french-grocery.com\/shop\/"},{"@type":"ListItem","position":3,"name":"Aperitifs &amp; Digestifs","item":"https:\/\/my-french-grocery.com\/de\/produkt-kategorie\/aperitifs-digestifs-de\/"},{"@type":"ListItem","position":4,"name":"Dijon Johannisbeerlik\u00f6r L&#8217;h\u00e9ritier-Guyot"}]},{"@type":"WebSite","@id":"https:\/\/my-french-grocery.com\/de\/#website","url":"https:\/\/my-french-grocery.com\/de\/","name":"My French Grocery","description":"Your Online French Grocery  !","publisher":{"@id":"https:\/\/my-french-grocery.com\/de\/#organization"},"potentialAction":[{"@type":"SearchAction","target":{"@type":"EntryPoint","urlTemplate":"https:\/\/my-french-grocery.com\/de\/?s={search_term_string}"},"query-input":{"@type":"PropertyValueSpecification","valueRequired":true,"valueName":"search_term_string"}}],"inLanguage":"de-DE"},{"@type":"Organization","@id":"https:\/\/my-french-grocery.com\/de\/#organization","name":"MY FRENCH GROCERY","url":"https:\/\/my-french-grocery.com\/de\/","logo":{"@type":"ImageObject","inLanguage":"de-DE","@id":"https:\/\/my-french-grocery.com\/de\/#\/schema\/logo\/image\/","url":"https:\/\/my-french-grocery.com\/wp-content\/uploads\/2021\/11\/My-French-Grocery-Online-French-Grocery.png","contentUrl":"https:\/\/my-french-grocery.com\/wp-content\/uploads\/2021\/11\/My-French-Grocery-Online-French-Grocery.png","width":100,"height":100,"caption":"MY FRENCH GROCERY"},"image":{"@id":"https:\/\/my-french-grocery.com\/de\/#\/schema\/logo\/image\/"},"sameAs":["https:\/\/www.facebook.com\/myfrenchgrocery\/"]}]}},"brands":[],"_links":{"self":[{"href":"https:\/\/my-french-grocery.com\/de\/wp-json\/wp\/v2\/product\/18155","targetHints":{"allow":["GET"]}}],"collection":[{"href":"https:\/\/my-french-grocery.com\/de\/wp-json\/wp\/v2\/product"}],"about":[{"href":"https:\/\/my-french-grocery.com\/de\/wp-json\/wp\/v2\/types\/product"}],"replies":[{"embeddable":true,"href":"https:\/\/my-french-grocery.com\/de\/wp-json\/wp\/v2\/comments?post=18155"}],"wp:featuredmedia":[{"embeddable":true,"href":"https:\/\/my-french-grocery.com\/de\/wp-json\/wp\/v2\/media\/18156"}],"wp:attachment":[{"href":"https:\/\/my-french-grocery.com\/de\/wp-json\/wp\/v2\/media?parent=18155"}],"wp:term":[{"taxonomy":"pwb-brand","embeddable":true,"href":"https:\/\/my-french-grocery.com\/de\/wp-json\/wp\/v2\/pwb-brand?post=18155"},{"taxonomy":"product_brand","embeddable":true,"href":"https:\/\/my-french-grocery.com\/de\/wp-json\/wp\/v2\/product_brand?post=18155"},{"taxonomy":"product_cat","embeddable":true,"href":"https:\/\/my-french-grocery.com\/de\/wp-json\/wp\/v2\/product_cat?post=18155"},{"taxonomy":"product_tag","embeddable":true,"href":"https:\/\/my-french-grocery.com\/de\/wp-json\/wp\/v2\/product_tag?post=18155"}],"curies":[{"name":"wp","href":"https:\/\/api.w.org\/{rel}","templated":true}]}}