{"id":18286,"date":"2018-05-26T14:42:47","date_gmt":"2018-05-26T12:42:47","guid":{"rendered":"https:\/\/my-french-grocery.com\/product\/bonne-maman-aprikosenmarmelade\/"},"modified":"2018-05-26T14:42:47","modified_gmt":"2018-05-26T12:42:47","slug":"bonne-maman-aprikosenmarmelade","status":"publish","type":"product","link":"https:\/\/my-french-grocery.com\/de\/produkt\/bonne-maman-aprikosenmarmelade\/","title":{"rendered":"Bonne Maman Aprikosenmarmelade"},"content":{"rendered":"<p>Bonne Maman Aprikosenmarmelade<\/p>\n<p>370 g Glas<\/p>\n<p>Bonne Maman bietet Ihnen dank seines unnachahmlichen Know-hows und der Qualit\u00e4t seiner Zutaten das Beste durch authentische und Gourmet-Rezepte, ganz einfach zu Ihrem gr\u00f6\u00dften Vergn\u00fcgen<\/p>\n","protected":false},"excerpt":{"rendered":"<p>Bonne Maman Aprikosenmarmelade<\/p>\n<p>370 g Glas<\/p>\n","protected":false},"featured_media":18287,"comment_status":"open","ping_status":"closed","template":"","meta":[],"pwb-brand":[2185],"product_brand":[],"product_cat":[2186],"product_tag":[],"class_list":{"0":"post-18286","1":"product","2":"type-product","3":"status-publish","4":"has-post-thumbnail","6":"pwb-brand-bonne-maman-de","7":"product_cat-marmelade","8":"product_shipping_class-internationaler-versand","10":"first","11":"instock","12":"taxable","13":"shipping-taxable","14":"purchasable","15":"product-type-simple"},"brands":[{"id":2185,"name":"Bonne Maman","slug":"bonne-maman-de"}],"_links":{"self":[{"href":"https:\/\/my-french-grocery.com\/de\/wp-json\/wp\/v2\/product\/18286","targetHints":{"allow":["GET"]}}],"collection":[{"href":"https:\/\/my-french-grocery.com\/de\/wp-json\/wp\/v2\/product"}],"about":[{"href":"https:\/\/my-french-grocery.com\/de\/wp-json\/wp\/v2\/types\/product"}],"replies":[{"embeddable":true,"href":"https:\/\/my-french-grocery.com\/de\/wp-json\/wp\/v2\/comments?post=18286"}],"wp:featuredmedia":[{"embeddable":true,"href":"https:\/\/my-french-grocery.com\/de\/wp-json\/wp\/v2\/media\/18287"}],"wp:attachment":[{"href":"https:\/\/my-french-grocery.com\/de\/wp-json\/wp\/v2\/media?parent=18286"}],"wp:term":[{"taxonomy":"pwb-brand","embeddable":true,"href":"https:\/\/my-french-grocery.com\/de\/wp-json\/wp\/v2\/pwb-brand?post=18286"},{"taxonomy":"product_brand","embeddable":true,"href":"https:\/\/my-french-grocery.com\/de\/wp-json\/wp\/v2\/product_brand?post=18286"},{"taxonomy":"product_cat","embeddable":true,"href":"https:\/\/my-french-grocery.com\/de\/wp-json\/wp\/v2\/product_cat?post=18286"},{"taxonomy":"product_tag","embeddable":true,"href":"https:\/\/my-french-grocery.com\/de\/wp-json\/wp\/v2\/product_tag?post=18286"}],"curies":[{"name":"wp","href":"https:\/\/api.w.org\/{rel}","templated":true}]}}