{"id":18295,"date":"2018-05-26T15:16:41","date_gmt":"2018-05-26T13:16:41","guid":{"rendered":"https:\/\/my-french-grocery.com\/product\/lune-de-miel\/"},"modified":"2018-05-26T15:16:41","modified_gmt":"2018-05-26T13:16:41","slug":"lune-de-miel","status":"publish","type":"product","link":"https:\/\/my-french-grocery.com\/de\/produkt\/lune-de-miel\/","title":{"rendered":"Lune de Miel Akazienhonig"},"content":{"rendered":"<p>Lune de Miel Akazienhonig<\/p>\n<p>375 g Glas<\/p>\n<p><span>Akazienhonig ist ein sehr s\u00fc\u00dfer Honig, der von allen gesch\u00e4tzt wird.\u00a0<\/span><span>Sie werden seiner sehr leuchtenden Farbe sowie seinen zart blumigen Noten und seinem s\u00fc\u00dfen und zarten Duft erliegen.<\/span><\/p>\n","protected":false},"excerpt":{"rendered":"<p>Lune de Miel Akazienhonig<\/p>\n<p>375 g Glas<\/p>\n","protected":false},"featured_media":18296,"comment_status":"open","ping_status":"closed","template":"","meta":[],"pwb-brand":[],"product_brand":[],"product_cat":[2252],"product_tag":[],"class_list":{"0":"post-18295","1":"product","2":"type-product","3":"status-publish","4":"has-post-thumbnail","6":"product_cat-honig","7":"product_shipping_class-internationaler-versand","9":"first","10":"instock","11":"taxable","12":"shipping-taxable","13":"purchasable","14":"product-type-simple"},"brands":[],"_links":{"self":[{"href":"https:\/\/my-french-grocery.com\/de\/wp-json\/wp\/v2\/product\/18295","targetHints":{"allow":["GET"]}}],"collection":[{"href":"https:\/\/my-french-grocery.com\/de\/wp-json\/wp\/v2\/product"}],"about":[{"href":"https:\/\/my-french-grocery.com\/de\/wp-json\/wp\/v2\/types\/product"}],"replies":[{"embeddable":true,"href":"https:\/\/my-french-grocery.com\/de\/wp-json\/wp\/v2\/comments?post=18295"}],"wp:featuredmedia":[{"embeddable":true,"href":"https:\/\/my-french-grocery.com\/de\/wp-json\/wp\/v2\/media\/18296"}],"wp:attachment":[{"href":"https:\/\/my-french-grocery.com\/de\/wp-json\/wp\/v2\/media?parent=18295"}],"wp:term":[{"taxonomy":"pwb-brand","embeddable":true,"href":"https:\/\/my-french-grocery.com\/de\/wp-json\/wp\/v2\/pwb-brand?post=18295"},{"taxonomy":"product_brand","embeddable":true,"href":"https:\/\/my-french-grocery.com\/de\/wp-json\/wp\/v2\/product_brand?post=18295"},{"taxonomy":"product_cat","embeddable":true,"href":"https:\/\/my-french-grocery.com\/de\/wp-json\/wp\/v2\/product_cat?post=18295"},{"taxonomy":"product_tag","embeddable":true,"href":"https:\/\/my-french-grocery.com\/de\/wp-json\/wp\/v2\/product_tag?post=18295"}],"curies":[{"name":"wp","href":"https:\/\/api.w.org\/{rel}","templated":true}]}}