{"id":18318,"date":"2018-05-29T16:11:23","date_gmt":"2018-05-29T14:11:23","guid":{"rendered":"https:\/\/my-french-grocery.com\/product\/maille-minigurken\/"},"modified":"2018-05-29T16:11:23","modified_gmt":"2018-05-29T14:11:23","slug":"maille-minigurken","status":"publish","type":"product","link":"https:\/\/my-french-grocery.com\/de\/produkt\/maille-minigurken\/","title":{"rendered":"Maille Minigurken"},"content":{"rendered":"<p>Maille Minigurken<\/p>\n<p>370g Glas<\/p>\n<p><span>Die speziellen kleinen Gurken von Maison Maille gleichen den Geschmack einer Fleischterrine, einer guten Pastete und K\u00e4se perfekt aus.<\/span><\/p>\n<p><span>Traumbegleiter f\u00fcr den Snack unterwegs, schm\u00fccken und versch\u00f6nern sie gerne einen Teller Salami oder Rohschinken.<\/span><\/p>\n<p><span>Mit ihren frischen und k\u00f6stlichen Aromen k\u00f6nnen sie zu einem Steak-Tartar, einer Gribiche-Sauce oder einem Kartoffelsalat genossen werden.<\/span><\/p>\n","protected":false},"excerpt":{"rendered":"<p>Maille Minigurken<\/p>\n<p>370g Glas<\/p>\n","protected":false},"featured_media":18319,"comment_status":"open","ping_status":"closed","template":"","meta":[],"pwb-brand":[2177],"product_brand":[],"product_cat":[2141],"product_tag":[],"class_list":{"0":"post-18318","1":"product","2":"type-product","3":"status-publish","4":"has-post-thumbnail","6":"pwb-brand-maille-de","7":"product_cat-gewurze","8":"product_shipping_class-internationaler-versand","10":"first","11":"instock","12":"taxable","13":"shipping-taxable","14":"purchasable","15":"product-type-simple"},"brands":[{"id":2177,"name":"Maille","slug":"maille-de"}],"_links":{"self":[{"href":"https:\/\/my-french-grocery.com\/de\/wp-json\/wp\/v2\/product\/18318","targetHints":{"allow":["GET"]}}],"collection":[{"href":"https:\/\/my-french-grocery.com\/de\/wp-json\/wp\/v2\/product"}],"about":[{"href":"https:\/\/my-french-grocery.com\/de\/wp-json\/wp\/v2\/types\/product"}],"replies":[{"embeddable":true,"href":"https:\/\/my-french-grocery.com\/de\/wp-json\/wp\/v2\/comments?post=18318"}],"wp:featuredmedia":[{"embeddable":true,"href":"https:\/\/my-french-grocery.com\/de\/wp-json\/wp\/v2\/media\/18319"}],"wp:attachment":[{"href":"https:\/\/my-french-grocery.com\/de\/wp-json\/wp\/v2\/media?parent=18318"}],"wp:term":[{"taxonomy":"pwb-brand","embeddable":true,"href":"https:\/\/my-french-grocery.com\/de\/wp-json\/wp\/v2\/pwb-brand?post=18318"},{"taxonomy":"product_brand","embeddable":true,"href":"https:\/\/my-french-grocery.com\/de\/wp-json\/wp\/v2\/product_brand?post=18318"},{"taxonomy":"product_cat","embeddable":true,"href":"https:\/\/my-french-grocery.com\/de\/wp-json\/wp\/v2\/product_cat?post=18318"},{"taxonomy":"product_tag","embeddable":true,"href":"https:\/\/my-french-grocery.com\/de\/wp-json\/wp\/v2\/product_tag?post=18318"}],"curies":[{"name":"wp","href":"https:\/\/api.w.org\/{rel}","templated":true}]}}