{"id":18376,"date":"2018-06-09T16:38:43","date_gmt":"2018-06-09T14:38:43","guid":{"rendered":"https:\/\/my-french-grocery.com\/product\/le-savoureux-thunfisch-in-olivenol\/"},"modified":"2025-05-27T15:27:21","modified_gmt":"2025-05-27T13:27:21","slug":"le-savoureux-thunfisch-in-olivenol","status":"publish","type":"product","link":"https:\/\/my-french-grocery.com\/de\/produkt\/le-savoureux-thunfisch-in-olivenol\/","title":{"rendered":"Le Savoureux Thunfisch In Oliven\u00f6l"},"content":{"rendered":"<p>Le Savoureux Thunfisch In Oliven\u00f6l<\/p>\n<p>Schachtel mit 104 g netto abgetropft<\/p>\n<p>Als \u00e4lteste Sardinenkonservenfabrik der Welt kombiniert Conn\u00e9table seit 1853 Qualit\u00e4tsfisch mit feinen und abwechslungsreichen Rezepten, um Feinschmeckern immer k\u00f6stlichere Produkte anzubieten.<\/p>\n","protected":false},"excerpt":{"rendered":"<p>Le Savoureux Thunfisch In Oliven\u00f6l<\/p>\n<p>Schachtel mit 104 g netto abgetropft<\/p>\n","protected":false},"featured_media":18377,"comment_status":"open","ping_status":"closed","template":"","meta":[],"pwb-brand":[2292],"product_brand":[],"product_cat":[2255],"product_tag":[],"class_list":{"0":"post-18376","1":"product","2":"type-product","3":"status-publish","4":"has-post-thumbnail","6":"pwb-brand-connetable-de","7":"product_cat-meeresprodukte","8":"product_shipping_class-internationaler-versand","10":"first","11":"instock","12":"taxable","13":"shipping-taxable","14":"purchasable","15":"product-type-simple"},"yoast_head":"<!-- This site is optimized with the Yoast SEO plugin v27.3 - https:\/\/yoast.com\/product\/yoast-seo-wordpress\/ -->\n<title>Le Savoureux Thunfisch In Oliven\u00f6l | Online Kaufen | My French Grocery<\/title>\n<meta name=\"description\" content=\"Le Savoureux Thunfisch In Oliven\u00f6l - Schachtel mit 104 g netto abgetropft\" \/>\n<meta name=\"robots\" content=\"index, follow, max-snippet:-1, max-image-preview:large, max-video-preview:-1\" \/>\n<link rel=\"canonical\" href=\"https:\/\/my-french-grocery.com\/de\/produkt\/le-savoureux-thunfisch-in-olivenol\/\" \/>\n<meta property=\"og:locale\" content=\"de_DE\" \/>\n<meta property=\"og:type\" content=\"article\" \/>\n<meta property=\"og:title\" content=\"Le Savoureux Thunfisch In Oliven\u00f6l | Online Kaufen | My French Grocery\" \/>\n<meta property=\"og:description\" content=\"Le Savoureux Thunfisch In Oliven\u00f6l - Schachtel mit 104 g netto abgetropft\" \/>\n<meta property=\"og:url\" content=\"https:\/\/my-french-grocery.com\/de\/produkt\/le-savoureux-thunfisch-in-olivenol\/\" \/>\n<meta property=\"og:site_name\" content=\"My French Grocery\" \/>\n<meta property=\"article:publisher\" content=\"https:\/\/www.facebook.com\/myfrenchgrocery\/\" \/>\n<meta property=\"article:modified_time\" content=\"2025-05-27T13:27:21+00:00\" \/>\n<meta property=\"og:image\" content=\"https:\/\/my-french-grocery.com\/wp-content\/uploads\/2018\/06\/THON-SAVOUREUX.jpg\" \/>\n\t<meta property=\"og:image:width\" content=\"1500\" \/>\n\t<meta property=\"og:image:height\" content=\"1500\" \/>\n\t<meta property=\"og:image:type\" content=\"image\/jpeg\" \/>\n<meta name=\"twitter:card\" content=\"summary_large_image\" \/>\n<script type=\"application\/ld+json\" class=\"yoast-schema-graph\">{\"@context\":\"https:\\\/\\\/schema.org\",\"@graph\":[{\"@type\":\"WebPage\",\"@id\":\"https:\\\/\\\/my-french-grocery.com\\\/de\\\/produkt\\\/le-savoureux-thunfisch-in-olivenol\\\/\",\"url\":\"https:\\\/\\\/my-french-grocery.com\\\/de\\\/produkt\\\/le-savoureux-thunfisch-in-olivenol\\\/\",\"name\":\"Le Savoureux Thunfisch In Oliven\u00f6l | Online Kaufen | My French Grocery\",\"isPartOf\":{\"@id\":\"https:\\\/\\\/my-french-grocery.com\\\/#website\"},\"primaryImageOfPage\":{\"@id\":\"https:\\\/\\\/my-french-grocery.com\\\/de\\\/produkt\\\/le-savoureux-thunfisch-in-olivenol\\\/#primaryimage\"},\"image\":{\"@id\":\"https:\\\/\\\/my-french-grocery.com\\\/de\\\/produkt\\\/le-savoureux-thunfisch-in-olivenol\\\/#primaryimage\"},\"thumbnailUrl\":\"https:\\\/\\\/my-french-grocery.com\\\/wp-content\\\/uploads\\\/2018\\\/06\\\/THON-SAVOUREUX.jpg\",\"datePublished\":\"2018-06-09T14:38:43+00:00\",\"dateModified\":\"2025-05-27T13:27:21+00:00\",\"description\":\"Le Savoureux Thunfisch In Oliven\u00f6l - Schachtel mit 104 g netto abgetropft\",\"breadcrumb\":{\"@id\":\"https:\\\/\\\/my-french-grocery.com\\\/de\\\/produkt\\\/le-savoureux-thunfisch-in-olivenol\\\/#breadcrumb\"},\"inLanguage\":\"de-DE\",\"potentialAction\":[{\"@type\":\"ReadAction\",\"target\":[\"https:\\\/\\\/my-french-grocery.com\\\/de\\\/produkt\\\/le-savoureux-thunfisch-in-olivenol\\\/\"]}]},{\"@type\":\"ImageObject\",\"inLanguage\":\"de-DE\",\"@id\":\"https:\\\/\\\/my-french-grocery.com\\\/de\\\/produkt\\\/le-savoureux-thunfisch-in-olivenol\\\/#primaryimage\",\"url\":\"https:\\\/\\\/my-french-grocery.com\\\/wp-content\\\/uploads\\\/2018\\\/06\\\/THON-SAVOUREUX.jpg\",\"contentUrl\":\"https:\\\/\\\/my-french-grocery.com\\\/wp-content\\\/uploads\\\/2018\\\/06\\\/THON-SAVOUREUX.jpg\",\"width\":1500,\"height\":1500,\"caption\":\"Le Savoureux Thunfisch In Oliven\u00f6l\"},{\"@type\":\"BreadcrumbList\",\"@id\":\"https:\\\/\\\/my-french-grocery.com\\\/de\\\/produkt\\\/le-savoureux-thunfisch-in-olivenol\\\/#breadcrumb\",\"itemListElement\":[{\"@type\":\"ListItem\",\"position\":1,\"name\":\"Home\",\"item\":\"https:\\\/\\\/my-french-grocery.com\\\/de\\\/shopping-seite\\\/\"},{\"@type\":\"ListItem\",\"position\":2,\"name\":\"Shop\",\"item\":\"https:\\\/\\\/my-french-grocery.com\\\/shop\\\/\"},{\"@type\":\"ListItem\",\"position\":3,\"name\":\"Meeresprodukte\",\"item\":\"https:\\\/\\\/my-french-grocery.com\\\/de\\\/produkt-kategorie\\\/meeresprodukte\\\/\"},{\"@type\":\"ListItem\",\"position\":4,\"name\":\"Le Savoureux Thunfisch In Oliven\u00f6l\"}]},{\"@type\":\"WebSite\",\"@id\":\"https:\\\/\\\/my-french-grocery.com\\\/#website\",\"url\":\"https:\\\/\\\/my-french-grocery.com\\\/\",\"name\":\"My French Grocery\",\"description\":\"Your Online French Grocery  !\",\"publisher\":{\"@id\":\"https:\\\/\\\/my-french-grocery.com\\\/#organization\"},\"potentialAction\":[{\"@type\":\"SearchAction\",\"target\":{\"@type\":\"EntryPoint\",\"urlTemplate\":\"https:\\\/\\\/my-french-grocery.com\\\/?s={search_term_string}\"},\"query-input\":{\"@type\":\"PropertyValueSpecification\",\"valueRequired\":true,\"valueName\":\"search_term_string\"}}],\"inLanguage\":\"de-DE\"},{\"@type\":\"Organization\",\"@id\":\"https:\\\/\\\/my-french-grocery.com\\\/#organization\",\"name\":\"MY FRENCH GROCERY\",\"url\":\"https:\\\/\\\/my-french-grocery.com\\\/\",\"logo\":{\"@type\":\"ImageObject\",\"inLanguage\":\"de-DE\",\"@id\":\"https:\\\/\\\/my-french-grocery.com\\\/#\\\/schema\\\/logo\\\/image\\\/\",\"url\":\"https:\\\/\\\/my-french-grocery.com\\\/wp-content\\\/uploads\\\/2021\\\/11\\\/My-French-Grocery-Online-French-Grocery.png\",\"contentUrl\":\"https:\\\/\\\/my-french-grocery.com\\\/wp-content\\\/uploads\\\/2021\\\/11\\\/My-French-Grocery-Online-French-Grocery.png\",\"width\":100,\"height\":100,\"caption\":\"MY FRENCH GROCERY\"},\"image\":{\"@id\":\"https:\\\/\\\/my-french-grocery.com\\\/#\\\/schema\\\/logo\\\/image\\\/\"},\"sameAs\":[\"https:\\\/\\\/www.facebook.com\\\/myfrenchgrocery\\\/\"]}]}<\/script>\n<!-- \/ Yoast SEO plugin. -->","yoast_head_json":{"title":"Le Savoureux Thunfisch In Oliven\u00f6l | Online Kaufen | My French Grocery","description":"Le Savoureux Thunfisch In Oliven\u00f6l - Schachtel mit 104 g netto abgetropft","robots":{"index":"index","follow":"follow","max-snippet":"max-snippet:-1","max-image-preview":"max-image-preview:large","max-video-preview":"max-video-preview:-1"},"canonical":"https:\/\/my-french-grocery.com\/de\/produkt\/le-savoureux-thunfisch-in-olivenol\/","og_locale":"de_DE","og_type":"article","og_title":"Le Savoureux Thunfisch In Oliven\u00f6l | Online Kaufen | My French Grocery","og_description":"Le Savoureux Thunfisch In Oliven\u00f6l - Schachtel mit 104 g netto abgetropft","og_url":"https:\/\/my-french-grocery.com\/de\/produkt\/le-savoureux-thunfisch-in-olivenol\/","og_site_name":"My French Grocery","article_publisher":"https:\/\/www.facebook.com\/myfrenchgrocery\/","article_modified_time":"2025-05-27T13:27:21+00:00","og_image":[{"width":1500,"height":1500,"url":"https:\/\/my-french-grocery.com\/wp-content\/uploads\/2018\/06\/THON-SAVOUREUX.jpg","type":"image\/jpeg"}],"twitter_card":"summary_large_image","schema":{"@context":"https:\/\/schema.org","@graph":[{"@type":"WebPage","@id":"https:\/\/my-french-grocery.com\/de\/produkt\/le-savoureux-thunfisch-in-olivenol\/","url":"https:\/\/my-french-grocery.com\/de\/produkt\/le-savoureux-thunfisch-in-olivenol\/","name":"Le Savoureux Thunfisch In Oliven\u00f6l | Online Kaufen | My French Grocery","isPartOf":{"@id":"https:\/\/my-french-grocery.com\/#website"},"primaryImageOfPage":{"@id":"https:\/\/my-french-grocery.com\/de\/produkt\/le-savoureux-thunfisch-in-olivenol\/#primaryimage"},"image":{"@id":"https:\/\/my-french-grocery.com\/de\/produkt\/le-savoureux-thunfisch-in-olivenol\/#primaryimage"},"thumbnailUrl":"https:\/\/my-french-grocery.com\/wp-content\/uploads\/2018\/06\/THON-SAVOUREUX.jpg","datePublished":"2018-06-09T14:38:43+00:00","dateModified":"2025-05-27T13:27:21+00:00","description":"Le Savoureux Thunfisch In Oliven\u00f6l - Schachtel mit 104 g netto abgetropft","breadcrumb":{"@id":"https:\/\/my-french-grocery.com\/de\/produkt\/le-savoureux-thunfisch-in-olivenol\/#breadcrumb"},"inLanguage":"de-DE","potentialAction":[{"@type":"ReadAction","target":["https:\/\/my-french-grocery.com\/de\/produkt\/le-savoureux-thunfisch-in-olivenol\/"]}]},{"@type":"ImageObject","inLanguage":"de-DE","@id":"https:\/\/my-french-grocery.com\/de\/produkt\/le-savoureux-thunfisch-in-olivenol\/#primaryimage","url":"https:\/\/my-french-grocery.com\/wp-content\/uploads\/2018\/06\/THON-SAVOUREUX.jpg","contentUrl":"https:\/\/my-french-grocery.com\/wp-content\/uploads\/2018\/06\/THON-SAVOUREUX.jpg","width":1500,"height":1500,"caption":"Le Savoureux Thunfisch In Oliven\u00f6l"},{"@type":"BreadcrumbList","@id":"https:\/\/my-french-grocery.com\/de\/produkt\/le-savoureux-thunfisch-in-olivenol\/#breadcrumb","itemListElement":[{"@type":"ListItem","position":1,"name":"Home","item":"https:\/\/my-french-grocery.com\/de\/shopping-seite\/"},{"@type":"ListItem","position":2,"name":"Shop","item":"https:\/\/my-french-grocery.com\/shop\/"},{"@type":"ListItem","position":3,"name":"Meeresprodukte","item":"https:\/\/my-french-grocery.com\/de\/produkt-kategorie\/meeresprodukte\/"},{"@type":"ListItem","position":4,"name":"Le Savoureux Thunfisch In Oliven\u00f6l"}]},{"@type":"WebSite","@id":"https:\/\/my-french-grocery.com\/#website","url":"https:\/\/my-french-grocery.com\/","name":"My French Grocery","description":"Your Online French Grocery  !","publisher":{"@id":"https:\/\/my-french-grocery.com\/#organization"},"potentialAction":[{"@type":"SearchAction","target":{"@type":"EntryPoint","urlTemplate":"https:\/\/my-french-grocery.com\/?s={search_term_string}"},"query-input":{"@type":"PropertyValueSpecification","valueRequired":true,"valueName":"search_term_string"}}],"inLanguage":"de-DE"},{"@type":"Organization","@id":"https:\/\/my-french-grocery.com\/#organization","name":"MY FRENCH GROCERY","url":"https:\/\/my-french-grocery.com\/","logo":{"@type":"ImageObject","inLanguage":"de-DE","@id":"https:\/\/my-french-grocery.com\/#\/schema\/logo\/image\/","url":"https:\/\/my-french-grocery.com\/wp-content\/uploads\/2021\/11\/My-French-Grocery-Online-French-Grocery.png","contentUrl":"https:\/\/my-french-grocery.com\/wp-content\/uploads\/2021\/11\/My-French-Grocery-Online-French-Grocery.png","width":100,"height":100,"caption":"MY FRENCH GROCERY"},"image":{"@id":"https:\/\/my-french-grocery.com\/#\/schema\/logo\/image\/"},"sameAs":["https:\/\/www.facebook.com\/myfrenchgrocery\/"]}]}},"brands":[{"id":2292,"name":"Conn\u00e9table","slug":"connetable-de"}],"_links":{"self":[{"href":"https:\/\/my-french-grocery.com\/de\/wp-json\/wp\/v2\/product\/18376","targetHints":{"allow":["GET"]}}],"collection":[{"href":"https:\/\/my-french-grocery.com\/de\/wp-json\/wp\/v2\/product"}],"about":[{"href":"https:\/\/my-french-grocery.com\/de\/wp-json\/wp\/v2\/types\/product"}],"replies":[{"embeddable":true,"href":"https:\/\/my-french-grocery.com\/de\/wp-json\/wp\/v2\/comments?post=18376"}],"wp:featuredmedia":[{"embeddable":true,"href":"https:\/\/my-french-grocery.com\/de\/wp-json\/wp\/v2\/media\/18377"}],"wp:attachment":[{"href":"https:\/\/my-french-grocery.com\/de\/wp-json\/wp\/v2\/media?parent=18376"}],"wp:term":[{"taxonomy":"pwb-brand","embeddable":true,"href":"https:\/\/my-french-grocery.com\/de\/wp-json\/wp\/v2\/pwb-brand?post=18376"},{"taxonomy":"product_brand","embeddable":true,"href":"https:\/\/my-french-grocery.com\/de\/wp-json\/wp\/v2\/product_brand?post=18376"},{"taxonomy":"product_cat","embeddable":true,"href":"https:\/\/my-french-grocery.com\/de\/wp-json\/wp\/v2\/product_cat?post=18376"},{"taxonomy":"product_tag","embeddable":true,"href":"https:\/\/my-french-grocery.com\/de\/wp-json\/wp\/v2\/product_tag?post=18376"}],"curies":[{"name":"wp","href":"https:\/\/api.w.org\/{rel}","templated":true}]}}