{"id":18406,"date":"2018-06-19T15:30:50","date_gmt":"2018-06-19T13:30:50","guid":{"rendered":"https:\/\/my-french-grocery.com\/product\/bordeaux-superieur-chateau-picon\/"},"modified":"2018-06-19T15:30:50","modified_gmt":"2018-06-19T13:30:50","slug":"bordeaux-superieur-chateau-picon","status":"publish","type":"product","link":"https:\/\/my-french-grocery.com\/de\/produkt\/bordeaux-superieur-chateau-picon\/","title":{"rendered":"Bordeaux Sup\u00e9rieur Ch\u00e2teau Picon"},"content":{"rendered":"<p>Bordeaux Sup\u00e9rieur Ch\u00e2teau Picon<\/p>\n<p>75cl Flasche<\/p>\n<div class=\"regulated-name\">\n<p class=\"paragraph\"><span>Superior Bordeaux Rotwein Ch\u00e2teau Picon<\/span><\/p>\n<\/div>\n","protected":false},"excerpt":{"rendered":"<p>Bordeaux Sup\u00e9rieur Ch\u00e2teau Picon<\/p>\n<p>75cl Flasche<\/p>\n","protected":false},"featured_media":18407,"comment_status":"open","ping_status":"closed","template":"","meta":[],"pwb-brand":[],"product_brand":[],"product_cat":[2225],"product_tag":[2295,2294,2296,2297],"class_list":{"0":"post-18406","1":"product","2":"type-product","3":"status-publish","4":"has-post-thumbnail","6":"product_cat-bordeaux-suedwestliche-weine","7":"product_tag-bordeaux-de","8":"product_tag-franzosischer","9":"product_tag-rotwein","10":"product_tag-sudwesten","11":"product_shipping_class-internationaler-versand","13":"first","14":"instock","15":"taxable","16":"shipping-taxable","17":"purchasable","18":"product-type-simple"},"brands":[],"_links":{"self":[{"href":"https:\/\/my-french-grocery.com\/de\/wp-json\/wp\/v2\/product\/18406","targetHints":{"allow":["GET"]}}],"collection":[{"href":"https:\/\/my-french-grocery.com\/de\/wp-json\/wp\/v2\/product"}],"about":[{"href":"https:\/\/my-french-grocery.com\/de\/wp-json\/wp\/v2\/types\/product"}],"replies":[{"embeddable":true,"href":"https:\/\/my-french-grocery.com\/de\/wp-json\/wp\/v2\/comments?post=18406"}],"wp:featuredmedia":[{"embeddable":true,"href":"https:\/\/my-french-grocery.com\/de\/wp-json\/wp\/v2\/media\/18407"}],"wp:attachment":[{"href":"https:\/\/my-french-grocery.com\/de\/wp-json\/wp\/v2\/media?parent=18406"}],"wp:term":[{"taxonomy":"pwb-brand","embeddable":true,"href":"https:\/\/my-french-grocery.com\/de\/wp-json\/wp\/v2\/pwb-brand?post=18406"},{"taxonomy":"product_brand","embeddable":true,"href":"https:\/\/my-french-grocery.com\/de\/wp-json\/wp\/v2\/product_brand?post=18406"},{"taxonomy":"product_cat","embeddable":true,"href":"https:\/\/my-french-grocery.com\/de\/wp-json\/wp\/v2\/product_cat?post=18406"},{"taxonomy":"product_tag","embeddable":true,"href":"https:\/\/my-french-grocery.com\/de\/wp-json\/wp\/v2\/product_tag?post=18406"}],"curies":[{"name":"wp","href":"https:\/\/api.w.org\/{rel}","templated":true}]}}