{"id":18738,"date":"2018-07-24T17:58:32","date_gmt":"2018-07-24T15:58:32","guid":{"rendered":"https:\/\/my-french-grocery.com\/product\/dunkle-schokolade-mit-haselnusse-cote-dor\/"},"modified":"2018-07-24T17:58:32","modified_gmt":"2018-07-24T15:58:32","slug":"dunkle-schokolade-mit-haselnusse-cote-dor","status":"publish","type":"product","link":"https:\/\/my-french-grocery.com\/de\/produkt\/dunkle-schokolade-mit-haselnusse-cote-dor\/","title":{"rendered":"Dunkle Schokolade Mit Haseln\u00fcsse C\u00f4te d&#8217;Or"},"content":{"rendered":"<p>Dunkle Schokolade Mit Haseln\u00fcsse C\u00f4te d\u2019Or<\/p>\n<p>180 g Packung<\/p>\n<p>Eine gro\u00dfz\u00fcgige Schokolade f\u00fcr Gourmet und intensive Empfindungen!<\/p>\n","protected":false},"excerpt":{"rendered":"<p>Dunkle Schokolade Mit Haseln\u00fcsse C\u00f4te d&#8217;Or<\/p>\n<p>180 g Packung<\/p>\n","protected":false},"featured_media":18739,"comment_status":"open","ping_status":"closed","template":"","meta":[],"pwb-brand":[2359],"product_brand":[],"product_cat":[2245],"product_tag":[2360,2357],"class_list":{"0":"post-18738","1":"product","2":"type-product","3":"status-publish","4":"has-post-thumbnail","6":"pwb-brand-cote-dor-de","7":"product_cat-schokolade","8":"product_tag-haselnuss","9":"product_tag-schokolade","10":"product_shipping_class-internationaler-versand","12":"first","13":"instock","14":"taxable","15":"shipping-taxable","16":"purchasable","17":"product-type-simple"},"brands":[{"id":2359,"name":"C\u00f4te D'Or","slug":"cote-dor-de"}],"_links":{"self":[{"href":"https:\/\/my-french-grocery.com\/de\/wp-json\/wp\/v2\/product\/18738","targetHints":{"allow":["GET"]}}],"collection":[{"href":"https:\/\/my-french-grocery.com\/de\/wp-json\/wp\/v2\/product"}],"about":[{"href":"https:\/\/my-french-grocery.com\/de\/wp-json\/wp\/v2\/types\/product"}],"replies":[{"embeddable":true,"href":"https:\/\/my-french-grocery.com\/de\/wp-json\/wp\/v2\/comments?post=18738"}],"wp:featuredmedia":[{"embeddable":true,"href":"https:\/\/my-french-grocery.com\/de\/wp-json\/wp\/v2\/media\/18739"}],"wp:attachment":[{"href":"https:\/\/my-french-grocery.com\/de\/wp-json\/wp\/v2\/media?parent=18738"}],"wp:term":[{"taxonomy":"pwb-brand","embeddable":true,"href":"https:\/\/my-french-grocery.com\/de\/wp-json\/wp\/v2\/pwb-brand?post=18738"},{"taxonomy":"product_brand","embeddable":true,"href":"https:\/\/my-french-grocery.com\/de\/wp-json\/wp\/v2\/product_brand?post=18738"},{"taxonomy":"product_cat","embeddable":true,"href":"https:\/\/my-french-grocery.com\/de\/wp-json\/wp\/v2\/product_cat?post=18738"},{"taxonomy":"product_tag","embeddable":true,"href":"https:\/\/my-french-grocery.com\/de\/wp-json\/wp\/v2\/product_tag?post=18738"}],"curies":[{"name":"wp","href":"https:\/\/api.w.org\/{rel}","templated":true}]}}