{"id":18740,"date":"2018-07-24T18:02:50","date_gmt":"2018-07-24T16:02:50","guid":{"rendered":"https:\/\/my-french-grocery.com\/product\/dunkler-schokolade-mit-mandeln-cote-dor\/"},"modified":"2018-07-24T18:02:50","modified_gmt":"2018-07-24T16:02:50","slug":"dunkler-schokolade-mit-mandeln-cote-dor","status":"publish","type":"product","link":"https:\/\/my-french-grocery.com\/de\/produkt\/dunkler-schokolade-mit-mandeln-cote-dor\/","title":{"rendered":"Dunkler Schokolade Mit Mandeln C\u00f4te d&#8217;Or"},"content":{"rendered":"<p>Dunkler Schokolade Mit Mandeln C\u00f4te d\u2019Or<\/p>\n<p>180g Packung<\/p>\n<p><span>Probieren Sie die Intensit\u00e4t der dunklen C\u00f4te d\u2019Or-Schokolade kombiniert mit dem zarten Knacken k\u00f6stlicher ganzer Mandeln.\u00a0<\/span><span>Eine gro\u00dfz\u00fcgige Schokolade f\u00fcr Gourmet und intensive Empfindungen!<\/span><\/p>\n","protected":false},"excerpt":{"rendered":"<p>Dunkler Schokolade Mit Mandeln C\u00f4te d&#8217;Or<\/p>\n<p>180g Packung<\/p>\n","protected":false},"featured_media":18741,"comment_status":"open","ping_status":"closed","template":"","meta":[],"pwb-brand":[2359],"product_brand":[],"product_cat":[2245],"product_tag":[2362,2357],"class_list":{"0":"post-18740","1":"product","2":"type-product","3":"status-publish","4":"has-post-thumbnail","6":"pwb-brand-cote-dor-de","7":"product_cat-schokolade","8":"product_tag-mandeln","9":"product_tag-schokolade","10":"product_shipping_class-internationaler-versand","12":"first","13":"instock","14":"taxable","15":"shipping-taxable","16":"purchasable","17":"product-type-simple"},"brands":[{"id":2359,"name":"C\u00f4te D'Or","slug":"cote-dor-de"}],"_links":{"self":[{"href":"https:\/\/my-french-grocery.com\/de\/wp-json\/wp\/v2\/product\/18740","targetHints":{"allow":["GET"]}}],"collection":[{"href":"https:\/\/my-french-grocery.com\/de\/wp-json\/wp\/v2\/product"}],"about":[{"href":"https:\/\/my-french-grocery.com\/de\/wp-json\/wp\/v2\/types\/product"}],"replies":[{"embeddable":true,"href":"https:\/\/my-french-grocery.com\/de\/wp-json\/wp\/v2\/comments?post=18740"}],"wp:featuredmedia":[{"embeddable":true,"href":"https:\/\/my-french-grocery.com\/de\/wp-json\/wp\/v2\/media\/18741"}],"wp:attachment":[{"href":"https:\/\/my-french-grocery.com\/de\/wp-json\/wp\/v2\/media?parent=18740"}],"wp:term":[{"taxonomy":"pwb-brand","embeddable":true,"href":"https:\/\/my-french-grocery.com\/de\/wp-json\/wp\/v2\/pwb-brand?post=18740"},{"taxonomy":"product_brand","embeddable":true,"href":"https:\/\/my-french-grocery.com\/de\/wp-json\/wp\/v2\/product_brand?post=18740"},{"taxonomy":"product_cat","embeddable":true,"href":"https:\/\/my-french-grocery.com\/de\/wp-json\/wp\/v2\/product_cat?post=18740"},{"taxonomy":"product_tag","embeddable":true,"href":"https:\/\/my-french-grocery.com\/de\/wp-json\/wp\/v2\/product_tag?post=18740"}],"curies":[{"name":"wp","href":"https:\/\/api.w.org\/{rel}","templated":true}]}}