{"id":18837,"date":"2018-08-04T14:31:24","date_gmt":"2018-08-04T12:31:24","guid":{"rendered":"https:\/\/my-french-grocery.com\/product\/green-tea-infusion-mint-hibiscus-la-tisaniere\/"},"modified":"2018-08-04T14:31:24","modified_gmt":"2018-08-04T12:31:24","slug":"green-tea-infusion-mint-hibiscus-la-tisaniere","status":"publish","type":"product","link":"https:\/\/my-french-grocery.com\/de\/produkt\/green-tea-infusion-mint-hibiscus-la-tisaniere\/","title":{"rendered":"Minz &#038; Hibiskus Gr\u00fcn Tee La Tisani\u00e8re"},"content":{"rendered":"<p>Minz & Hibiskus Gr\u00fcn Tee La Tisani\u00e8re<\/p>\n<p>Schachtel mit 25 Beuteln \u2013 37,5 g<\/p>\n<p><span>La Tisani\u00e8re w\u00e4hlt sorgf\u00e4ltig die Pflanzen, Fr\u00fcchte, Blumen und Gew\u00fcrze aus, aus denen seine Aufg\u00fcsse bestehen.\u00a0<\/span><\/p>\n","protected":false},"excerpt":{"rendered":"<p>Minz &amp; Hibiskus Gr\u00fcn Tee La Tisani\u00e8re<\/p>\n<p>Schachtel mit 25 Beuteln &#8211; 37,5 g<\/p>\n","protected":false},"featured_media":18838,"comment_status":"open","ping_status":"closed","template":"","meta":[],"pwb-brand":[2382],"product_brand":[],"product_cat":[2260],"product_tag":[2381],"class_list":{"0":"post-18837","1":"product","2":"type-product","3":"status-publish","4":"has-post-thumbnail","6":"pwb-brand-la-tisaniere-de","7":"product_cat-tee","8":"product_tag-infusions-de","9":"product_shipping_class-internationaler-versand","11":"first","12":"outofstock","13":"taxable","14":"shipping-taxable","15":"purchasable","16":"product-type-simple"},"brands":[{"id":2382,"name":"La Tisani\u00e8re","slug":"la-tisaniere-de"}],"_links":{"self":[{"href":"https:\/\/my-french-grocery.com\/de\/wp-json\/wp\/v2\/product\/18837","targetHints":{"allow":["GET"]}}],"collection":[{"href":"https:\/\/my-french-grocery.com\/de\/wp-json\/wp\/v2\/product"}],"about":[{"href":"https:\/\/my-french-grocery.com\/de\/wp-json\/wp\/v2\/types\/product"}],"replies":[{"embeddable":true,"href":"https:\/\/my-french-grocery.com\/de\/wp-json\/wp\/v2\/comments?post=18837"}],"wp:featuredmedia":[{"embeddable":true,"href":"https:\/\/my-french-grocery.com\/de\/wp-json\/wp\/v2\/media\/18838"}],"wp:attachment":[{"href":"https:\/\/my-french-grocery.com\/de\/wp-json\/wp\/v2\/media?parent=18837"}],"wp:term":[{"taxonomy":"pwb-brand","embeddable":true,"href":"https:\/\/my-french-grocery.com\/de\/wp-json\/wp\/v2\/pwb-brand?post=18837"},{"taxonomy":"product_brand","embeddable":true,"href":"https:\/\/my-french-grocery.com\/de\/wp-json\/wp\/v2\/product_brand?post=18837"},{"taxonomy":"product_cat","embeddable":true,"href":"https:\/\/my-french-grocery.com\/de\/wp-json\/wp\/v2\/product_cat?post=18837"},{"taxonomy":"product_tag","embeddable":true,"href":"https:\/\/my-french-grocery.com\/de\/wp-json\/wp\/v2\/product_tag?post=18837"}],"curies":[{"name":"wp","href":"https:\/\/api.w.org\/{rel}","templated":true}]}}