{"id":18839,"date":"2018-08-04T14:36:32","date_gmt":"2018-08-04T12:36:32","guid":{"rendered":"https:\/\/my-french-grocery.com\/product\/thymian-de-provence-infusion-la-tisaniere\/"},"modified":"2018-08-04T14:36:32","modified_gmt":"2018-08-04T12:36:32","slug":"thymian-de-provence-infusion-la-tisaniere","status":"publish","type":"product","link":"https:\/\/my-french-grocery.com\/de\/produkt\/thymian-de-provence-infusion-la-tisaniere\/","title":{"rendered":"Thymian de Provence Infusion La Tisani\u00e8re"},"content":{"rendered":"<p>Thymian de Provence Infusion La Tisani\u00e8re<\/p>\n<p>Schachtel mit 25 Beuteln \u2013 27,5 g<\/p>\n<p>Als Kind des provenzalischen Landes kehrt La Tisani\u00e8re zu den Quellen zur\u00fcck und w\u00e4hlt f\u00fcr Sie eines der emblematischsten aromatischen Kr\u00e4uter aus: Thymian.<\/p>\n","protected":false},"excerpt":{"rendered":"<p>Thymian de Provence Infusion La Tisani\u00e8re<\/p>\n<p>Schachtel mit 25 Beuteln &#8211; 27,5 g<\/p>\n","protected":false},"featured_media":18840,"comment_status":"open","ping_status":"closed","template":"","meta":[],"pwb-brand":[2382],"product_brand":[],"product_cat":[2260],"product_tag":[2381],"class_list":{"0":"post-18839","1":"product","2":"type-product","3":"status-publish","4":"has-post-thumbnail","6":"pwb-brand-la-tisaniere-de","7":"product_cat-tee","8":"product_tag-infusions-de","9":"product_shipping_class-internationaler-versand","11":"first","12":"outofstock","13":"taxable","14":"shipping-taxable","15":"purchasable","16":"product-type-simple"},"brands":[{"id":2382,"name":"La Tisani\u00e8re","slug":"la-tisaniere-de"}],"_links":{"self":[{"href":"https:\/\/my-french-grocery.com\/de\/wp-json\/wp\/v2\/product\/18839","targetHints":{"allow":["GET"]}}],"collection":[{"href":"https:\/\/my-french-grocery.com\/de\/wp-json\/wp\/v2\/product"}],"about":[{"href":"https:\/\/my-french-grocery.com\/de\/wp-json\/wp\/v2\/types\/product"}],"replies":[{"embeddable":true,"href":"https:\/\/my-french-grocery.com\/de\/wp-json\/wp\/v2\/comments?post=18839"}],"wp:featuredmedia":[{"embeddable":true,"href":"https:\/\/my-french-grocery.com\/de\/wp-json\/wp\/v2\/media\/18840"}],"wp:attachment":[{"href":"https:\/\/my-french-grocery.com\/de\/wp-json\/wp\/v2\/media?parent=18839"}],"wp:term":[{"taxonomy":"pwb-brand","embeddable":true,"href":"https:\/\/my-french-grocery.com\/de\/wp-json\/wp\/v2\/pwb-brand?post=18839"},{"taxonomy":"product_brand","embeddable":true,"href":"https:\/\/my-french-grocery.com\/de\/wp-json\/wp\/v2\/product_brand?post=18839"},{"taxonomy":"product_cat","embeddable":true,"href":"https:\/\/my-french-grocery.com\/de\/wp-json\/wp\/v2\/product_cat?post=18839"},{"taxonomy":"product_tag","embeddable":true,"href":"https:\/\/my-french-grocery.com\/de\/wp-json\/wp\/v2\/product_tag?post=18839"}],"curies":[{"name":"wp","href":"https:\/\/api.w.org\/{rel}","templated":true}]}}