{"id":18865,"date":"2018-08-07T11:40:02","date_gmt":"2018-08-07T09:40:02","guid":{"rendered":"https:\/\/my-french-grocery.com\/product\/sauerkraut-william-saurin-2\/"},"modified":"2018-08-07T11:40:02","modified_gmt":"2018-08-07T09:40:02","slug":"sauerkraut-william-saurin-2","status":"publish","type":"product","link":"https:\/\/my-french-grocery.com\/de\/produkt\/sauerkraut-william-saurin-2\/","title":{"rendered":"Sauerkraut William Saurin"},"content":{"rendered":"<p class=\"product_title entry-title\">Sauerkraut William Saurin<\/p>\n<p>Kiste mit 400 g<\/p>\n<p>Im Jahr 1898 sagte Emmanuel Adolphe William Seurin (1872-1937), dass \u201eWilliam Saurin\u201c ein Lebensmittelgesch\u00e4ft in Saint-Mand\u00e9 er\u00f6ffnete. Das Unternehmen entwickelt sich rasant und nutzt die Appertisierung (benannt nach dem Erfinder der Konserven, Nicolas Appert) zur Herstellung von Eint\u00f6pfen und Konfit\u00fcren in Dosen. Es bleibt Familie bis 1979, als Vincent Saurin an Lesieur weiterverkauft.<\/p>\n","protected":false},"excerpt":{"rendered":"<p class=\"product_title entry-title\">Sauerkraut William Saurin<\/p>\n<p>Kiste mit 400 g<\/p>\n","protected":false},"featured_media":18866,"comment_status":"open","ping_status":"closed","template":"","meta":[],"pwb-brand":[2329],"product_brand":[],"product_cat":[2262],"product_tag":[2327],"class_list":{"0":"post-18865","1":"product","2":"type-product","3":"status-publish","4":"has-post-thumbnail","6":"pwb-brand-william-saurin-de","7":"product_cat-fertiggerichte","8":"product_tag-sauerkraut-de","9":"product_shipping_class-internationaler-versand","11":"first","12":"instock","13":"taxable","14":"shipping-taxable","15":"purchasable","16":"product-type-simple"},"yoast_head":"<!-- This site is optimized with the Yoast SEO plugin v27.3 - https:\/\/yoast.com\/product\/yoast-seo-wordpress\/ -->\n<title>Sauerkraut William Saurin | Online Kaufen | My French Grocery<\/title>\n<meta name=\"description\" content=\"Sauerkraut William Saurin - Kiste mit 400 g - Im Jahr 1898 sagte Emmanuel Adolphe William Seurin (1872-1937), dass \u201eWilliam Saurin\u201c ein Lebensmittelgesch\u00e4ft in Saint-Mand\u00e9 er\u00f6ffnete.\" \/>\n<meta name=\"robots\" content=\"index, follow, max-snippet:-1, max-image-preview:large, max-video-preview:-1\" \/>\n<link rel=\"canonical\" href=\"https:\/\/my-french-grocery.com\/de\/produkt\/sauerkraut-william-saurin-2\/\" \/>\n<meta property=\"og:locale\" content=\"de_DE\" \/>\n<meta property=\"og:type\" content=\"article\" \/>\n<meta property=\"og:title\" content=\"Sauerkraut William Saurin | Online Kaufen | My French Grocery\" \/>\n<meta property=\"og:description\" content=\"Sauerkraut William Saurin - Kiste mit 400 g - Im Jahr 1898 sagte Emmanuel Adolphe William Seurin (1872-1937), dass \u201eWilliam Saurin\u201c ein Lebensmittelgesch\u00e4ft in Saint-Mand\u00e9 er\u00f6ffnete.\" \/>\n<meta property=\"og:url\" content=\"https:\/\/my-french-grocery.com\/de\/produkt\/sauerkraut-william-saurin-2\/\" \/>\n<meta property=\"og:site_name\" content=\"My French Grocery\" \/>\n<meta property=\"article:publisher\" content=\"https:\/\/www.facebook.com\/myfrenchgrocery\/\" \/>\n<meta property=\"og:image\" content=\"https:\/\/my-french-grocery.com\/wp-content\/uploads\/2018\/08\/Sauerkraut-400g.jpg\" \/>\n\t<meta property=\"og:image:width\" content=\"1500\" \/>\n\t<meta property=\"og:image:height\" content=\"1500\" \/>\n\t<meta property=\"og:image:type\" content=\"image\/jpeg\" \/>\n<meta name=\"twitter:card\" content=\"summary_large_image\" \/>\n<script type=\"application\/ld+json\" class=\"yoast-schema-graph\">{\"@context\":\"https:\\\/\\\/schema.org\",\"@graph\":[{\"@type\":\"WebPage\",\"@id\":\"https:\\\/\\\/my-french-grocery.com\\\/de\\\/produkt\\\/sauerkraut-william-saurin-2\\\/\",\"url\":\"https:\\\/\\\/my-french-grocery.com\\\/de\\\/produkt\\\/sauerkraut-william-saurin-2\\\/\",\"name\":\"Sauerkraut William Saurin | Online Kaufen | My French Grocery\",\"isPartOf\":{\"@id\":\"https:\\\/\\\/my-french-grocery.com\\\/de\\\/#website\"},\"primaryImageOfPage\":{\"@id\":\"https:\\\/\\\/my-french-grocery.com\\\/de\\\/produkt\\\/sauerkraut-william-saurin-2\\\/#primaryimage\"},\"image\":{\"@id\":\"https:\\\/\\\/my-french-grocery.com\\\/de\\\/produkt\\\/sauerkraut-william-saurin-2\\\/#primaryimage\"},\"thumbnailUrl\":\"https:\\\/\\\/my-french-grocery.com\\\/wp-content\\\/uploads\\\/2018\\\/08\\\/Sauerkraut-400g.jpg\",\"datePublished\":\"2018-08-07T09:40:02+00:00\",\"description\":\"Sauerkraut William Saurin - Kiste mit 400 g - Im Jahr 1898 sagte Emmanuel Adolphe William Seurin (1872-1937), dass \u201eWilliam Saurin\u201c ein Lebensmittelgesch\u00e4ft in Saint-Mand\u00e9 er\u00f6ffnete.\",\"breadcrumb\":{\"@id\":\"https:\\\/\\\/my-french-grocery.com\\\/de\\\/produkt\\\/sauerkraut-william-saurin-2\\\/#breadcrumb\"},\"inLanguage\":\"de-DE\",\"potentialAction\":[{\"@type\":\"ReadAction\",\"target\":[\"https:\\\/\\\/my-french-grocery.com\\\/de\\\/produkt\\\/sauerkraut-william-saurin-2\\\/\"]}]},{\"@type\":\"ImageObject\",\"inLanguage\":\"de-DE\",\"@id\":\"https:\\\/\\\/my-french-grocery.com\\\/de\\\/produkt\\\/sauerkraut-william-saurin-2\\\/#primaryimage\",\"url\":\"https:\\\/\\\/my-french-grocery.com\\\/wp-content\\\/uploads\\\/2018\\\/08\\\/Sauerkraut-400g.jpg\",\"contentUrl\":\"https:\\\/\\\/my-french-grocery.com\\\/wp-content\\\/uploads\\\/2018\\\/08\\\/Sauerkraut-400g.jpg\",\"width\":1500,\"height\":1500,\"caption\":\"Sauerkraut William Saurin\"},{\"@type\":\"BreadcrumbList\",\"@id\":\"https:\\\/\\\/my-french-grocery.com\\\/de\\\/produkt\\\/sauerkraut-william-saurin-2\\\/#breadcrumb\",\"itemListElement\":[{\"@type\":\"ListItem\",\"position\":1,\"name\":\"Home\",\"item\":\"https:\\\/\\\/my-french-grocery.com\\\/de\\\/shopping-seite\\\/\"},{\"@type\":\"ListItem\",\"position\":2,\"name\":\"Shop\",\"item\":\"https:\\\/\\\/my-french-grocery.com\\\/shop\\\/\"},{\"@type\":\"ListItem\",\"position\":3,\"name\":\"Fertiggerichte\",\"item\":\"https:\\\/\\\/my-french-grocery.com\\\/de\\\/produkt-kategorie\\\/fertiggerichte\\\/\"},{\"@type\":\"ListItem\",\"position\":4,\"name\":\"Sauerkraut William Saurin\"}]},{\"@type\":\"WebSite\",\"@id\":\"https:\\\/\\\/my-french-grocery.com\\\/de\\\/#website\",\"url\":\"https:\\\/\\\/my-french-grocery.com\\\/de\\\/\",\"name\":\"My French Grocery\",\"description\":\"Your Online French Grocery  !\",\"publisher\":{\"@id\":\"https:\\\/\\\/my-french-grocery.com\\\/de\\\/#organization\"},\"potentialAction\":[{\"@type\":\"SearchAction\",\"target\":{\"@type\":\"EntryPoint\",\"urlTemplate\":\"https:\\\/\\\/my-french-grocery.com\\\/de\\\/?s={search_term_string}\"},\"query-input\":{\"@type\":\"PropertyValueSpecification\",\"valueRequired\":true,\"valueName\":\"search_term_string\"}}],\"inLanguage\":\"de-DE\"},{\"@type\":\"Organization\",\"@id\":\"https:\\\/\\\/my-french-grocery.com\\\/de\\\/#organization\",\"name\":\"MY FRENCH GROCERY\",\"url\":\"https:\\\/\\\/my-french-grocery.com\\\/de\\\/\",\"logo\":{\"@type\":\"ImageObject\",\"inLanguage\":\"de-DE\",\"@id\":\"https:\\\/\\\/my-french-grocery.com\\\/de\\\/#\\\/schema\\\/logo\\\/image\\\/\",\"url\":\"https:\\\/\\\/my-french-grocery.com\\\/wp-content\\\/uploads\\\/2021\\\/11\\\/My-French-Grocery-Online-French-Grocery.png\",\"contentUrl\":\"https:\\\/\\\/my-french-grocery.com\\\/wp-content\\\/uploads\\\/2021\\\/11\\\/My-French-Grocery-Online-French-Grocery.png\",\"width\":100,\"height\":100,\"caption\":\"MY FRENCH GROCERY\"},\"image\":{\"@id\":\"https:\\\/\\\/my-french-grocery.com\\\/de\\\/#\\\/schema\\\/logo\\\/image\\\/\"},\"sameAs\":[\"https:\\\/\\\/www.facebook.com\\\/myfrenchgrocery\\\/\"]}]}<\/script>\n<!-- \/ Yoast SEO plugin. -->","yoast_head_json":{"title":"Sauerkraut William Saurin | Online Kaufen | My French Grocery","description":"Sauerkraut William Saurin - Kiste mit 400 g - Im Jahr 1898 sagte Emmanuel Adolphe William Seurin (1872-1937), dass \u201eWilliam Saurin\u201c ein Lebensmittelgesch\u00e4ft in Saint-Mand\u00e9 er\u00f6ffnete.","robots":{"index":"index","follow":"follow","max-snippet":"max-snippet:-1","max-image-preview":"max-image-preview:large","max-video-preview":"max-video-preview:-1"},"canonical":"https:\/\/my-french-grocery.com\/de\/produkt\/sauerkraut-william-saurin-2\/","og_locale":"de_DE","og_type":"article","og_title":"Sauerkraut William Saurin | Online Kaufen | My French Grocery","og_description":"Sauerkraut William Saurin - Kiste mit 400 g - Im Jahr 1898 sagte Emmanuel Adolphe William Seurin (1872-1937), dass \u201eWilliam Saurin\u201c ein Lebensmittelgesch\u00e4ft in Saint-Mand\u00e9 er\u00f6ffnete.","og_url":"https:\/\/my-french-grocery.com\/de\/produkt\/sauerkraut-william-saurin-2\/","og_site_name":"My French Grocery","article_publisher":"https:\/\/www.facebook.com\/myfrenchgrocery\/","og_image":[{"width":1500,"height":1500,"url":"https:\/\/my-french-grocery.com\/wp-content\/uploads\/2018\/08\/Sauerkraut-400g.jpg","type":"image\/jpeg"}],"twitter_card":"summary_large_image","schema":{"@context":"https:\/\/schema.org","@graph":[{"@type":"WebPage","@id":"https:\/\/my-french-grocery.com\/de\/produkt\/sauerkraut-william-saurin-2\/","url":"https:\/\/my-french-grocery.com\/de\/produkt\/sauerkraut-william-saurin-2\/","name":"Sauerkraut William Saurin | Online Kaufen | My French Grocery","isPartOf":{"@id":"https:\/\/my-french-grocery.com\/de\/#website"},"primaryImageOfPage":{"@id":"https:\/\/my-french-grocery.com\/de\/produkt\/sauerkraut-william-saurin-2\/#primaryimage"},"image":{"@id":"https:\/\/my-french-grocery.com\/de\/produkt\/sauerkraut-william-saurin-2\/#primaryimage"},"thumbnailUrl":"https:\/\/my-french-grocery.com\/wp-content\/uploads\/2018\/08\/Sauerkraut-400g.jpg","datePublished":"2018-08-07T09:40:02+00:00","description":"Sauerkraut William Saurin - Kiste mit 400 g - Im Jahr 1898 sagte Emmanuel Adolphe William Seurin (1872-1937), dass \u201eWilliam Saurin\u201c ein Lebensmittelgesch\u00e4ft in Saint-Mand\u00e9 er\u00f6ffnete.","breadcrumb":{"@id":"https:\/\/my-french-grocery.com\/de\/produkt\/sauerkraut-william-saurin-2\/#breadcrumb"},"inLanguage":"de-DE","potentialAction":[{"@type":"ReadAction","target":["https:\/\/my-french-grocery.com\/de\/produkt\/sauerkraut-william-saurin-2\/"]}]},{"@type":"ImageObject","inLanguage":"de-DE","@id":"https:\/\/my-french-grocery.com\/de\/produkt\/sauerkraut-william-saurin-2\/#primaryimage","url":"https:\/\/my-french-grocery.com\/wp-content\/uploads\/2018\/08\/Sauerkraut-400g.jpg","contentUrl":"https:\/\/my-french-grocery.com\/wp-content\/uploads\/2018\/08\/Sauerkraut-400g.jpg","width":1500,"height":1500,"caption":"Sauerkraut William Saurin"},{"@type":"BreadcrumbList","@id":"https:\/\/my-french-grocery.com\/de\/produkt\/sauerkraut-william-saurin-2\/#breadcrumb","itemListElement":[{"@type":"ListItem","position":1,"name":"Home","item":"https:\/\/my-french-grocery.com\/de\/shopping-seite\/"},{"@type":"ListItem","position":2,"name":"Shop","item":"https:\/\/my-french-grocery.com\/shop\/"},{"@type":"ListItem","position":3,"name":"Fertiggerichte","item":"https:\/\/my-french-grocery.com\/de\/produkt-kategorie\/fertiggerichte\/"},{"@type":"ListItem","position":4,"name":"Sauerkraut William Saurin"}]},{"@type":"WebSite","@id":"https:\/\/my-french-grocery.com\/de\/#website","url":"https:\/\/my-french-grocery.com\/de\/","name":"My French Grocery","description":"Your Online French Grocery  !","publisher":{"@id":"https:\/\/my-french-grocery.com\/de\/#organization"},"potentialAction":[{"@type":"SearchAction","target":{"@type":"EntryPoint","urlTemplate":"https:\/\/my-french-grocery.com\/de\/?s={search_term_string}"},"query-input":{"@type":"PropertyValueSpecification","valueRequired":true,"valueName":"search_term_string"}}],"inLanguage":"de-DE"},{"@type":"Organization","@id":"https:\/\/my-french-grocery.com\/de\/#organization","name":"MY FRENCH GROCERY","url":"https:\/\/my-french-grocery.com\/de\/","logo":{"@type":"ImageObject","inLanguage":"de-DE","@id":"https:\/\/my-french-grocery.com\/de\/#\/schema\/logo\/image\/","url":"https:\/\/my-french-grocery.com\/wp-content\/uploads\/2021\/11\/My-French-Grocery-Online-French-Grocery.png","contentUrl":"https:\/\/my-french-grocery.com\/wp-content\/uploads\/2021\/11\/My-French-Grocery-Online-French-Grocery.png","width":100,"height":100,"caption":"MY FRENCH GROCERY"},"image":{"@id":"https:\/\/my-french-grocery.com\/de\/#\/schema\/logo\/image\/"},"sameAs":["https:\/\/www.facebook.com\/myfrenchgrocery\/"]}]}},"brands":[{"id":2329,"name":"William Saurin","slug":"william-saurin-de"}],"_links":{"self":[{"href":"https:\/\/my-french-grocery.com\/de\/wp-json\/wp\/v2\/product\/18865","targetHints":{"allow":["GET"]}}],"collection":[{"href":"https:\/\/my-french-grocery.com\/de\/wp-json\/wp\/v2\/product"}],"about":[{"href":"https:\/\/my-french-grocery.com\/de\/wp-json\/wp\/v2\/types\/product"}],"replies":[{"embeddable":true,"href":"https:\/\/my-french-grocery.com\/de\/wp-json\/wp\/v2\/comments?post=18865"}],"wp:featuredmedia":[{"embeddable":true,"href":"https:\/\/my-french-grocery.com\/de\/wp-json\/wp\/v2\/media\/18866"}],"wp:attachment":[{"href":"https:\/\/my-french-grocery.com\/de\/wp-json\/wp\/v2\/media?parent=18865"}],"wp:term":[{"taxonomy":"pwb-brand","embeddable":true,"href":"https:\/\/my-french-grocery.com\/de\/wp-json\/wp\/v2\/pwb-brand?post=18865"},{"taxonomy":"product_brand","embeddable":true,"href":"https:\/\/my-french-grocery.com\/de\/wp-json\/wp\/v2\/product_brand?post=18865"},{"taxonomy":"product_cat","embeddable":true,"href":"https:\/\/my-french-grocery.com\/de\/wp-json\/wp\/v2\/product_cat?post=18865"},{"taxonomy":"product_tag","embeddable":true,"href":"https:\/\/my-french-grocery.com\/de\/wp-json\/wp\/v2\/product_tag?post=18865"}],"curies":[{"name":"wp","href":"https:\/\/api.w.org\/{rel}","templated":true}]}}