{"id":18929,"date":"2018-08-08T16:57:55","date_gmt":"2018-08-08T14:57:55","guid":{"rendered":"https:\/\/my-french-grocery.com\/product\/bio-apfelnektar-pressade\/"},"modified":"2018-08-08T16:57:55","modified_gmt":"2018-08-08T14:57:55","slug":"bio-apfelnektar-pressade","status":"publish","type":"product","link":"https:\/\/my-french-grocery.com\/de\/produkt\/bio-apfelnektar-pressade\/","title":{"rendered":"Bio Apfelnektar Pressade"},"content":{"rendered":"<p>Bio Apfelnektar Pressade<\/p>\n<p>1L Flasche.<\/p>\n<p>Rezepte f\u00fcr alle: mit gutem Fruchtgeschmack, s\u00fc\u00df und ohne Fruchtfleisch.<\/p>\n","protected":false},"excerpt":{"rendered":"<p>Bio Apfelnektar Pressade<\/p>\n<p>1L Flasche.<\/p>\n","protected":false},"featured_media":18930,"comment_status":"open","ping_status":"closed","template":"","meta":[],"pwb-brand":[2401],"product_brand":[],"product_cat":[2270,2234],"product_tag":[2400],"class_list":{"0":"post-18929","1":"product","2":"type-product","3":"status-publish","4":"has-post-thumbnail","6":"pwb-brand-pressade-de","7":"product_cat-bio-saefte-limonaden-sirups","8":"product_cat-wasser-fruchtsafte-limonaden-sirups","9":"product_tag-bio-fruchtsaft","10":"product_shipping_class-internationaler-versand","12":"first","13":"instock","14":"taxable","15":"shipping-taxable","16":"purchasable","17":"product-type-simple"},"brands":[{"id":2401,"name":"Pressade","slug":"pressade-de"}],"_links":{"self":[{"href":"https:\/\/my-french-grocery.com\/de\/wp-json\/wp\/v2\/product\/18929","targetHints":{"allow":["GET"]}}],"collection":[{"href":"https:\/\/my-french-grocery.com\/de\/wp-json\/wp\/v2\/product"}],"about":[{"href":"https:\/\/my-french-grocery.com\/de\/wp-json\/wp\/v2\/types\/product"}],"replies":[{"embeddable":true,"href":"https:\/\/my-french-grocery.com\/de\/wp-json\/wp\/v2\/comments?post=18929"}],"wp:featuredmedia":[{"embeddable":true,"href":"https:\/\/my-french-grocery.com\/de\/wp-json\/wp\/v2\/media\/18930"}],"wp:attachment":[{"href":"https:\/\/my-french-grocery.com\/de\/wp-json\/wp\/v2\/media?parent=18929"}],"wp:term":[{"taxonomy":"pwb-brand","embeddable":true,"href":"https:\/\/my-french-grocery.com\/de\/wp-json\/wp\/v2\/pwb-brand?post=18929"},{"taxonomy":"product_brand","embeddable":true,"href":"https:\/\/my-french-grocery.com\/de\/wp-json\/wp\/v2\/product_brand?post=18929"},{"taxonomy":"product_cat","embeddable":true,"href":"https:\/\/my-french-grocery.com\/de\/wp-json\/wp\/v2\/product_cat?post=18929"},{"taxonomy":"product_tag","embeddable":true,"href":"https:\/\/my-french-grocery.com\/de\/wp-json\/wp\/v2\/product_tag?post=18929"}],"curies":[{"name":"wp","href":"https:\/\/api.w.org\/{rel}","templated":true}]}}