{"id":18996,"date":"2018-08-17T16:51:57","date_gmt":"2018-08-17T14:51:57","guid":{"rendered":"https:\/\/my-french-grocery.com\/product\/roger-gallet\/"},"modified":"2021-09-28T15:58:06","modified_gmt":"2021-09-28T13:58:06","slug":"roger-gallet","status":"publish","type":"product","link":"https:\/\/my-french-grocery.com\/de\/produkt\/roger-gallet\/","title":{"rendered":"Roger &#038; Gallet S\u00fc\u00dfwasser &#8220;Rose Imaginaire&#8221;"},"content":{"rendered":"<p>Roger & Gallet S\u00fc\u00dfwasser \u201cRose Imaginaire\u201d<\/p>\n<p>100ml-Flasche<\/p>\n<p>Roger & Gallet Rose Imaginaire Eau de Toilette ist eine Traumrose, eine Rose ohne Rose, in der eine Welt von Noten die ideale Rose hervorbringt. Es ist eine Rose, die spielt.<\/p>\n","protected":false},"excerpt":{"rendered":"<p>Roger &amp; Gallet S\u00fc\u00dfwasser &#8220;Rose Imaginaire&#8221;<\/p>\n<p>100ml-Flasche<\/p>\n","protected":false},"featured_media":18997,"comment_status":"open","ping_status":"closed","template":"","meta":[],"pwb-brand":[2412],"product_brand":[],"product_cat":[2215],"product_tag":[2411],"class_list":{"0":"post-18996","1":"product","2":"type-product","3":"status-publish","4":"has-post-thumbnail","6":"pwb-brand-roger-gallet-de","7":"product_cat-parfums-dufte","8":"product_tag-suswasser","9":"product_shipping_class-internationaler-versand","11":"first","12":"outofstock","13":"taxable","14":"shipping-taxable","15":"purchasable","16":"product-type-simple"},"brands":[{"id":2412,"name":"Roger &amp; Gallet","slug":"roger-gallet-de"}],"_links":{"self":[{"href":"https:\/\/my-french-grocery.com\/de\/wp-json\/wp\/v2\/product\/18996","targetHints":{"allow":["GET"]}}],"collection":[{"href":"https:\/\/my-french-grocery.com\/de\/wp-json\/wp\/v2\/product"}],"about":[{"href":"https:\/\/my-french-grocery.com\/de\/wp-json\/wp\/v2\/types\/product"}],"replies":[{"embeddable":true,"href":"https:\/\/my-french-grocery.com\/de\/wp-json\/wp\/v2\/comments?post=18996"}],"wp:featuredmedia":[{"embeddable":true,"href":"https:\/\/my-french-grocery.com\/de\/wp-json\/wp\/v2\/media\/18997"}],"wp:attachment":[{"href":"https:\/\/my-french-grocery.com\/de\/wp-json\/wp\/v2\/media?parent=18996"}],"wp:term":[{"taxonomy":"pwb-brand","embeddable":true,"href":"https:\/\/my-french-grocery.com\/de\/wp-json\/wp\/v2\/pwb-brand?post=18996"},{"taxonomy":"product_brand","embeddable":true,"href":"https:\/\/my-french-grocery.com\/de\/wp-json\/wp\/v2\/product_brand?post=18996"},{"taxonomy":"product_cat","embeddable":true,"href":"https:\/\/my-french-grocery.com\/de\/wp-json\/wp\/v2\/product_cat?post=18996"},{"taxonomy":"product_tag","embeddable":true,"href":"https:\/\/my-french-grocery.com\/de\/wp-json\/wp\/v2\/product_tag?post=18996"}],"curies":[{"name":"wp","href":"https:\/\/api.w.org\/{rel}","templated":true}]}}