{"id":19000,"date":"2018-08-17T16:58:15","date_gmt":"2018-08-17T14:58:15","guid":{"rendered":"https:\/\/my-french-grocery.com\/product\/roger-gallet-zitronenduft-suswasser\/"},"modified":"2021-09-28T15:59:15","modified_gmt":"2021-09-28T13:59:15","slug":"roger-gallet-zitronenduft-suswasser","status":"publish","type":"product","link":"https:\/\/my-french-grocery.com\/de\/produkt\/roger-gallet-zitronenduft-suswasser\/","title":{"rendered":"Roger &#038; Gallet Zitronenduft S\u00fc\u00dfwasser"},"content":{"rendered":"<p>Roger & Gallet Zitronenduft S\u00fc\u00dfwasser<\/p>\n<p>100ml-Flasche<\/p>\n<p><span>Citron, ein ikonisches wohltuendes S\u00fc\u00dfwasser mit spritzigen und energetisierenden T\u00f6nen.<\/span><\/p>\n","protected":false},"excerpt":{"rendered":"<p>Roger &amp; Gallet Zitronenduft S\u00fc\u00dfwasser<\/p>\n<p>100ml-Flasche<\/p>\n","protected":false},"featured_media":19001,"comment_status":"open","ping_status":"closed","template":"","meta":[],"pwb-brand":[2412],"product_brand":[],"product_cat":[2215],"product_tag":[2411],"class_list":{"0":"post-19000","1":"product","2":"type-product","3":"status-publish","4":"has-post-thumbnail","6":"pwb-brand-roger-gallet-de","7":"product_cat-parfums-dufte","8":"product_tag-suswasser","9":"product_shipping_class-internationaler-versand","11":"first","12":"outofstock","13":"taxable","14":"shipping-taxable","15":"purchasable","16":"product-type-simple"},"brands":[{"id":2412,"name":"Roger &amp; Gallet","slug":"roger-gallet-de"}],"_links":{"self":[{"href":"https:\/\/my-french-grocery.com\/de\/wp-json\/wp\/v2\/product\/19000","targetHints":{"allow":["GET"]}}],"collection":[{"href":"https:\/\/my-french-grocery.com\/de\/wp-json\/wp\/v2\/product"}],"about":[{"href":"https:\/\/my-french-grocery.com\/de\/wp-json\/wp\/v2\/types\/product"}],"replies":[{"embeddable":true,"href":"https:\/\/my-french-grocery.com\/de\/wp-json\/wp\/v2\/comments?post=19000"}],"wp:featuredmedia":[{"embeddable":true,"href":"https:\/\/my-french-grocery.com\/de\/wp-json\/wp\/v2\/media\/19001"}],"wp:attachment":[{"href":"https:\/\/my-french-grocery.com\/de\/wp-json\/wp\/v2\/media?parent=19000"}],"wp:term":[{"taxonomy":"pwb-brand","embeddable":true,"href":"https:\/\/my-french-grocery.com\/de\/wp-json\/wp\/v2\/pwb-brand?post=19000"},{"taxonomy":"product_brand","embeddable":true,"href":"https:\/\/my-french-grocery.com\/de\/wp-json\/wp\/v2\/product_brand?post=19000"},{"taxonomy":"product_cat","embeddable":true,"href":"https:\/\/my-french-grocery.com\/de\/wp-json\/wp\/v2\/product_cat?post=19000"},{"taxonomy":"product_tag","embeddable":true,"href":"https:\/\/my-french-grocery.com\/de\/wp-json\/wp\/v2\/product_tag?post=19000"}],"curies":[{"name":"wp","href":"https:\/\/api.w.org\/{rel}","templated":true}]}}