{"id":19004,"date":"2018-08-17T17:01:45","date_gmt":"2018-08-17T15:01:45","guid":{"rendered":"https:\/\/my-french-grocery.com\/product\/roger-gallet-duftendes-suswasser\/"},"modified":"2018-08-17T17:01:45","modified_gmt":"2018-08-17T15:01:45","slug":"roger-gallet-duftendes-suswasser","status":"publish","type":"product","link":"https:\/\/my-french-grocery.com\/de\/produkt\/roger-gallet-duftendes-suswasser\/","title":{"rendered":"Roger &#038; Gallet Duftendes S\u00fc\u00dfwasser"},"content":{"rendered":"<p>Roger &amp; Gallet Duftendes S\u00fc\u00dfwasser<\/p>\n<p>100ml-Flasche<\/p>\n<p>Ingwer, ein wohltuend duftendes S\u00fc\u00dfwasser mit Gr\u00fcnt\u00f6nen f\u00fcr einen erfrischenden und entspannenden Moment.<\/p>\n","protected":false},"excerpt":{"rendered":"<p>Roger &amp; Gallet Duftendes S\u00fc\u00dfwasser<\/p>\n<p>100ml-Flasche<\/p>\n","protected":false},"featured_media":19005,"comment_status":"open","ping_status":"closed","template":"","meta":[],"pwb-brand":[2412],"product_brand":[],"product_cat":[2215],"product_tag":[2411],"class_list":{"0":"post-19004","1":"product","2":"type-product","3":"status-publish","4":"has-post-thumbnail","6":"pwb-brand-roger-gallet-de","7":"product_cat-parfums-dufte","8":"product_tag-suswasser","9":"product_shipping_class-internationaler-versand","11":"first","12":"outofstock","13":"taxable","14":"shipping-taxable","15":"purchasable","16":"product-type-simple"},"yoast_head":"<!-- This site is optimized with the Yoast SEO plugin v27.3 - https:\/\/yoast.com\/product\/yoast-seo-wordpress\/ -->\n<title>Roger &amp; Gallet Duftendes S\u00fc\u00dfwasser | Online Kaufen | My French Grocery<\/title>\n<meta name=\"description\" content=\"Roger &amp; Gallet Duftendes S\u00fc\u00dfwasser - 100ml-Flasche - Ingwer, ein wohltuend duftendes S\u00fc\u00dfwasser mit Gr\u00fcnt\u00f6nen f\u00fcr einen erfrischenden und entspannenden Moment.\u00a0\" \/>\n<meta name=\"robots\" content=\"index, follow, max-snippet:-1, max-image-preview:large, max-video-preview:-1\" \/>\n<link rel=\"canonical\" href=\"https:\/\/my-french-grocery.com\/de\/produkt\/roger-gallet-duftendes-suswasser\/\" \/>\n<meta property=\"og:locale\" content=\"de_DE\" \/>\n<meta property=\"og:type\" content=\"article\" \/>\n<meta property=\"og:title\" content=\"Roger &amp; Gallet Duftendes S\u00fc\u00dfwasser | Online Kaufen | My French Grocery\" \/>\n<meta property=\"og:description\" content=\"Roger &amp; Gallet Duftendes S\u00fc\u00dfwasser - 100ml-Flasche - Ingwer, ein wohltuend duftendes S\u00fc\u00dfwasser mit Gr\u00fcnt\u00f6nen f\u00fcr einen erfrischenden und entspannenden Moment.\u00a0\" \/>\n<meta property=\"og:url\" content=\"https:\/\/my-french-grocery.com\/de\/produkt\/roger-gallet-duftendes-suswasser\/\" \/>\n<meta property=\"og:site_name\" content=\"My French Grocery\" \/>\n<meta property=\"article:publisher\" content=\"https:\/\/www.facebook.com\/myfrenchgrocery\/\" \/>\n<meta property=\"og:image\" content=\"https:\/\/my-french-grocery.com\/wp-content\/uploads\/2018\/08\/RogerGallet-Ginger.jpg\" \/>\n\t<meta property=\"og:image:width\" content=\"1500\" \/>\n\t<meta property=\"og:image:height\" content=\"1500\" \/>\n\t<meta property=\"og:image:type\" content=\"image\/jpeg\" \/>\n<meta name=\"twitter:card\" content=\"summary_large_image\" \/>\n<script type=\"application\/ld+json\" class=\"yoast-schema-graph\">{\"@context\":\"https:\\\/\\\/schema.org\",\"@graph\":[{\"@type\":\"WebPage\",\"@id\":\"https:\\\/\\\/my-french-grocery.com\\\/de\\\/produkt\\\/roger-gallet-duftendes-suswasser\\\/\",\"url\":\"https:\\\/\\\/my-french-grocery.com\\\/de\\\/produkt\\\/roger-gallet-duftendes-suswasser\\\/\",\"name\":\"Roger & Gallet Duftendes S\u00fc\u00dfwasser | Online Kaufen | My French Grocery\",\"isPartOf\":{\"@id\":\"https:\\\/\\\/my-french-grocery.com\\\/de\\\/#website\"},\"primaryImageOfPage\":{\"@id\":\"https:\\\/\\\/my-french-grocery.com\\\/de\\\/produkt\\\/roger-gallet-duftendes-suswasser\\\/#primaryimage\"},\"image\":{\"@id\":\"https:\\\/\\\/my-french-grocery.com\\\/de\\\/produkt\\\/roger-gallet-duftendes-suswasser\\\/#primaryimage\"},\"thumbnailUrl\":\"https:\\\/\\\/my-french-grocery.com\\\/wp-content\\\/uploads\\\/2018\\\/08\\\/RogerGallet-Ginger.jpg\",\"datePublished\":\"2018-08-17T15:01:45+00:00\",\"description\":\"Roger & Gallet Duftendes S\u00fc\u00dfwasser - 100ml-Flasche - Ingwer, ein wohltuend duftendes S\u00fc\u00dfwasser mit Gr\u00fcnt\u00f6nen f\u00fcr einen erfrischenden und entspannenden Moment.\u00a0\",\"breadcrumb\":{\"@id\":\"https:\\\/\\\/my-french-grocery.com\\\/de\\\/produkt\\\/roger-gallet-duftendes-suswasser\\\/#breadcrumb\"},\"inLanguage\":\"de-DE\",\"potentialAction\":[{\"@type\":\"ReadAction\",\"target\":[\"https:\\\/\\\/my-french-grocery.com\\\/de\\\/produkt\\\/roger-gallet-duftendes-suswasser\\\/\"]}]},{\"@type\":\"ImageObject\",\"inLanguage\":\"de-DE\",\"@id\":\"https:\\\/\\\/my-french-grocery.com\\\/de\\\/produkt\\\/roger-gallet-duftendes-suswasser\\\/#primaryimage\",\"url\":\"https:\\\/\\\/my-french-grocery.com\\\/wp-content\\\/uploads\\\/2018\\\/08\\\/RogerGallet-Ginger.jpg\",\"contentUrl\":\"https:\\\/\\\/my-french-grocery.com\\\/wp-content\\\/uploads\\\/2018\\\/08\\\/RogerGallet-Ginger.jpg\",\"width\":1500,\"height\":1500,\"caption\":\"Roger & Gallet Duftendes S\u00fc\u00dfwasser\"},{\"@type\":\"BreadcrumbList\",\"@id\":\"https:\\\/\\\/my-french-grocery.com\\\/de\\\/produkt\\\/roger-gallet-duftendes-suswasser\\\/#breadcrumb\",\"itemListElement\":[{\"@type\":\"ListItem\",\"position\":1,\"name\":\"Home\",\"item\":\"https:\\\/\\\/my-french-grocery.com\\\/de\\\/shopping-seite\\\/\"},{\"@type\":\"ListItem\",\"position\":2,\"name\":\"Shop\",\"item\":\"https:\\\/\\\/my-french-grocery.com\\\/shop\\\/\"},{\"@type\":\"ListItem\",\"position\":3,\"name\":\"Parf\u00fcms &amp; D\u00fcfte\",\"item\":\"https:\\\/\\\/my-french-grocery.com\\\/de\\\/produkt-kategorie\\\/parfums-dufte\\\/\"},{\"@type\":\"ListItem\",\"position\":4,\"name\":\"Roger &#038; Gallet Duftendes S\u00fc\u00dfwasser\"}]},{\"@type\":\"WebSite\",\"@id\":\"https:\\\/\\\/my-french-grocery.com\\\/de\\\/#website\",\"url\":\"https:\\\/\\\/my-french-grocery.com\\\/de\\\/\",\"name\":\"My French Grocery\",\"description\":\"Your Online French Grocery  !\",\"publisher\":{\"@id\":\"https:\\\/\\\/my-french-grocery.com\\\/de\\\/#organization\"},\"potentialAction\":[{\"@type\":\"SearchAction\",\"target\":{\"@type\":\"EntryPoint\",\"urlTemplate\":\"https:\\\/\\\/my-french-grocery.com\\\/de\\\/?s={search_term_string}\"},\"query-input\":{\"@type\":\"PropertyValueSpecification\",\"valueRequired\":true,\"valueName\":\"search_term_string\"}}],\"inLanguage\":\"de-DE\"},{\"@type\":\"Organization\",\"@id\":\"https:\\\/\\\/my-french-grocery.com\\\/de\\\/#organization\",\"name\":\"MY FRENCH GROCERY\",\"url\":\"https:\\\/\\\/my-french-grocery.com\\\/de\\\/\",\"logo\":{\"@type\":\"ImageObject\",\"inLanguage\":\"de-DE\",\"@id\":\"https:\\\/\\\/my-french-grocery.com\\\/de\\\/#\\\/schema\\\/logo\\\/image\\\/\",\"url\":\"https:\\\/\\\/my-french-grocery.com\\\/wp-content\\\/uploads\\\/2021\\\/11\\\/My-French-Grocery-Online-French-Grocery.png\",\"contentUrl\":\"https:\\\/\\\/my-french-grocery.com\\\/wp-content\\\/uploads\\\/2021\\\/11\\\/My-French-Grocery-Online-French-Grocery.png\",\"width\":100,\"height\":100,\"caption\":\"MY FRENCH GROCERY\"},\"image\":{\"@id\":\"https:\\\/\\\/my-french-grocery.com\\\/de\\\/#\\\/schema\\\/logo\\\/image\\\/\"},\"sameAs\":[\"https:\\\/\\\/www.facebook.com\\\/myfrenchgrocery\\\/\"]}]}<\/script>\n<!-- \/ Yoast SEO plugin. -->","yoast_head_json":{"title":"Roger & Gallet Duftendes S\u00fc\u00dfwasser | Online Kaufen | My French Grocery","description":"Roger & Gallet Duftendes S\u00fc\u00dfwasser - 100ml-Flasche - Ingwer, ein wohltuend duftendes S\u00fc\u00dfwasser mit Gr\u00fcnt\u00f6nen f\u00fcr einen erfrischenden und entspannenden Moment.\u00a0","robots":{"index":"index","follow":"follow","max-snippet":"max-snippet:-1","max-image-preview":"max-image-preview:large","max-video-preview":"max-video-preview:-1"},"canonical":"https:\/\/my-french-grocery.com\/de\/produkt\/roger-gallet-duftendes-suswasser\/","og_locale":"de_DE","og_type":"article","og_title":"Roger & Gallet Duftendes S\u00fc\u00dfwasser | Online Kaufen | My French Grocery","og_description":"Roger & Gallet Duftendes S\u00fc\u00dfwasser - 100ml-Flasche - Ingwer, ein wohltuend duftendes S\u00fc\u00dfwasser mit Gr\u00fcnt\u00f6nen f\u00fcr einen erfrischenden und entspannenden Moment.\u00a0","og_url":"https:\/\/my-french-grocery.com\/de\/produkt\/roger-gallet-duftendes-suswasser\/","og_site_name":"My French Grocery","article_publisher":"https:\/\/www.facebook.com\/myfrenchgrocery\/","og_image":[{"width":1500,"height":1500,"url":"https:\/\/my-french-grocery.com\/wp-content\/uploads\/2018\/08\/RogerGallet-Ginger.jpg","type":"image\/jpeg"}],"twitter_card":"summary_large_image","schema":{"@context":"https:\/\/schema.org","@graph":[{"@type":"WebPage","@id":"https:\/\/my-french-grocery.com\/de\/produkt\/roger-gallet-duftendes-suswasser\/","url":"https:\/\/my-french-grocery.com\/de\/produkt\/roger-gallet-duftendes-suswasser\/","name":"Roger & Gallet Duftendes S\u00fc\u00dfwasser | Online Kaufen | My French Grocery","isPartOf":{"@id":"https:\/\/my-french-grocery.com\/de\/#website"},"primaryImageOfPage":{"@id":"https:\/\/my-french-grocery.com\/de\/produkt\/roger-gallet-duftendes-suswasser\/#primaryimage"},"image":{"@id":"https:\/\/my-french-grocery.com\/de\/produkt\/roger-gallet-duftendes-suswasser\/#primaryimage"},"thumbnailUrl":"https:\/\/my-french-grocery.com\/wp-content\/uploads\/2018\/08\/RogerGallet-Ginger.jpg","datePublished":"2018-08-17T15:01:45+00:00","description":"Roger & Gallet Duftendes S\u00fc\u00dfwasser - 100ml-Flasche - Ingwer, ein wohltuend duftendes S\u00fc\u00dfwasser mit Gr\u00fcnt\u00f6nen f\u00fcr einen erfrischenden und entspannenden Moment.\u00a0","breadcrumb":{"@id":"https:\/\/my-french-grocery.com\/de\/produkt\/roger-gallet-duftendes-suswasser\/#breadcrumb"},"inLanguage":"de-DE","potentialAction":[{"@type":"ReadAction","target":["https:\/\/my-french-grocery.com\/de\/produkt\/roger-gallet-duftendes-suswasser\/"]}]},{"@type":"ImageObject","inLanguage":"de-DE","@id":"https:\/\/my-french-grocery.com\/de\/produkt\/roger-gallet-duftendes-suswasser\/#primaryimage","url":"https:\/\/my-french-grocery.com\/wp-content\/uploads\/2018\/08\/RogerGallet-Ginger.jpg","contentUrl":"https:\/\/my-french-grocery.com\/wp-content\/uploads\/2018\/08\/RogerGallet-Ginger.jpg","width":1500,"height":1500,"caption":"Roger & Gallet Duftendes S\u00fc\u00dfwasser"},{"@type":"BreadcrumbList","@id":"https:\/\/my-french-grocery.com\/de\/produkt\/roger-gallet-duftendes-suswasser\/#breadcrumb","itemListElement":[{"@type":"ListItem","position":1,"name":"Home","item":"https:\/\/my-french-grocery.com\/de\/shopping-seite\/"},{"@type":"ListItem","position":2,"name":"Shop","item":"https:\/\/my-french-grocery.com\/shop\/"},{"@type":"ListItem","position":3,"name":"Parf\u00fcms &amp; D\u00fcfte","item":"https:\/\/my-french-grocery.com\/de\/produkt-kategorie\/parfums-dufte\/"},{"@type":"ListItem","position":4,"name":"Roger &#038; Gallet Duftendes S\u00fc\u00dfwasser"}]},{"@type":"WebSite","@id":"https:\/\/my-french-grocery.com\/de\/#website","url":"https:\/\/my-french-grocery.com\/de\/","name":"My French Grocery","description":"Your Online French Grocery  !","publisher":{"@id":"https:\/\/my-french-grocery.com\/de\/#organization"},"potentialAction":[{"@type":"SearchAction","target":{"@type":"EntryPoint","urlTemplate":"https:\/\/my-french-grocery.com\/de\/?s={search_term_string}"},"query-input":{"@type":"PropertyValueSpecification","valueRequired":true,"valueName":"search_term_string"}}],"inLanguage":"de-DE"},{"@type":"Organization","@id":"https:\/\/my-french-grocery.com\/de\/#organization","name":"MY FRENCH GROCERY","url":"https:\/\/my-french-grocery.com\/de\/","logo":{"@type":"ImageObject","inLanguage":"de-DE","@id":"https:\/\/my-french-grocery.com\/de\/#\/schema\/logo\/image\/","url":"https:\/\/my-french-grocery.com\/wp-content\/uploads\/2021\/11\/My-French-Grocery-Online-French-Grocery.png","contentUrl":"https:\/\/my-french-grocery.com\/wp-content\/uploads\/2021\/11\/My-French-Grocery-Online-French-Grocery.png","width":100,"height":100,"caption":"MY FRENCH GROCERY"},"image":{"@id":"https:\/\/my-french-grocery.com\/de\/#\/schema\/logo\/image\/"},"sameAs":["https:\/\/www.facebook.com\/myfrenchgrocery\/"]}]}},"brands":[{"id":2412,"name":"Roger &amp; Gallet","slug":"roger-gallet-de"}],"_links":{"self":[{"href":"https:\/\/my-french-grocery.com\/de\/wp-json\/wp\/v2\/product\/19004","targetHints":{"allow":["GET"]}}],"collection":[{"href":"https:\/\/my-french-grocery.com\/de\/wp-json\/wp\/v2\/product"}],"about":[{"href":"https:\/\/my-french-grocery.com\/de\/wp-json\/wp\/v2\/types\/product"}],"replies":[{"embeddable":true,"href":"https:\/\/my-french-grocery.com\/de\/wp-json\/wp\/v2\/comments?post=19004"}],"wp:featuredmedia":[{"embeddable":true,"href":"https:\/\/my-french-grocery.com\/de\/wp-json\/wp\/v2\/media\/19005"}],"wp:attachment":[{"href":"https:\/\/my-french-grocery.com\/de\/wp-json\/wp\/v2\/media?parent=19004"}],"wp:term":[{"taxonomy":"pwb-brand","embeddable":true,"href":"https:\/\/my-french-grocery.com\/de\/wp-json\/wp\/v2\/pwb-brand?post=19004"},{"taxonomy":"product_brand","embeddable":true,"href":"https:\/\/my-french-grocery.com\/de\/wp-json\/wp\/v2\/product_brand?post=19004"},{"taxonomy":"product_cat","embeddable":true,"href":"https:\/\/my-french-grocery.com\/de\/wp-json\/wp\/v2\/product_cat?post=19004"},{"taxonomy":"product_tag","embeddable":true,"href":"https:\/\/my-french-grocery.com\/de\/wp-json\/wp\/v2\/product_tag?post=19004"}],"curies":[{"name":"wp","href":"https:\/\/api.w.org\/{rel}","templated":true}]}}