{"id":19129,"date":"2018-08-30T15:33:52","date_gmt":"2018-08-30T13:33:52","guid":{"rendered":"https:\/\/my-french-grocery.com\/product\/pasquier-pitch-apfelbrioches\/"},"modified":"2018-08-30T15:33:52","modified_gmt":"2018-08-30T13:33:52","slug":"pasquier-pitch-apfelbrioches","status":"publish","type":"product","link":"https:\/\/my-french-grocery.com\/de\/produkt\/pasquier-pitch-apfelbrioches\/","title":{"rendered":"Pasquier Pitch Apfelbrioches"},"content":{"rendered":"<p>Pasquier Pitch Apfelbrioches<\/p>\n<div class=\"pdp-card__header--text\"><span class=\"ds-body-text ds-body-text--weight-bold ds-body-text--size-m ds-body-text--color-standard-2\"><span>8 Brioches X 38,75 g<\/span><\/span><\/div>\n<div><\/div>\n<div>Alles beginnt 1936 in Cerqueux, einer kleinen Stadt in Maine et Loire. Louise und Gabriel Pasquier, die B\u00e4cker des Dorfes, stellen in ihrer B\u00e4ckerei Brot und Geb\u00e4ck her, sowie eine in der ganzen Region bekannte Brioche.<\/div>\n<div class=\"main-details--food__shoppinglist\"><\/div>\n","protected":false},"excerpt":{"rendered":"<p>Pasquier Pitch Apfelbrioches<\/p>\n<div class=\"pdp-card__header--text\"><span class=\"ds-body-text ds-body-text--weight-bold ds-body-text--size-m ds-body-text--color-standard-2\">8 Brioches X 38,75 g<\/span><\/div>\n","protected":false},"featured_media":19130,"comment_status":"open","ping_status":"closed","template":"","meta":[],"pwb-brand":[2430],"product_brand":[],"product_cat":[2246],"product_tag":[2427],"class_list":{"0":"post-19129","1":"product","2":"type-product","3":"status-publish","4":"has-post-thumbnail","6":"pwb-brand-pasquier-de","7":"product_cat-muesli-brioches-viennoiseries","8":"product_tag-brioche-de","9":"product_shipping_class-internationaler-versand","11":"first","12":"outofstock","13":"taxable","14":"shipping-taxable","15":"purchasable","16":"product-type-simple"},"yoast_head":"<!-- This site is optimized with the Yoast SEO plugin v27.4 - https:\/\/yoast.com\/product\/yoast-seo-wordpress\/ -->\n<title>Pasquier Pitch Apfelbrioches | Online Kaufen | My French Grocery<\/title>\n<meta name=\"description\" content=\"Pasquier Pitch Apfelbrioches - 8 Brioches X 38,75 g - Alles beginnt 1936 in Cerqueux, einer kleinen Stadt in Maine et Loire. Louise und Gabriel Pasquier, die B\u00e4cker des Dorfes, stellen in ihrer B\u00e4ckerei Brot und Geb\u00e4ck her, sowie eine in der ganzen Region bekannte Brioche.\" \/>\n<meta name=\"robots\" content=\"index, follow, max-snippet:-1, max-image-preview:large, max-video-preview:-1\" \/>\n<link rel=\"canonical\" href=\"https:\/\/my-french-grocery.com\/de\/produkt\/pasquier-pitch-apfelbrioches\/\" \/>\n<meta property=\"og:locale\" content=\"de_DE\" \/>\n<meta property=\"og:type\" content=\"article\" \/>\n<meta property=\"og:title\" content=\"Pasquier Pitch Apfelbrioches | Online Kaufen | My French Grocery\" \/>\n<meta property=\"og:description\" content=\"Pasquier Pitch Apfelbrioches - 8 Brioches X 38,75 g - Alles beginnt 1936 in Cerqueux, einer kleinen Stadt in Maine et Loire. Louise und Gabriel Pasquier, die B\u00e4cker des Dorfes, stellen in ihrer B\u00e4ckerei Brot und Geb\u00e4ck her, sowie eine in der ganzen Region bekannte Brioche.\" \/>\n<meta property=\"og:url\" content=\"https:\/\/my-french-grocery.com\/de\/produkt\/pasquier-pitch-apfelbrioches\/\" \/>\n<meta property=\"og:site_name\" content=\"My French Grocery\" \/>\n<meta property=\"article:publisher\" content=\"https:\/\/www.facebook.com\/myfrenchgrocery\/\" \/>\n<meta property=\"og:image\" content=\"https:\/\/my-french-grocery.com\/wp-content\/uploads\/2018\/08\/pitch-apple.jpg\" \/>\n\t<meta property=\"og:image:width\" content=\"1500\" \/>\n\t<meta property=\"og:image:height\" content=\"1500\" \/>\n\t<meta property=\"og:image:type\" content=\"image\/jpeg\" \/>\n<meta name=\"twitter:card\" content=\"summary_large_image\" \/>\n<script type=\"application\/ld+json\" class=\"yoast-schema-graph\">{\"@context\":\"https:\\\/\\\/schema.org\",\"@graph\":[{\"@type\":\"WebPage\",\"@id\":\"https:\\\/\\\/my-french-grocery.com\\\/de\\\/produkt\\\/pasquier-pitch-apfelbrioches\\\/\",\"url\":\"https:\\\/\\\/my-french-grocery.com\\\/de\\\/produkt\\\/pasquier-pitch-apfelbrioches\\\/\",\"name\":\"Pasquier Pitch Apfelbrioches | Online Kaufen | My French Grocery\",\"isPartOf\":{\"@id\":\"https:\\\/\\\/my-french-grocery.com\\\/de\\\/#website\"},\"primaryImageOfPage\":{\"@id\":\"https:\\\/\\\/my-french-grocery.com\\\/de\\\/produkt\\\/pasquier-pitch-apfelbrioches\\\/#primaryimage\"},\"image\":{\"@id\":\"https:\\\/\\\/my-french-grocery.com\\\/de\\\/produkt\\\/pasquier-pitch-apfelbrioches\\\/#primaryimage\"},\"thumbnailUrl\":\"https:\\\/\\\/my-french-grocery.com\\\/wp-content\\\/uploads\\\/2018\\\/08\\\/pitch-apple.jpg\",\"datePublished\":\"2018-08-30T13:33:52+00:00\",\"description\":\"Pasquier Pitch Apfelbrioches - 8 Brioches X 38,75 g - Alles beginnt 1936 in Cerqueux, einer kleinen Stadt in Maine et Loire. Louise und Gabriel Pasquier, die B\u00e4cker des Dorfes, stellen in ihrer B\u00e4ckerei Brot und Geb\u00e4ck her, sowie eine in der ganzen Region bekannte Brioche.\",\"breadcrumb\":{\"@id\":\"https:\\\/\\\/my-french-grocery.com\\\/de\\\/produkt\\\/pasquier-pitch-apfelbrioches\\\/#breadcrumb\"},\"inLanguage\":\"de-DE\",\"potentialAction\":[{\"@type\":\"ReadAction\",\"target\":[\"https:\\\/\\\/my-french-grocery.com\\\/de\\\/produkt\\\/pasquier-pitch-apfelbrioches\\\/\"]}]},{\"@type\":\"ImageObject\",\"inLanguage\":\"de-DE\",\"@id\":\"https:\\\/\\\/my-french-grocery.com\\\/de\\\/produkt\\\/pasquier-pitch-apfelbrioches\\\/#primaryimage\",\"url\":\"https:\\\/\\\/my-french-grocery.com\\\/wp-content\\\/uploads\\\/2018\\\/08\\\/pitch-apple.jpg\",\"contentUrl\":\"https:\\\/\\\/my-french-grocery.com\\\/wp-content\\\/uploads\\\/2018\\\/08\\\/pitch-apple.jpg\",\"width\":1500,\"height\":1500,\"caption\":\"Pasquier Pitch Apfelbrioches\"},{\"@type\":\"BreadcrumbList\",\"@id\":\"https:\\\/\\\/my-french-grocery.com\\\/de\\\/produkt\\\/pasquier-pitch-apfelbrioches\\\/#breadcrumb\",\"itemListElement\":[{\"@type\":\"ListItem\",\"position\":1,\"name\":\"Home\",\"item\":\"https:\\\/\\\/my-french-grocery.com\\\/de\\\/shopping-seite\\\/\"},{\"@type\":\"ListItem\",\"position\":2,\"name\":\"Shop\",\"item\":\"https:\\\/\\\/my-french-grocery.com\\\/shop\\\/\"},{\"@type\":\"ListItem\",\"position\":3,\"name\":\"M\u00fcsli, Brioches &amp; Viennoiseries\",\"item\":\"https:\\\/\\\/my-french-grocery.com\\\/de\\\/produkt-kategorie\\\/muesli-brioches-viennoiseries\\\/\"},{\"@type\":\"ListItem\",\"position\":4,\"name\":\"Pasquier Pitch Apfelbrioches\"}]},{\"@type\":\"WebSite\",\"@id\":\"https:\\\/\\\/my-french-grocery.com\\\/de\\\/#website\",\"url\":\"https:\\\/\\\/my-french-grocery.com\\\/de\\\/\",\"name\":\"My French Grocery\",\"description\":\"Your Online French Grocery  !\",\"publisher\":{\"@id\":\"https:\\\/\\\/my-french-grocery.com\\\/de\\\/#organization\"},\"potentialAction\":[{\"@type\":\"SearchAction\",\"target\":{\"@type\":\"EntryPoint\",\"urlTemplate\":\"https:\\\/\\\/my-french-grocery.com\\\/de\\\/?s={search_term_string}\"},\"query-input\":{\"@type\":\"PropertyValueSpecification\",\"valueRequired\":true,\"valueName\":\"search_term_string\"}}],\"inLanguage\":\"de-DE\"},{\"@type\":\"Organization\",\"@id\":\"https:\\\/\\\/my-french-grocery.com\\\/de\\\/#organization\",\"name\":\"MY FRENCH GROCERY\",\"url\":\"https:\\\/\\\/my-french-grocery.com\\\/de\\\/\",\"logo\":{\"@type\":\"ImageObject\",\"inLanguage\":\"de-DE\",\"@id\":\"https:\\\/\\\/my-french-grocery.com\\\/de\\\/#\\\/schema\\\/logo\\\/image\\\/\",\"url\":\"https:\\\/\\\/my-french-grocery.com\\\/wp-content\\\/uploads\\\/2021\\\/11\\\/My-French-Grocery-Online-French-Grocery.png\",\"contentUrl\":\"https:\\\/\\\/my-french-grocery.com\\\/wp-content\\\/uploads\\\/2021\\\/11\\\/My-French-Grocery-Online-French-Grocery.png\",\"width\":100,\"height\":100,\"caption\":\"MY FRENCH GROCERY\"},\"image\":{\"@id\":\"https:\\\/\\\/my-french-grocery.com\\\/de\\\/#\\\/schema\\\/logo\\\/image\\\/\"},\"sameAs\":[\"https:\\\/\\\/www.facebook.com\\\/myfrenchgrocery\\\/\"]}]}<\/script>\n<!-- \/ Yoast SEO plugin. -->","yoast_head_json":{"title":"Pasquier Pitch Apfelbrioches | Online Kaufen | My French Grocery","description":"Pasquier Pitch Apfelbrioches - 8 Brioches X 38,75 g - Alles beginnt 1936 in Cerqueux, einer kleinen Stadt in Maine et Loire. Louise und Gabriel Pasquier, die B\u00e4cker des Dorfes, stellen in ihrer B\u00e4ckerei Brot und Geb\u00e4ck her, sowie eine in der ganzen Region bekannte Brioche.","robots":{"index":"index","follow":"follow","max-snippet":"max-snippet:-1","max-image-preview":"max-image-preview:large","max-video-preview":"max-video-preview:-1"},"canonical":"https:\/\/my-french-grocery.com\/de\/produkt\/pasquier-pitch-apfelbrioches\/","og_locale":"de_DE","og_type":"article","og_title":"Pasquier Pitch Apfelbrioches | Online Kaufen | My French Grocery","og_description":"Pasquier Pitch Apfelbrioches - 8 Brioches X 38,75 g - Alles beginnt 1936 in Cerqueux, einer kleinen Stadt in Maine et Loire. Louise und Gabriel Pasquier, die B\u00e4cker des Dorfes, stellen in ihrer B\u00e4ckerei Brot und Geb\u00e4ck her, sowie eine in der ganzen Region bekannte Brioche.","og_url":"https:\/\/my-french-grocery.com\/de\/produkt\/pasquier-pitch-apfelbrioches\/","og_site_name":"My French Grocery","article_publisher":"https:\/\/www.facebook.com\/myfrenchgrocery\/","og_image":[{"width":1500,"height":1500,"url":"https:\/\/my-french-grocery.com\/wp-content\/uploads\/2018\/08\/pitch-apple.jpg","type":"image\/jpeg"}],"twitter_card":"summary_large_image","schema":{"@context":"https:\/\/schema.org","@graph":[{"@type":"WebPage","@id":"https:\/\/my-french-grocery.com\/de\/produkt\/pasquier-pitch-apfelbrioches\/","url":"https:\/\/my-french-grocery.com\/de\/produkt\/pasquier-pitch-apfelbrioches\/","name":"Pasquier Pitch Apfelbrioches | Online Kaufen | My French Grocery","isPartOf":{"@id":"https:\/\/my-french-grocery.com\/de\/#website"},"primaryImageOfPage":{"@id":"https:\/\/my-french-grocery.com\/de\/produkt\/pasquier-pitch-apfelbrioches\/#primaryimage"},"image":{"@id":"https:\/\/my-french-grocery.com\/de\/produkt\/pasquier-pitch-apfelbrioches\/#primaryimage"},"thumbnailUrl":"https:\/\/my-french-grocery.com\/wp-content\/uploads\/2018\/08\/pitch-apple.jpg","datePublished":"2018-08-30T13:33:52+00:00","description":"Pasquier Pitch Apfelbrioches - 8 Brioches X 38,75 g - Alles beginnt 1936 in Cerqueux, einer kleinen Stadt in Maine et Loire. Louise und Gabriel Pasquier, die B\u00e4cker des Dorfes, stellen in ihrer B\u00e4ckerei Brot und Geb\u00e4ck her, sowie eine in der ganzen Region bekannte Brioche.","breadcrumb":{"@id":"https:\/\/my-french-grocery.com\/de\/produkt\/pasquier-pitch-apfelbrioches\/#breadcrumb"},"inLanguage":"de-DE","potentialAction":[{"@type":"ReadAction","target":["https:\/\/my-french-grocery.com\/de\/produkt\/pasquier-pitch-apfelbrioches\/"]}]},{"@type":"ImageObject","inLanguage":"de-DE","@id":"https:\/\/my-french-grocery.com\/de\/produkt\/pasquier-pitch-apfelbrioches\/#primaryimage","url":"https:\/\/my-french-grocery.com\/wp-content\/uploads\/2018\/08\/pitch-apple.jpg","contentUrl":"https:\/\/my-french-grocery.com\/wp-content\/uploads\/2018\/08\/pitch-apple.jpg","width":1500,"height":1500,"caption":"Pasquier Pitch Apfelbrioches"},{"@type":"BreadcrumbList","@id":"https:\/\/my-french-grocery.com\/de\/produkt\/pasquier-pitch-apfelbrioches\/#breadcrumb","itemListElement":[{"@type":"ListItem","position":1,"name":"Home","item":"https:\/\/my-french-grocery.com\/de\/shopping-seite\/"},{"@type":"ListItem","position":2,"name":"Shop","item":"https:\/\/my-french-grocery.com\/shop\/"},{"@type":"ListItem","position":3,"name":"M\u00fcsli, Brioches &amp; Viennoiseries","item":"https:\/\/my-french-grocery.com\/de\/produkt-kategorie\/muesli-brioches-viennoiseries\/"},{"@type":"ListItem","position":4,"name":"Pasquier Pitch Apfelbrioches"}]},{"@type":"WebSite","@id":"https:\/\/my-french-grocery.com\/de\/#website","url":"https:\/\/my-french-grocery.com\/de\/","name":"My French Grocery","description":"Your Online French Grocery  !","publisher":{"@id":"https:\/\/my-french-grocery.com\/de\/#organization"},"potentialAction":[{"@type":"SearchAction","target":{"@type":"EntryPoint","urlTemplate":"https:\/\/my-french-grocery.com\/de\/?s={search_term_string}"},"query-input":{"@type":"PropertyValueSpecification","valueRequired":true,"valueName":"search_term_string"}}],"inLanguage":"de-DE"},{"@type":"Organization","@id":"https:\/\/my-french-grocery.com\/de\/#organization","name":"MY FRENCH GROCERY","url":"https:\/\/my-french-grocery.com\/de\/","logo":{"@type":"ImageObject","inLanguage":"de-DE","@id":"https:\/\/my-french-grocery.com\/de\/#\/schema\/logo\/image\/","url":"https:\/\/my-french-grocery.com\/wp-content\/uploads\/2021\/11\/My-French-Grocery-Online-French-Grocery.png","contentUrl":"https:\/\/my-french-grocery.com\/wp-content\/uploads\/2021\/11\/My-French-Grocery-Online-French-Grocery.png","width":100,"height":100,"caption":"MY FRENCH GROCERY"},"image":{"@id":"https:\/\/my-french-grocery.com\/de\/#\/schema\/logo\/image\/"},"sameAs":["https:\/\/www.facebook.com\/myfrenchgrocery\/"]}]}},"brands":[{"id":2430,"name":"Pasquier","slug":"pasquier-de"}],"_links":{"self":[{"href":"https:\/\/my-french-grocery.com\/de\/wp-json\/wp\/v2\/product\/19129","targetHints":{"allow":["GET"]}}],"collection":[{"href":"https:\/\/my-french-grocery.com\/de\/wp-json\/wp\/v2\/product"}],"about":[{"href":"https:\/\/my-french-grocery.com\/de\/wp-json\/wp\/v2\/types\/product"}],"replies":[{"embeddable":true,"href":"https:\/\/my-french-grocery.com\/de\/wp-json\/wp\/v2\/comments?post=19129"}],"wp:featuredmedia":[{"embeddable":true,"href":"https:\/\/my-french-grocery.com\/de\/wp-json\/wp\/v2\/media\/19130"}],"wp:attachment":[{"href":"https:\/\/my-french-grocery.com\/de\/wp-json\/wp\/v2\/media?parent=19129"}],"wp:term":[{"taxonomy":"pwb-brand","embeddable":true,"href":"https:\/\/my-french-grocery.com\/de\/wp-json\/wp\/v2\/pwb-brand?post=19129"},{"taxonomy":"product_brand","embeddable":true,"href":"https:\/\/my-french-grocery.com\/de\/wp-json\/wp\/v2\/product_brand?post=19129"},{"taxonomy":"product_cat","embeddable":true,"href":"https:\/\/my-french-grocery.com\/de\/wp-json\/wp\/v2\/product_cat?post=19129"},{"taxonomy":"product_tag","embeddable":true,"href":"https:\/\/my-french-grocery.com\/de\/wp-json\/wp\/v2\/product_tag?post=19129"}],"curies":[{"name":"wp","href":"https:\/\/api.w.org\/{rel}","templated":true}]}}