{"id":19131,"date":"2018-08-30T15:33:59","date_gmt":"2018-08-30T13:33:59","guid":{"rendered":"https:\/\/my-french-grocery.com\/product\/pasquier-pitch-schokoladenbrioches\/"},"modified":"2026-01-24T09:04:38","modified_gmt":"2026-01-24T07:04:38","slug":"pasquier-pitch-schokoladenbrioches","status":"publish","type":"product","link":"https:\/\/my-french-grocery.com\/de\/produkt\/pasquier-pitch-schokoladenbrioches\/","title":{"rendered":"Pasquier Pitch Schokoladenbrioches"},"content":{"rendered":"<p>Pasquier Pitch Schokoladenbrioches<\/p>\n<div class=\"pdp-card__header--text\"><span class=\"ds-body-text ds-body-text--weight-bold ds-body-text--size-m ds-body-text--color-standard-2\"><span>8 Brioches X 38,75 g<\/span><\/span><\/div>\n<div><\/div>\n<div>Alles beginnt 1936 in Cerqueux, einer kleinen Stadt in Maine et Loire. Louise und Gabriel Pasquier, die B\u00e4cker des Dorfes, stellen in ihrer B\u00e4ckerei Brot und Geb\u00e4ck her, sowie eine in der ganzen Region bekannte Brioche.<\/div>\n<div class=\"main-details--food__shoppinglist\"><\/div>\n","protected":false},"excerpt":{"rendered":"<p>Pasquier Pitch Schokoladenbrioches<\/p>\n<div class=\"pdp-card__header--text\"><span class=\"ds-body-text ds-body-text--weight-bold ds-body-text--size-m ds-body-text--color-standard-2\">8 Brioches X 38,75 g<\/span><\/div>\n","protected":false},"featured_media":19132,"comment_status":"open","ping_status":"closed","template":"","meta":[],"pwb-brand":[2430],"product_brand":[],"product_cat":[2246],"product_tag":[2427],"class_list":{"0":"post-19131","1":"product","2":"type-product","3":"status-publish","4":"has-post-thumbnail","6":"pwb-brand-pasquier-de","7":"product_cat-muesli-brioches-viennoiseries","8":"product_tag-brioche-de","9":"product_shipping_class-internationaler-versand","11":"first","12":"instock","13":"taxable","14":"shipping-taxable","15":"purchasable","16":"product-type-simple"},"brands":[{"id":2430,"name":"Pasquier","slug":"pasquier-de"}],"_links":{"self":[{"href":"https:\/\/my-french-grocery.com\/de\/wp-json\/wp\/v2\/product\/19131","targetHints":{"allow":["GET"]}}],"collection":[{"href":"https:\/\/my-french-grocery.com\/de\/wp-json\/wp\/v2\/product"}],"about":[{"href":"https:\/\/my-french-grocery.com\/de\/wp-json\/wp\/v2\/types\/product"}],"replies":[{"embeddable":true,"href":"https:\/\/my-french-grocery.com\/de\/wp-json\/wp\/v2\/comments?post=19131"}],"wp:featuredmedia":[{"embeddable":true,"href":"https:\/\/my-french-grocery.com\/de\/wp-json\/wp\/v2\/media\/19132"}],"wp:attachment":[{"href":"https:\/\/my-french-grocery.com\/de\/wp-json\/wp\/v2\/media?parent=19131"}],"wp:term":[{"taxonomy":"pwb-brand","embeddable":true,"href":"https:\/\/my-french-grocery.com\/de\/wp-json\/wp\/v2\/pwb-brand?post=19131"},{"taxonomy":"product_brand","embeddable":true,"href":"https:\/\/my-french-grocery.com\/de\/wp-json\/wp\/v2\/product_brand?post=19131"},{"taxonomy":"product_cat","embeddable":true,"href":"https:\/\/my-french-grocery.com\/de\/wp-json\/wp\/v2\/product_cat?post=19131"},{"taxonomy":"product_tag","embeddable":true,"href":"https:\/\/my-french-grocery.com\/de\/wp-json\/wp\/v2\/product_tag?post=19131"}],"curies":[{"name":"wp","href":"https:\/\/api.w.org\/{rel}","templated":true}]}}