{"id":19135,"date":"2018-08-30T16:06:05","date_gmt":"2018-08-30T14:06:05","guid":{"rendered":"https:\/\/my-french-grocery.com\/product\/benco-schokoladenpulver-2\/"},"modified":"2018-08-30T16:06:05","modified_gmt":"2018-08-30T14:06:05","slug":"benco-schokoladenpulver-2","status":"publish","type":"product","link":"https:\/\/my-french-grocery.com\/de\/produkt\/benco-schokoladenpulver-2\/","title":{"rendered":"Benco Schokoladenpulver"},"content":{"rendered":"<p>Benco Schokoladenpulver<\/p>\n<p>Schachtel mit 800 g<\/p>\n<p><span>Entdecken Sie ein einzigartiges Erlebnis knuspriger Schokoladenst\u00fcckchen, eine Geschmacksexplosion mit Benco!\u00a0<\/span><span>Zu genie\u00dfen in hei\u00dfer oder kalter Milch, mit dem L\u00f6ffel, auf Toast oder f\u00fcr andere Gourmet-Gen\u00fcsse<\/span><\/p>\n","protected":false},"excerpt":{"rendered":"<p>Benco Schokoladenpulver<\/p>\n<p>Schachtel mit 800 g<\/p>\n","protected":false},"featured_media":19136,"comment_status":"open","ping_status":"closed","template":"","meta":[],"pwb-brand":[2432],"product_brand":[],"product_cat":[2258],"product_tag":[2431],"class_list":{"0":"post-19135","1":"product","2":"type-product","3":"status-publish","4":"has-post-thumbnail","6":"pwb-brand-benco-de","7":"product_cat-schokoladenpulver","8":"product_tag-schokoladenpulver","9":"product_shipping_class-internationaler-versand","11":"first","12":"instock","13":"taxable","14":"shipping-taxable","15":"purchasable","16":"product-type-simple"},"brands":[{"id":2432,"name":"Benco","slug":"benco-de"}],"_links":{"self":[{"href":"https:\/\/my-french-grocery.com\/de\/wp-json\/wp\/v2\/product\/19135","targetHints":{"allow":["GET"]}}],"collection":[{"href":"https:\/\/my-french-grocery.com\/de\/wp-json\/wp\/v2\/product"}],"about":[{"href":"https:\/\/my-french-grocery.com\/de\/wp-json\/wp\/v2\/types\/product"}],"replies":[{"embeddable":true,"href":"https:\/\/my-french-grocery.com\/de\/wp-json\/wp\/v2\/comments?post=19135"}],"wp:featuredmedia":[{"embeddable":true,"href":"https:\/\/my-french-grocery.com\/de\/wp-json\/wp\/v2\/media\/19136"}],"wp:attachment":[{"href":"https:\/\/my-french-grocery.com\/de\/wp-json\/wp\/v2\/media?parent=19135"}],"wp:term":[{"taxonomy":"pwb-brand","embeddable":true,"href":"https:\/\/my-french-grocery.com\/de\/wp-json\/wp\/v2\/pwb-brand?post=19135"},{"taxonomy":"product_brand","embeddable":true,"href":"https:\/\/my-french-grocery.com\/de\/wp-json\/wp\/v2\/product_brand?post=19135"},{"taxonomy":"product_cat","embeddable":true,"href":"https:\/\/my-french-grocery.com\/de\/wp-json\/wp\/v2\/product_cat?post=19135"},{"taxonomy":"product_tag","embeddable":true,"href":"https:\/\/my-french-grocery.com\/de\/wp-json\/wp\/v2\/product_tag?post=19135"}],"curies":[{"name":"wp","href":"https:\/\/api.w.org\/{rel}","templated":true}]}}