{"id":19161,"date":"2018-09-01T13:40:07","date_gmt":"2018-09-01T11:40:07","guid":{"rendered":"https:\/\/my-french-grocery.com\/product\/suser-f-fuchtiger-apfelwein-loic-raison\/"},"modified":"2018-09-01T13:40:07","modified_gmt":"2018-09-01T11:40:07","slug":"suser-f-fuchtiger-apfelwein-loic-raison","status":"publish","type":"product","link":"https:\/\/my-french-grocery.com\/de\/produkt\/suser-f-fuchtiger-apfelwein-loic-raison\/","title":{"rendered":"S\u00fc\u00dfer &#038;f Fuchtiger Apfelwein Lo\u00efc Raison"},"content":{"rendered":"<p>S\u00fc\u00dfer &f Fuchtiger Apfelwein Lo\u00efc Raison<\/p>\n<p>75cl Flasche<\/p>\n<p>Seit 1923 haben die M\u00e4nner der Familie Raison durch ihren Charakter und ihren vision\u00e4ren Geist den Apfelweinmarkt revolutioniert. Heute laden sie wie echte Sistronome dazu ein, ihren Cider-Charakter in einem echten Moment des Teilens und Verkostens neu zu entdecken.<\/p>\n","protected":false},"excerpt":{"rendered":"<p>S\u00fc\u00dfer &amp;f Fuchtiger Apfelwein Lo\u00efc Raison<\/p>\n<p>75cl Flasche<\/p>\n","protected":false},"featured_media":19162,"comment_status":"open","ping_status":"closed","template":"","meta":[],"pwb-brand":[2437],"product_brand":[],"product_cat":[2222],"product_tag":[2436],"class_list":{"0":"post-19161","1":"product","2":"type-product","3":"status-publish","4":"has-post-thumbnail","6":"pwb-brand-loic-raison-de","7":"product_cat-bier-apfelwein","8":"product_tag-apfelwein","9":"product_shipping_class-internationaler-versand","11":"first","12":"instock","13":"taxable","14":"shipping-taxable","15":"purchasable","16":"product-type-simple"},"brands":[{"id":2437,"name":"Lo\u00efc Raison","slug":"loic-raison-de"}],"_links":{"self":[{"href":"https:\/\/my-french-grocery.com\/de\/wp-json\/wp\/v2\/product\/19161","targetHints":{"allow":["GET"]}}],"collection":[{"href":"https:\/\/my-french-grocery.com\/de\/wp-json\/wp\/v2\/product"}],"about":[{"href":"https:\/\/my-french-grocery.com\/de\/wp-json\/wp\/v2\/types\/product"}],"replies":[{"embeddable":true,"href":"https:\/\/my-french-grocery.com\/de\/wp-json\/wp\/v2\/comments?post=19161"}],"wp:featuredmedia":[{"embeddable":true,"href":"https:\/\/my-french-grocery.com\/de\/wp-json\/wp\/v2\/media\/19162"}],"wp:attachment":[{"href":"https:\/\/my-french-grocery.com\/de\/wp-json\/wp\/v2\/media?parent=19161"}],"wp:term":[{"taxonomy":"pwb-brand","embeddable":true,"href":"https:\/\/my-french-grocery.com\/de\/wp-json\/wp\/v2\/pwb-brand?post=19161"},{"taxonomy":"product_brand","embeddable":true,"href":"https:\/\/my-french-grocery.com\/de\/wp-json\/wp\/v2\/product_brand?post=19161"},{"taxonomy":"product_cat","embeddable":true,"href":"https:\/\/my-french-grocery.com\/de\/wp-json\/wp\/v2\/product_cat?post=19161"},{"taxonomy":"product_tag","embeddable":true,"href":"https:\/\/my-french-grocery.com\/de\/wp-json\/wp\/v2\/product_tag?post=19161"}],"curies":[{"name":"wp","href":"https:\/\/api.w.org\/{rel}","templated":true}]}}