{"id":19203,"date":"2018-09-01T14:58:44","date_gmt":"2018-09-01T12:58:44","guid":{"rendered":"https:\/\/my-french-grocery.com\/product\/bio-blondes-bier-jade\/"},"modified":"2018-09-01T14:58:44","modified_gmt":"2018-09-01T12:58:44","slug":"bio-blondes-bier-jade","status":"publish","type":"product","link":"https:\/\/my-french-grocery.com\/de\/produkt\/bio-blondes-bier-jade\/","title":{"rendered":"Bio blondes Bier Jade"},"content":{"rendered":"<p>Bio blondes Bier Jade<\/p>\n<p>65cL Flasche<\/p>\n<p>JADE, seit 31 Jahren die Benchmark-Marke f\u00fcr franz\u00f6sische Bio-Biere, bietet eine reiche und vielf\u00e4ltige Auswahl an franz\u00f6sischen Bio-Bieren, erfrischend und Gourmet, die nur aus Bio-Zutaten gebraut werden, die von Ecocert zertifiziert sind.<\/p>\n","protected":false},"excerpt":{"rendered":"<p>Bio blondes Bier Jade<\/p>\n<p>65cL Flasche<\/p>\n","protected":false},"featured_media":19204,"comment_status":"open","ping_status":"closed","template":"","meta":[],"pwb-brand":[],"product_brand":[],"product_cat":[2222,2265],"product_tag":[2438],"class_list":{"0":"post-19203","1":"product","2":"type-product","3":"status-publish","4":"has-post-thumbnail","6":"product_cat-bier-apfelwein","7":"product_cat-bio-biere-apfelwein","8":"product_tag-bier","9":"product_shipping_class-internationaler-versand","11":"first","12":"instock","13":"taxable","14":"shipping-taxable","15":"purchasable","16":"product-type-simple"},"yoast_head":"<!-- This site is optimized with the Yoast SEO plugin v27.4 - https:\/\/yoast.com\/product\/yoast-seo-wordpress\/ -->\n<title>Bio blondes Bier Jade | Online Kaufen | My French Grocery<\/title>\n<meta name=\"description\" content=\"Bio blondes Bier Jade - 65cL Flasche - JADE, seit 31 Jahren die Benchmark-Marke f\u00fcr franz\u00f6sische Bio-Biere, bietet eine reiche und vielf\u00e4ltige Auswahl an franz\u00f6sischen Bio-Bieren, erfrischend und Gourmet, die nur aus Bio-Zutaten gebraut werden, die von Ecocert zertifiziert sind.\" \/>\n<meta name=\"robots\" content=\"index, follow, max-snippet:-1, max-image-preview:large, max-video-preview:-1\" \/>\n<link rel=\"canonical\" href=\"https:\/\/my-french-grocery.com\/de\/produkt\/bio-blondes-bier-jade\/\" \/>\n<meta property=\"og:locale\" content=\"de_DE\" \/>\n<meta property=\"og:type\" content=\"article\" \/>\n<meta property=\"og:title\" content=\"Bio blondes Bier Jade | Online Kaufen | My French Grocery\" \/>\n<meta property=\"og:description\" content=\"Bio blondes Bier Jade - 65cL Flasche - JADE, seit 31 Jahren die Benchmark-Marke f\u00fcr franz\u00f6sische Bio-Biere, bietet eine reiche und vielf\u00e4ltige Auswahl an franz\u00f6sischen Bio-Bieren, erfrischend und Gourmet, die nur aus Bio-Zutaten gebraut werden, die von Ecocert zertifiziert sind.\" \/>\n<meta property=\"og:url\" content=\"https:\/\/my-french-grocery.com\/de\/produkt\/bio-blondes-bier-jade\/\" \/>\n<meta property=\"og:site_name\" content=\"My French Grocery\" \/>\n<meta property=\"article:publisher\" content=\"https:\/\/www.facebook.com\/myfrenchgrocery\/\" \/>\n<meta property=\"og:image\" content=\"https:\/\/my-french-grocery.com\/wp-content\/uploads\/2018\/09\/organic-jade.jpg\" \/>\n\t<meta property=\"og:image:width\" content=\"1500\" \/>\n\t<meta property=\"og:image:height\" content=\"1500\" \/>\n\t<meta property=\"og:image:type\" content=\"image\/jpeg\" \/>\n<meta name=\"twitter:card\" content=\"summary_large_image\" \/>\n<script type=\"application\/ld+json\" class=\"yoast-schema-graph\">{\"@context\":\"https:\\\/\\\/schema.org\",\"@graph\":[{\"@type\":\"WebPage\",\"@id\":\"https:\\\/\\\/my-french-grocery.com\\\/de\\\/produkt\\\/bio-blondes-bier-jade\\\/\",\"url\":\"https:\\\/\\\/my-french-grocery.com\\\/de\\\/produkt\\\/bio-blondes-bier-jade\\\/\",\"name\":\"Bio blondes Bier Jade | Online Kaufen | My French Grocery\",\"isPartOf\":{\"@id\":\"https:\\\/\\\/my-french-grocery.com\\\/de\\\/#website\"},\"primaryImageOfPage\":{\"@id\":\"https:\\\/\\\/my-french-grocery.com\\\/de\\\/produkt\\\/bio-blondes-bier-jade\\\/#primaryimage\"},\"image\":{\"@id\":\"https:\\\/\\\/my-french-grocery.com\\\/de\\\/produkt\\\/bio-blondes-bier-jade\\\/#primaryimage\"},\"thumbnailUrl\":\"https:\\\/\\\/my-french-grocery.com\\\/wp-content\\\/uploads\\\/2018\\\/09\\\/organic-jade.jpg\",\"datePublished\":\"2018-09-01T12:58:44+00:00\",\"description\":\"Bio blondes Bier Jade - 65cL Flasche - JADE, seit 31 Jahren die Benchmark-Marke f\u00fcr franz\u00f6sische Bio-Biere, bietet eine reiche und vielf\u00e4ltige Auswahl an franz\u00f6sischen Bio-Bieren, erfrischend und Gourmet, die nur aus Bio-Zutaten gebraut werden, die von Ecocert zertifiziert sind.\",\"breadcrumb\":{\"@id\":\"https:\\\/\\\/my-french-grocery.com\\\/de\\\/produkt\\\/bio-blondes-bier-jade\\\/#breadcrumb\"},\"inLanguage\":\"de-DE\",\"potentialAction\":[{\"@type\":\"ReadAction\",\"target\":[\"https:\\\/\\\/my-french-grocery.com\\\/de\\\/produkt\\\/bio-blondes-bier-jade\\\/\"]}]},{\"@type\":\"ImageObject\",\"inLanguage\":\"de-DE\",\"@id\":\"https:\\\/\\\/my-french-grocery.com\\\/de\\\/produkt\\\/bio-blondes-bier-jade\\\/#primaryimage\",\"url\":\"https:\\\/\\\/my-french-grocery.com\\\/wp-content\\\/uploads\\\/2018\\\/09\\\/organic-jade.jpg\",\"contentUrl\":\"https:\\\/\\\/my-french-grocery.com\\\/wp-content\\\/uploads\\\/2018\\\/09\\\/organic-jade.jpg\",\"width\":1500,\"height\":1500,\"caption\":\"Bio blondes Bier Jade\"},{\"@type\":\"BreadcrumbList\",\"@id\":\"https:\\\/\\\/my-french-grocery.com\\\/de\\\/produkt\\\/bio-blondes-bier-jade\\\/#breadcrumb\",\"itemListElement\":[{\"@type\":\"ListItem\",\"position\":1,\"name\":\"Home\",\"item\":\"https:\\\/\\\/my-french-grocery.com\\\/de\\\/shopping-seite\\\/\"},{\"@type\":\"ListItem\",\"position\":2,\"name\":\"Shop\",\"item\":\"https:\\\/\\\/my-french-grocery.com\\\/shop\\\/\"},{\"@type\":\"ListItem\",\"position\":3,\"name\":\"Bier &amp; Apfelwein\",\"item\":\"https:\\\/\\\/my-french-grocery.com\\\/de\\\/produkt-kategorie\\\/bier-apfelwein\\\/\"},{\"@type\":\"ListItem\",\"position\":4,\"name\":\"Bio blondes Bier Jade\"}]},{\"@type\":\"WebSite\",\"@id\":\"https:\\\/\\\/my-french-grocery.com\\\/de\\\/#website\",\"url\":\"https:\\\/\\\/my-french-grocery.com\\\/de\\\/\",\"name\":\"My French Grocery\",\"description\":\"Your Online French Grocery  !\",\"publisher\":{\"@id\":\"https:\\\/\\\/my-french-grocery.com\\\/de\\\/#organization\"},\"potentialAction\":[{\"@type\":\"SearchAction\",\"target\":{\"@type\":\"EntryPoint\",\"urlTemplate\":\"https:\\\/\\\/my-french-grocery.com\\\/de\\\/?s={search_term_string}\"},\"query-input\":{\"@type\":\"PropertyValueSpecification\",\"valueRequired\":true,\"valueName\":\"search_term_string\"}}],\"inLanguage\":\"de-DE\"},{\"@type\":\"Organization\",\"@id\":\"https:\\\/\\\/my-french-grocery.com\\\/de\\\/#organization\",\"name\":\"MY FRENCH GROCERY\",\"url\":\"https:\\\/\\\/my-french-grocery.com\\\/de\\\/\",\"logo\":{\"@type\":\"ImageObject\",\"inLanguage\":\"de-DE\",\"@id\":\"https:\\\/\\\/my-french-grocery.com\\\/de\\\/#\\\/schema\\\/logo\\\/image\\\/\",\"url\":\"https:\\\/\\\/my-french-grocery.com\\\/wp-content\\\/uploads\\\/2021\\\/11\\\/My-French-Grocery-Online-French-Grocery.png\",\"contentUrl\":\"https:\\\/\\\/my-french-grocery.com\\\/wp-content\\\/uploads\\\/2021\\\/11\\\/My-French-Grocery-Online-French-Grocery.png\",\"width\":100,\"height\":100,\"caption\":\"MY FRENCH GROCERY\"},\"image\":{\"@id\":\"https:\\\/\\\/my-french-grocery.com\\\/de\\\/#\\\/schema\\\/logo\\\/image\\\/\"},\"sameAs\":[\"https:\\\/\\\/www.facebook.com\\\/myfrenchgrocery\\\/\"]}]}<\/script>\n<!-- \/ Yoast SEO plugin. -->","yoast_head_json":{"title":"Bio blondes Bier Jade | Online Kaufen | My French Grocery","description":"Bio blondes Bier Jade - 65cL Flasche - JADE, seit 31 Jahren die Benchmark-Marke f\u00fcr franz\u00f6sische Bio-Biere, bietet eine reiche und vielf\u00e4ltige Auswahl an franz\u00f6sischen Bio-Bieren, erfrischend und Gourmet, die nur aus Bio-Zutaten gebraut werden, die von Ecocert zertifiziert sind.","robots":{"index":"index","follow":"follow","max-snippet":"max-snippet:-1","max-image-preview":"max-image-preview:large","max-video-preview":"max-video-preview:-1"},"canonical":"https:\/\/my-french-grocery.com\/de\/produkt\/bio-blondes-bier-jade\/","og_locale":"de_DE","og_type":"article","og_title":"Bio blondes Bier Jade | Online Kaufen | My French Grocery","og_description":"Bio blondes Bier Jade - 65cL Flasche - JADE, seit 31 Jahren die Benchmark-Marke f\u00fcr franz\u00f6sische Bio-Biere, bietet eine reiche und vielf\u00e4ltige Auswahl an franz\u00f6sischen Bio-Bieren, erfrischend und Gourmet, die nur aus Bio-Zutaten gebraut werden, die von Ecocert zertifiziert sind.","og_url":"https:\/\/my-french-grocery.com\/de\/produkt\/bio-blondes-bier-jade\/","og_site_name":"My French Grocery","article_publisher":"https:\/\/www.facebook.com\/myfrenchgrocery\/","og_image":[{"width":1500,"height":1500,"url":"https:\/\/my-french-grocery.com\/wp-content\/uploads\/2018\/09\/organic-jade.jpg","type":"image\/jpeg"}],"twitter_card":"summary_large_image","schema":{"@context":"https:\/\/schema.org","@graph":[{"@type":"WebPage","@id":"https:\/\/my-french-grocery.com\/de\/produkt\/bio-blondes-bier-jade\/","url":"https:\/\/my-french-grocery.com\/de\/produkt\/bio-blondes-bier-jade\/","name":"Bio blondes Bier Jade | Online Kaufen | My French Grocery","isPartOf":{"@id":"https:\/\/my-french-grocery.com\/de\/#website"},"primaryImageOfPage":{"@id":"https:\/\/my-french-grocery.com\/de\/produkt\/bio-blondes-bier-jade\/#primaryimage"},"image":{"@id":"https:\/\/my-french-grocery.com\/de\/produkt\/bio-blondes-bier-jade\/#primaryimage"},"thumbnailUrl":"https:\/\/my-french-grocery.com\/wp-content\/uploads\/2018\/09\/organic-jade.jpg","datePublished":"2018-09-01T12:58:44+00:00","description":"Bio blondes Bier Jade - 65cL Flasche - JADE, seit 31 Jahren die Benchmark-Marke f\u00fcr franz\u00f6sische Bio-Biere, bietet eine reiche und vielf\u00e4ltige Auswahl an franz\u00f6sischen Bio-Bieren, erfrischend und Gourmet, die nur aus Bio-Zutaten gebraut werden, die von Ecocert zertifiziert sind.","breadcrumb":{"@id":"https:\/\/my-french-grocery.com\/de\/produkt\/bio-blondes-bier-jade\/#breadcrumb"},"inLanguage":"de-DE","potentialAction":[{"@type":"ReadAction","target":["https:\/\/my-french-grocery.com\/de\/produkt\/bio-blondes-bier-jade\/"]}]},{"@type":"ImageObject","inLanguage":"de-DE","@id":"https:\/\/my-french-grocery.com\/de\/produkt\/bio-blondes-bier-jade\/#primaryimage","url":"https:\/\/my-french-grocery.com\/wp-content\/uploads\/2018\/09\/organic-jade.jpg","contentUrl":"https:\/\/my-french-grocery.com\/wp-content\/uploads\/2018\/09\/organic-jade.jpg","width":1500,"height":1500,"caption":"Bio blondes Bier Jade"},{"@type":"BreadcrumbList","@id":"https:\/\/my-french-grocery.com\/de\/produkt\/bio-blondes-bier-jade\/#breadcrumb","itemListElement":[{"@type":"ListItem","position":1,"name":"Home","item":"https:\/\/my-french-grocery.com\/de\/shopping-seite\/"},{"@type":"ListItem","position":2,"name":"Shop","item":"https:\/\/my-french-grocery.com\/shop\/"},{"@type":"ListItem","position":3,"name":"Bier &amp; Apfelwein","item":"https:\/\/my-french-grocery.com\/de\/produkt-kategorie\/bier-apfelwein\/"},{"@type":"ListItem","position":4,"name":"Bio blondes Bier Jade"}]},{"@type":"WebSite","@id":"https:\/\/my-french-grocery.com\/de\/#website","url":"https:\/\/my-french-grocery.com\/de\/","name":"My French Grocery","description":"Your Online French Grocery  !","publisher":{"@id":"https:\/\/my-french-grocery.com\/de\/#organization"},"potentialAction":[{"@type":"SearchAction","target":{"@type":"EntryPoint","urlTemplate":"https:\/\/my-french-grocery.com\/de\/?s={search_term_string}"},"query-input":{"@type":"PropertyValueSpecification","valueRequired":true,"valueName":"search_term_string"}}],"inLanguage":"de-DE"},{"@type":"Organization","@id":"https:\/\/my-french-grocery.com\/de\/#organization","name":"MY FRENCH GROCERY","url":"https:\/\/my-french-grocery.com\/de\/","logo":{"@type":"ImageObject","inLanguage":"de-DE","@id":"https:\/\/my-french-grocery.com\/de\/#\/schema\/logo\/image\/","url":"https:\/\/my-french-grocery.com\/wp-content\/uploads\/2021\/11\/My-French-Grocery-Online-French-Grocery.png","contentUrl":"https:\/\/my-french-grocery.com\/wp-content\/uploads\/2021\/11\/My-French-Grocery-Online-French-Grocery.png","width":100,"height":100,"caption":"MY FRENCH GROCERY"},"image":{"@id":"https:\/\/my-french-grocery.com\/de\/#\/schema\/logo\/image\/"},"sameAs":["https:\/\/www.facebook.com\/myfrenchgrocery\/"]}]}},"brands":[],"_links":{"self":[{"href":"https:\/\/my-french-grocery.com\/de\/wp-json\/wp\/v2\/product\/19203","targetHints":{"allow":["GET"]}}],"collection":[{"href":"https:\/\/my-french-grocery.com\/de\/wp-json\/wp\/v2\/product"}],"about":[{"href":"https:\/\/my-french-grocery.com\/de\/wp-json\/wp\/v2\/types\/product"}],"replies":[{"embeddable":true,"href":"https:\/\/my-french-grocery.com\/de\/wp-json\/wp\/v2\/comments?post=19203"}],"wp:featuredmedia":[{"embeddable":true,"href":"https:\/\/my-french-grocery.com\/de\/wp-json\/wp\/v2\/media\/19204"}],"wp:attachment":[{"href":"https:\/\/my-french-grocery.com\/de\/wp-json\/wp\/v2\/media?parent=19203"}],"wp:term":[{"taxonomy":"pwb-brand","embeddable":true,"href":"https:\/\/my-french-grocery.com\/de\/wp-json\/wp\/v2\/pwb-brand?post=19203"},{"taxonomy":"product_brand","embeddable":true,"href":"https:\/\/my-french-grocery.com\/de\/wp-json\/wp\/v2\/product_brand?post=19203"},{"taxonomy":"product_cat","embeddable":true,"href":"https:\/\/my-french-grocery.com\/de\/wp-json\/wp\/v2\/product_cat?post=19203"},{"taxonomy":"product_tag","embeddable":true,"href":"https:\/\/my-french-grocery.com\/de\/wp-json\/wp\/v2\/product_tag?post=19203"}],"curies":[{"name":"wp","href":"https:\/\/api.w.org\/{rel}","templated":true}]}}