{"id":19233,"date":"2018-09-04T10:30:07","date_gmt":"2018-09-04T08:30:07","guid":{"rendered":"https:\/\/my-french-grocery.com\/product\/bonbons-tetes-brulees-fil-a-pecho\/"},"modified":"2018-09-04T10:30:07","modified_gmt":"2018-09-04T08:30:07","slug":"bonbons-tetes-brulees-fil-a-pecho","status":"publish","type":"product","link":"https:\/\/my-french-grocery.com\/de\/produkt\/bonbons-tetes-brulees-fil-a-pecho\/","title":{"rendered":"Bonbons T\u00eates Brul\u00e9es Fil \u00e0 P\u00e9cho"},"content":{"rendered":"<p>Bonbons T\u00eates Brul\u00e9es Fil \u00e0 P\u00e9cho<\/p>\n<div class=\"pdp-card__header--text\"><span class=\"ds-body-text ds-body-text--weight-bold ds-body-text--size-m ds-body-text--color-standard-2\"><span>180g Beutel<\/span><\/span><\/div>\n<div class=\"main-details--food__shoppinglist\"><\/div>\n<div><span>Aromatisierte Geleebonbons mit S\u00e4ure\u00fcberzug.\u00a0<\/span><span>Duftnoten: Tropisch, Tee-Pfirsich, Apfel-Schwarze Johannisbeere-Himbeere, Cola-Kirsche.<\/span><\/div>\n","protected":false},"excerpt":{"rendered":"<p>Bonbons T\u00eates Brul\u00e9es Fil \u00e0 P\u00e9cho<\/p>\n<div class=\"pdp-card__header--text\"><span class=\"ds-body-text ds-body-text--weight-bold ds-body-text--size-m ds-body-text--color-standard-2\">180g Beutel<\/span><\/div>\n","protected":false},"featured_media":19235,"comment_status":"open","ping_status":"closed","template":"","meta":[],"pwb-brand":[2376],"product_brand":[],"product_cat":[2113],"product_tag":[2441],"class_list":{"0":"post-19233","1":"product","2":"type-product","3":"status-publish","4":"has-post-thumbnail","6":"pwb-brand-verquin-de","7":"product_cat-bonbons-de","8":"product_tag-tetes-brulees-de","9":"product_shipping_class-internationaler-versand","11":"first","12":"outofstock","13":"taxable","14":"shipping-taxable","15":"purchasable","16":"product-type-simple"},"yoast_head":"<!-- This site is optimized with the Yoast SEO plugin v27.3 - https:\/\/yoast.com\/product\/yoast-seo-wordpress\/ -->\n<title>Bonbons T\u00eates Brul\u00e9es Fil \u00e0 P\u00e9cho | Online Kaufen | My French Grocery<\/title>\n<meta name=\"description\" content=\"Bonbons T\u00eates Brul\u00e9es Fil \u00e0 P\u00e9cho - 180g Beutel - Aromatisierte Geleebonbons mit S\u00e4ure\u00fcberzug.\" \/>\n<meta name=\"robots\" content=\"index, follow, max-snippet:-1, max-image-preview:large, max-video-preview:-1\" \/>\n<link rel=\"canonical\" href=\"https:\/\/my-french-grocery.com\/de\/produkt\/bonbons-tetes-brulees-fil-a-pecho\/\" \/>\n<meta property=\"og:locale\" content=\"de_DE\" \/>\n<meta property=\"og:type\" content=\"article\" \/>\n<meta property=\"og:title\" content=\"Bonbons T\u00eates Brul\u00e9es Fil \u00e0 P\u00e9cho | Online Kaufen | My French Grocery\" \/>\n<meta property=\"og:description\" content=\"Bonbons T\u00eates Brul\u00e9es Fil \u00e0 P\u00e9cho - 180g Beutel - Aromatisierte Geleebonbons mit S\u00e4ure\u00fcberzug.\" \/>\n<meta property=\"og:url\" content=\"https:\/\/my-french-grocery.com\/de\/produkt\/bonbons-tetes-brulees-fil-a-pecho\/\" \/>\n<meta property=\"og:site_name\" content=\"My French Grocery\" \/>\n<meta property=\"article:publisher\" content=\"https:\/\/www.facebook.com\/myfrenchgrocery\/\" \/>\n<meta property=\"og:image\" content=\"https:\/\/my-french-grocery.com\/wp-content\/uploads\/2018\/09\/Fil-a-P\u00e9cho.jpg\" \/>\n\t<meta property=\"og:image:width\" content=\"1500\" \/>\n\t<meta property=\"og:image:height\" content=\"1500\" \/>\n\t<meta property=\"og:image:type\" content=\"image\/jpeg\" \/>\n<meta name=\"twitter:card\" content=\"summary_large_image\" \/>\n<script type=\"application\/ld+json\" class=\"yoast-schema-graph\">{\"@context\":\"https:\\\/\\\/schema.org\",\"@graph\":[{\"@type\":\"WebPage\",\"@id\":\"https:\\\/\\\/my-french-grocery.com\\\/de\\\/produkt\\\/bonbons-tetes-brulees-fil-a-pecho\\\/\",\"url\":\"https:\\\/\\\/my-french-grocery.com\\\/de\\\/produkt\\\/bonbons-tetes-brulees-fil-a-pecho\\\/\",\"name\":\"Bonbons T\u00eates Brul\u00e9es Fil \u00e0 P\u00e9cho | Online Kaufen | My French Grocery\",\"isPartOf\":{\"@id\":\"https:\\\/\\\/my-french-grocery.com\\\/de\\\/#website\"},\"primaryImageOfPage\":{\"@id\":\"https:\\\/\\\/my-french-grocery.com\\\/de\\\/produkt\\\/bonbons-tetes-brulees-fil-a-pecho\\\/#primaryimage\"},\"image\":{\"@id\":\"https:\\\/\\\/my-french-grocery.com\\\/de\\\/produkt\\\/bonbons-tetes-brulees-fil-a-pecho\\\/#primaryimage\"},\"thumbnailUrl\":\"https:\\\/\\\/my-french-grocery.com\\\/wp-content\\\/uploads\\\/2018\\\/09\\\/Fil-a-P\u00e9cho.jpg\",\"datePublished\":\"2018-09-04T08:30:07+00:00\",\"description\":\"Bonbons T\u00eates Brul\u00e9es Fil \u00e0 P\u00e9cho - 180g Beutel - Aromatisierte Geleebonbons mit S\u00e4ure\u00fcberzug.\",\"breadcrumb\":{\"@id\":\"https:\\\/\\\/my-french-grocery.com\\\/de\\\/produkt\\\/bonbons-tetes-brulees-fil-a-pecho\\\/#breadcrumb\"},\"inLanguage\":\"de-DE\",\"potentialAction\":[{\"@type\":\"ReadAction\",\"target\":[\"https:\\\/\\\/my-french-grocery.com\\\/de\\\/produkt\\\/bonbons-tetes-brulees-fil-a-pecho\\\/\"]}]},{\"@type\":\"ImageObject\",\"inLanguage\":\"de-DE\",\"@id\":\"https:\\\/\\\/my-french-grocery.com\\\/de\\\/produkt\\\/bonbons-tetes-brulees-fil-a-pecho\\\/#primaryimage\",\"url\":\"https:\\\/\\\/my-french-grocery.com\\\/wp-content\\\/uploads\\\/2018\\\/09\\\/Fil-a-P\u00e9cho.jpg\",\"contentUrl\":\"https:\\\/\\\/my-french-grocery.com\\\/wp-content\\\/uploads\\\/2018\\\/09\\\/Fil-a-P\u00e9cho.jpg\",\"width\":1500,\"height\":1500,\"caption\":\"Bonbons T\u00eates Brul\u00e9es Fil \u00e0 P\u00e9cho\"},{\"@type\":\"BreadcrumbList\",\"@id\":\"https:\\\/\\\/my-french-grocery.com\\\/de\\\/produkt\\\/bonbons-tetes-brulees-fil-a-pecho\\\/#breadcrumb\",\"itemListElement\":[{\"@type\":\"ListItem\",\"position\":1,\"name\":\"Home\",\"item\":\"https:\\\/\\\/my-french-grocery.com\\\/de\\\/shopping-seite\\\/\"},{\"@type\":\"ListItem\",\"position\":2,\"name\":\"Shop\",\"item\":\"https:\\\/\\\/my-french-grocery.com\\\/shop\\\/\"},{\"@type\":\"ListItem\",\"position\":3,\"name\":\"S\u00fc\u00dfigkeiten\",\"item\":\"https:\\\/\\\/my-french-grocery.com\\\/de\\\/produkt-kategorie\\\/bonbons-de\\\/\"},{\"@type\":\"ListItem\",\"position\":4,\"name\":\"Bonbons T\u00eates Brul\u00e9es Fil \u00e0 P\u00e9cho\"}]},{\"@type\":\"WebSite\",\"@id\":\"https:\\\/\\\/my-french-grocery.com\\\/de\\\/#website\",\"url\":\"https:\\\/\\\/my-french-grocery.com\\\/de\\\/\",\"name\":\"My French Grocery\",\"description\":\"Your Online French Grocery  !\",\"publisher\":{\"@id\":\"https:\\\/\\\/my-french-grocery.com\\\/de\\\/#organization\"},\"potentialAction\":[{\"@type\":\"SearchAction\",\"target\":{\"@type\":\"EntryPoint\",\"urlTemplate\":\"https:\\\/\\\/my-french-grocery.com\\\/de\\\/?s={search_term_string}\"},\"query-input\":{\"@type\":\"PropertyValueSpecification\",\"valueRequired\":true,\"valueName\":\"search_term_string\"}}],\"inLanguage\":\"de-DE\"},{\"@type\":\"Organization\",\"@id\":\"https:\\\/\\\/my-french-grocery.com\\\/de\\\/#organization\",\"name\":\"MY FRENCH GROCERY\",\"url\":\"https:\\\/\\\/my-french-grocery.com\\\/de\\\/\",\"logo\":{\"@type\":\"ImageObject\",\"inLanguage\":\"de-DE\",\"@id\":\"https:\\\/\\\/my-french-grocery.com\\\/de\\\/#\\\/schema\\\/logo\\\/image\\\/\",\"url\":\"https:\\\/\\\/my-french-grocery.com\\\/wp-content\\\/uploads\\\/2021\\\/11\\\/My-French-Grocery-Online-French-Grocery.png\",\"contentUrl\":\"https:\\\/\\\/my-french-grocery.com\\\/wp-content\\\/uploads\\\/2021\\\/11\\\/My-French-Grocery-Online-French-Grocery.png\",\"width\":100,\"height\":100,\"caption\":\"MY FRENCH GROCERY\"},\"image\":{\"@id\":\"https:\\\/\\\/my-french-grocery.com\\\/de\\\/#\\\/schema\\\/logo\\\/image\\\/\"},\"sameAs\":[\"https:\\\/\\\/www.facebook.com\\\/myfrenchgrocery\\\/\"]}]}<\/script>\n<!-- \/ Yoast SEO plugin. -->","yoast_head_json":{"title":"Bonbons T\u00eates Brul\u00e9es Fil \u00e0 P\u00e9cho | Online Kaufen | My French Grocery","description":"Bonbons T\u00eates Brul\u00e9es Fil \u00e0 P\u00e9cho - 180g Beutel - Aromatisierte Geleebonbons mit S\u00e4ure\u00fcberzug.","robots":{"index":"index","follow":"follow","max-snippet":"max-snippet:-1","max-image-preview":"max-image-preview:large","max-video-preview":"max-video-preview:-1"},"canonical":"https:\/\/my-french-grocery.com\/de\/produkt\/bonbons-tetes-brulees-fil-a-pecho\/","og_locale":"de_DE","og_type":"article","og_title":"Bonbons T\u00eates Brul\u00e9es Fil \u00e0 P\u00e9cho | Online Kaufen | My French Grocery","og_description":"Bonbons T\u00eates Brul\u00e9es Fil \u00e0 P\u00e9cho - 180g Beutel - Aromatisierte Geleebonbons mit S\u00e4ure\u00fcberzug.","og_url":"https:\/\/my-french-grocery.com\/de\/produkt\/bonbons-tetes-brulees-fil-a-pecho\/","og_site_name":"My French Grocery","article_publisher":"https:\/\/www.facebook.com\/myfrenchgrocery\/","og_image":[{"width":1500,"height":1500,"url":"https:\/\/my-french-grocery.com\/wp-content\/uploads\/2018\/09\/Fil-a-P\u00e9cho.jpg","type":"image\/jpeg"}],"twitter_card":"summary_large_image","schema":{"@context":"https:\/\/schema.org","@graph":[{"@type":"WebPage","@id":"https:\/\/my-french-grocery.com\/de\/produkt\/bonbons-tetes-brulees-fil-a-pecho\/","url":"https:\/\/my-french-grocery.com\/de\/produkt\/bonbons-tetes-brulees-fil-a-pecho\/","name":"Bonbons T\u00eates Brul\u00e9es Fil \u00e0 P\u00e9cho | Online Kaufen | My French Grocery","isPartOf":{"@id":"https:\/\/my-french-grocery.com\/de\/#website"},"primaryImageOfPage":{"@id":"https:\/\/my-french-grocery.com\/de\/produkt\/bonbons-tetes-brulees-fil-a-pecho\/#primaryimage"},"image":{"@id":"https:\/\/my-french-grocery.com\/de\/produkt\/bonbons-tetes-brulees-fil-a-pecho\/#primaryimage"},"thumbnailUrl":"https:\/\/my-french-grocery.com\/wp-content\/uploads\/2018\/09\/Fil-a-P\u00e9cho.jpg","datePublished":"2018-09-04T08:30:07+00:00","description":"Bonbons T\u00eates Brul\u00e9es Fil \u00e0 P\u00e9cho - 180g Beutel - Aromatisierte Geleebonbons mit S\u00e4ure\u00fcberzug.","breadcrumb":{"@id":"https:\/\/my-french-grocery.com\/de\/produkt\/bonbons-tetes-brulees-fil-a-pecho\/#breadcrumb"},"inLanguage":"de-DE","potentialAction":[{"@type":"ReadAction","target":["https:\/\/my-french-grocery.com\/de\/produkt\/bonbons-tetes-brulees-fil-a-pecho\/"]}]},{"@type":"ImageObject","inLanguage":"de-DE","@id":"https:\/\/my-french-grocery.com\/de\/produkt\/bonbons-tetes-brulees-fil-a-pecho\/#primaryimage","url":"https:\/\/my-french-grocery.com\/wp-content\/uploads\/2018\/09\/Fil-a-P\u00e9cho.jpg","contentUrl":"https:\/\/my-french-grocery.com\/wp-content\/uploads\/2018\/09\/Fil-a-P\u00e9cho.jpg","width":1500,"height":1500,"caption":"Bonbons T\u00eates Brul\u00e9es Fil \u00e0 P\u00e9cho"},{"@type":"BreadcrumbList","@id":"https:\/\/my-french-grocery.com\/de\/produkt\/bonbons-tetes-brulees-fil-a-pecho\/#breadcrumb","itemListElement":[{"@type":"ListItem","position":1,"name":"Home","item":"https:\/\/my-french-grocery.com\/de\/shopping-seite\/"},{"@type":"ListItem","position":2,"name":"Shop","item":"https:\/\/my-french-grocery.com\/shop\/"},{"@type":"ListItem","position":3,"name":"S\u00fc\u00dfigkeiten","item":"https:\/\/my-french-grocery.com\/de\/produkt-kategorie\/bonbons-de\/"},{"@type":"ListItem","position":4,"name":"Bonbons T\u00eates Brul\u00e9es Fil \u00e0 P\u00e9cho"}]},{"@type":"WebSite","@id":"https:\/\/my-french-grocery.com\/de\/#website","url":"https:\/\/my-french-grocery.com\/de\/","name":"My French Grocery","description":"Your Online French Grocery  !","publisher":{"@id":"https:\/\/my-french-grocery.com\/de\/#organization"},"potentialAction":[{"@type":"SearchAction","target":{"@type":"EntryPoint","urlTemplate":"https:\/\/my-french-grocery.com\/de\/?s={search_term_string}"},"query-input":{"@type":"PropertyValueSpecification","valueRequired":true,"valueName":"search_term_string"}}],"inLanguage":"de-DE"},{"@type":"Organization","@id":"https:\/\/my-french-grocery.com\/de\/#organization","name":"MY FRENCH GROCERY","url":"https:\/\/my-french-grocery.com\/de\/","logo":{"@type":"ImageObject","inLanguage":"de-DE","@id":"https:\/\/my-french-grocery.com\/de\/#\/schema\/logo\/image\/","url":"https:\/\/my-french-grocery.com\/wp-content\/uploads\/2021\/11\/My-French-Grocery-Online-French-Grocery.png","contentUrl":"https:\/\/my-french-grocery.com\/wp-content\/uploads\/2021\/11\/My-French-Grocery-Online-French-Grocery.png","width":100,"height":100,"caption":"MY FRENCH GROCERY"},"image":{"@id":"https:\/\/my-french-grocery.com\/de\/#\/schema\/logo\/image\/"},"sameAs":["https:\/\/www.facebook.com\/myfrenchgrocery\/"]}]}},"brands":[{"id":2376,"name":"Verquin","slug":"verquin-de"}],"_links":{"self":[{"href":"https:\/\/my-french-grocery.com\/de\/wp-json\/wp\/v2\/product\/19233","targetHints":{"allow":["GET"]}}],"collection":[{"href":"https:\/\/my-french-grocery.com\/de\/wp-json\/wp\/v2\/product"}],"about":[{"href":"https:\/\/my-french-grocery.com\/de\/wp-json\/wp\/v2\/types\/product"}],"replies":[{"embeddable":true,"href":"https:\/\/my-french-grocery.com\/de\/wp-json\/wp\/v2\/comments?post=19233"}],"wp:featuredmedia":[{"embeddable":true,"href":"https:\/\/my-french-grocery.com\/de\/wp-json\/wp\/v2\/media\/19235"}],"wp:attachment":[{"href":"https:\/\/my-french-grocery.com\/de\/wp-json\/wp\/v2\/media?parent=19233"}],"wp:term":[{"taxonomy":"pwb-brand","embeddable":true,"href":"https:\/\/my-french-grocery.com\/de\/wp-json\/wp\/v2\/pwb-brand?post=19233"},{"taxonomy":"product_brand","embeddable":true,"href":"https:\/\/my-french-grocery.com\/de\/wp-json\/wp\/v2\/product_brand?post=19233"},{"taxonomy":"product_cat","embeddable":true,"href":"https:\/\/my-french-grocery.com\/de\/wp-json\/wp\/v2\/product_cat?post=19233"},{"taxonomy":"product_tag","embeddable":true,"href":"https:\/\/my-french-grocery.com\/de\/wp-json\/wp\/v2\/product_tag?post=19233"}],"curies":[{"name":"wp","href":"https:\/\/api.w.org\/{rel}","templated":true}]}}