{"id":19236,"date":"2018-09-04T10:30:54","date_gmt":"2018-09-04T08:30:54","guid":{"rendered":"https:\/\/my-french-grocery.com\/product\/bonbons-tetes-brulees-kitache\/"},"modified":"2018-09-04T10:30:54","modified_gmt":"2018-09-04T08:30:54","slug":"bonbons-tetes-brulees-kitache","status":"publish","type":"product","link":"https:\/\/my-french-grocery.com\/de\/produkt\/bonbons-tetes-brulees-kitache\/","title":{"rendered":"Bonbons T\u00eates Brul\u00e9es Kitache"},"content":{"rendered":"<p>Bonbons T\u00eates Brul\u00e9es Kitache<\/p>\n<p>200 g Beutel<\/p>\n<div class=\"regulated-name\">\n<p class=\"paragraph\"><span>Saure Kaupaste, aromatisiert mit Himbeer-Cola-Geschmack<\/span><\/p>\n<\/div>\n","protected":false},"excerpt":{"rendered":"<p>Bonbons T\u00eates Brul\u00e9es Kitache<\/p>\n<p>200 g Beutel<\/p>\n","protected":false},"featured_media":10097,"comment_status":"open","ping_status":"closed","template":"","meta":[],"pwb-brand":[2376],"product_brand":[],"product_cat":[2113],"product_tag":[2441],"class_list":{"0":"post-19236","1":"product","2":"type-product","3":"status-publish","4":"has-post-thumbnail","6":"pwb-brand-verquin-de","7":"product_cat-bonbons-de","8":"product_tag-tetes-brulees-de","9":"product_shipping_class-internationaler-versand","11":"first","12":"instock","13":"taxable","14":"shipping-taxable","15":"purchasable","16":"product-type-simple"},"brands":[{"id":2376,"name":"Verquin","slug":"verquin-de"}],"_links":{"self":[{"href":"https:\/\/my-french-grocery.com\/de\/wp-json\/wp\/v2\/product\/19236","targetHints":{"allow":["GET"]}}],"collection":[{"href":"https:\/\/my-french-grocery.com\/de\/wp-json\/wp\/v2\/product"}],"about":[{"href":"https:\/\/my-french-grocery.com\/de\/wp-json\/wp\/v2\/types\/product"}],"replies":[{"embeddable":true,"href":"https:\/\/my-french-grocery.com\/de\/wp-json\/wp\/v2\/comments?post=19236"}],"wp:featuredmedia":[{"embeddable":true,"href":"https:\/\/my-french-grocery.com\/de\/wp-json\/wp\/v2\/media\/10097"}],"wp:attachment":[{"href":"https:\/\/my-french-grocery.com\/de\/wp-json\/wp\/v2\/media?parent=19236"}],"wp:term":[{"taxonomy":"pwb-brand","embeddable":true,"href":"https:\/\/my-french-grocery.com\/de\/wp-json\/wp\/v2\/pwb-brand?post=19236"},{"taxonomy":"product_brand","embeddable":true,"href":"https:\/\/my-french-grocery.com\/de\/wp-json\/wp\/v2\/product_brand?post=19236"},{"taxonomy":"product_cat","embeddable":true,"href":"https:\/\/my-french-grocery.com\/de\/wp-json\/wp\/v2\/product_cat?post=19236"},{"taxonomy":"product_tag","embeddable":true,"href":"https:\/\/my-french-grocery.com\/de\/wp-json\/wp\/v2\/product_tag?post=19236"}],"curies":[{"name":"wp","href":"https:\/\/api.w.org\/{rel}","templated":true}]}}