{"id":19259,"date":"2018-09-04T11:25:10","date_gmt":"2018-09-04T09:25:10","guid":{"rendered":"https:\/\/my-french-grocery.com\/product\/brets-kartoffelchips-geschmortes-huhnch-geschmack\/"},"modified":"2024-02-28T17:45:19","modified_gmt":"2024-02-28T15:45:19","slug":"brets-kartoffelchips-geschmortes-huhnch-geschmack","status":"publish","type":"product","link":"https:\/\/my-french-grocery.com\/de\/produkt\/brets-kartoffelchips-geschmortes-huhnch-geschmack\/","title":{"rendered":"Bret&#8217;s Kartoffelchips &#8211; Geschmortes H\u00fchnch-Geschmack"},"content":{"rendered":"<p>Bret&#8217;s Kartoffelchips &#8211; Geschmortes H\u00fchnch-Geschmack<\/p>\n<p>125 g Packung<\/p>\n<p><span>Unser Bestseller mit dem unverwechselbaren Geschmack von Weekend Brath\u00e4hnchen!\u00a0<\/span><span>Das super knusprig geschmorte H\u00e4hnchen ruft die guten Momente des Geschmacks und der Geselligkeit am Holzfeuer oder beim Grillen hervor<\/span><\/p>\n","protected":false},"excerpt":{"rendered":"<p>Bret&#8217;s Kartoffelchips &#8211; Geschmortes H\u00fchnch-Geschmack<\/p>\n<p>125 g Packung<\/p>\n<p><span style=\"color: #ffffff;\">Bret\u2019s, Brets, chips, crisps, Patatas Fritas, Patatine<\/span><\/p>\n","protected":false},"featured_media":19260,"comment_status":"open","ping_status":"closed","template":"","meta":[],"pwb-brand":[2443],"product_brand":[],"product_cat":[2247],"product_tag":[2442],"class_list":{"0":"post-19259","1":"product","2":"type-product","3":"status-publish","4":"has-post-thumbnail","6":"pwb-brand-brets-de","7":"product_cat-chips-salzgebaeck","8":"product_tag-chips-de","9":"product_shipping_class-internationaler-versand","11":"first","12":"instock","13":"taxable","14":"shipping-taxable","15":"purchasable","16":"product-type-simple"},"yoast_head":"<!-- This site is optimized with the Yoast SEO plugin v27.3 - https:\/\/yoast.com\/product\/yoast-seo-wordpress\/ -->\n<title>Bret&#039;s Kartoffelchips - Geschmortes H\u00fchnch-Geschmack | Online Kaufen | My French Grocery<\/title>\n<meta name=\"description\" content=\"Bret&#039;s Kartoffelchips - Geschmortes H\u00fchnch-Geschmack -125 g Packung - Unser Bestseller mit dem unverwechselbaren Geschmack von Weekend Brath\u00e4hnchen!\" \/>\n<meta name=\"robots\" content=\"index, follow, max-snippet:-1, max-image-preview:large, max-video-preview:-1\" \/>\n<link rel=\"canonical\" href=\"https:\/\/my-french-grocery.com\/de\/produkt\/brets-kartoffelchips-geschmortes-huhnch-geschmack\/\" \/>\n<meta property=\"og:locale\" content=\"de_DE\" \/>\n<meta property=\"og:type\" content=\"article\" \/>\n<meta property=\"og:title\" content=\"Bret&#039;s Kartoffelchips - Geschmortes H\u00fchnch-Geschmack | Online Kaufen | My French Grocery\" \/>\n<meta property=\"og:description\" content=\"Bret&#039;s Kartoffelchips - Geschmortes H\u00fchnch-Geschmack -125 g Packung - Unser Bestseller mit dem unverwechselbaren Geschmack von Weekend Brath\u00e4hnchen!\" \/>\n<meta property=\"og:url\" content=\"https:\/\/my-french-grocery.com\/de\/produkt\/brets-kartoffelchips-geschmortes-huhnch-geschmack\/\" \/>\n<meta property=\"og:site_name\" content=\"My French Grocery\" \/>\n<meta property=\"article:publisher\" content=\"https:\/\/www.facebook.com\/myfrenchgrocery\/\" \/>\n<meta property=\"article:modified_time\" content=\"2024-02-28T15:45:19+00:00\" \/>\n<meta property=\"og:image\" content=\"https:\/\/my-french-grocery.com\/wp-content\/uploads\/2018\/09\/Brets-Poulet.jpg\" \/>\n\t<meta property=\"og:image:width\" content=\"1500\" \/>\n\t<meta property=\"og:image:height\" content=\"1500\" \/>\n\t<meta property=\"og:image:type\" content=\"image\/jpeg\" \/>\n<meta name=\"twitter:card\" content=\"summary_large_image\" \/>\n<script type=\"application\/ld+json\" class=\"yoast-schema-graph\">{\"@context\":\"https:\\\/\\\/schema.org\",\"@graph\":[{\"@type\":\"WebPage\",\"@id\":\"https:\\\/\\\/my-french-grocery.com\\\/de\\\/produkt\\\/brets-kartoffelchips-geschmortes-huhnch-geschmack\\\/\",\"url\":\"https:\\\/\\\/my-french-grocery.com\\\/de\\\/produkt\\\/brets-kartoffelchips-geschmortes-huhnch-geschmack\\\/\",\"name\":\"Bret's Kartoffelchips - Geschmortes H\u00fchnch-Geschmack | Online Kaufen | My French Grocery\",\"isPartOf\":{\"@id\":\"https:\\\/\\\/my-french-grocery.com\\\/de\\\/#website\"},\"primaryImageOfPage\":{\"@id\":\"https:\\\/\\\/my-french-grocery.com\\\/de\\\/produkt\\\/brets-kartoffelchips-geschmortes-huhnch-geschmack\\\/#primaryimage\"},\"image\":{\"@id\":\"https:\\\/\\\/my-french-grocery.com\\\/de\\\/produkt\\\/brets-kartoffelchips-geschmortes-huhnch-geschmack\\\/#primaryimage\"},\"thumbnailUrl\":\"https:\\\/\\\/my-french-grocery.com\\\/wp-content\\\/uploads\\\/2018\\\/09\\\/Brets-Poulet.jpg\",\"datePublished\":\"2018-09-04T09:25:10+00:00\",\"dateModified\":\"2024-02-28T15:45:19+00:00\",\"description\":\"Bret's Kartoffelchips - Geschmortes H\u00fchnch-Geschmack -125 g Packung - Unser Bestseller mit dem unverwechselbaren Geschmack von Weekend Brath\u00e4hnchen!\",\"breadcrumb\":{\"@id\":\"https:\\\/\\\/my-french-grocery.com\\\/de\\\/produkt\\\/brets-kartoffelchips-geschmortes-huhnch-geschmack\\\/#breadcrumb\"},\"inLanguage\":\"de-DE\",\"potentialAction\":[{\"@type\":\"ReadAction\",\"target\":[\"https:\\\/\\\/my-french-grocery.com\\\/de\\\/produkt\\\/brets-kartoffelchips-geschmortes-huhnch-geschmack\\\/\"]}]},{\"@type\":\"ImageObject\",\"inLanguage\":\"de-DE\",\"@id\":\"https:\\\/\\\/my-french-grocery.com\\\/de\\\/produkt\\\/brets-kartoffelchips-geschmortes-huhnch-geschmack\\\/#primaryimage\",\"url\":\"https:\\\/\\\/my-french-grocery.com\\\/wp-content\\\/uploads\\\/2018\\\/09\\\/Brets-Poulet.jpg\",\"contentUrl\":\"https:\\\/\\\/my-french-grocery.com\\\/wp-content\\\/uploads\\\/2018\\\/09\\\/Brets-Poulet.jpg\",\"width\":1500,\"height\":1500,\"caption\":\"Bret's Kartoffelchips - Geschmortes H\u00fchnch-Geschmack\"},{\"@type\":\"BreadcrumbList\",\"@id\":\"https:\\\/\\\/my-french-grocery.com\\\/de\\\/produkt\\\/brets-kartoffelchips-geschmortes-huhnch-geschmack\\\/#breadcrumb\",\"itemListElement\":[{\"@type\":\"ListItem\",\"position\":1,\"name\":\"Home\",\"item\":\"https:\\\/\\\/my-french-grocery.com\\\/de\\\/shopping-seite\\\/\"},{\"@type\":\"ListItem\",\"position\":2,\"name\":\"Shop\",\"item\":\"https:\\\/\\\/my-french-grocery.com\\\/shop\\\/\"},{\"@type\":\"ListItem\",\"position\":3,\"name\":\"Chips &amp; Salzgeb\u00e4ck\",\"item\":\"https:\\\/\\\/my-french-grocery.com\\\/de\\\/produkt-kategorie\\\/chips-salzgebaeck\\\/\"},{\"@type\":\"ListItem\",\"position\":4,\"name\":\"Bret&#8217;s Kartoffelchips &#8211; Geschmortes H\u00fchnch-Geschmack\"}]},{\"@type\":\"WebSite\",\"@id\":\"https:\\\/\\\/my-french-grocery.com\\\/de\\\/#website\",\"url\":\"https:\\\/\\\/my-french-grocery.com\\\/de\\\/\",\"name\":\"My French Grocery\",\"description\":\"Your Online French Grocery  !\",\"publisher\":{\"@id\":\"https:\\\/\\\/my-french-grocery.com\\\/de\\\/#organization\"},\"potentialAction\":[{\"@type\":\"SearchAction\",\"target\":{\"@type\":\"EntryPoint\",\"urlTemplate\":\"https:\\\/\\\/my-french-grocery.com\\\/de\\\/?s={search_term_string}\"},\"query-input\":{\"@type\":\"PropertyValueSpecification\",\"valueRequired\":true,\"valueName\":\"search_term_string\"}}],\"inLanguage\":\"de-DE\"},{\"@type\":\"Organization\",\"@id\":\"https:\\\/\\\/my-french-grocery.com\\\/de\\\/#organization\",\"name\":\"MY FRENCH GROCERY\",\"url\":\"https:\\\/\\\/my-french-grocery.com\\\/de\\\/\",\"logo\":{\"@type\":\"ImageObject\",\"inLanguage\":\"de-DE\",\"@id\":\"https:\\\/\\\/my-french-grocery.com\\\/de\\\/#\\\/schema\\\/logo\\\/image\\\/\",\"url\":\"https:\\\/\\\/my-french-grocery.com\\\/wp-content\\\/uploads\\\/2021\\\/11\\\/My-French-Grocery-Online-French-Grocery.png\",\"contentUrl\":\"https:\\\/\\\/my-french-grocery.com\\\/wp-content\\\/uploads\\\/2021\\\/11\\\/My-French-Grocery-Online-French-Grocery.png\",\"width\":100,\"height\":100,\"caption\":\"MY FRENCH GROCERY\"},\"image\":{\"@id\":\"https:\\\/\\\/my-french-grocery.com\\\/de\\\/#\\\/schema\\\/logo\\\/image\\\/\"},\"sameAs\":[\"https:\\\/\\\/www.facebook.com\\\/myfrenchgrocery\\\/\"]}]}<\/script>\n<!-- \/ Yoast SEO plugin. -->","yoast_head_json":{"title":"Bret's Kartoffelchips - Geschmortes H\u00fchnch-Geschmack | Online Kaufen | My French Grocery","description":"Bret's Kartoffelchips - Geschmortes H\u00fchnch-Geschmack -125 g Packung - Unser Bestseller mit dem unverwechselbaren Geschmack von Weekend Brath\u00e4hnchen!","robots":{"index":"index","follow":"follow","max-snippet":"max-snippet:-1","max-image-preview":"max-image-preview:large","max-video-preview":"max-video-preview:-1"},"canonical":"https:\/\/my-french-grocery.com\/de\/produkt\/brets-kartoffelchips-geschmortes-huhnch-geschmack\/","og_locale":"de_DE","og_type":"article","og_title":"Bret's Kartoffelchips - Geschmortes H\u00fchnch-Geschmack | Online Kaufen | My French Grocery","og_description":"Bret's Kartoffelchips - Geschmortes H\u00fchnch-Geschmack -125 g Packung - Unser Bestseller mit dem unverwechselbaren Geschmack von Weekend Brath\u00e4hnchen!","og_url":"https:\/\/my-french-grocery.com\/de\/produkt\/brets-kartoffelchips-geschmortes-huhnch-geschmack\/","og_site_name":"My French Grocery","article_publisher":"https:\/\/www.facebook.com\/myfrenchgrocery\/","article_modified_time":"2024-02-28T15:45:19+00:00","og_image":[{"width":1500,"height":1500,"url":"https:\/\/my-french-grocery.com\/wp-content\/uploads\/2018\/09\/Brets-Poulet.jpg","type":"image\/jpeg"}],"twitter_card":"summary_large_image","schema":{"@context":"https:\/\/schema.org","@graph":[{"@type":"WebPage","@id":"https:\/\/my-french-grocery.com\/de\/produkt\/brets-kartoffelchips-geschmortes-huhnch-geschmack\/","url":"https:\/\/my-french-grocery.com\/de\/produkt\/brets-kartoffelchips-geschmortes-huhnch-geschmack\/","name":"Bret's Kartoffelchips - Geschmortes H\u00fchnch-Geschmack | Online Kaufen | My French Grocery","isPartOf":{"@id":"https:\/\/my-french-grocery.com\/de\/#website"},"primaryImageOfPage":{"@id":"https:\/\/my-french-grocery.com\/de\/produkt\/brets-kartoffelchips-geschmortes-huhnch-geschmack\/#primaryimage"},"image":{"@id":"https:\/\/my-french-grocery.com\/de\/produkt\/brets-kartoffelchips-geschmortes-huhnch-geschmack\/#primaryimage"},"thumbnailUrl":"https:\/\/my-french-grocery.com\/wp-content\/uploads\/2018\/09\/Brets-Poulet.jpg","datePublished":"2018-09-04T09:25:10+00:00","dateModified":"2024-02-28T15:45:19+00:00","description":"Bret's Kartoffelchips - Geschmortes H\u00fchnch-Geschmack -125 g Packung - Unser Bestseller mit dem unverwechselbaren Geschmack von Weekend Brath\u00e4hnchen!","breadcrumb":{"@id":"https:\/\/my-french-grocery.com\/de\/produkt\/brets-kartoffelchips-geschmortes-huhnch-geschmack\/#breadcrumb"},"inLanguage":"de-DE","potentialAction":[{"@type":"ReadAction","target":["https:\/\/my-french-grocery.com\/de\/produkt\/brets-kartoffelchips-geschmortes-huhnch-geschmack\/"]}]},{"@type":"ImageObject","inLanguage":"de-DE","@id":"https:\/\/my-french-grocery.com\/de\/produkt\/brets-kartoffelchips-geschmortes-huhnch-geschmack\/#primaryimage","url":"https:\/\/my-french-grocery.com\/wp-content\/uploads\/2018\/09\/Brets-Poulet.jpg","contentUrl":"https:\/\/my-french-grocery.com\/wp-content\/uploads\/2018\/09\/Brets-Poulet.jpg","width":1500,"height":1500,"caption":"Bret's Kartoffelchips - Geschmortes H\u00fchnch-Geschmack"},{"@type":"BreadcrumbList","@id":"https:\/\/my-french-grocery.com\/de\/produkt\/brets-kartoffelchips-geschmortes-huhnch-geschmack\/#breadcrumb","itemListElement":[{"@type":"ListItem","position":1,"name":"Home","item":"https:\/\/my-french-grocery.com\/de\/shopping-seite\/"},{"@type":"ListItem","position":2,"name":"Shop","item":"https:\/\/my-french-grocery.com\/shop\/"},{"@type":"ListItem","position":3,"name":"Chips &amp; Salzgeb\u00e4ck","item":"https:\/\/my-french-grocery.com\/de\/produkt-kategorie\/chips-salzgebaeck\/"},{"@type":"ListItem","position":4,"name":"Bret&#8217;s Kartoffelchips &#8211; Geschmortes H\u00fchnch-Geschmack"}]},{"@type":"WebSite","@id":"https:\/\/my-french-grocery.com\/de\/#website","url":"https:\/\/my-french-grocery.com\/de\/","name":"My French Grocery","description":"Your Online French Grocery  !","publisher":{"@id":"https:\/\/my-french-grocery.com\/de\/#organization"},"potentialAction":[{"@type":"SearchAction","target":{"@type":"EntryPoint","urlTemplate":"https:\/\/my-french-grocery.com\/de\/?s={search_term_string}"},"query-input":{"@type":"PropertyValueSpecification","valueRequired":true,"valueName":"search_term_string"}}],"inLanguage":"de-DE"},{"@type":"Organization","@id":"https:\/\/my-french-grocery.com\/de\/#organization","name":"MY FRENCH GROCERY","url":"https:\/\/my-french-grocery.com\/de\/","logo":{"@type":"ImageObject","inLanguage":"de-DE","@id":"https:\/\/my-french-grocery.com\/de\/#\/schema\/logo\/image\/","url":"https:\/\/my-french-grocery.com\/wp-content\/uploads\/2021\/11\/My-French-Grocery-Online-French-Grocery.png","contentUrl":"https:\/\/my-french-grocery.com\/wp-content\/uploads\/2021\/11\/My-French-Grocery-Online-French-Grocery.png","width":100,"height":100,"caption":"MY FRENCH GROCERY"},"image":{"@id":"https:\/\/my-french-grocery.com\/de\/#\/schema\/logo\/image\/"},"sameAs":["https:\/\/www.facebook.com\/myfrenchgrocery\/"]}]}},"brands":[{"id":2443,"name":"Bret's","slug":"brets-de"}],"_links":{"self":[{"href":"https:\/\/my-french-grocery.com\/de\/wp-json\/wp\/v2\/product\/19259","targetHints":{"allow":["GET"]}}],"collection":[{"href":"https:\/\/my-french-grocery.com\/de\/wp-json\/wp\/v2\/product"}],"about":[{"href":"https:\/\/my-french-grocery.com\/de\/wp-json\/wp\/v2\/types\/product"}],"replies":[{"embeddable":true,"href":"https:\/\/my-french-grocery.com\/de\/wp-json\/wp\/v2\/comments?post=19259"}],"wp:featuredmedia":[{"embeddable":true,"href":"https:\/\/my-french-grocery.com\/de\/wp-json\/wp\/v2\/media\/19260"}],"wp:attachment":[{"href":"https:\/\/my-french-grocery.com\/de\/wp-json\/wp\/v2\/media?parent=19259"}],"wp:term":[{"taxonomy":"pwb-brand","embeddable":true,"href":"https:\/\/my-french-grocery.com\/de\/wp-json\/wp\/v2\/pwb-brand?post=19259"},{"taxonomy":"product_brand","embeddable":true,"href":"https:\/\/my-french-grocery.com\/de\/wp-json\/wp\/v2\/product_brand?post=19259"},{"taxonomy":"product_cat","embeddable":true,"href":"https:\/\/my-french-grocery.com\/de\/wp-json\/wp\/v2\/product_cat?post=19259"},{"taxonomy":"product_tag","embeddable":true,"href":"https:\/\/my-french-grocery.com\/de\/wp-json\/wp\/v2\/product_tag?post=19259"}],"curies":[{"name":"wp","href":"https:\/\/api.w.org\/{rel}","templated":true}]}}