{"id":19317,"date":"2018-09-07T15:27:58","date_gmt":"2018-09-07T13:27:58","guid":{"rendered":"https:\/\/my-french-grocery.com\/product\/2-x-lays-3d-kasegeschmack-snacks\/"},"modified":"2025-05-10T11:36:39","modified_gmt":"2025-05-10T09:36:39","slug":"2-x-lays-3d-kasegeschmack-snacks","status":"publish","type":"product","link":"https:\/\/my-french-grocery.com\/de\/produkt\/2-x-lays-3d-kasegeschmack-snacks\/","title":{"rendered":"Vorspeisenkekse K\u00e4segeschmack Lay\u2019s 3D"},"content":{"rendered":"<p>Vorspeisenkekse K\u00e4segeschmack Lay\u2019s 3D<\/p>\n<p>Beutel Mit 85 g<\/p>\n<p>LAY\u2019S 3D BUGLES CHEESE FLAVOR, EIN GOURMET-SNACK: K\u00f6stliche, knusprige Maiswaffeln mit unwiderstehlichem Erdnussgeschmack. Der salzige Souffl\u00e9-Keks f\u00fcr jeden Geschmack!<\/p>\n","protected":false},"excerpt":{"rendered":"<p>Vorspeisenkekse K\u00e4segeschmack Lay\u2019s 3D<\/p>\n<p>Beutel Mit 85 g<\/p>\n","protected":false},"featured_media":48523,"comment_status":"open","ping_status":"closed","template":"","meta":[],"pwb-brand":[4056],"product_brand":[],"product_cat":[2247],"product_tag":[2444,4055],"class_list":{"0":"post-19317","1":"product","2":"type-product","3":"status-publish","4":"has-post-thumbnail","6":"pwb-brand-lays-de-2","7":"product_cat-chips-salzgebaeck","8":"product_tag-herzhafte-kekse","9":"product_tag-lays-de","10":"product_shipping_class-internationaler-versand","12":"first","13":"instock","14":"taxable","15":"shipping-taxable","16":"purchasable","17":"product-type-simple"},"brands":[{"id":4056,"name":"Lay's","slug":"lays-de-2"}],"_links":{"self":[{"href":"https:\/\/my-french-grocery.com\/de\/wp-json\/wp\/v2\/product\/19317","targetHints":{"allow":["GET"]}}],"collection":[{"href":"https:\/\/my-french-grocery.com\/de\/wp-json\/wp\/v2\/product"}],"about":[{"href":"https:\/\/my-french-grocery.com\/de\/wp-json\/wp\/v2\/types\/product"}],"replies":[{"embeddable":true,"href":"https:\/\/my-french-grocery.com\/de\/wp-json\/wp\/v2\/comments?post=19317"}],"wp:featuredmedia":[{"embeddable":true,"href":"https:\/\/my-french-grocery.com\/de\/wp-json\/wp\/v2\/media\/48523"}],"wp:attachment":[{"href":"https:\/\/my-french-grocery.com\/de\/wp-json\/wp\/v2\/media?parent=19317"}],"wp:term":[{"taxonomy":"pwb-brand","embeddable":true,"href":"https:\/\/my-french-grocery.com\/de\/wp-json\/wp\/v2\/pwb-brand?post=19317"},{"taxonomy":"product_brand","embeddable":true,"href":"https:\/\/my-french-grocery.com\/de\/wp-json\/wp\/v2\/product_brand?post=19317"},{"taxonomy":"product_cat","embeddable":true,"href":"https:\/\/my-french-grocery.com\/de\/wp-json\/wp\/v2\/product_cat?post=19317"},{"taxonomy":"product_tag","embeddable":true,"href":"https:\/\/my-french-grocery.com\/de\/wp-json\/wp\/v2\/product_tag?post=19317"}],"curies":[{"name":"wp","href":"https:\/\/api.w.org\/{rel}","templated":true}]}}