{"id":19388,"date":"2018-09-13T10:51:05","date_gmt":"2018-09-13T08:51:05","guid":{"rendered":"https:\/\/my-french-grocery.com\/product\/curly-haselnuss-donuts-aperitif-kekse\/"},"modified":"2018-09-13T10:51:05","modified_gmt":"2018-09-13T08:51:05","slug":"curly-haselnuss-donuts-aperitif-kekse","status":"publish","type":"product","link":"https:\/\/my-french-grocery.com\/de\/produkt\/curly-haselnuss-donuts-aperitif-kekse\/","title":{"rendered":"Curly Haselnuss Donuts Aperitif-Kekse"},"content":{"rendered":"<p>Curly Haselnuss Donuts Aperitif-Kekse<\/p>\n<div class=\"pdp-card__header--text\"><span class=\"ds-body-text ds-body-text--weight-bold ds-body-text--size-m ds-body-text--color-standard-2\">100 g Beutel<\/span><\/div>\n<div><\/div>\n<div>Eine lustige und ultra-gastronomische Form von Donut, die in einer Reihe einzigartiger s\u00fc\u00dfer und herzhafter Geschmacksrichtungen erh\u00e4ltlich ist\u2026<\/div>\n","protected":false},"excerpt":{"rendered":"<p>Curly Haselnuss Donuts Aperitif-Kekse<\/p>\n<div class=\"pdp-card__header--text\"><span class=\"ds-body-text ds-body-text--weight-bold ds-body-text--size-m ds-body-text--color-standard-2\">100 g Beutel<\/span><\/div>\n","protected":false},"featured_media":19389,"comment_status":"open","ping_status":"closed","template":"","meta":[],"pwb-brand":[2425],"product_brand":[],"product_cat":[2247],"product_tag":[2442],"class_list":{"0":"post-19388","1":"product","2":"type-product","3":"status-publish","4":"has-post-thumbnail","6":"pwb-brand-vico-de","7":"product_cat-chips-salzgebaeck","8":"product_tag-chips-de","9":"product_shipping_class-internationaler-versand","11":"first","12":"instock","13":"taxable","14":"shipping-taxable","15":"purchasable","16":"product-type-simple"},"brands":[{"id":2425,"name":"Vico","slug":"vico-de"}],"_links":{"self":[{"href":"https:\/\/my-french-grocery.com\/de\/wp-json\/wp\/v2\/product\/19388","targetHints":{"allow":["GET"]}}],"collection":[{"href":"https:\/\/my-french-grocery.com\/de\/wp-json\/wp\/v2\/product"}],"about":[{"href":"https:\/\/my-french-grocery.com\/de\/wp-json\/wp\/v2\/types\/product"}],"replies":[{"embeddable":true,"href":"https:\/\/my-french-grocery.com\/de\/wp-json\/wp\/v2\/comments?post=19388"}],"wp:featuredmedia":[{"embeddable":true,"href":"https:\/\/my-french-grocery.com\/de\/wp-json\/wp\/v2\/media\/19389"}],"wp:attachment":[{"href":"https:\/\/my-french-grocery.com\/de\/wp-json\/wp\/v2\/media?parent=19388"}],"wp:term":[{"taxonomy":"pwb-brand","embeddable":true,"href":"https:\/\/my-french-grocery.com\/de\/wp-json\/wp\/v2\/pwb-brand?post=19388"},{"taxonomy":"product_brand","embeddable":true,"href":"https:\/\/my-french-grocery.com\/de\/wp-json\/wp\/v2\/product_brand?post=19388"},{"taxonomy":"product_cat","embeddable":true,"href":"https:\/\/my-french-grocery.com\/de\/wp-json\/wp\/v2\/product_cat?post=19388"},{"taxonomy":"product_tag","embeddable":true,"href":"https:\/\/my-french-grocery.com\/de\/wp-json\/wp\/v2\/product_tag?post=19388"}],"curies":[{"name":"wp","href":"https:\/\/api.w.org\/{rel}","templated":true}]}}