{"id":19390,"date":"2018-09-13T10:57:35","date_gmt":"2018-09-13T08:57:35","guid":{"rendered":"https:\/\/my-french-grocery.com\/product\/baff-karamell-popcorn\/"},"modified":"2018-09-13T10:57:35","modified_gmt":"2018-09-13T08:57:35","slug":"baff-karamell-popcorn","status":"publish","type":"product","link":"https:\/\/my-french-grocery.com\/de\/produkt\/baff-karamell-popcorn\/","title":{"rendered":"Baff Karamell Popcorn"},"content":{"rendered":"<p>Baff Karamell Popcorn<\/p>\n<div class=\"pdp-card__header--text\"><span class=\"ds-body-text ds-body-text--weight-bold ds-body-text--size-m ds-body-text--color-standard-2\">100 g Beutel<\/span><\/div>\n<div><\/div>\n<div><span>Baff, seit \u00fcber 30 Jahren Popcorn-Experte, l\u00e4dt Sie ein, sein legend\u00e4res Popcorn zu kosten.\u00a0<\/span><span>Ein einzigartiger Karamellgeschmack und eine unvergleichliche Knusprigkeit, die die ganze Familie verf\u00fchren wird!<\/span><\/div>\n","protected":false},"excerpt":{"rendered":"<p>Baff Karamell Popcorn<\/p>\n<div class=\"pdp-card__header--text\"><span class=\"ds-body-text ds-body-text--weight-bold ds-body-text--size-m ds-body-text--color-standard-2\">100 g Beutel<\/span><\/div>\n","protected":false},"featured_media":19391,"comment_status":"open","ping_status":"closed","template":"","meta":[],"pwb-brand":[],"product_brand":[],"product_cat":[2247],"product_tag":[2451],"class_list":{"0":"post-19390","1":"product","2":"type-product","3":"status-publish","4":"has-post-thumbnail","6":"product_cat-chips-salzgebaeck","7":"product_tag-popcorn","8":"product_shipping_class-internationaler-versand","10":"first","11":"instock","12":"taxable","13":"shipping-taxable","14":"purchasable","15":"product-type-simple"},"brands":[],"_links":{"self":[{"href":"https:\/\/my-french-grocery.com\/de\/wp-json\/wp\/v2\/product\/19390","targetHints":{"allow":["GET"]}}],"collection":[{"href":"https:\/\/my-french-grocery.com\/de\/wp-json\/wp\/v2\/product"}],"about":[{"href":"https:\/\/my-french-grocery.com\/de\/wp-json\/wp\/v2\/types\/product"}],"replies":[{"embeddable":true,"href":"https:\/\/my-french-grocery.com\/de\/wp-json\/wp\/v2\/comments?post=19390"}],"wp:featuredmedia":[{"embeddable":true,"href":"https:\/\/my-french-grocery.com\/de\/wp-json\/wp\/v2\/media\/19391"}],"wp:attachment":[{"href":"https:\/\/my-french-grocery.com\/de\/wp-json\/wp\/v2\/media?parent=19390"}],"wp:term":[{"taxonomy":"pwb-brand","embeddable":true,"href":"https:\/\/my-french-grocery.com\/de\/wp-json\/wp\/v2\/pwb-brand?post=19390"},{"taxonomy":"product_brand","embeddable":true,"href":"https:\/\/my-french-grocery.com\/de\/wp-json\/wp\/v2\/product_brand?post=19390"},{"taxonomy":"product_cat","embeddable":true,"href":"https:\/\/my-french-grocery.com\/de\/wp-json\/wp\/v2\/product_cat?post=19390"},{"taxonomy":"product_tag","embeddable":true,"href":"https:\/\/my-french-grocery.com\/de\/wp-json\/wp\/v2\/product_tag?post=19390"}],"curies":[{"name":"wp","href":"https:\/\/api.w.org\/{rel}","templated":true}]}}