{"id":19394,"date":"2018-09-14T14:20:46","date_gmt":"2018-09-14T12:20:46","guid":{"rendered":"https:\/\/my-french-grocery.com\/product\/bien-etre-wilder-lavendel-haute-provence-cologne\/"},"modified":"2024-12-10T06:15:55","modified_gmt":"2024-12-10T04:15:55","slug":"bien-etre-wilder-lavendel-haute-provence-cologne","status":"publish","type":"product","link":"https:\/\/my-french-grocery.com\/de\/produkt\/bien-etre-wilder-lavendel-haute-provence-cologne\/","title":{"rendered":"Bien-\u00eatre Wilder Lavendel Haute-Provence Cologne"},"content":{"rendered":"<p>Bien-\u00eatre Wilder Lavendel Haute-Provence Cologne<\/p>\n<p>250 ml Flasche<\/p>\n<p>Bien-\u00eatre l\u00e4dt Sie ein, alle Vorz\u00fcge seines Eau de Cologne Wilder Lavendel mit seiner belebenden und blumigen Frische zu entdecken.<\/p>\n","protected":false},"excerpt":{"rendered":"<p>Bien-\u00eatre Wilder Lavendel Haute-Provence Cologne<\/p>\n<p>250 ml Flasche<\/p>\n","protected":false},"featured_media":19395,"comment_status":"open","ping_status":"closed","template":"","meta":[],"pwb-brand":[],"product_brand":[],"product_cat":[2215],"product_tag":[2411],"class_list":{"0":"post-19394","1":"product","2":"type-product","3":"status-publish","4":"has-post-thumbnail","6":"product_cat-parfums-dufte","7":"product_tag-suswasser","8":"product_shipping_class-internationaler-versand","10":"first","11":"instock","12":"taxable","13":"shipping-taxable","14":"purchasable","15":"product-type-simple"},"brands":[],"_links":{"self":[{"href":"https:\/\/my-french-grocery.com\/de\/wp-json\/wp\/v2\/product\/19394","targetHints":{"allow":["GET"]}}],"collection":[{"href":"https:\/\/my-french-grocery.com\/de\/wp-json\/wp\/v2\/product"}],"about":[{"href":"https:\/\/my-french-grocery.com\/de\/wp-json\/wp\/v2\/types\/product"}],"replies":[{"embeddable":true,"href":"https:\/\/my-french-grocery.com\/de\/wp-json\/wp\/v2\/comments?post=19394"}],"wp:featuredmedia":[{"embeddable":true,"href":"https:\/\/my-french-grocery.com\/de\/wp-json\/wp\/v2\/media\/19395"}],"wp:attachment":[{"href":"https:\/\/my-french-grocery.com\/de\/wp-json\/wp\/v2\/media?parent=19394"}],"wp:term":[{"taxonomy":"pwb-brand","embeddable":true,"href":"https:\/\/my-french-grocery.com\/de\/wp-json\/wp\/v2\/pwb-brand?post=19394"},{"taxonomy":"product_brand","embeddable":true,"href":"https:\/\/my-french-grocery.com\/de\/wp-json\/wp\/v2\/product_brand?post=19394"},{"taxonomy":"product_cat","embeddable":true,"href":"https:\/\/my-french-grocery.com\/de\/wp-json\/wp\/v2\/product_cat?post=19394"},{"taxonomy":"product_tag","embeddable":true,"href":"https:\/\/my-french-grocery.com\/de\/wp-json\/wp\/v2\/product_tag?post=19394"}],"curies":[{"name":"wp","href":"https:\/\/api.w.org\/{rel}","templated":true}]}}