{"id":19528,"date":"2018-12-29T17:29:57","date_gmt":"2018-12-29T15:29:57","guid":{"rendered":"https:\/\/my-french-grocery.com\/product\/knorr-knoblauch-petersilien-gewurz\/"},"modified":"2018-12-29T17:29:57","modified_gmt":"2018-12-29T15:29:57","slug":"knorr-knoblauch-petersilien-gewurz","status":"publish","type":"product","link":"https:\/\/my-french-grocery.com\/de\/produkt\/knorr-knoblauch-petersilien-gewurz\/","title":{"rendered":"Knorr Knoblauch-Petersilien-Gew\u00fcrz"},"content":{"rendered":"<p>Knorr Knoblauch-Petersilien-Gew\u00fcrz<\/p>\n<div class=\"pdp-card__header--text\"><span class=\"ds-body-text ds-body-text--weight-bold ds-body-text--size-m ds-body-text--color-standard-2\"><span>9 Tabletten X 10 g<\/span><\/span><\/div>\n<div><\/div>\n<div>Secret d\u2019Ar\u00f4mes Plein Sud KNORR\u00ae ist eine Mischung aus mediterranen Kr\u00e4utern und Gew\u00fcrzen mit aromatischem \u00d6l, um all ihre Aromen zu bewahren.<\/div>\n<div class=\"main-details--food__shoppinglist\"><\/div>\n","protected":false},"excerpt":{"rendered":"<p>Knorr Knoblauch-Petersilien-Gew\u00fcrz<\/p>\n<div class=\"pdp-card__header--text\"><span class=\"ds-body-text ds-body-text--weight-bold ds-body-text--size-m ds-body-text--color-standard-2\">9 Tabletten X 10 g<\/span><\/div>\n","protected":false},"featured_media":19529,"comment_status":"open","ping_status":"closed","template":"","meta":[],"pwb-brand":[2142],"product_brand":[],"product_cat":[2141],"product_tag":[],"class_list":{"0":"post-19528","1":"product","2":"type-product","3":"status-publish","4":"has-post-thumbnail","6":"pwb-brand-knorr-de","7":"product_cat-gewurze","8":"product_shipping_class-internationaler-versand","10":"first","11":"instock","12":"taxable","13":"shipping-taxable","14":"purchasable","15":"product-type-simple"},"brands":[{"id":2142,"name":"Knorr","slug":"knorr-de"}],"_links":{"self":[{"href":"https:\/\/my-french-grocery.com\/de\/wp-json\/wp\/v2\/product\/19528","targetHints":{"allow":["GET"]}}],"collection":[{"href":"https:\/\/my-french-grocery.com\/de\/wp-json\/wp\/v2\/product"}],"about":[{"href":"https:\/\/my-french-grocery.com\/de\/wp-json\/wp\/v2\/types\/product"}],"replies":[{"embeddable":true,"href":"https:\/\/my-french-grocery.com\/de\/wp-json\/wp\/v2\/comments?post=19528"}],"wp:featuredmedia":[{"embeddable":true,"href":"https:\/\/my-french-grocery.com\/de\/wp-json\/wp\/v2\/media\/19529"}],"wp:attachment":[{"href":"https:\/\/my-french-grocery.com\/de\/wp-json\/wp\/v2\/media?parent=19528"}],"wp:term":[{"taxonomy":"pwb-brand","embeddable":true,"href":"https:\/\/my-french-grocery.com\/de\/wp-json\/wp\/v2\/pwb-brand?post=19528"},{"taxonomy":"product_brand","embeddable":true,"href":"https:\/\/my-french-grocery.com\/de\/wp-json\/wp\/v2\/product_brand?post=19528"},{"taxonomy":"product_cat","embeddable":true,"href":"https:\/\/my-french-grocery.com\/de\/wp-json\/wp\/v2\/product_cat?post=19528"},{"taxonomy":"product_tag","embeddable":true,"href":"https:\/\/my-french-grocery.com\/de\/wp-json\/wp\/v2\/product_tag?post=19528"}],"curies":[{"name":"wp","href":"https:\/\/api.w.org\/{rel}","templated":true}]}}