{"id":20082,"date":"2019-02-25T12:36:32","date_gmt":"2019-02-25T10:36:32","guid":{"rendered":"https:\/\/my-french-grocery.com\/product\/panzani-bolognese-sauce-xl\/"},"modified":"2019-02-25T12:36:32","modified_gmt":"2019-02-25T10:36:32","slug":"panzani-bolognese-sauce-xl","status":"publish","type":"product","link":"https:\/\/my-french-grocery.com\/de\/produkt\/panzani-bolognese-sauce-xl\/","title":{"rendered":"Panzani Bolognese-Sauce XL"},"content":{"rendered":"<p>Panzani Bolognese-Sauce XL<\/p>\n<p>500 g Glas<\/p>\n<p>Es ist die schnelle Bolognese-Sauce, wie wir sie m\u00f6gen: ein Extra-Gourmet-Rezept mit zart gebr\u00e4unten Fleischst\u00fccken, einer nach den Regeln der Kunst zubereiteten Tomatensauce und dem ganzen Know-how von Panzani \u2026<\/p>\n","protected":false},"excerpt":{"rendered":"<p>Panzani Bolognese-Sauce XL<\/p>\n<p>500 g Glas<\/p>\n","protected":false},"featured_media":10722,"comment_status":"open","ping_status":"closed","template":"","meta":[],"pwb-brand":[2514],"product_brand":[],"product_cat":[2175],"product_tag":[2426,2513],"class_list":{"0":"post-20082","1":"product","2":"type-product","3":"status-publish","4":"has-post-thumbnail","6":"pwb-brand-panzani-de","7":"product_cat-sosen","8":"product_tag-sose","9":"product_tag-tomatensauce","10":"product_shipping_class-internationaler-versand","12":"first","13":"instock","14":"taxable","15":"shipping-taxable","16":"purchasable","17":"product-type-simple"},"brands":[{"id":2514,"name":"Panzani","slug":"panzani-de"}],"_links":{"self":[{"href":"https:\/\/my-french-grocery.com\/de\/wp-json\/wp\/v2\/product\/20082","targetHints":{"allow":["GET"]}}],"collection":[{"href":"https:\/\/my-french-grocery.com\/de\/wp-json\/wp\/v2\/product"}],"about":[{"href":"https:\/\/my-french-grocery.com\/de\/wp-json\/wp\/v2\/types\/product"}],"replies":[{"embeddable":true,"href":"https:\/\/my-french-grocery.com\/de\/wp-json\/wp\/v2\/comments?post=20082"}],"wp:featuredmedia":[{"embeddable":true,"href":"https:\/\/my-french-grocery.com\/de\/wp-json\/wp\/v2\/media\/10722"}],"wp:attachment":[{"href":"https:\/\/my-french-grocery.com\/de\/wp-json\/wp\/v2\/media?parent=20082"}],"wp:term":[{"taxonomy":"pwb-brand","embeddable":true,"href":"https:\/\/my-french-grocery.com\/de\/wp-json\/wp\/v2\/pwb-brand?post=20082"},{"taxonomy":"product_brand","embeddable":true,"href":"https:\/\/my-french-grocery.com\/de\/wp-json\/wp\/v2\/product_brand?post=20082"},{"taxonomy":"product_cat","embeddable":true,"href":"https:\/\/my-french-grocery.com\/de\/wp-json\/wp\/v2\/product_cat?post=20082"},{"taxonomy":"product_tag","embeddable":true,"href":"https:\/\/my-french-grocery.com\/de\/wp-json\/wp\/v2\/product_tag?post=20082"}],"curies":[{"name":"wp","href":"https:\/\/api.w.org\/{rel}","templated":true}]}}