{"id":20132,"date":"2019-02-26T18:39:55","date_gmt":"2019-02-26T16:39:55","guid":{"rendered":"https:\/\/my-french-grocery.com\/product\/viva-espana-apericube-kase\/"},"modified":"2019-02-26T18:39:55","modified_gmt":"2019-02-26T16:39:55","slug":"viva-espana-apericube-kase","status":"publish","type":"product","link":"https:\/\/my-french-grocery.com\/de\/produkt\/viva-espana-apericube-kase\/","title":{"rendered":"Viva Espana  Ap\u00e9ricube K\u00e4se"},"content":{"rendered":"<p>Viva Espana Ap\u00e9ricube K\u00e4se<\/p>\n<div id=\"tw-container\" class=\"\" data-cp=\"1\" data-is-ver=\"false\" data-nnttsvi=\"1\" data-sm=\"1\" data-sugg-time=\"500\" data-sugg-url=\"https:\/\/clients1.google.com\/complete\/search\" data-uilc=\"fr\">\n<div id=\"tw-ob\" class=\"tw-src-ltr\">\n<div class=\"oSioSc\">\n<div id=\"tw-target\">\n<div id=\"kAz1tf\" class=\"g9WsWb\">\n<div id=\"tw-target-text-container\" class=\"tw-ta-container F0azHf tw-nfl\" tabindex=\"0\">\n<p id=\"tw-target-text\" class=\"tw-data-text tw-text-large tw-ta\" dir=\"ltr\" data-placeholder=\"Traduction\"><span class=\"Y2IQFc\" lang=\"de\">48 St\u00fcck <\/span>\u2013 250 g<\/p>\n<p dir=\"ltr\" data-placeholder=\"Traduction\"><span>Ap\u00e9ricube Viva Espa\u00f1a: kleine, cremige und abwechslungsreiche K\u00e4sew\u00fcrfel in den Geschmacksrichtungen Chorizo, Tomate, Gr\u00fcne Olive und Ziegenk\u00e4se, die alle Ihre Aperitifs versch\u00f6nern!\u00a0<\/span><span>F\u00fcr einen Aperitif, der in Frankreich in unseren Werken im Jura hergestellt wird, ohne Konservierungsstoffe, Farbstoffe oder k\u00fcnstliche Aromen<\/span><\/p>\n<\/div>\n<\/div>\n<\/div>\n<\/div>\n<\/div>\n<\/div>\n","protected":false},"excerpt":{"rendered":"<p>Viva Espana Ap\u00e9ricube K\u00e4se<\/p>\n<div id=\"tw-container\" class=\"\" data-cp=\"1\" data-is-ver=\"false\" data-nnttsvi=\"1\" data-sm=\"1\" data-sugg-time=\"500\" data-sugg-url=\"https:\/\/clients1.google.com\/complete\/search\" data-uilc=\"fr\">\n<div id=\"tw-ob\" class=\"tw-src-ltr\">\n<div class=\"oSioSc\">\n<div id=\"tw-target\">\n<div id=\"kAz1tf\" class=\"g9WsWb\">\n<div id=\"tw-target-text-container\" class=\"tw-ta-container F0azHf tw-nfl\" tabindex=\"0\">\n<p id=\"tw-target-text\" class=\"tw-data-text tw-text-large tw-ta\" dir=\"ltr\" data-placeholder=\"Traduction\"><span class=\"Y2IQFc\" lang=\"de\">48 St\u00fcck <\/span>\u2013 250 g<\/p>\n<\/div>\n<\/div>\n<\/div>\n<\/div>\n<\/div>\n<\/div>\n","protected":false},"featured_media":8178,"comment_status":"open","ping_status":"closed","template":"","meta":[],"pwb-brand":[2518],"product_brand":[],"product_cat":[2248],"product_tag":[2517],"class_list":{"0":"post-20132","1":"product","2":"type-product","3":"status-publish","4":"has-post-thumbnail","6":"pwb-brand-apericube-de","7":"product_cat-kaese","8":"product_tag-apericubes-de","9":"product_shipping_class-internationaler-versand","11":"first","12":"outofstock","13":"taxable","14":"shipping-taxable","15":"purchasable","16":"product-type-simple"},"yoast_head":"<!-- This site is optimized with the Yoast SEO plugin v27.3 - https:\/\/yoast.com\/product\/yoast-seo-wordpress\/ -->\n<title>Viva Espana Ap\u00e9ricube K\u00e4se | Online Kaufen | My French Grocery<\/title>\n<meta name=\"description\" content=\"Viva Espana Ap\u00e9ricube K\u00e4se - 48 St\u00fcck \u2013 250 g -Ap\u00e9ricube Viva Espa\u00f1a: kleine, cremige und abwechslungsreiche K\u00e4sew\u00fcrfel\" \/>\n<meta name=\"robots\" content=\"index, follow, max-snippet:-1, max-image-preview:large, max-video-preview:-1\" \/>\n<link rel=\"canonical\" href=\"https:\/\/my-french-grocery.com\/de\/produkt\/viva-espana-apericube-kase\/\" \/>\n<meta property=\"og:locale\" content=\"de_DE\" \/>\n<meta property=\"og:type\" content=\"article\" \/>\n<meta property=\"og:title\" content=\"Viva Espana Ap\u00e9ricube K\u00e4se | Online Kaufen | My French Grocery\" \/>\n<meta property=\"og:description\" content=\"Viva Espana Ap\u00e9ricube K\u00e4se - 48 St\u00fcck \u2013 250 g -Ap\u00e9ricube Viva Espa\u00f1a: kleine, cremige und abwechslungsreiche K\u00e4sew\u00fcrfel\" \/>\n<meta property=\"og:url\" content=\"https:\/\/my-french-grocery.com\/de\/produkt\/viva-espana-apericube-kase\/\" \/>\n<meta property=\"og:site_name\" content=\"My French Grocery\" \/>\n<meta property=\"article:publisher\" content=\"https:\/\/www.facebook.com\/myfrenchgrocery\/\" \/>\n<meta property=\"og:image\" content=\"https:\/\/my-french-grocery.com\/wp-content\/uploads\/2019\/02\/3073781056259_PHOTOSITE_20200310_171524_0.jpg\" \/>\n\t<meta property=\"og:image:width\" content=\"1500\" \/>\n\t<meta property=\"og:image:height\" content=\"1500\" \/>\n\t<meta property=\"og:image:type\" content=\"image\/jpeg\" \/>\n<meta name=\"twitter:card\" content=\"summary_large_image\" \/>\n<script type=\"application\/ld+json\" class=\"yoast-schema-graph\">{\"@context\":\"https:\\\/\\\/schema.org\",\"@graph\":[{\"@type\":\"WebPage\",\"@id\":\"https:\\\/\\\/my-french-grocery.com\\\/de\\\/produkt\\\/viva-espana-apericube-kase\\\/\",\"url\":\"https:\\\/\\\/my-french-grocery.com\\\/de\\\/produkt\\\/viva-espana-apericube-kase\\\/\",\"name\":\"Viva Espana Ap\u00e9ricube K\u00e4se | Online Kaufen | My French Grocery\",\"isPartOf\":{\"@id\":\"https:\\\/\\\/my-french-grocery.com\\\/de\\\/#website\"},\"primaryImageOfPage\":{\"@id\":\"https:\\\/\\\/my-french-grocery.com\\\/de\\\/produkt\\\/viva-espana-apericube-kase\\\/#primaryimage\"},\"image\":{\"@id\":\"https:\\\/\\\/my-french-grocery.com\\\/de\\\/produkt\\\/viva-espana-apericube-kase\\\/#primaryimage\"},\"thumbnailUrl\":\"https:\\\/\\\/my-french-grocery.com\\\/wp-content\\\/uploads\\\/2019\\\/02\\\/3073781056259_PHOTOSITE_20200310_171524_0.jpg\",\"datePublished\":\"2019-02-26T16:39:55+00:00\",\"description\":\"Viva Espana Ap\u00e9ricube K\u00e4se - 48 St\u00fcck \u2013 250 g -Ap\u00e9ricube Viva Espa\u00f1a: kleine, cremige und abwechslungsreiche K\u00e4sew\u00fcrfel\",\"breadcrumb\":{\"@id\":\"https:\\\/\\\/my-french-grocery.com\\\/de\\\/produkt\\\/viva-espana-apericube-kase\\\/#breadcrumb\"},\"inLanguage\":\"de-DE\",\"potentialAction\":[{\"@type\":\"ReadAction\",\"target\":[\"https:\\\/\\\/my-french-grocery.com\\\/de\\\/produkt\\\/viva-espana-apericube-kase\\\/\"]}]},{\"@type\":\"ImageObject\",\"inLanguage\":\"de-DE\",\"@id\":\"https:\\\/\\\/my-french-grocery.com\\\/de\\\/produkt\\\/viva-espana-apericube-kase\\\/#primaryimage\",\"url\":\"https:\\\/\\\/my-french-grocery.com\\\/wp-content\\\/uploads\\\/2019\\\/02\\\/3073781056259_PHOTOSITE_20200310_171524_0.jpg\",\"contentUrl\":\"https:\\\/\\\/my-french-grocery.com\\\/wp-content\\\/uploads\\\/2019\\\/02\\\/3073781056259_PHOTOSITE_20200310_171524_0.jpg\",\"width\":1500,\"height\":1500,\"caption\":\"Viva Espana Ap\u00e9ricube K\u00e4se\"},{\"@type\":\"BreadcrumbList\",\"@id\":\"https:\\\/\\\/my-french-grocery.com\\\/de\\\/produkt\\\/viva-espana-apericube-kase\\\/#breadcrumb\",\"itemListElement\":[{\"@type\":\"ListItem\",\"position\":1,\"name\":\"Home\",\"item\":\"https:\\\/\\\/my-french-grocery.com\\\/de\\\/shopping-seite\\\/\"},{\"@type\":\"ListItem\",\"position\":2,\"name\":\"Shop\",\"item\":\"https:\\\/\\\/my-french-grocery.com\\\/shop\\\/\"},{\"@type\":\"ListItem\",\"position\":3,\"name\":\"K\u00e4se\",\"item\":\"https:\\\/\\\/my-french-grocery.com\\\/de\\\/produkt-kategorie\\\/kaese\\\/\"},{\"@type\":\"ListItem\",\"position\":4,\"name\":\"Viva Espana Ap\u00e9ricube K\u00e4se\"}]},{\"@type\":\"WebSite\",\"@id\":\"https:\\\/\\\/my-french-grocery.com\\\/de\\\/#website\",\"url\":\"https:\\\/\\\/my-french-grocery.com\\\/de\\\/\",\"name\":\"My French Grocery\",\"description\":\"Your Online French Grocery  !\",\"publisher\":{\"@id\":\"https:\\\/\\\/my-french-grocery.com\\\/de\\\/#organization\"},\"potentialAction\":[{\"@type\":\"SearchAction\",\"target\":{\"@type\":\"EntryPoint\",\"urlTemplate\":\"https:\\\/\\\/my-french-grocery.com\\\/de\\\/?s={search_term_string}\"},\"query-input\":{\"@type\":\"PropertyValueSpecification\",\"valueRequired\":true,\"valueName\":\"search_term_string\"}}],\"inLanguage\":\"de-DE\"},{\"@type\":\"Organization\",\"@id\":\"https:\\\/\\\/my-french-grocery.com\\\/de\\\/#organization\",\"name\":\"MY FRENCH GROCERY\",\"url\":\"https:\\\/\\\/my-french-grocery.com\\\/de\\\/\",\"logo\":{\"@type\":\"ImageObject\",\"inLanguage\":\"de-DE\",\"@id\":\"https:\\\/\\\/my-french-grocery.com\\\/de\\\/#\\\/schema\\\/logo\\\/image\\\/\",\"url\":\"https:\\\/\\\/my-french-grocery.com\\\/wp-content\\\/uploads\\\/2021\\\/11\\\/My-French-Grocery-Online-French-Grocery.png\",\"contentUrl\":\"https:\\\/\\\/my-french-grocery.com\\\/wp-content\\\/uploads\\\/2021\\\/11\\\/My-French-Grocery-Online-French-Grocery.png\",\"width\":100,\"height\":100,\"caption\":\"MY FRENCH GROCERY\"},\"image\":{\"@id\":\"https:\\\/\\\/my-french-grocery.com\\\/de\\\/#\\\/schema\\\/logo\\\/image\\\/\"},\"sameAs\":[\"https:\\\/\\\/www.facebook.com\\\/myfrenchgrocery\\\/\"]}]}<\/script>\n<!-- \/ Yoast SEO plugin. -->","yoast_head_json":{"title":"Viva Espana Ap\u00e9ricube K\u00e4se | Online Kaufen | My French Grocery","description":"Viva Espana Ap\u00e9ricube K\u00e4se - 48 St\u00fcck \u2013 250 g -Ap\u00e9ricube Viva Espa\u00f1a: kleine, cremige und abwechslungsreiche K\u00e4sew\u00fcrfel","robots":{"index":"index","follow":"follow","max-snippet":"max-snippet:-1","max-image-preview":"max-image-preview:large","max-video-preview":"max-video-preview:-1"},"canonical":"https:\/\/my-french-grocery.com\/de\/produkt\/viva-espana-apericube-kase\/","og_locale":"de_DE","og_type":"article","og_title":"Viva Espana Ap\u00e9ricube K\u00e4se | Online Kaufen | My French Grocery","og_description":"Viva Espana Ap\u00e9ricube K\u00e4se - 48 St\u00fcck \u2013 250 g -Ap\u00e9ricube Viva Espa\u00f1a: kleine, cremige und abwechslungsreiche K\u00e4sew\u00fcrfel","og_url":"https:\/\/my-french-grocery.com\/de\/produkt\/viva-espana-apericube-kase\/","og_site_name":"My French Grocery","article_publisher":"https:\/\/www.facebook.com\/myfrenchgrocery\/","og_image":[{"width":1500,"height":1500,"url":"https:\/\/my-french-grocery.com\/wp-content\/uploads\/2019\/02\/3073781056259_PHOTOSITE_20200310_171524_0.jpg","type":"image\/jpeg"}],"twitter_card":"summary_large_image","schema":{"@context":"https:\/\/schema.org","@graph":[{"@type":"WebPage","@id":"https:\/\/my-french-grocery.com\/de\/produkt\/viva-espana-apericube-kase\/","url":"https:\/\/my-french-grocery.com\/de\/produkt\/viva-espana-apericube-kase\/","name":"Viva Espana Ap\u00e9ricube K\u00e4se | Online Kaufen | My French Grocery","isPartOf":{"@id":"https:\/\/my-french-grocery.com\/de\/#website"},"primaryImageOfPage":{"@id":"https:\/\/my-french-grocery.com\/de\/produkt\/viva-espana-apericube-kase\/#primaryimage"},"image":{"@id":"https:\/\/my-french-grocery.com\/de\/produkt\/viva-espana-apericube-kase\/#primaryimage"},"thumbnailUrl":"https:\/\/my-french-grocery.com\/wp-content\/uploads\/2019\/02\/3073781056259_PHOTOSITE_20200310_171524_0.jpg","datePublished":"2019-02-26T16:39:55+00:00","description":"Viva Espana Ap\u00e9ricube K\u00e4se - 48 St\u00fcck \u2013 250 g -Ap\u00e9ricube Viva Espa\u00f1a: kleine, cremige und abwechslungsreiche K\u00e4sew\u00fcrfel","breadcrumb":{"@id":"https:\/\/my-french-grocery.com\/de\/produkt\/viva-espana-apericube-kase\/#breadcrumb"},"inLanguage":"de-DE","potentialAction":[{"@type":"ReadAction","target":["https:\/\/my-french-grocery.com\/de\/produkt\/viva-espana-apericube-kase\/"]}]},{"@type":"ImageObject","inLanguage":"de-DE","@id":"https:\/\/my-french-grocery.com\/de\/produkt\/viva-espana-apericube-kase\/#primaryimage","url":"https:\/\/my-french-grocery.com\/wp-content\/uploads\/2019\/02\/3073781056259_PHOTOSITE_20200310_171524_0.jpg","contentUrl":"https:\/\/my-french-grocery.com\/wp-content\/uploads\/2019\/02\/3073781056259_PHOTOSITE_20200310_171524_0.jpg","width":1500,"height":1500,"caption":"Viva Espana Ap\u00e9ricube K\u00e4se"},{"@type":"BreadcrumbList","@id":"https:\/\/my-french-grocery.com\/de\/produkt\/viva-espana-apericube-kase\/#breadcrumb","itemListElement":[{"@type":"ListItem","position":1,"name":"Home","item":"https:\/\/my-french-grocery.com\/de\/shopping-seite\/"},{"@type":"ListItem","position":2,"name":"Shop","item":"https:\/\/my-french-grocery.com\/shop\/"},{"@type":"ListItem","position":3,"name":"K\u00e4se","item":"https:\/\/my-french-grocery.com\/de\/produkt-kategorie\/kaese\/"},{"@type":"ListItem","position":4,"name":"Viva Espana Ap\u00e9ricube K\u00e4se"}]},{"@type":"WebSite","@id":"https:\/\/my-french-grocery.com\/de\/#website","url":"https:\/\/my-french-grocery.com\/de\/","name":"My French Grocery","description":"Your Online French Grocery  !","publisher":{"@id":"https:\/\/my-french-grocery.com\/de\/#organization"},"potentialAction":[{"@type":"SearchAction","target":{"@type":"EntryPoint","urlTemplate":"https:\/\/my-french-grocery.com\/de\/?s={search_term_string}"},"query-input":{"@type":"PropertyValueSpecification","valueRequired":true,"valueName":"search_term_string"}}],"inLanguage":"de-DE"},{"@type":"Organization","@id":"https:\/\/my-french-grocery.com\/de\/#organization","name":"MY FRENCH GROCERY","url":"https:\/\/my-french-grocery.com\/de\/","logo":{"@type":"ImageObject","inLanguage":"de-DE","@id":"https:\/\/my-french-grocery.com\/de\/#\/schema\/logo\/image\/","url":"https:\/\/my-french-grocery.com\/wp-content\/uploads\/2021\/11\/My-French-Grocery-Online-French-Grocery.png","contentUrl":"https:\/\/my-french-grocery.com\/wp-content\/uploads\/2021\/11\/My-French-Grocery-Online-French-Grocery.png","width":100,"height":100,"caption":"MY FRENCH GROCERY"},"image":{"@id":"https:\/\/my-french-grocery.com\/de\/#\/schema\/logo\/image\/"},"sameAs":["https:\/\/www.facebook.com\/myfrenchgrocery\/"]}]}},"brands":[{"id":2518,"name":"Ap\u00e9ricube","slug":"apericube-de"}],"_links":{"self":[{"href":"https:\/\/my-french-grocery.com\/de\/wp-json\/wp\/v2\/product\/20132","targetHints":{"allow":["GET"]}}],"collection":[{"href":"https:\/\/my-french-grocery.com\/de\/wp-json\/wp\/v2\/product"}],"about":[{"href":"https:\/\/my-french-grocery.com\/de\/wp-json\/wp\/v2\/types\/product"}],"replies":[{"embeddable":true,"href":"https:\/\/my-french-grocery.com\/de\/wp-json\/wp\/v2\/comments?post=20132"}],"wp:featuredmedia":[{"embeddable":true,"href":"https:\/\/my-french-grocery.com\/de\/wp-json\/wp\/v2\/media\/8178"}],"wp:attachment":[{"href":"https:\/\/my-french-grocery.com\/de\/wp-json\/wp\/v2\/media?parent=20132"}],"wp:term":[{"taxonomy":"pwb-brand","embeddable":true,"href":"https:\/\/my-french-grocery.com\/de\/wp-json\/wp\/v2\/pwb-brand?post=20132"},{"taxonomy":"product_brand","embeddable":true,"href":"https:\/\/my-french-grocery.com\/de\/wp-json\/wp\/v2\/product_brand?post=20132"},{"taxonomy":"product_cat","embeddable":true,"href":"https:\/\/my-french-grocery.com\/de\/wp-json\/wp\/v2\/product_cat?post=20132"},{"taxonomy":"product_tag","embeddable":true,"href":"https:\/\/my-french-grocery.com\/de\/wp-json\/wp\/v2\/product_tag?post=20132"}],"curies":[{"name":"wp","href":"https:\/\/api.w.org\/{rel}","templated":true}]}}