{"id":20136,"date":"2019-02-26T18:52:35","date_gmt":"2019-02-26T16:52:35","guid":{"rendered":"https:\/\/my-french-grocery.com\/product\/apericube-apericube-kase-3-geschmack\/"},"modified":"2025-06-24T10:14:45","modified_gmt":"2025-06-24T08:14:45","slug":"apericube-apericube-kase-3-geschmack","status":"publish","type":"product","link":"https:\/\/my-french-grocery.com\/de\/produkt\/apericube-apericube-kase-3-geschmack\/","title":{"rendered":"Ap\u00e9ricube Ap\u00e9ricube K\u00e4se 3 Geschmack"},"content":{"rendered":"<p>Ap\u00e9ricube Ap\u00e9ricube K\u00e4se 3 Geschmack<\/p>\n<div id=\"tw-container\" class=\"\" data-cp=\"1\" data-is-ver=\"false\" data-nnttsvi=\"1\" data-sm=\"1\" data-sugg-time=\"500\" data-sugg-url=\"https:\/\/clients1.google.com\/complete\/search\" data-uilc=\"fr\">\n<div id=\"tw-ob\" class=\"tw-src-ltr\">\n<div class=\"oSioSc\">\n<div id=\"tw-target\">\n<div id=\"kAz1tf\" class=\"g9WsWb\">\n<div id=\"tw-target-text-container\" class=\"tw-ta-container F0azHf tw-nfl\" tabindex=\"0\">\n<p id=\"tw-target-text\" class=\"tw-data-text tw-text-large tw-ta\" dir=\"ltr\" data-placeholder=\"Traduction\"><span class=\"Y2IQFc\" lang=\"de\">24 St\u00fcck <\/span>\u2013 125 g<\/p>\n<p dir=\"ltr\" data-placeholder=\"Traduction\">Entdecken Sie die Ap\u00e9ricube Campagne K\u00e4sew\u00fcrfel, den ultimativen Aperitif-Genuss! Mit seinen 24 leckeren W\u00fcrfeln l\u00e4dt jeder Bissen zum geselligen Beisammensein ein. Ob mit knusprigen Chips, Snacks oder Rohkost \u2013 diese kleinen K\u00e4se-K\u00f6stlichkeiten lassen keine W\u00fcnsche offen. Viel Spa\u00df mit Ap\u00e9riQuiz, einem in den W\u00fcrfeln versteckten Spiel mit \u00fcber 900 neuen Fragen, die Ihre Abende aufpeppen. Hergestellt in Frankreich mit nat\u00fcrlichen Aromen, verleihen sie Ihren gemeinsamen Momenten einen Hauch von lokalem Flair. Sind Sie bereit, Ihren Aperitif zu einem wahren Festmahl zu machen?<\/p>\n<p dir=\"ltr\" data-placeholder=\"Traduction\">\n<\/div>\n<\/div>\n<\/div>\n<\/div>\n<\/div>\n<\/div>\n","protected":false},"excerpt":{"rendered":"<p>Ap\u00e9ricube Ap\u00e9ricube K\u00e4se 3 Geschmack<\/p>\n<div id=\"tw-container\" class=\"\" data-cp=\"1\" data-is-ver=\"false\" data-nnttsvi=\"1\" data-sm=\"1\" data-sugg-time=\"500\" data-sugg-url=\"https:\/\/clients1.google.com\/complete\/search\" data-uilc=\"fr\">\n<div id=\"tw-ob\" class=\"tw-src-ltr\">\n<div class=\"oSioSc\">\n<div id=\"tw-target\">\n<div id=\"kAz1tf\" class=\"g9WsWb\">\n<div id=\"tw-target-text-container\" class=\"tw-ta-container F0azHf tw-nfl\" tabindex=\"0\">\n<p id=\"tw-target-text\" class=\"tw-data-text tw-text-large tw-ta\" dir=\"ltr\" data-placeholder=\"Traduction\"><span class=\"Y2IQFc\" lang=\"de\">24 St\u00fcck <\/span>\u2013 125 g<\/p>\n<\/div>\n<\/div>\n<\/div>\n<\/div>\n<\/div>\n<\/div>\n","protected":false},"featured_media":49377,"comment_status":"open","ping_status":"closed","template":"","meta":[],"pwb-brand":[2518],"product_brand":[],"product_cat":[2248],"product_tag":[2517],"class_list":{"0":"post-20136","1":"product","2":"type-product","3":"status-publish","4":"has-post-thumbnail","6":"pwb-brand-apericube-de","7":"product_cat-kaese","8":"product_tag-apericubes-de","9":"product_shipping_class-internationaler-versand","11":"first","12":"instock","13":"taxable","14":"shipping-taxable","15":"purchasable","16":"product-type-simple"},"yoast_head":"<!-- This site is optimized with the Yoast SEO plugin v27.4 - https:\/\/yoast.com\/product\/yoast-seo-wordpress\/ -->\n<title>Ap\u00e9ricube Ap\u00e9ricube K\u00e4se 3 Geschmack | Online Kaufen | My French Grocery<\/title>\n<meta name=\"description\" content=\"Ap\u00e9ricube Ap\u00e9ricube K\u00e4se 3 Geschmack - 24 St\u00fcck \u2013 125 g - W\u00e4hlen Sie Ap\u00e9ricube Campagne und seine K\u00e4sew\u00fcrfel mit Schinken\" \/>\n<meta name=\"robots\" content=\"index, follow, max-snippet:-1, max-image-preview:large, max-video-preview:-1\" \/>\n<link rel=\"canonical\" href=\"https:\/\/my-french-grocery.com\/de\/produkt\/apericube-apericube-kase-3-geschmack\/\" \/>\n<meta property=\"og:locale\" content=\"de_DE\" \/>\n<meta property=\"og:type\" content=\"article\" \/>\n<meta property=\"og:title\" content=\"Ap\u00e9ricube Ap\u00e9ricube K\u00e4se 3 Geschmack | Online Kaufen | My French Grocery\" \/>\n<meta property=\"og:description\" content=\"Ap\u00e9ricube Ap\u00e9ricube K\u00e4se 3 Geschmack - 24 St\u00fcck \u2013 125 g - W\u00e4hlen Sie Ap\u00e9ricube Campagne und seine K\u00e4sew\u00fcrfel mit Schinken\" \/>\n<meta property=\"og:url\" content=\"https:\/\/my-french-grocery.com\/de\/produkt\/apericube-apericube-kase-3-geschmack\/\" \/>\n<meta property=\"og:site_name\" content=\"My French Grocery\" \/>\n<meta property=\"article:publisher\" content=\"https:\/\/www.facebook.com\/myfrenchgrocery\/\" \/>\n<meta property=\"article:modified_time\" content=\"2025-06-24T08:14:45+00:00\" \/>\n<meta property=\"og:image\" content=\"https:\/\/my-french-grocery.com\/wp-content\/uploads\/2019\/02\/0Z_3700.jpg\" \/>\n\t<meta property=\"og:image:width\" content=\"700\" \/>\n\t<meta property=\"og:image:height\" content=\"700\" \/>\n\t<meta property=\"og:image:type\" content=\"image\/jpeg\" \/>\n<meta name=\"twitter:card\" content=\"summary_large_image\" \/>\n<meta name=\"twitter:label1\" content=\"Gesch\u00e4tzte Lesezeit\" \/>\n\t<meta name=\"twitter:data1\" content=\"1 minute\" \/>\n<script type=\"application\/ld+json\" class=\"yoast-schema-graph\">{\"@context\":\"https:\\\/\\\/schema.org\",\"@graph\":[{\"@type\":\"WebPage\",\"@id\":\"https:\\\/\\\/my-french-grocery.com\\\/de\\\/produkt\\\/apericube-apericube-kase-3-geschmack\\\/\",\"url\":\"https:\\\/\\\/my-french-grocery.com\\\/de\\\/produkt\\\/apericube-apericube-kase-3-geschmack\\\/\",\"name\":\"Ap\u00e9ricube Ap\u00e9ricube K\u00e4se 3 Geschmack | Online Kaufen | My French Grocery\",\"isPartOf\":{\"@id\":\"https:\\\/\\\/my-french-grocery.com\\\/de\\\/#website\"},\"primaryImageOfPage\":{\"@id\":\"https:\\\/\\\/my-french-grocery.com\\\/de\\\/produkt\\\/apericube-apericube-kase-3-geschmack\\\/#primaryimage\"},\"image\":{\"@id\":\"https:\\\/\\\/my-french-grocery.com\\\/de\\\/produkt\\\/apericube-apericube-kase-3-geschmack\\\/#primaryimage\"},\"thumbnailUrl\":\"https:\\\/\\\/my-french-grocery.com\\\/wp-content\\\/uploads\\\/2019\\\/02\\\/0Z_3700.jpg\",\"datePublished\":\"2019-02-26T16:52:35+00:00\",\"dateModified\":\"2025-06-24T08:14:45+00:00\",\"description\":\"Ap\u00e9ricube Ap\u00e9ricube K\u00e4se 3 Geschmack - 24 St\u00fcck \u2013 125 g - W\u00e4hlen Sie Ap\u00e9ricube Campagne und seine K\u00e4sew\u00fcrfel mit Schinken\",\"breadcrumb\":{\"@id\":\"https:\\\/\\\/my-french-grocery.com\\\/de\\\/produkt\\\/apericube-apericube-kase-3-geschmack\\\/#breadcrumb\"},\"inLanguage\":\"de-DE\",\"potentialAction\":[{\"@type\":\"ReadAction\",\"target\":[\"https:\\\/\\\/my-french-grocery.com\\\/de\\\/produkt\\\/apericube-apericube-kase-3-geschmack\\\/\"]}]},{\"@type\":\"ImageObject\",\"inLanguage\":\"de-DE\",\"@id\":\"https:\\\/\\\/my-french-grocery.com\\\/de\\\/produkt\\\/apericube-apericube-kase-3-geschmack\\\/#primaryimage\",\"url\":\"https:\\\/\\\/my-french-grocery.com\\\/wp-content\\\/uploads\\\/2019\\\/02\\\/0Z_3700.jpg\",\"contentUrl\":\"https:\\\/\\\/my-french-grocery.com\\\/wp-content\\\/uploads\\\/2019\\\/02\\\/0Z_3700.jpg\",\"width\":700,\"height\":700},{\"@type\":\"BreadcrumbList\",\"@id\":\"https:\\\/\\\/my-french-grocery.com\\\/de\\\/produkt\\\/apericube-apericube-kase-3-geschmack\\\/#breadcrumb\",\"itemListElement\":[{\"@type\":\"ListItem\",\"position\":1,\"name\":\"Home\",\"item\":\"https:\\\/\\\/my-french-grocery.com\\\/de\\\/shopping-seite\\\/\"},{\"@type\":\"ListItem\",\"position\":2,\"name\":\"Shop\",\"item\":\"https:\\\/\\\/my-french-grocery.com\\\/shop\\\/\"},{\"@type\":\"ListItem\",\"position\":3,\"name\":\"K\u00e4se\",\"item\":\"https:\\\/\\\/my-french-grocery.com\\\/de\\\/produkt-kategorie\\\/kaese\\\/\"},{\"@type\":\"ListItem\",\"position\":4,\"name\":\"Ap\u00e9ricube Ap\u00e9ricube K\u00e4se 3 Geschmack\"}]},{\"@type\":\"WebSite\",\"@id\":\"https:\\\/\\\/my-french-grocery.com\\\/de\\\/#website\",\"url\":\"https:\\\/\\\/my-french-grocery.com\\\/de\\\/\",\"name\":\"My French Grocery\",\"description\":\"Your Online French Grocery  !\",\"publisher\":{\"@id\":\"https:\\\/\\\/my-french-grocery.com\\\/de\\\/#organization\"},\"potentialAction\":[{\"@type\":\"SearchAction\",\"target\":{\"@type\":\"EntryPoint\",\"urlTemplate\":\"https:\\\/\\\/my-french-grocery.com\\\/de\\\/?s={search_term_string}\"},\"query-input\":{\"@type\":\"PropertyValueSpecification\",\"valueRequired\":true,\"valueName\":\"search_term_string\"}}],\"inLanguage\":\"de-DE\"},{\"@type\":\"Organization\",\"@id\":\"https:\\\/\\\/my-french-grocery.com\\\/de\\\/#organization\",\"name\":\"MY FRENCH GROCERY\",\"url\":\"https:\\\/\\\/my-french-grocery.com\\\/de\\\/\",\"logo\":{\"@type\":\"ImageObject\",\"inLanguage\":\"de-DE\",\"@id\":\"https:\\\/\\\/my-french-grocery.com\\\/de\\\/#\\\/schema\\\/logo\\\/image\\\/\",\"url\":\"https:\\\/\\\/my-french-grocery.com\\\/wp-content\\\/uploads\\\/2021\\\/11\\\/My-French-Grocery-Online-French-Grocery.png\",\"contentUrl\":\"https:\\\/\\\/my-french-grocery.com\\\/wp-content\\\/uploads\\\/2021\\\/11\\\/My-French-Grocery-Online-French-Grocery.png\",\"width\":100,\"height\":100,\"caption\":\"MY FRENCH GROCERY\"},\"image\":{\"@id\":\"https:\\\/\\\/my-french-grocery.com\\\/de\\\/#\\\/schema\\\/logo\\\/image\\\/\"},\"sameAs\":[\"https:\\\/\\\/www.facebook.com\\\/myfrenchgrocery\\\/\"]}]}<\/script>\n<!-- \/ Yoast SEO plugin. -->","yoast_head_json":{"title":"Ap\u00e9ricube Ap\u00e9ricube K\u00e4se 3 Geschmack | Online Kaufen | My French Grocery","description":"Ap\u00e9ricube Ap\u00e9ricube K\u00e4se 3 Geschmack - 24 St\u00fcck \u2013 125 g - W\u00e4hlen Sie Ap\u00e9ricube Campagne und seine K\u00e4sew\u00fcrfel mit Schinken","robots":{"index":"index","follow":"follow","max-snippet":"max-snippet:-1","max-image-preview":"max-image-preview:large","max-video-preview":"max-video-preview:-1"},"canonical":"https:\/\/my-french-grocery.com\/de\/produkt\/apericube-apericube-kase-3-geschmack\/","og_locale":"de_DE","og_type":"article","og_title":"Ap\u00e9ricube Ap\u00e9ricube K\u00e4se 3 Geschmack | Online Kaufen | My French Grocery","og_description":"Ap\u00e9ricube Ap\u00e9ricube K\u00e4se 3 Geschmack - 24 St\u00fcck \u2013 125 g - W\u00e4hlen Sie Ap\u00e9ricube Campagne und seine K\u00e4sew\u00fcrfel mit Schinken","og_url":"https:\/\/my-french-grocery.com\/de\/produkt\/apericube-apericube-kase-3-geschmack\/","og_site_name":"My French Grocery","article_publisher":"https:\/\/www.facebook.com\/myfrenchgrocery\/","article_modified_time":"2025-06-24T08:14:45+00:00","og_image":[{"width":700,"height":700,"url":"https:\/\/my-french-grocery.com\/wp-content\/uploads\/2019\/02\/0Z_3700.jpg","type":"image\/jpeg"}],"twitter_card":"summary_large_image","twitter_misc":{"Gesch\u00e4tzte Lesezeit":"1 minute"},"schema":{"@context":"https:\/\/schema.org","@graph":[{"@type":"WebPage","@id":"https:\/\/my-french-grocery.com\/de\/produkt\/apericube-apericube-kase-3-geschmack\/","url":"https:\/\/my-french-grocery.com\/de\/produkt\/apericube-apericube-kase-3-geschmack\/","name":"Ap\u00e9ricube Ap\u00e9ricube K\u00e4se 3 Geschmack | Online Kaufen | My French Grocery","isPartOf":{"@id":"https:\/\/my-french-grocery.com\/de\/#website"},"primaryImageOfPage":{"@id":"https:\/\/my-french-grocery.com\/de\/produkt\/apericube-apericube-kase-3-geschmack\/#primaryimage"},"image":{"@id":"https:\/\/my-french-grocery.com\/de\/produkt\/apericube-apericube-kase-3-geschmack\/#primaryimage"},"thumbnailUrl":"https:\/\/my-french-grocery.com\/wp-content\/uploads\/2019\/02\/0Z_3700.jpg","datePublished":"2019-02-26T16:52:35+00:00","dateModified":"2025-06-24T08:14:45+00:00","description":"Ap\u00e9ricube Ap\u00e9ricube K\u00e4se 3 Geschmack - 24 St\u00fcck \u2013 125 g - W\u00e4hlen Sie Ap\u00e9ricube Campagne und seine K\u00e4sew\u00fcrfel mit Schinken","breadcrumb":{"@id":"https:\/\/my-french-grocery.com\/de\/produkt\/apericube-apericube-kase-3-geschmack\/#breadcrumb"},"inLanguage":"de-DE","potentialAction":[{"@type":"ReadAction","target":["https:\/\/my-french-grocery.com\/de\/produkt\/apericube-apericube-kase-3-geschmack\/"]}]},{"@type":"ImageObject","inLanguage":"de-DE","@id":"https:\/\/my-french-grocery.com\/de\/produkt\/apericube-apericube-kase-3-geschmack\/#primaryimage","url":"https:\/\/my-french-grocery.com\/wp-content\/uploads\/2019\/02\/0Z_3700.jpg","contentUrl":"https:\/\/my-french-grocery.com\/wp-content\/uploads\/2019\/02\/0Z_3700.jpg","width":700,"height":700},{"@type":"BreadcrumbList","@id":"https:\/\/my-french-grocery.com\/de\/produkt\/apericube-apericube-kase-3-geschmack\/#breadcrumb","itemListElement":[{"@type":"ListItem","position":1,"name":"Home","item":"https:\/\/my-french-grocery.com\/de\/shopping-seite\/"},{"@type":"ListItem","position":2,"name":"Shop","item":"https:\/\/my-french-grocery.com\/shop\/"},{"@type":"ListItem","position":3,"name":"K\u00e4se","item":"https:\/\/my-french-grocery.com\/de\/produkt-kategorie\/kaese\/"},{"@type":"ListItem","position":4,"name":"Ap\u00e9ricube Ap\u00e9ricube K\u00e4se 3 Geschmack"}]},{"@type":"WebSite","@id":"https:\/\/my-french-grocery.com\/de\/#website","url":"https:\/\/my-french-grocery.com\/de\/","name":"My French Grocery","description":"Your Online French Grocery  !","publisher":{"@id":"https:\/\/my-french-grocery.com\/de\/#organization"},"potentialAction":[{"@type":"SearchAction","target":{"@type":"EntryPoint","urlTemplate":"https:\/\/my-french-grocery.com\/de\/?s={search_term_string}"},"query-input":{"@type":"PropertyValueSpecification","valueRequired":true,"valueName":"search_term_string"}}],"inLanguage":"de-DE"},{"@type":"Organization","@id":"https:\/\/my-french-grocery.com\/de\/#organization","name":"MY FRENCH GROCERY","url":"https:\/\/my-french-grocery.com\/de\/","logo":{"@type":"ImageObject","inLanguage":"de-DE","@id":"https:\/\/my-french-grocery.com\/de\/#\/schema\/logo\/image\/","url":"https:\/\/my-french-grocery.com\/wp-content\/uploads\/2021\/11\/My-French-Grocery-Online-French-Grocery.png","contentUrl":"https:\/\/my-french-grocery.com\/wp-content\/uploads\/2021\/11\/My-French-Grocery-Online-French-Grocery.png","width":100,"height":100,"caption":"MY FRENCH GROCERY"},"image":{"@id":"https:\/\/my-french-grocery.com\/de\/#\/schema\/logo\/image\/"},"sameAs":["https:\/\/www.facebook.com\/myfrenchgrocery\/"]}]}},"brands":[{"id":2518,"name":"Ap\u00e9ricube","slug":"apericube-de"}],"_links":{"self":[{"href":"https:\/\/my-french-grocery.com\/de\/wp-json\/wp\/v2\/product\/20136","targetHints":{"allow":["GET"]}}],"collection":[{"href":"https:\/\/my-french-grocery.com\/de\/wp-json\/wp\/v2\/product"}],"about":[{"href":"https:\/\/my-french-grocery.com\/de\/wp-json\/wp\/v2\/types\/product"}],"replies":[{"embeddable":true,"href":"https:\/\/my-french-grocery.com\/de\/wp-json\/wp\/v2\/comments?post=20136"}],"wp:featuredmedia":[{"embeddable":true,"href":"https:\/\/my-french-grocery.com\/de\/wp-json\/wp\/v2\/media\/49377"}],"wp:attachment":[{"href":"https:\/\/my-french-grocery.com\/de\/wp-json\/wp\/v2\/media?parent=20136"}],"wp:term":[{"taxonomy":"pwb-brand","embeddable":true,"href":"https:\/\/my-french-grocery.com\/de\/wp-json\/wp\/v2\/pwb-brand?post=20136"},{"taxonomy":"product_brand","embeddable":true,"href":"https:\/\/my-french-grocery.com\/de\/wp-json\/wp\/v2\/product_brand?post=20136"},{"taxonomy":"product_cat","embeddable":true,"href":"https:\/\/my-french-grocery.com\/de\/wp-json\/wp\/v2\/product_cat?post=20136"},{"taxonomy":"product_tag","embeddable":true,"href":"https:\/\/my-french-grocery.com\/de\/wp-json\/wp\/v2\/product_tag?post=20136"}],"curies":[{"name":"wp","href":"https:\/\/api.w.org\/{rel}","templated":true}]}}