{"id":20142,"date":"2022-01-05T18:59:06","date_gmt":"2022-01-05T16:59:07","guid":{"rendered":"https:\/\/my-french-grocery.com\/?post_type=product&#038;p=20142"},"modified":"2022-04-05T10:40:45","modified_gmt":"2022-04-05T08:40:45","slug":"ricola-infusion-bonne-nuit","status":"publish","type":"product","link":"https:\/\/my-french-grocery.com\/de\/produkt\/ricola-infusion-bonne-nuit\/","title":{"rendered":"Ricola Infusion &#8220;Bonne Nuit&#8221;"},"content":{"rendered":"<p>Ricola Infusion \u201cBonne Nuit\u201d<\/p>\n<p>200 g Schachtel<\/p>\n<p>Ricola Bonne Nuit besteht aus einer Mischung sorgf\u00e4ltig ausgew\u00e4hlter Pflanzen, darunter Orangenbl\u00fcte, Rose und Lavendel, die Ihnen in Kombination mit einem Hauch Honig einen puren Moment der Entspannung und des Genusses bescheren.<\/p>\n","protected":false},"excerpt":{"rendered":"<p>Ricola Infusion &#8220;Bonne Nuit&#8221;<\/p>\n<p>200 g Schachtel<\/p>\n","protected":false},"featured_media":20148,"comment_status":"open","ping_status":"closed","template":"","meta":[],"pwb-brand":[2750],"product_brand":[],"product_cat":[2260],"product_tag":[2522],"class_list":{"0":"post-20142","1":"product","2":"type-product","3":"status-publish","4":"has-post-thumbnail","6":"pwb-brand-ricola-de","7":"product_cat-tee","8":"product_tag-ricola-de","9":"product_shipping_class-internationaler-versand","11":"first","12":"instock","13":"taxable","14":"shipping-taxable","15":"purchasable","16":"product-type-simple"},"brands":[{"id":2750,"name":"Ricola","slug":"ricola-de"}],"_links":{"self":[{"href":"https:\/\/my-french-grocery.com\/de\/wp-json\/wp\/v2\/product\/20142","targetHints":{"allow":["GET"]}}],"collection":[{"href":"https:\/\/my-french-grocery.com\/de\/wp-json\/wp\/v2\/product"}],"about":[{"href":"https:\/\/my-french-grocery.com\/de\/wp-json\/wp\/v2\/types\/product"}],"replies":[{"embeddable":true,"href":"https:\/\/my-french-grocery.com\/de\/wp-json\/wp\/v2\/comments?post=20142"}],"wp:featuredmedia":[{"embeddable":true,"href":"https:\/\/my-french-grocery.com\/de\/wp-json\/wp\/v2\/media\/20148"}],"wp:attachment":[{"href":"https:\/\/my-french-grocery.com\/de\/wp-json\/wp\/v2\/media?parent=20142"}],"wp:term":[{"taxonomy":"pwb-brand","embeddable":true,"href":"https:\/\/my-french-grocery.com\/de\/wp-json\/wp\/v2\/pwb-brand?post=20142"},{"taxonomy":"product_brand","embeddable":true,"href":"https:\/\/my-french-grocery.com\/de\/wp-json\/wp\/v2\/product_brand?post=20142"},{"taxonomy":"product_cat","embeddable":true,"href":"https:\/\/my-french-grocery.com\/de\/wp-json\/wp\/v2\/product_cat?post=20142"},{"taxonomy":"product_tag","embeddable":true,"href":"https:\/\/my-french-grocery.com\/de\/wp-json\/wp\/v2\/product_tag?post=20142"}],"curies":[{"name":"wp","href":"https:\/\/api.w.org\/{rel}","templated":true}]}}