{"id":20289,"date":"2019-03-02T15:53:29","date_gmt":"2019-03-02T13:53:29","guid":{"rendered":"https:\/\/my-french-grocery.com\/product\/panzani-coquillages-nudeln\/"},"modified":"2019-03-02T15:53:29","modified_gmt":"2019-03-02T13:53:29","slug":"panzani-coquillages-nudeln","status":"publish","type":"product","link":"https:\/\/my-french-grocery.com\/de\/produkt\/panzani-coquillages-nudeln\/","title":{"rendered":"Panzani Coquillages Nudeln"},"content":{"rendered":"<p>Panzani Coquillages Nudeln<\/p>\n<div class=\"pdp-card__header--text\"><span class=\"ds-body-text ds-body-text--weight-bold ds-body-text--size-m ds-body-text--color-standard-2\"><span>500g Packung<\/span><\/span><\/div>\n<div class=\"main-details--food__shoppinglist\"><\/div>\n<div><span>Unsere Panzani-Schalen werden mit Liebe in unseren Nudelfabriken in Marseille und Nanterre hergestellt.\u00a0Unser Weizen wird so nah wie m\u00f6glich an unseren M\u00fchlen geerntet und ist zu 100 % franz\u00f6sisch f\u00fcr eine au\u00dfergew\u00f6hnliche Teigqualit\u00e4t.<\/span><\/div>\n","protected":false},"excerpt":{"rendered":"<p>Panzani Coquillages Nudeln<\/p>\n<div class=\"pdp-card__header--text\"><span class=\"ds-body-text ds-body-text--weight-bold ds-body-text--size-m ds-body-text--color-standard-2\">500g Packung<\/span><\/div>\n","protected":false},"featured_media":20290,"comment_status":"open","ping_status":"closed","template":"","meta":[],"pwb-brand":[2514],"product_brand":[],"product_cat":[2254],"product_tag":[2533],"class_list":{"0":"post-20289","1":"product","2":"type-product","3":"status-publish","4":"has-post-thumbnail","6":"pwb-brand-panzani-de","7":"product_cat-nudeln-reis-maische-getreide","8":"product_tag-panzani-nudeln","9":"product_shipping_class-internationaler-versand","11":"first","12":"instock","13":"taxable","14":"shipping-taxable","15":"purchasable","16":"product-type-simple"},"brands":[{"id":2514,"name":"Panzani","slug":"panzani-de"}],"_links":{"self":[{"href":"https:\/\/my-french-grocery.com\/de\/wp-json\/wp\/v2\/product\/20289","targetHints":{"allow":["GET"]}}],"collection":[{"href":"https:\/\/my-french-grocery.com\/de\/wp-json\/wp\/v2\/product"}],"about":[{"href":"https:\/\/my-french-grocery.com\/de\/wp-json\/wp\/v2\/types\/product"}],"replies":[{"embeddable":true,"href":"https:\/\/my-french-grocery.com\/de\/wp-json\/wp\/v2\/comments?post=20289"}],"wp:featuredmedia":[{"embeddable":true,"href":"https:\/\/my-french-grocery.com\/de\/wp-json\/wp\/v2\/media\/20290"}],"wp:attachment":[{"href":"https:\/\/my-french-grocery.com\/de\/wp-json\/wp\/v2\/media?parent=20289"}],"wp:term":[{"taxonomy":"pwb-brand","embeddable":true,"href":"https:\/\/my-french-grocery.com\/de\/wp-json\/wp\/v2\/pwb-brand?post=20289"},{"taxonomy":"product_brand","embeddable":true,"href":"https:\/\/my-french-grocery.com\/de\/wp-json\/wp\/v2\/product_brand?post=20289"},{"taxonomy":"product_cat","embeddable":true,"href":"https:\/\/my-french-grocery.com\/de\/wp-json\/wp\/v2\/product_cat?post=20289"},{"taxonomy":"product_tag","embeddable":true,"href":"https:\/\/my-french-grocery.com\/de\/wp-json\/wp\/v2\/product_tag?post=20289"}],"curies":[{"name":"wp","href":"https:\/\/api.w.org\/{rel}","templated":true}]}}