{"id":20311,"date":"2019-03-04T15:39:00","date_gmt":"2019-03-04T13:39:00","guid":{"rendered":"https:\/\/my-french-grocery.com\/product\/miel-pops-honey-musli\/"},"modified":"2026-03-25T09:23:30","modified_gmt":"2026-03-25T07:23:30","slug":"miel-pops-honey-musli","status":"publish","type":"product","link":"https:\/\/my-french-grocery.com\/de\/produkt\/miel-pops-honey-musli\/","title":{"rendered":"Miel Pops Honey M\u00fcsli"},"content":{"rendered":"<p>Miel Pops Honey M\u00fcsli<\/p>\n<div class=\"pdp-card__header--text\"><span class=\"ds-body-text ds-body-text--weight-bold ds-body-text--size-m ds-body-text--color-standard-2\"><span>400g Packung<\/span><\/span><\/div>\n<div class=\"main-details--food__shoppinglist\"><\/div>\n<div><span>M\u00f6chten Sie Ihrem Kind beim Fr\u00fchst\u00fcck eine Freude bereiten und dabei auf eine einfache und ausgewogene Ern\u00e4hrung achten?<\/span><\/p>\n<p><span>Stellen Sie ihm Kellogg&#8217;s Honey Pops vor, k\u00f6stliche gepuffte Maisb\u00e4llchen, die mit gutem Honig \u00fcberzogen sind und im Mund schmelzen.\u00a0Ein einfaches und leckeres Rezept, das Ihr Kind lieben wird, in einem ausgewogenen Fr\u00fchst\u00fcck mit einem Milchprodukt und Obst.<\/span><\/div>\n","protected":false},"excerpt":{"rendered":"<p>Miel Pops Honey M\u00fcsli<\/p>\n<div class=\"pdp-card__header--text\"><span class=\"ds-body-text ds-body-text--weight-bold ds-body-text--size-m ds-body-text--color-standard-2\">400g Packung<\/span><\/div>\n","protected":false},"featured_media":34794,"comment_status":"open","ping_status":"closed","template":"","meta":[],"pwb-brand":[4021],"product_brand":[],"product_cat":[2246],"product_tag":[2535],"class_list":{"0":"post-20311","1":"product","2":"type-product","3":"status-publish","4":"has-post-thumbnail","6":"pwb-brand-nestle-de","7":"product_cat-muesli-brioches-viennoiseries","8":"product_tag-miel-pops-de","9":"product_shipping_class-internationaler-versand","11":"first","12":"instock","13":"taxable","14":"shipping-taxable","15":"purchasable","16":"product-type-simple"},"yoast_head":"<!-- This site is optimized with the Yoast SEO plugin v27.3 - https:\/\/yoast.com\/product\/yoast-seo-wordpress\/ -->\n<title>Miel Pops Honey M\u00fcsli | Online Kaufen | My French Grocery<\/title>\n<meta name=\"description\" content=\"Miel Pops Honey M\u00fcsli - 400g Packung - Stellen Sie ihm Kellogg&#039;s Honey Pops vor, k\u00f6stliche gepuffte Maisb\u00e4llchen, die mit gutem Honig \u00fcberzogen sind und im Mund schmelzen.\" \/>\n<meta name=\"robots\" content=\"index, follow, max-snippet:-1, max-image-preview:large, max-video-preview:-1\" \/>\n<link rel=\"canonical\" href=\"https:\/\/my-french-grocery.com\/de\/produkt\/miel-pops-honey-musli\/\" \/>\n<meta property=\"og:locale\" content=\"de_DE\" \/>\n<meta property=\"og:type\" content=\"article\" \/>\n<meta property=\"og:title\" content=\"Miel Pops Honey M\u00fcsli | Online Kaufen | My French Grocery\" \/>\n<meta property=\"og:description\" content=\"Miel Pops Honey M\u00fcsli - 400g Packung - Stellen Sie ihm Kellogg&#039;s Honey Pops vor, k\u00f6stliche gepuffte Maisb\u00e4llchen, die mit gutem Honig \u00fcberzogen sind und im Mund schmelzen.\" \/>\n<meta property=\"og:url\" content=\"https:\/\/my-french-grocery.com\/de\/produkt\/miel-pops-honey-musli\/\" \/>\n<meta property=\"og:site_name\" content=\"My French Grocery\" \/>\n<meta property=\"article:publisher\" content=\"https:\/\/www.facebook.com\/myfrenchgrocery\/\" \/>\n<meta property=\"article:modified_time\" content=\"2026-03-25T07:23:30+00:00\" \/>\n<meta property=\"og:image\" content=\"https:\/\/my-french-grocery.com\/wp-content\/uploads\/2019\/03\/MIEL-POPS-.jpg\" \/>\n\t<meta property=\"og:image:width\" content=\"1500\" \/>\n\t<meta property=\"og:image:height\" content=\"1500\" \/>\n\t<meta property=\"og:image:type\" content=\"image\/jpeg\" \/>\n<meta name=\"twitter:card\" content=\"summary_large_image\" \/>\n<script type=\"application\/ld+json\" class=\"yoast-schema-graph\">{\"@context\":\"https:\\\/\\\/schema.org\",\"@graph\":[{\"@type\":\"WebPage\",\"@id\":\"https:\\\/\\\/my-french-grocery.com\\\/de\\\/produkt\\\/miel-pops-honey-musli\\\/\",\"url\":\"https:\\\/\\\/my-french-grocery.com\\\/de\\\/produkt\\\/miel-pops-honey-musli\\\/\",\"name\":\"Miel Pops Honey M\u00fcsli | Online Kaufen | My French Grocery\",\"isPartOf\":{\"@id\":\"https:\\\/\\\/my-french-grocery.com\\\/de\\\/#website\"},\"primaryImageOfPage\":{\"@id\":\"https:\\\/\\\/my-french-grocery.com\\\/de\\\/produkt\\\/miel-pops-honey-musli\\\/#primaryimage\"},\"image\":{\"@id\":\"https:\\\/\\\/my-french-grocery.com\\\/de\\\/produkt\\\/miel-pops-honey-musli\\\/#primaryimage\"},\"thumbnailUrl\":\"https:\\\/\\\/my-french-grocery.com\\\/wp-content\\\/uploads\\\/2019\\\/03\\\/MIEL-POPS-.jpg\",\"datePublished\":\"2019-03-04T13:39:00+00:00\",\"dateModified\":\"2026-03-25T07:23:30+00:00\",\"description\":\"Miel Pops Honey M\u00fcsli - 400g Packung - Stellen Sie ihm Kellogg's Honey Pops vor, k\u00f6stliche gepuffte Maisb\u00e4llchen, die mit gutem Honig \u00fcberzogen sind und im Mund schmelzen.\",\"breadcrumb\":{\"@id\":\"https:\\\/\\\/my-french-grocery.com\\\/de\\\/produkt\\\/miel-pops-honey-musli\\\/#breadcrumb\"},\"inLanguage\":\"de-DE\",\"potentialAction\":[{\"@type\":\"ReadAction\",\"target\":[\"https:\\\/\\\/my-french-grocery.com\\\/de\\\/produkt\\\/miel-pops-honey-musli\\\/\"]}]},{\"@type\":\"ImageObject\",\"inLanguage\":\"de-DE\",\"@id\":\"https:\\\/\\\/my-french-grocery.com\\\/de\\\/produkt\\\/miel-pops-honey-musli\\\/#primaryimage\",\"url\":\"https:\\\/\\\/my-french-grocery.com\\\/wp-content\\\/uploads\\\/2019\\\/03\\\/MIEL-POPS-.jpg\",\"contentUrl\":\"https:\\\/\\\/my-french-grocery.com\\\/wp-content\\\/uploads\\\/2019\\\/03\\\/MIEL-POPS-.jpg\",\"width\":1500,\"height\":1500},{\"@type\":\"BreadcrumbList\",\"@id\":\"https:\\\/\\\/my-french-grocery.com\\\/de\\\/produkt\\\/miel-pops-honey-musli\\\/#breadcrumb\",\"itemListElement\":[{\"@type\":\"ListItem\",\"position\":1,\"name\":\"Home\",\"item\":\"https:\\\/\\\/my-french-grocery.com\\\/de\\\/shopping-seite\\\/\"},{\"@type\":\"ListItem\",\"position\":2,\"name\":\"Shop\",\"item\":\"https:\\\/\\\/my-french-grocery.com\\\/shop\\\/\"},{\"@type\":\"ListItem\",\"position\":3,\"name\":\"M\u00fcsli, Brioches &amp; Viennoiseries\",\"item\":\"https:\\\/\\\/my-french-grocery.com\\\/de\\\/produkt-kategorie\\\/muesli-brioches-viennoiseries\\\/\"},{\"@type\":\"ListItem\",\"position\":4,\"name\":\"Miel Pops Honey M\u00fcsli\"}]},{\"@type\":\"WebSite\",\"@id\":\"https:\\\/\\\/my-french-grocery.com\\\/de\\\/#website\",\"url\":\"https:\\\/\\\/my-french-grocery.com\\\/de\\\/\",\"name\":\"My French Grocery\",\"description\":\"Your Online French Grocery  !\",\"publisher\":{\"@id\":\"https:\\\/\\\/my-french-grocery.com\\\/de\\\/#organization\"},\"potentialAction\":[{\"@type\":\"SearchAction\",\"target\":{\"@type\":\"EntryPoint\",\"urlTemplate\":\"https:\\\/\\\/my-french-grocery.com\\\/de\\\/?s={search_term_string}\"},\"query-input\":{\"@type\":\"PropertyValueSpecification\",\"valueRequired\":true,\"valueName\":\"search_term_string\"}}],\"inLanguage\":\"de-DE\"},{\"@type\":\"Organization\",\"@id\":\"https:\\\/\\\/my-french-grocery.com\\\/de\\\/#organization\",\"name\":\"MY FRENCH GROCERY\",\"url\":\"https:\\\/\\\/my-french-grocery.com\\\/de\\\/\",\"logo\":{\"@type\":\"ImageObject\",\"inLanguage\":\"de-DE\",\"@id\":\"https:\\\/\\\/my-french-grocery.com\\\/de\\\/#\\\/schema\\\/logo\\\/image\\\/\",\"url\":\"https:\\\/\\\/my-french-grocery.com\\\/wp-content\\\/uploads\\\/2021\\\/11\\\/My-French-Grocery-Online-French-Grocery.png\",\"contentUrl\":\"https:\\\/\\\/my-french-grocery.com\\\/wp-content\\\/uploads\\\/2021\\\/11\\\/My-French-Grocery-Online-French-Grocery.png\",\"width\":100,\"height\":100,\"caption\":\"MY FRENCH GROCERY\"},\"image\":{\"@id\":\"https:\\\/\\\/my-french-grocery.com\\\/de\\\/#\\\/schema\\\/logo\\\/image\\\/\"},\"sameAs\":[\"https:\\\/\\\/www.facebook.com\\\/myfrenchgrocery\\\/\"]}]}<\/script>\n<!-- \/ Yoast SEO plugin. -->","yoast_head_json":{"title":"Miel Pops Honey M\u00fcsli | Online Kaufen | My French Grocery","description":"Miel Pops Honey M\u00fcsli - 400g Packung - Stellen Sie ihm Kellogg's Honey Pops vor, k\u00f6stliche gepuffte Maisb\u00e4llchen, die mit gutem Honig \u00fcberzogen sind und im Mund schmelzen.","robots":{"index":"index","follow":"follow","max-snippet":"max-snippet:-1","max-image-preview":"max-image-preview:large","max-video-preview":"max-video-preview:-1"},"canonical":"https:\/\/my-french-grocery.com\/de\/produkt\/miel-pops-honey-musli\/","og_locale":"de_DE","og_type":"article","og_title":"Miel Pops Honey M\u00fcsli | Online Kaufen | My French Grocery","og_description":"Miel Pops Honey M\u00fcsli - 400g Packung - Stellen Sie ihm Kellogg's Honey Pops vor, k\u00f6stliche gepuffte Maisb\u00e4llchen, die mit gutem Honig \u00fcberzogen sind und im Mund schmelzen.","og_url":"https:\/\/my-french-grocery.com\/de\/produkt\/miel-pops-honey-musli\/","og_site_name":"My French Grocery","article_publisher":"https:\/\/www.facebook.com\/myfrenchgrocery\/","article_modified_time":"2026-03-25T07:23:30+00:00","og_image":[{"width":1500,"height":1500,"url":"https:\/\/my-french-grocery.com\/wp-content\/uploads\/2019\/03\/MIEL-POPS-.jpg","type":"image\/jpeg"}],"twitter_card":"summary_large_image","schema":{"@context":"https:\/\/schema.org","@graph":[{"@type":"WebPage","@id":"https:\/\/my-french-grocery.com\/de\/produkt\/miel-pops-honey-musli\/","url":"https:\/\/my-french-grocery.com\/de\/produkt\/miel-pops-honey-musli\/","name":"Miel Pops Honey M\u00fcsli | Online Kaufen | My French Grocery","isPartOf":{"@id":"https:\/\/my-french-grocery.com\/de\/#website"},"primaryImageOfPage":{"@id":"https:\/\/my-french-grocery.com\/de\/produkt\/miel-pops-honey-musli\/#primaryimage"},"image":{"@id":"https:\/\/my-french-grocery.com\/de\/produkt\/miel-pops-honey-musli\/#primaryimage"},"thumbnailUrl":"https:\/\/my-french-grocery.com\/wp-content\/uploads\/2019\/03\/MIEL-POPS-.jpg","datePublished":"2019-03-04T13:39:00+00:00","dateModified":"2026-03-25T07:23:30+00:00","description":"Miel Pops Honey M\u00fcsli - 400g Packung - Stellen Sie ihm Kellogg's Honey Pops vor, k\u00f6stliche gepuffte Maisb\u00e4llchen, die mit gutem Honig \u00fcberzogen sind und im Mund schmelzen.","breadcrumb":{"@id":"https:\/\/my-french-grocery.com\/de\/produkt\/miel-pops-honey-musli\/#breadcrumb"},"inLanguage":"de-DE","potentialAction":[{"@type":"ReadAction","target":["https:\/\/my-french-grocery.com\/de\/produkt\/miel-pops-honey-musli\/"]}]},{"@type":"ImageObject","inLanguage":"de-DE","@id":"https:\/\/my-french-grocery.com\/de\/produkt\/miel-pops-honey-musli\/#primaryimage","url":"https:\/\/my-french-grocery.com\/wp-content\/uploads\/2019\/03\/MIEL-POPS-.jpg","contentUrl":"https:\/\/my-french-grocery.com\/wp-content\/uploads\/2019\/03\/MIEL-POPS-.jpg","width":1500,"height":1500},{"@type":"BreadcrumbList","@id":"https:\/\/my-french-grocery.com\/de\/produkt\/miel-pops-honey-musli\/#breadcrumb","itemListElement":[{"@type":"ListItem","position":1,"name":"Home","item":"https:\/\/my-french-grocery.com\/de\/shopping-seite\/"},{"@type":"ListItem","position":2,"name":"Shop","item":"https:\/\/my-french-grocery.com\/shop\/"},{"@type":"ListItem","position":3,"name":"M\u00fcsli, Brioches &amp; Viennoiseries","item":"https:\/\/my-french-grocery.com\/de\/produkt-kategorie\/muesli-brioches-viennoiseries\/"},{"@type":"ListItem","position":4,"name":"Miel Pops Honey M\u00fcsli"}]},{"@type":"WebSite","@id":"https:\/\/my-french-grocery.com\/de\/#website","url":"https:\/\/my-french-grocery.com\/de\/","name":"My French Grocery","description":"Your Online French Grocery  !","publisher":{"@id":"https:\/\/my-french-grocery.com\/de\/#organization"},"potentialAction":[{"@type":"SearchAction","target":{"@type":"EntryPoint","urlTemplate":"https:\/\/my-french-grocery.com\/de\/?s={search_term_string}"},"query-input":{"@type":"PropertyValueSpecification","valueRequired":true,"valueName":"search_term_string"}}],"inLanguage":"de-DE"},{"@type":"Organization","@id":"https:\/\/my-french-grocery.com\/de\/#organization","name":"MY FRENCH GROCERY","url":"https:\/\/my-french-grocery.com\/de\/","logo":{"@type":"ImageObject","inLanguage":"de-DE","@id":"https:\/\/my-french-grocery.com\/de\/#\/schema\/logo\/image\/","url":"https:\/\/my-french-grocery.com\/wp-content\/uploads\/2021\/11\/My-French-Grocery-Online-French-Grocery.png","contentUrl":"https:\/\/my-french-grocery.com\/wp-content\/uploads\/2021\/11\/My-French-Grocery-Online-French-Grocery.png","width":100,"height":100,"caption":"MY FRENCH GROCERY"},"image":{"@id":"https:\/\/my-french-grocery.com\/de\/#\/schema\/logo\/image\/"},"sameAs":["https:\/\/www.facebook.com\/myfrenchgrocery\/"]}]}},"brands":[{"id":4021,"name":"Nestl\u00e9","slug":"nestle-de"}],"_links":{"self":[{"href":"https:\/\/my-french-grocery.com\/de\/wp-json\/wp\/v2\/product\/20311","targetHints":{"allow":["GET"]}}],"collection":[{"href":"https:\/\/my-french-grocery.com\/de\/wp-json\/wp\/v2\/product"}],"about":[{"href":"https:\/\/my-french-grocery.com\/de\/wp-json\/wp\/v2\/types\/product"}],"replies":[{"embeddable":true,"href":"https:\/\/my-french-grocery.com\/de\/wp-json\/wp\/v2\/comments?post=20311"}],"wp:featuredmedia":[{"embeddable":true,"href":"https:\/\/my-french-grocery.com\/de\/wp-json\/wp\/v2\/media\/34794"}],"wp:attachment":[{"href":"https:\/\/my-french-grocery.com\/de\/wp-json\/wp\/v2\/media?parent=20311"}],"wp:term":[{"taxonomy":"pwb-brand","embeddable":true,"href":"https:\/\/my-french-grocery.com\/de\/wp-json\/wp\/v2\/pwb-brand?post=20311"},{"taxonomy":"product_brand","embeddable":true,"href":"https:\/\/my-french-grocery.com\/de\/wp-json\/wp\/v2\/product_brand?post=20311"},{"taxonomy":"product_cat","embeddable":true,"href":"https:\/\/my-french-grocery.com\/de\/wp-json\/wp\/v2\/product_cat?post=20311"},{"taxonomy":"product_tag","embeddable":true,"href":"https:\/\/my-french-grocery.com\/de\/wp-json\/wp\/v2\/product_tag?post=20311"}],"curies":[{"name":"wp","href":"https:\/\/api.w.org\/{rel}","templated":true}]}}