{"id":20321,"date":"2019-03-18T17:24:25","date_gmt":"2019-03-18T15:24:25","guid":{"rendered":"https:\/\/my-french-grocery.com\/product\/lion-karamell-schokoladen-cerealien\/"},"modified":"2025-01-24T19:08:05","modified_gmt":"2025-01-24T17:08:05","slug":"lion-karamell-schokoladen-cerealien","status":"publish","type":"product","link":"https:\/\/my-french-grocery.com\/de\/produkt\/lion-karamell-schokoladen-cerealien\/","title":{"rendered":"Lion Karamell &#038; Schokoladen Cerealien"},"content":{"rendered":"<p>Lion Karamell & Schokoladen Cerealien<\/p>\n<p>Schachtel mit 675 g<\/p>\n<p>LION M\u00fcsli, eine einzigartige Mischung aus Karamell und Schokolade mit einem unwiderstehlichen Geschmack, der Sie morgens vor Freude br\u00fcllen l\u00e4sst!\u00a0Au\u00dferdem enthalten sie Vollkornweizen, Vitamine und Mineralstoffe und sind eine Ballaststoffquelle.\u00a0F\u00fcr ein komplettes Fr\u00fchst\u00fcck begleiten Sie Ihr M\u00fcsli mit 125 ml teilentrahmter Milch und frischem Obst<\/p>\n","protected":false},"excerpt":{"rendered":"<p>Lion Karamell &amp; Schokoladen Cerealien<\/p>\n<p>Schachtel mit 675 g<\/p>\n","protected":false},"featured_media":46426,"comment_status":"open","ping_status":"closed","template":"","meta":[],"pwb-brand":[4021],"product_brand":[],"product_cat":[2246],"product_tag":[2540],"class_list":{"0":"post-20321","1":"product","2":"type-product","3":"status-publish","4":"has-post-thumbnail","6":"pwb-brand-nestle-de","7":"product_cat-muesli-brioches-viennoiseries","8":"product_tag-lion-de","9":"product_shipping_class-internationaler-versand","11":"first","12":"instock","13":"taxable","14":"shipping-taxable","15":"purchasable","16":"product-type-simple"},"brands":[{"id":4021,"name":"Nestl\u00e9","slug":"nestle-de"}],"_links":{"self":[{"href":"https:\/\/my-french-grocery.com\/de\/wp-json\/wp\/v2\/product\/20321","targetHints":{"allow":["GET"]}}],"collection":[{"href":"https:\/\/my-french-grocery.com\/de\/wp-json\/wp\/v2\/product"}],"about":[{"href":"https:\/\/my-french-grocery.com\/de\/wp-json\/wp\/v2\/types\/product"}],"replies":[{"embeddable":true,"href":"https:\/\/my-french-grocery.com\/de\/wp-json\/wp\/v2\/comments?post=20321"}],"wp:featuredmedia":[{"embeddable":true,"href":"https:\/\/my-french-grocery.com\/de\/wp-json\/wp\/v2\/media\/46426"}],"wp:attachment":[{"href":"https:\/\/my-french-grocery.com\/de\/wp-json\/wp\/v2\/media?parent=20321"}],"wp:term":[{"taxonomy":"pwb-brand","embeddable":true,"href":"https:\/\/my-french-grocery.com\/de\/wp-json\/wp\/v2\/pwb-brand?post=20321"},{"taxonomy":"product_brand","embeddable":true,"href":"https:\/\/my-french-grocery.com\/de\/wp-json\/wp\/v2\/product_brand?post=20321"},{"taxonomy":"product_cat","embeddable":true,"href":"https:\/\/my-french-grocery.com\/de\/wp-json\/wp\/v2\/product_cat?post=20321"},{"taxonomy":"product_tag","embeddable":true,"href":"https:\/\/my-french-grocery.com\/de\/wp-json\/wp\/v2\/product_tag?post=20321"}],"curies":[{"name":"wp","href":"https:\/\/api.w.org\/{rel}","templated":true}]}}