{"id":20325,"date":"2019-03-18T17:37:18","date_gmt":"2019-03-18T15:37:18","guid":{"rendered":"https:\/\/my-french-grocery.com\/product\/coco-pops-schokoladen-cerealien\/"},"modified":"2026-03-01T20:15:18","modified_gmt":"2026-03-01T18:15:18","slug":"coco-pops-schokoladen-cerealien","status":"publish","type":"product","link":"https:\/\/my-french-grocery.com\/de\/produkt\/coco-pops-schokoladen-cerealien\/","title":{"rendered":"Coco Pops Schokoladen-Cerealien"},"content":{"rendered":"<p>Coco Pops Schokoladen-Cerealien<\/p>\n<div class=\"pdp-card__header--text\"><span class=\"ds-body-text ds-body-text--weight-bold ds-body-text--size-m ds-body-text--color-standard-2\">330g Packung<\/span><\/div>\n<div><\/div>\n<div>F\u00fcr einen guten Start in den Tag gibt es nichts Besseres als ein Fr\u00fchst\u00fcck mit Coco Pops von Kellogg&#8217;s und seinem Freund Coco, dem schelmischen Affen!\u00a0K\u00f6stliches Puffreis-Cerealien mit einem guten Geschmack von Schokolade aus dem Dschungel.<\/div>\n<div class=\"main-details--food__shoppinglist\"><\/div>\n","protected":false},"excerpt":{"rendered":"<p>Coco Pops Schokoladen-Cerealien<\/p>\n<div class=\"pdp-card__header--text\"><span class=\"ds-body-text ds-body-text--weight-bold ds-body-text--size-m ds-body-text--color-standard-2\">330g Packung<\/span><\/div>\n","protected":false},"featured_media":20326,"comment_status":"open","ping_status":"closed","template":"","meta":[],"pwb-brand":[],"product_brand":[],"product_cat":[2246],"product_tag":[2542],"class_list":{"0":"post-20325","1":"product","2":"type-product","3":"status-publish","4":"has-post-thumbnail","6":"product_cat-muesli-brioches-viennoiseries","7":"product_tag-coco-pops-de","8":"product_shipping_class-internationaler-versand","10":"first","11":"instock","12":"taxable","13":"shipping-taxable","14":"purchasable","15":"product-type-simple"},"yoast_head":"<!-- This site is optimized with the Yoast SEO plugin v27.3 - https:\/\/yoast.com\/product\/yoast-seo-wordpress\/ -->\n<title>Coco Pops Schokoladen-Cerealien | Online Kaufen | My French Grocery<\/title>\n<meta name=\"description\" content=\"Coco Pops Schokoladen-Cerealien - 330g Packung - F\u00fcr einen guten Start in den Tag gibt es nichts Besseres als ein Fr\u00fchst\u00fcck mit Coco Pops von Kellogg&#039;s und seinem Freund Coco\" \/>\n<meta name=\"robots\" content=\"index, follow, max-snippet:-1, max-image-preview:large, max-video-preview:-1\" \/>\n<link rel=\"canonical\" href=\"https:\/\/my-french-grocery.com\/de\/produkt\/coco-pops-schokoladen-cerealien\/\" \/>\n<meta property=\"og:locale\" content=\"de_DE\" \/>\n<meta property=\"og:type\" content=\"article\" \/>\n<meta property=\"og:title\" content=\"Coco Pops Schokoladen-Cerealien | Online Kaufen | My French Grocery\" \/>\n<meta property=\"og:description\" content=\"Coco Pops Schokoladen-Cerealien - 330g Packung - F\u00fcr einen guten Start in den Tag gibt es nichts Besseres als ein Fr\u00fchst\u00fcck mit Coco Pops von Kellogg&#039;s und seinem Freund Coco\" \/>\n<meta property=\"og:url\" content=\"https:\/\/my-french-grocery.com\/de\/produkt\/coco-pops-schokoladen-cerealien\/\" \/>\n<meta property=\"og:site_name\" content=\"My French Grocery\" \/>\n<meta property=\"article:publisher\" content=\"https:\/\/www.facebook.com\/myfrenchgrocery\/\" \/>\n<meta property=\"article:modified_time\" content=\"2026-03-01T18:15:18+00:00\" \/>\n<meta property=\"og:image\" content=\"https:\/\/my-french-grocery.com\/wp-content\/uploads\/2019\/03\/COCO-POPS.jpg\" \/>\n\t<meta property=\"og:image:width\" content=\"1500\" \/>\n\t<meta property=\"og:image:height\" content=\"1500\" \/>\n\t<meta property=\"og:image:type\" content=\"image\/jpeg\" \/>\n<meta name=\"twitter:card\" content=\"summary_large_image\" \/>\n<script type=\"application\/ld+json\" class=\"yoast-schema-graph\">{\"@context\":\"https:\\\/\\\/schema.org\",\"@graph\":[{\"@type\":\"WebPage\",\"@id\":\"https:\\\/\\\/my-french-grocery.com\\\/de\\\/produkt\\\/coco-pops-schokoladen-cerealien\\\/\",\"url\":\"https:\\\/\\\/my-french-grocery.com\\\/de\\\/produkt\\\/coco-pops-schokoladen-cerealien\\\/\",\"name\":\"Coco Pops Schokoladen-Cerealien | Online Kaufen | My French Grocery\",\"isPartOf\":{\"@id\":\"https:\\\/\\\/my-french-grocery.com\\\/de\\\/#website\"},\"primaryImageOfPage\":{\"@id\":\"https:\\\/\\\/my-french-grocery.com\\\/de\\\/produkt\\\/coco-pops-schokoladen-cerealien\\\/#primaryimage\"},\"image\":{\"@id\":\"https:\\\/\\\/my-french-grocery.com\\\/de\\\/produkt\\\/coco-pops-schokoladen-cerealien\\\/#primaryimage\"},\"thumbnailUrl\":\"https:\\\/\\\/my-french-grocery.com\\\/wp-content\\\/uploads\\\/2019\\\/03\\\/COCO-POPS.jpg\",\"datePublished\":\"2019-03-18T15:37:18+00:00\",\"dateModified\":\"2026-03-01T18:15:18+00:00\",\"description\":\"Coco Pops Schokoladen-Cerealien - 330g Packung - F\u00fcr einen guten Start in den Tag gibt es nichts Besseres als ein Fr\u00fchst\u00fcck mit Coco Pops von Kellogg's und seinem Freund Coco\",\"breadcrumb\":{\"@id\":\"https:\\\/\\\/my-french-grocery.com\\\/de\\\/produkt\\\/coco-pops-schokoladen-cerealien\\\/#breadcrumb\"},\"inLanguage\":\"de-DE\",\"potentialAction\":[{\"@type\":\"ReadAction\",\"target\":[\"https:\\\/\\\/my-french-grocery.com\\\/de\\\/produkt\\\/coco-pops-schokoladen-cerealien\\\/\"]}]},{\"@type\":\"ImageObject\",\"inLanguage\":\"de-DE\",\"@id\":\"https:\\\/\\\/my-french-grocery.com\\\/de\\\/produkt\\\/coco-pops-schokoladen-cerealien\\\/#primaryimage\",\"url\":\"https:\\\/\\\/my-french-grocery.com\\\/wp-content\\\/uploads\\\/2019\\\/03\\\/COCO-POPS.jpg\",\"contentUrl\":\"https:\\\/\\\/my-french-grocery.com\\\/wp-content\\\/uploads\\\/2019\\\/03\\\/COCO-POPS.jpg\",\"width\":1500,\"height\":1500,\"caption\":\"Coco Pops Schokoladen-Cerealien\"},{\"@type\":\"BreadcrumbList\",\"@id\":\"https:\\\/\\\/my-french-grocery.com\\\/de\\\/produkt\\\/coco-pops-schokoladen-cerealien\\\/#breadcrumb\",\"itemListElement\":[{\"@type\":\"ListItem\",\"position\":1,\"name\":\"Home\",\"item\":\"https:\\\/\\\/my-french-grocery.com\\\/de\\\/shopping-seite\\\/\"},{\"@type\":\"ListItem\",\"position\":2,\"name\":\"Shop\",\"item\":\"https:\\\/\\\/my-french-grocery.com\\\/shop\\\/\"},{\"@type\":\"ListItem\",\"position\":3,\"name\":\"M\u00fcsli, Brioches &amp; Viennoiseries\",\"item\":\"https:\\\/\\\/my-french-grocery.com\\\/de\\\/produkt-kategorie\\\/muesli-brioches-viennoiseries\\\/\"},{\"@type\":\"ListItem\",\"position\":4,\"name\":\"Coco Pops Schokoladen-Cerealien\"}]},{\"@type\":\"WebSite\",\"@id\":\"https:\\\/\\\/my-french-grocery.com\\\/de\\\/#website\",\"url\":\"https:\\\/\\\/my-french-grocery.com\\\/de\\\/\",\"name\":\"My French Grocery\",\"description\":\"Your Online French Grocery  !\",\"publisher\":{\"@id\":\"https:\\\/\\\/my-french-grocery.com\\\/de\\\/#organization\"},\"potentialAction\":[{\"@type\":\"SearchAction\",\"target\":{\"@type\":\"EntryPoint\",\"urlTemplate\":\"https:\\\/\\\/my-french-grocery.com\\\/de\\\/?s={search_term_string}\"},\"query-input\":{\"@type\":\"PropertyValueSpecification\",\"valueRequired\":true,\"valueName\":\"search_term_string\"}}],\"inLanguage\":\"de-DE\"},{\"@type\":\"Organization\",\"@id\":\"https:\\\/\\\/my-french-grocery.com\\\/de\\\/#organization\",\"name\":\"MY FRENCH GROCERY\",\"url\":\"https:\\\/\\\/my-french-grocery.com\\\/de\\\/\",\"logo\":{\"@type\":\"ImageObject\",\"inLanguage\":\"de-DE\",\"@id\":\"https:\\\/\\\/my-french-grocery.com\\\/de\\\/#\\\/schema\\\/logo\\\/image\\\/\",\"url\":\"https:\\\/\\\/my-french-grocery.com\\\/wp-content\\\/uploads\\\/2021\\\/11\\\/My-French-Grocery-Online-French-Grocery.png\",\"contentUrl\":\"https:\\\/\\\/my-french-grocery.com\\\/wp-content\\\/uploads\\\/2021\\\/11\\\/My-French-Grocery-Online-French-Grocery.png\",\"width\":100,\"height\":100,\"caption\":\"MY FRENCH GROCERY\"},\"image\":{\"@id\":\"https:\\\/\\\/my-french-grocery.com\\\/de\\\/#\\\/schema\\\/logo\\\/image\\\/\"},\"sameAs\":[\"https:\\\/\\\/www.facebook.com\\\/myfrenchgrocery\\\/\"]}]}<\/script>\n<!-- \/ Yoast SEO plugin. -->","yoast_head_json":{"title":"Coco Pops Schokoladen-Cerealien | Online Kaufen | My French Grocery","description":"Coco Pops Schokoladen-Cerealien - 330g Packung - F\u00fcr einen guten Start in den Tag gibt es nichts Besseres als ein Fr\u00fchst\u00fcck mit Coco Pops von Kellogg's und seinem Freund Coco","robots":{"index":"index","follow":"follow","max-snippet":"max-snippet:-1","max-image-preview":"max-image-preview:large","max-video-preview":"max-video-preview:-1"},"canonical":"https:\/\/my-french-grocery.com\/de\/produkt\/coco-pops-schokoladen-cerealien\/","og_locale":"de_DE","og_type":"article","og_title":"Coco Pops Schokoladen-Cerealien | Online Kaufen | My French Grocery","og_description":"Coco Pops Schokoladen-Cerealien - 330g Packung - F\u00fcr einen guten Start in den Tag gibt es nichts Besseres als ein Fr\u00fchst\u00fcck mit Coco Pops von Kellogg's und seinem Freund Coco","og_url":"https:\/\/my-french-grocery.com\/de\/produkt\/coco-pops-schokoladen-cerealien\/","og_site_name":"My French Grocery","article_publisher":"https:\/\/www.facebook.com\/myfrenchgrocery\/","article_modified_time":"2026-03-01T18:15:18+00:00","og_image":[{"width":1500,"height":1500,"url":"https:\/\/my-french-grocery.com\/wp-content\/uploads\/2019\/03\/COCO-POPS.jpg","type":"image\/jpeg"}],"twitter_card":"summary_large_image","schema":{"@context":"https:\/\/schema.org","@graph":[{"@type":"WebPage","@id":"https:\/\/my-french-grocery.com\/de\/produkt\/coco-pops-schokoladen-cerealien\/","url":"https:\/\/my-french-grocery.com\/de\/produkt\/coco-pops-schokoladen-cerealien\/","name":"Coco Pops Schokoladen-Cerealien | Online Kaufen | My French Grocery","isPartOf":{"@id":"https:\/\/my-french-grocery.com\/de\/#website"},"primaryImageOfPage":{"@id":"https:\/\/my-french-grocery.com\/de\/produkt\/coco-pops-schokoladen-cerealien\/#primaryimage"},"image":{"@id":"https:\/\/my-french-grocery.com\/de\/produkt\/coco-pops-schokoladen-cerealien\/#primaryimage"},"thumbnailUrl":"https:\/\/my-french-grocery.com\/wp-content\/uploads\/2019\/03\/COCO-POPS.jpg","datePublished":"2019-03-18T15:37:18+00:00","dateModified":"2026-03-01T18:15:18+00:00","description":"Coco Pops Schokoladen-Cerealien - 330g Packung - F\u00fcr einen guten Start in den Tag gibt es nichts Besseres als ein Fr\u00fchst\u00fcck mit Coco Pops von Kellogg's und seinem Freund Coco","breadcrumb":{"@id":"https:\/\/my-french-grocery.com\/de\/produkt\/coco-pops-schokoladen-cerealien\/#breadcrumb"},"inLanguage":"de-DE","potentialAction":[{"@type":"ReadAction","target":["https:\/\/my-french-grocery.com\/de\/produkt\/coco-pops-schokoladen-cerealien\/"]}]},{"@type":"ImageObject","inLanguage":"de-DE","@id":"https:\/\/my-french-grocery.com\/de\/produkt\/coco-pops-schokoladen-cerealien\/#primaryimage","url":"https:\/\/my-french-grocery.com\/wp-content\/uploads\/2019\/03\/COCO-POPS.jpg","contentUrl":"https:\/\/my-french-grocery.com\/wp-content\/uploads\/2019\/03\/COCO-POPS.jpg","width":1500,"height":1500,"caption":"Coco Pops Schokoladen-Cerealien"},{"@type":"BreadcrumbList","@id":"https:\/\/my-french-grocery.com\/de\/produkt\/coco-pops-schokoladen-cerealien\/#breadcrumb","itemListElement":[{"@type":"ListItem","position":1,"name":"Home","item":"https:\/\/my-french-grocery.com\/de\/shopping-seite\/"},{"@type":"ListItem","position":2,"name":"Shop","item":"https:\/\/my-french-grocery.com\/shop\/"},{"@type":"ListItem","position":3,"name":"M\u00fcsli, Brioches &amp; Viennoiseries","item":"https:\/\/my-french-grocery.com\/de\/produkt-kategorie\/muesli-brioches-viennoiseries\/"},{"@type":"ListItem","position":4,"name":"Coco Pops Schokoladen-Cerealien"}]},{"@type":"WebSite","@id":"https:\/\/my-french-grocery.com\/de\/#website","url":"https:\/\/my-french-grocery.com\/de\/","name":"My French Grocery","description":"Your Online French Grocery  !","publisher":{"@id":"https:\/\/my-french-grocery.com\/de\/#organization"},"potentialAction":[{"@type":"SearchAction","target":{"@type":"EntryPoint","urlTemplate":"https:\/\/my-french-grocery.com\/de\/?s={search_term_string}"},"query-input":{"@type":"PropertyValueSpecification","valueRequired":true,"valueName":"search_term_string"}}],"inLanguage":"de-DE"},{"@type":"Organization","@id":"https:\/\/my-french-grocery.com\/de\/#organization","name":"MY FRENCH GROCERY","url":"https:\/\/my-french-grocery.com\/de\/","logo":{"@type":"ImageObject","inLanguage":"de-DE","@id":"https:\/\/my-french-grocery.com\/de\/#\/schema\/logo\/image\/","url":"https:\/\/my-french-grocery.com\/wp-content\/uploads\/2021\/11\/My-French-Grocery-Online-French-Grocery.png","contentUrl":"https:\/\/my-french-grocery.com\/wp-content\/uploads\/2021\/11\/My-French-Grocery-Online-French-Grocery.png","width":100,"height":100,"caption":"MY FRENCH GROCERY"},"image":{"@id":"https:\/\/my-french-grocery.com\/de\/#\/schema\/logo\/image\/"},"sameAs":["https:\/\/www.facebook.com\/myfrenchgrocery\/"]}]}},"brands":[],"_links":{"self":[{"href":"https:\/\/my-french-grocery.com\/de\/wp-json\/wp\/v2\/product\/20325","targetHints":{"allow":["GET"]}}],"collection":[{"href":"https:\/\/my-french-grocery.com\/de\/wp-json\/wp\/v2\/product"}],"about":[{"href":"https:\/\/my-french-grocery.com\/de\/wp-json\/wp\/v2\/types\/product"}],"replies":[{"embeddable":true,"href":"https:\/\/my-french-grocery.com\/de\/wp-json\/wp\/v2\/comments?post=20325"}],"wp:featuredmedia":[{"embeddable":true,"href":"https:\/\/my-french-grocery.com\/de\/wp-json\/wp\/v2\/media\/20326"}],"wp:attachment":[{"href":"https:\/\/my-french-grocery.com\/de\/wp-json\/wp\/v2\/media?parent=20325"}],"wp:term":[{"taxonomy":"pwb-brand","embeddable":true,"href":"https:\/\/my-french-grocery.com\/de\/wp-json\/wp\/v2\/pwb-brand?post=20325"},{"taxonomy":"product_brand","embeddable":true,"href":"https:\/\/my-french-grocery.com\/de\/wp-json\/wp\/v2\/product_brand?post=20325"},{"taxonomy":"product_cat","embeddable":true,"href":"https:\/\/my-french-grocery.com\/de\/wp-json\/wp\/v2\/product_cat?post=20325"},{"taxonomy":"product_tag","embeddable":true,"href":"https:\/\/my-french-grocery.com\/de\/wp-json\/wp\/v2\/product_tag?post=20325"}],"curies":[{"name":"wp","href":"https:\/\/api.w.org\/{rel}","templated":true}]}}