{"id":20551,"date":"2019-03-27T16:50:22","date_gmt":"2019-03-27T14:50:22","guid":{"rendered":"https:\/\/my-french-grocery.com\/product\/jacquet-vollkornbrot\/"},"modified":"2019-03-27T16:50:22","modified_gmt":"2019-03-27T14:50:22","slug":"jacquet-vollkornbrot","status":"publish","type":"product","link":"https:\/\/my-french-grocery.com\/de\/produkt\/jacquet-vollkornbrot\/","title":{"rendered":"Jacquet Vollkornbrot"},"content":{"rendered":"<p>Jacquet Vollkornbrot<\/p>\n<div class=\"pdp-card__header--text\"><span class=\"ds-body-text ds-body-text--weight-bold ds-body-text--size-m ds-body-text--color-standard-2\"><span>Packung mit 14 Scheiben \u2013 550 g<\/span><\/span><\/div>\n<div class=\"main-details--food__shoppinglist\"><\/div>\n<div>\n<p>Hinter der Marke JACQUET stehen Landwirte, die seit 1995 in einer Genossenschaft zusammengeschlossen sind<br \/>\nMit Leidenschaft f\u00fcr ihre Arbeit w\u00e4hlen sie Qualit\u00e4tsweizen aus und bauen ihn haupts\u00e4chlich in den Ebenen von Limagne** an.<\/p>\n<p>\u00a0<\/p>\n<\/div>\n","protected":false},"excerpt":{"rendered":"<p>Jacquet Vollkornbrot<\/p>\n<div class=\"pdp-card__header--text\"><span class=\"ds-body-text ds-body-text--weight-bold ds-body-text--size-m ds-body-text--color-standard-2\">Packung mit 14 Scheiben &#8211; 550 g<\/span><\/div>\n","protected":false},"featured_media":20552,"comment_status":"open","ping_status":"closed","template":"","meta":[],"pwb-brand":[2560],"product_brand":[],"product_cat":[2242],"product_tag":[2559],"class_list":{"0":"post-20551","1":"product","2":"type-product","3":"status-publish","4":"has-post-thumbnail","6":"pwb-brand-jacquet-de","7":"product_cat-brot","8":"product_tag-jacquet-de","9":"product_shipping_class-internationaler-versand","11":"first","12":"instock","13":"taxable","14":"shipping-taxable","15":"purchasable","16":"product-type-simple"},"brands":[{"id":2560,"name":"Jacquet","slug":"jacquet-de"}],"_links":{"self":[{"href":"https:\/\/my-french-grocery.com\/de\/wp-json\/wp\/v2\/product\/20551","targetHints":{"allow":["GET"]}}],"collection":[{"href":"https:\/\/my-french-grocery.com\/de\/wp-json\/wp\/v2\/product"}],"about":[{"href":"https:\/\/my-french-grocery.com\/de\/wp-json\/wp\/v2\/types\/product"}],"replies":[{"embeddable":true,"href":"https:\/\/my-french-grocery.com\/de\/wp-json\/wp\/v2\/comments?post=20551"}],"wp:featuredmedia":[{"embeddable":true,"href":"https:\/\/my-french-grocery.com\/de\/wp-json\/wp\/v2\/media\/20552"}],"wp:attachment":[{"href":"https:\/\/my-french-grocery.com\/de\/wp-json\/wp\/v2\/media?parent=20551"}],"wp:term":[{"taxonomy":"pwb-brand","embeddable":true,"href":"https:\/\/my-french-grocery.com\/de\/wp-json\/wp\/v2\/pwb-brand?post=20551"},{"taxonomy":"product_brand","embeddable":true,"href":"https:\/\/my-french-grocery.com\/de\/wp-json\/wp\/v2\/product_brand?post=20551"},{"taxonomy":"product_cat","embeddable":true,"href":"https:\/\/my-french-grocery.com\/de\/wp-json\/wp\/v2\/product_cat?post=20551"},{"taxonomy":"product_tag","embeddable":true,"href":"https:\/\/my-french-grocery.com\/de\/wp-json\/wp\/v2\/product_tag?post=20551"}],"curies":[{"name":"wp","href":"https:\/\/api.w.org\/{rel}","templated":true}]}}