{"id":20555,"date":"2019-03-27T17:18:40","date_gmt":"2019-03-27T15:18:40","guid":{"rendered":"https:\/\/my-french-grocery.com\/product\/harrys-naturliches-sandwichbrot-grose-scheiben\/"},"modified":"2019-03-27T17:18:40","modified_gmt":"2019-03-27T15:18:40","slug":"harrys-naturliches-sandwichbrot-grose-scheiben","status":"publish","type":"product","link":"https:\/\/my-french-grocery.com\/de\/produkt\/harrys-naturliches-sandwichbrot-grose-scheiben\/","title":{"rendered":"Harry\u2019s Nat\u00fcrliches Sandwichbrot \u2013 Gro\u00dfe Scheiben"},"content":{"rendered":"<p>Harry\u2019s Nat\u00fcrliches Sandwichbrot \u2013 Gro\u00dfe Scheiben<\/p>\n<div class=\"pdp-card__header--text\"><span class=\"ds-body-text ds-body-text--weight-bold ds-body-text--size-m ds-body-text--color-standard-2\"><span>Packung mit 14 Scheiben \u2013 550 g<\/span><\/span><\/div>\n<div class=\"main-details--food__shoppinglist\"><\/div>\n<div><span>Entdecken Sie American Sandwich: Das authentische Sandwichbrot von Harrys, ein echter Erfolg seit 1984!\u00a0<\/span><span>Gro\u00dfe, weiche und gro\u00dfz\u00fcgige Scheiben, unwiderstehlich, um all Ihre t\u00e4glichen Gel\u00fcste zu stillen: Toast, Sandwiches, Croque-Monsieurs \u2026\u00a0<\/span><\/div>\n","protected":false},"excerpt":{"rendered":"<p>Harry\u2019s Nat\u00fcrliches Sandwichbrot \u2013 Gro\u00dfe Scheiben<\/p>\n<div class=\"pdp-card__header--text\"><span class=\"ds-body-text ds-body-text--weight-bold ds-body-text--size-m ds-body-text--color-standard-2\">Packung mit 14 Scheiben &#8211; 550 g<\/span><\/div>\n","protected":false},"featured_media":20556,"comment_status":"open","ping_status":"closed","template":"","meta":[],"pwb-brand":[2428],"product_brand":[],"product_cat":[2242],"product_tag":[2561],"class_list":{"0":"post-20555","1":"product","2":"type-product","3":"status-publish","4":"has-post-thumbnail","6":"pwb-brand-harrys-de","7":"product_cat-brot","8":"product_tag-harrys-de","9":"product_shipping_class-internationaler-versand","11":"first","12":"instock","13":"taxable","14":"shipping-taxable","15":"purchasable","16":"product-type-simple"},"brands":[{"id":2428,"name":"Harrys","slug":"harrys-de"}],"_links":{"self":[{"href":"https:\/\/my-french-grocery.com\/de\/wp-json\/wp\/v2\/product\/20555","targetHints":{"allow":["GET"]}}],"collection":[{"href":"https:\/\/my-french-grocery.com\/de\/wp-json\/wp\/v2\/product"}],"about":[{"href":"https:\/\/my-french-grocery.com\/de\/wp-json\/wp\/v2\/types\/product"}],"replies":[{"embeddable":true,"href":"https:\/\/my-french-grocery.com\/de\/wp-json\/wp\/v2\/comments?post=20555"}],"wp:featuredmedia":[{"embeddable":true,"href":"https:\/\/my-french-grocery.com\/de\/wp-json\/wp\/v2\/media\/20556"}],"wp:attachment":[{"href":"https:\/\/my-french-grocery.com\/de\/wp-json\/wp\/v2\/media?parent=20555"}],"wp:term":[{"taxonomy":"pwb-brand","embeddable":true,"href":"https:\/\/my-french-grocery.com\/de\/wp-json\/wp\/v2\/pwb-brand?post=20555"},{"taxonomy":"product_brand","embeddable":true,"href":"https:\/\/my-french-grocery.com\/de\/wp-json\/wp\/v2\/product_brand?post=20555"},{"taxonomy":"product_cat","embeddable":true,"href":"https:\/\/my-french-grocery.com\/de\/wp-json\/wp\/v2\/product_cat?post=20555"},{"taxonomy":"product_tag","embeddable":true,"href":"https:\/\/my-french-grocery.com\/de\/wp-json\/wp\/v2\/product_tag?post=20555"}],"curies":[{"name":"wp","href":"https:\/\/api.w.org\/{rel}","templated":true}]}}